{"id":13578,"date":"2020-06-03T11:42:38","date_gmt":"2020-06-03T11:42:38","guid":{"rendered":"https:\/\/museutapies.org\/la-colleccio\/"},"modified":"2025-11-17T10:38:38","modified_gmt":"2025-11-17T09:38:38","slug":"artworks","status":"publish","type":"page","link":"https:\/\/museutapies.org\/en\/artworks\/","title":{"rendered":"Artworks"},"content":{"rendered":"<p>&nbsp;<\/p>\n<p>The collection of the Museu T\u00e0pies features over 2,100 works that reflect the almost seventy years of Antoni T\u00e0pies&#8217; artistic production. A large part of these works was donated by the artist and his wife, Teresa Barba, at the time of the Museum&#8217;s creation as a Private Foundation. The works in the Collection allow us to appreciate the diversity of artistic languages with which T\u00e0pies worked and to understand the complexity of his creative practice. In the fonds of the Museum T\u00e0pies we find paintings, drawings, objects, sculptures and graphic work, the latter including lithographs, etchings, artist&#8217;s books and posters, among others.<\/p>\n<p>&nbsp;<\/p>\n<p>By looking at this production as a whole we can trace the personal and artistic career of one of the most influential artists of the twentieth century. Given the relevance of T\u00e0pies&#8217; work in art historiography, pieces from the Collection are often included in exhibitions, both here and throughout the world.<\/p>\n<p>&nbsp;<\/p>\n<p>&nbsp;<\/p>\n<p><span style=\"font-size: small;\">Image: Antoni T\u00e0pies working at his atelier in Barcelona, 1966-1967. Photography of Ralph Herrmanns \u00a9 Ralph Herrmanns, 2023.<\/span><\/p>\n","protected":false},"excerpt":{"rendered":"<p>&nbsp; The collection of the Museu T\u00e0pies features over 2,100 works that reflect the almost seventy years of Antoni T\u00e0pies&#8217; [&hellip;]<\/p>\n","protected":false},"author":1,"featured_media":4441,"parent":0,"menu_order":0,"comment_status":"closed","ping_status":"closed","template":"template_distribuidor-collection.php","meta":{"footnotes":""},"acf":[],"yoast_head":"<!-- This site is optimized with the Yoast SEO plugin v20.11 - https:\/\/yoast.com\/wordpress\/plugins\/seo\/ -->\n<title>Artworks - Museu T\u00e0pies<\/title>\n<meta name=\"description\" content=\"The collection of the Museu T\u00e0pies art museum, in Barcelona, features over 2,100 works that reflect the almost seventy years of Antoni T\u00e0pies&#039; artistic production.\" \/>\n<meta name=\"robots\" content=\"index, follow, max-snippet:-1, max-image-preview:large, max-video-preview:-1\" \/>\n<meta property=\"og:locale\" content=\"en_US\" \/>\n<meta property=\"og:type\" content=\"article\" \/>\n<meta property=\"og:title\" content=\"Artworks - Museu T\u00e0pies\" \/>\n<meta property=\"og:description\" content=\"The collection of the Museu T\u00e0pies art museum, in Barcelona, features over 2,100 works that reflect the almost seventy years of Antoni T\u00e0pies&#039; artistic production.\" \/>\n<meta property=\"og:url\" content=\"https:\/\/museutapies.org\/en\/artworks\/\" \/>\n<meta property=\"og:site_name\" content=\"Museu T\u00e0pies\" \/>\n<meta property=\"article:publisher\" content=\"https:\/\/www.facebook.com\/museutapies\" \/>\n<meta property=\"article:modified_time\" content=\"2025-11-17T09:38:38+00:00\" \/>\n<meta property=\"og:image\" content=\"https:\/\/museutapies.org\/wp-content\/uploads\/2018\/02\/at_prevost_coleccio.jpg\" \/>\n\t<meta property=\"og:image:width\" content=\"1618\" \/>\n\t<meta property=\"og:image:height\" content=\"1067\" \/>\n\t<meta property=\"og:image:type\" content=\"image\/jpeg\" \/>\n<meta name=\"twitter:card\" content=\"summary_large_image\" \/>\n<meta name=\"twitter:label1\" content=\"Est. reading time\" \/>\n\t<meta name=\"twitter:data1\" content=\"1 minute\" \/>\n<script type=\"application\/ld+json\" class=\"yoast-schema-graph\">{\"@context\":\"https:\/\/schema.org\",\"@graph\":[{\"@type\":\"WebPage\",\"@id\":\"https:\/\/museutapies.org\/en\/artworks\/\",\"url\":\"https:\/\/museutapies.org\/en\/artworks\/\",\"name\":\"Artworks - Museu T\u00e0pies\",\"isPartOf\":{\"@id\":\"https:\/\/museutapies.org\/en\/#website\"},\"datePublished\":\"2020-06-03T11:42:38+00:00\",\"dateModified\":\"2025-11-17T09:38:38+00:00\",\"description\":\"The collection of the Museu T\u00e0pies art museum, in Barcelona, features over 2,100 works that reflect the almost seventy years of Antoni T\u00e0pies' artistic production.\",\"inLanguage\":\"en-US\",\"potentialAction\":[{\"@type\":\"ReadAction\",\"target\":[\"https:\/\/museutapies.org\/en\/artworks\/\"]}]},{\"@type\":\"WebSite\",\"@id\":\"https:\/\/museutapies.org\/en\/#website\",\"url\":\"https:\/\/museutapies.org\/en\/\",\"name\":\"Museu T\u00e0pies\",\"description\":\"\",\"publisher\":{\"@id\":\"https:\/\/museutapies.org\/en\/#organization\"},\"potentialAction\":[{\"@type\":\"SearchAction\",\"target\":{\"@type\":\"EntryPoint\",\"urlTemplate\":\"https:\/\/museutapies.org\/en\/?s={search_term_string}\"},\"query-input\":\"required name=search_term_string\"}],\"inLanguage\":\"en-US\"},{\"@type\":\"Organization\",\"@id\":\"https:\/\/museutapies.org\/en\/#organization\",\"name\":\"Museu T\u00e0pies\",\"url\":\"https:\/\/museutapies.org\/en\/\",\"logo\":{\"@type\":\"ImageObject\",\"inLanguage\":\"en-US\",\"@id\":\"https:\/\/museutapies.org\/en\/#\/schema\/logo\/image\/\",\"url\":\"https:\/\/museutapies.org\/wp-content\/uploads\/2024\/07\/mta.png\",\"contentUrl\":\"https:\/\/museutapies.org\/wp-content\/uploads\/2024\/07\/mta.png\",\"width\":244,\"height\":110,\"caption\":\"Museu T\u00e0pies\"},\"image\":{\"@id\":\"https:\/\/museutapies.org\/en\/#\/schema\/logo\/image\/\"},\"sameAs\":[\"https:\/\/www.facebook.com\/museutapies\",\"https:\/\/www.instagram.com\/museutapies\/\",\"https:\/\/www.youtube.com\/channel\/UCPi65HBb48RMeoa12lR51cQ\",\"https:\/\/x.com\/MuseuTapies\"]}]}<\/script>\n<!-- \/ Yoast SEO plugin. -->","yoast_head_json":{"title":"Artworks - Museu T\u00e0pies","description":"The collection of the Museu T\u00e0pies art museum, in Barcelona, features over 2,100 works that reflect the almost seventy years of Antoni T\u00e0pies' artistic production.","robots":{"index":"index","follow":"follow","max-snippet":"max-snippet:-1","max-image-preview":"max-image-preview:large","max-video-preview":"max-video-preview:-1"},"og_locale":"en_US","og_type":"article","og_title":"Artworks - Museu T\u00e0pies","og_description":"The collection of the Museu T\u00e0pies art museum, in Barcelona, features over 2,100 works that reflect the almost seventy years of Antoni T\u00e0pies' artistic production.","og_url":"https:\/\/museutapies.org\/en\/artworks\/","og_site_name":"Museu T\u00e0pies","article_publisher":"https:\/\/www.facebook.com\/museutapies","article_modified_time":"2025-11-17T09:38:38+00:00","og_image":[{"width":1618,"height":1067,"url":"https:\/\/museutapies.org\/wp-content\/uploads\/2018\/02\/at_prevost_coleccio.jpg","type":"image\/jpeg"}],"twitter_card":"summary_large_image","twitter_misc":{"Est. reading time":"1 minute"},"schema":{"@context":"https:\/\/schema.org","@graph":[{"@type":"WebPage","@id":"https:\/\/museutapies.org\/en\/artworks\/","url":"https:\/\/museutapies.org\/en\/artworks\/","name":"Artworks - Museu T\u00e0pies","isPartOf":{"@id":"https:\/\/museutapies.org\/en\/#website"},"datePublished":"2020-06-03T11:42:38+00:00","dateModified":"2025-11-17T09:38:38+00:00","description":"The collection of the Museu T\u00e0pies art museum, in Barcelona, features over 2,100 works that reflect the almost seventy years of Antoni T\u00e0pies' artistic production.","inLanguage":"en-US","potentialAction":[{"@type":"ReadAction","target":["https:\/\/museutapies.org\/en\/artworks\/"]}]},{"@type":"WebSite","@id":"https:\/\/museutapies.org\/en\/#website","url":"https:\/\/museutapies.org\/en\/","name":"Museu T\u00e0pies","description":"","publisher":{"@id":"https:\/\/museutapies.org\/en\/#organization"},"potentialAction":[{"@type":"SearchAction","target":{"@type":"EntryPoint","urlTemplate":"https:\/\/museutapies.org\/en\/?s={search_term_string}"},"query-input":"required name=search_term_string"}],"inLanguage":"en-US"},{"@type":"Organization","@id":"https:\/\/museutapies.org\/en\/#organization","name":"Museu T\u00e0pies","url":"https:\/\/museutapies.org\/en\/","logo":{"@type":"ImageObject","inLanguage":"en-US","@id":"https:\/\/museutapies.org\/en\/#\/schema\/logo\/image\/","url":"https:\/\/museutapies.org\/wp-content\/uploads\/2024\/07\/mta.png","contentUrl":"https:\/\/museutapies.org\/wp-content\/uploads\/2024\/07\/mta.png","width":244,"height":110,"caption":"Museu T\u00e0pies"},"image":{"@id":"https:\/\/museutapies.org\/en\/#\/schema\/logo\/image\/"},"sameAs":["https:\/\/www.facebook.com\/museutapies","https:\/\/www.instagram.com\/museutapies\/","https:\/\/www.youtube.com\/channel\/UCPi65HBb48RMeoa12lR51cQ","https:\/\/x.com\/MuseuTapies"]}]}},"_links":{"self":[{"href":"https:\/\/museutapies.org\/en\/wp-json\/wp\/v2\/pages\/13578"}],"collection":[{"href":"https:\/\/museutapies.org\/en\/wp-json\/wp\/v2\/pages"}],"about":[{"href":"https:\/\/museutapies.org\/en\/wp-json\/wp\/v2\/types\/page"}],"author":[{"embeddable":true,"href":"https:\/\/museutapies.org\/en\/wp-json\/wp\/v2\/users\/1"}],"replies":[{"embeddable":true,"href":"https:\/\/museutapies.org\/en\/wp-json\/wp\/v2\/comments?post=13578"}],"version-history":[{"count":9,"href":"https:\/\/museutapies.org\/en\/wp-json\/wp\/v2\/pages\/13578\/revisions"}],"predecessor-version":[{"id":42153,"href":"https:\/\/museutapies.org\/en\/wp-json\/wp\/v2\/pages\/13578\/revisions\/42153"}],"wp:featuredmedia":[{"embeddable":true,"href":"https:\/\/museutapies.org\/en\/wp-json\/wp\/v2\/media\/4441"}],"wp:attachment":[{"href":"https:\/\/museutapies.org\/en\/wp-json\/wp\/v2\/media?parent=13578"}],"curies":[{"name":"wp","href":"https:\/\/api.w.org\/{rel}","templated":true}]}}