{"id":1439,"date":"2018-01-17T08:57:36","date_gmt":"2018-01-17T08:57:36","guid":{"rendered":"https:\/\/museutapies.org\/biblioteca-fundacio-antoni-tapies\/"},"modified":"2025-06-11T12:45:07","modified_gmt":"2025-06-11T10:45:07","slug":"museui-tapies-library","status":"publish","type":"page","link":"https:\/\/museutapies.org\/en\/museui-tapies-library\/","title":{"rendered":"Museu T\u00e0pies&#8217; Library"},"content":{"rendered":"<p>&nbsp;<\/p>\n<p>The Museu T\u00e0pies&#8217; Library, specialized in modern and contemporary art, has as its mission to support research and activities carried out by the museum, in addition to promoting the study of art in general. The Library also has as a priority to compile, catalog and preserve all the documentation and activities related to Antoni T\u00e0pies, in order to promote research and study on the life and work of the artist, and facilitate access to this information.<\/p>\n<p>&nbsp;<\/p>\n<p>The bibliographical collection is composed mainly of monographs, essays, catalogues of group and individual exhibitions and magazines. Something that is especially unique and exhaustive, where one of its tasks is to periodically acquire contemporary publications. The Library has one of the most complete bibliographic collections in the territory in art history and theory, and those publications and editions related to the study and analysis of the trajectory of artists\u2019 careers, museography or curatorship.<\/p>\n<p>&nbsp;<\/p>\n<p>Physical access to the library is by appointment. Other inquiries can be made by email at: <a href=\"mailto:biblioteca@museutapies.org\">biblioteca@museutapies.org<\/a><\/p>\n<p>&nbsp;<\/p>\n<p>&nbsp;<\/p>\n<p><a href=\"https:\/\/museutapies.org\/en\/library\/\">Continue reading<\/a><\/p>\n","protected":false},"excerpt":{"rendered":"<p>&nbsp; The Museu T\u00e0pies&#8217; Library, specialized in modern and contemporary art, has as its mission to support research and activities [&hellip;]<\/p>\n","protected":false},"author":1,"featured_media":2835,"parent":0,"menu_order":0,"comment_status":"closed","ping_status":"closed","template":"template_distribuidor.php","meta":{"footnotes":""},"acf":[],"yoast_head":"<!-- This site is optimized with the Yoast SEO plugin v20.11 - https:\/\/yoast.com\/wordpress\/plugins\/seo\/ -->\n<title>Museu T\u00e0pies&#039; Library - Museu T\u00e0pies<\/title>\n<meta name=\"description\" content=\"The Library of Museu T\u00e0pies is specialized in contemporary art and includes the bibliographical and archival collection of Antoni T\u00e0pies.\" \/>\n<meta name=\"robots\" content=\"index, follow, max-snippet:-1, max-image-preview:large, max-video-preview:-1\" \/>\n<meta property=\"og:locale\" content=\"en_US\" \/>\n<meta property=\"og:type\" content=\"article\" \/>\n<meta property=\"og:title\" content=\"Museu T\u00e0pies&#039; Library - Museu T\u00e0pies\" \/>\n<meta property=\"og:description\" content=\"The Library of Museu T\u00e0pies is specialized in contemporary art and includes the bibliographical and archival collection of Antoni T\u00e0pies.\" \/>\n<meta property=\"og:url\" content=\"https:\/\/museutapies.org\/en\/museui-tapies-library\/\" \/>\n<meta property=\"og:site_name\" content=\"Museu T\u00e0pies\" \/>\n<meta property=\"article:publisher\" content=\"https:\/\/www.facebook.com\/museutapies\" \/>\n<meta property=\"article:modified_time\" content=\"2025-06-11T10:45:07+00:00\" \/>\n<meta property=\"og:image\" content=\"https:\/\/museutapies.org\/wp-content\/uploads\/2018\/01\/biblioteca-900x426.jpg\" \/>\n\t<meta property=\"og:image:width\" content=\"900\" \/>\n\t<meta property=\"og:image:height\" content=\"426\" \/>\n\t<meta property=\"og:image:type\" content=\"image\/jpeg\" \/>\n<meta name=\"twitter:card\" content=\"summary_large_image\" \/>\n<meta name=\"twitter:label1\" content=\"Est. reading time\" \/>\n\t<meta name=\"twitter:data1\" content=\"1 minute\" \/>\n<script type=\"application\/ld+json\" class=\"yoast-schema-graph\">{\"@context\":\"https:\/\/schema.org\",\"@graph\":[{\"@type\":\"WebPage\",\"@id\":\"https:\/\/museutapies.org\/en\/museui-tapies-library\/\",\"url\":\"https:\/\/museutapies.org\/en\/museui-tapies-library\/\",\"name\":\"Museu T\u00e0pies' Library - Museu T\u00e0pies\",\"isPartOf\":{\"@id\":\"https:\/\/museutapies.org\/en\/#website\"},\"datePublished\":\"2018-01-17T08:57:36+00:00\",\"dateModified\":\"2025-06-11T10:45:07+00:00\",\"description\":\"The Library of Museu T\u00e0pies is specialized in contemporary art and includes the bibliographical and archival collection of Antoni T\u00e0pies.\",\"inLanguage\":\"en-US\",\"potentialAction\":[{\"@type\":\"ReadAction\",\"target\":[\"https:\/\/museutapies.org\/en\/museui-tapies-library\/\"]}]},{\"@type\":\"WebSite\",\"@id\":\"https:\/\/museutapies.org\/en\/#website\",\"url\":\"https:\/\/museutapies.org\/en\/\",\"name\":\"Museu T\u00e0pies\",\"description\":\"\",\"publisher\":{\"@id\":\"https:\/\/museutapies.org\/en\/#organization\"},\"potentialAction\":[{\"@type\":\"SearchAction\",\"target\":{\"@type\":\"EntryPoint\",\"urlTemplate\":\"https:\/\/museutapies.org\/en\/?s={search_term_string}\"},\"query-input\":\"required name=search_term_string\"}],\"inLanguage\":\"en-US\"},{\"@type\":\"Organization\",\"@id\":\"https:\/\/museutapies.org\/en\/#organization\",\"name\":\"Museu T\u00e0pies\",\"url\":\"https:\/\/museutapies.org\/en\/\",\"logo\":{\"@type\":\"ImageObject\",\"inLanguage\":\"en-US\",\"@id\":\"https:\/\/museutapies.org\/en\/#\/schema\/logo\/image\/\",\"url\":\"https:\/\/museutapies.org\/wp-content\/uploads\/2024\/07\/mta.png\",\"contentUrl\":\"https:\/\/museutapies.org\/wp-content\/uploads\/2024\/07\/mta.png\",\"width\":244,\"height\":110,\"caption\":\"Museu T\u00e0pies\"},\"image\":{\"@id\":\"https:\/\/museutapies.org\/en\/#\/schema\/logo\/image\/\"},\"sameAs\":[\"https:\/\/www.facebook.com\/museutapies\",\"https:\/\/www.instagram.com\/museutapies\/\",\"https:\/\/www.youtube.com\/channel\/UCPi65HBb48RMeoa12lR51cQ\",\"https:\/\/x.com\/MuseuTapies\"]}]}<\/script>\n<!-- \/ Yoast SEO plugin. -->","yoast_head_json":{"title":"Museu T\u00e0pies' Library - Museu T\u00e0pies","description":"The Library of Museu T\u00e0pies is specialized in contemporary art and includes the bibliographical and archival collection of Antoni T\u00e0pies.","robots":{"index":"index","follow":"follow","max-snippet":"max-snippet:-1","max-image-preview":"max-image-preview:large","max-video-preview":"max-video-preview:-1"},"og_locale":"en_US","og_type":"article","og_title":"Museu T\u00e0pies' Library - Museu T\u00e0pies","og_description":"The Library of Museu T\u00e0pies is specialized in contemporary art and includes the bibliographical and archival collection of Antoni T\u00e0pies.","og_url":"https:\/\/museutapies.org\/en\/museui-tapies-library\/","og_site_name":"Museu T\u00e0pies","article_publisher":"https:\/\/www.facebook.com\/museutapies","article_modified_time":"2025-06-11T10:45:07+00:00","og_image":[{"width":900,"height":426,"url":"https:\/\/museutapies.org\/wp-content\/uploads\/2018\/01\/biblioteca-900x426.jpg","type":"image\/jpeg"}],"twitter_card":"summary_large_image","twitter_misc":{"Est. reading time":"1 minute"},"schema":{"@context":"https:\/\/schema.org","@graph":[{"@type":"WebPage","@id":"https:\/\/museutapies.org\/en\/museui-tapies-library\/","url":"https:\/\/museutapies.org\/en\/museui-tapies-library\/","name":"Museu T\u00e0pies' Library - Museu T\u00e0pies","isPartOf":{"@id":"https:\/\/museutapies.org\/en\/#website"},"datePublished":"2018-01-17T08:57:36+00:00","dateModified":"2025-06-11T10:45:07+00:00","description":"The Library of Museu T\u00e0pies is specialized in contemporary art and includes the bibliographical and archival collection of Antoni T\u00e0pies.","inLanguage":"en-US","potentialAction":[{"@type":"ReadAction","target":["https:\/\/museutapies.org\/en\/museui-tapies-library\/"]}]},{"@type":"WebSite","@id":"https:\/\/museutapies.org\/en\/#website","url":"https:\/\/museutapies.org\/en\/","name":"Museu T\u00e0pies","description":"","publisher":{"@id":"https:\/\/museutapies.org\/en\/#organization"},"potentialAction":[{"@type":"SearchAction","target":{"@type":"EntryPoint","urlTemplate":"https:\/\/museutapies.org\/en\/?s={search_term_string}"},"query-input":"required name=search_term_string"}],"inLanguage":"en-US"},{"@type":"Organization","@id":"https:\/\/museutapies.org\/en\/#organization","name":"Museu T\u00e0pies","url":"https:\/\/museutapies.org\/en\/","logo":{"@type":"ImageObject","inLanguage":"en-US","@id":"https:\/\/museutapies.org\/en\/#\/schema\/logo\/image\/","url":"https:\/\/museutapies.org\/wp-content\/uploads\/2024\/07\/mta.png","contentUrl":"https:\/\/museutapies.org\/wp-content\/uploads\/2024\/07\/mta.png","width":244,"height":110,"caption":"Museu T\u00e0pies"},"image":{"@id":"https:\/\/museutapies.org\/en\/#\/schema\/logo\/image\/"},"sameAs":["https:\/\/www.facebook.com\/museutapies","https:\/\/www.instagram.com\/museutapies\/","https:\/\/www.youtube.com\/channel\/UCPi65HBb48RMeoa12lR51cQ","https:\/\/x.com\/MuseuTapies"]}]}},"_links":{"self":[{"href":"https:\/\/museutapies.org\/en\/wp-json\/wp\/v2\/pages\/1439"}],"collection":[{"href":"https:\/\/museutapies.org\/en\/wp-json\/wp\/v2\/pages"}],"about":[{"href":"https:\/\/museutapies.org\/en\/wp-json\/wp\/v2\/types\/page"}],"author":[{"embeddable":true,"href":"https:\/\/museutapies.org\/en\/wp-json\/wp\/v2\/users\/1"}],"replies":[{"embeddable":true,"href":"https:\/\/museutapies.org\/en\/wp-json\/wp\/v2\/comments?post=1439"}],"version-history":[{"count":14,"href":"https:\/\/museutapies.org\/en\/wp-json\/wp\/v2\/pages\/1439\/revisions"}],"predecessor-version":[{"id":39928,"href":"https:\/\/museutapies.org\/en\/wp-json\/wp\/v2\/pages\/1439\/revisions\/39928"}],"wp:featuredmedia":[{"embeddable":true,"href":"https:\/\/museutapies.org\/en\/wp-json\/wp\/v2\/media\/2835"}],"wp:attachment":[{"href":"https:\/\/museutapies.org\/en\/wp-json\/wp\/v2\/media?parent=1439"}],"curies":[{"name":"wp","href":"https:\/\/api.w.org\/{rel}","templated":true}]}}