{"id":1773,"date":"2018-01-23T09:27:26","date_gmt":"2018-01-23T09:27:26","guid":{"rendered":"https:\/\/museutapies.org\/?page_id=1773"},"modified":"2018-01-23T09:27:26","modified_gmt":"2018-01-23T09:27:26","slug":"1963-1966","status":"publish","type":"page","link":"https:\/\/museutapies.org\/en\/biography\/1963-1966\/","title":{"rendered":"1963-1966"},"content":{"rendered":"<p class=\"spip\"><strong class=\"spip\">1963<\/strong><br \/>\nAwarded the Providence Art Club Prize (Rhode Island, USA). With Joan Brossa, he publishes\u00a0<i class=\"spip\">El pa a la barca<\/i>, a collector\u2019s book for which he produces twenty-five lithograph-collages. First solo exhibition at the Galerie Im Erker, with which he establishes a long professional relationship, and where he frequently coincides with Eug\u00e8ne Ionesco, Friedrich D\u00fcrrenmat and Hans Hartung, among others. Solo exhibitions in Phoenix, Pasadena, Los Angeles, New York, Turin and Paris.<\/p>\n<p>&nbsp;<\/p>\n<p class=\"spip\"><strong class=\"spip\">1964<\/strong><br \/>\nExhibits eight large-format works, produced between 1955 and 1964, at the III Documenta in Kassel. Publication of the monographs\u00a0<i class=\"spip\">T\u00e0pies<\/i>\u00a0(by Blai Bonet),\u00a0<i class=\"spip\">T\u00e0pies 1954-1964<\/i>\u00a0(by Alexandre Cirici) and\u00a0<i class=\"spip\">Antoni T\u00e0pies. Fustes, papers, cartons i collages<\/i>\u00a0(by Joan Teixidor). Solo exhibitions in Cologne, Rome, Paris, Toronto, Bonn, Stockholm, Barcelona and Montreal. Takes part in the collective exhibitions\u00a0<i class=\"spip\">Painting and Sculpture of a Decade<\/i>\u00a0(Tate Gallery, London) and\u00a0<i class=\"spip\">Espa\u00f1a Libre<\/i>(Rimini, Florence, Reggio nell\u2019Emilia, Venice and Ferrara).<\/p>\n<p>&nbsp;<\/p>\n<p class=\"spip\"><strong class=\"spip\">1965<\/strong><br \/>\nRetrospective exhibition at the Institute of Contemporary Arts in London, organised by Roland Penrose. Produces thirty-six lithographs for\u00a0<i class=\"spip\">Novel\u00b7la<\/i>, a new collector\u2019s book in conjunction with Brossa. Solo exhibitions in Cologne, Munich, Solothurn, Sankt Gall and Barcelona. Takes part in the exhibitions\u00a0<i class=\"spip\">Collage and Constructions. 4 Internationals: Burri, Nevelson, T\u00e0pies, Van Leyden<\/i>\u00a0(Martha Jackson Gallery, New York) and\u00a0<i class=\"spip\">Weiss-Weiss<\/i>\u00a0(Galerie Schmela, D\u00fcsseldorf), together with Beuys, Fontana, Klein, Manzoni, Tinguely and Uecker, among others.<\/p>\n<p>&nbsp;<\/p>\n<p class=\"spip\"><strong class=\"spip\">1966<\/strong><br \/>\nTakes part in a clandestine meeting in the Capuchin monastery in Sarri\u00e0, Barcelona, at which students and intellectuals discuss the creation of the first democratic university union since the end of the Civil War; after several days\u2019 confinement, he is arrested by the police, together with the other participants, and subsequently fined (the Spanish Supreme Court ratified the sanction imposed on the artist in 1971). Begins writing his memoirs. Designs the sets for\u00a0<i class=\"spip\">Semimaru<\/i>, a Noh drama by Yuzaki Motokiyo Zeami (1363-1443), which opens at the Teatre de l\u2019Alian\u00e7a in Poblenou, Barcelona. At the VI Biennale de Menton he receives the Grand Prix du Pr\u00e9sident de la R\u00e9publique Fran\u00e7aise. The XV International Congress of Artists, Critics and Art Scholars in Rimini awards him the Gold Medal for the moral and artistic value of his work. Solo exhibitions in Madrid, Cannes, Toulouse, Paris and Stockholm.<\/p>\n","protected":false},"excerpt":{"rendered":"<p>1963 Awarded the Providence Art Club Prize (Rhode Island, USA). With Joan Brossa, he publishes\u00a0El pa a la barca, a [&hellip;]<\/p>\n","protected":false},"author":1,"featured_media":1635,"parent":1265,"menu_order":6,"comment_status":"closed","ping_status":"closed","template":"template_sense-menu-lateral.php","meta":{"footnotes":""},"acf":[],"yoast_head":"<!-- This site is optimized with the Yoast SEO plugin v20.11 - https:\/\/yoast.com\/wordpress\/plugins\/seo\/ -->\n<title>1963-1966 - Museu T\u00e0pies<\/title>\n<meta name=\"robots\" content=\"index, follow, max-snippet:-1, max-image-preview:large, max-video-preview:-1\" \/>\n<meta property=\"og:locale\" content=\"en_US\" \/>\n<meta property=\"og:type\" content=\"article\" \/>\n<meta property=\"og:title\" content=\"1963-1966 - Museu T\u00e0pies\" \/>\n<meta property=\"og:description\" content=\"1963 Awarded the Providence Art Club Prize (Rhode Island, USA). With Joan Brossa, he publishes\u00a0El pa a la barca, a [&hellip;]\" \/>\n<meta property=\"og:url\" content=\"https:\/\/museutapies.org\/en\/biography\/1963-1966\/\" \/>\n<meta property=\"og:site_name\" content=\"Museu T\u00e0pies\" \/>\n<meta property=\"article:publisher\" content=\"https:\/\/www.facebook.com\/museutapies\" \/>\n<meta property=\"og:image\" content=\"https:\/\/museutapies.org\/wp-content\/uploads\/2018\/01\/AT_1963-66.jpg\" \/>\n\t<meta property=\"og:image:width\" content=\"1772\" \/>\n\t<meta property=\"og:image:height\" content=\"1308\" \/>\n\t<meta property=\"og:image:type\" content=\"image\/jpeg\" \/>\n<meta name=\"twitter:card\" content=\"summary_large_image\" \/>\n<meta name=\"twitter:label1\" content=\"Est. reading time\" \/>\n\t<meta name=\"twitter:data1\" content=\"2 minutes\" \/>\n<script type=\"application\/ld+json\" class=\"yoast-schema-graph\">{\"@context\":\"https:\/\/schema.org\",\"@graph\":[{\"@type\":\"WebPage\",\"@id\":\"https:\/\/museutapies.org\/en\/biography\/1963-1966\/\",\"url\":\"https:\/\/museutapies.org\/en\/biography\/1963-1966\/\",\"name\":\"1963-1966 - Museu T\u00e0pies\",\"isPartOf\":{\"@id\":\"https:\/\/museutapies.org\/en\/#website\"},\"datePublished\":\"2018-01-23T09:27:26+00:00\",\"dateModified\":\"2018-01-23T09:27:26+00:00\",\"breadcrumb\":{\"@id\":\"https:\/\/museutapies.org\/en\/biography\/1963-1966\/#breadcrumb\"},\"inLanguage\":\"en-US\",\"potentialAction\":[{\"@type\":\"ReadAction\",\"target\":[\"https:\/\/museutapies.org\/en\/biography\/1963-1966\/\"]}]},{\"@type\":\"BreadcrumbList\",\"@id\":\"https:\/\/museutapies.org\/en\/biography\/1963-1966\/#breadcrumb\",\"itemListElement\":[{\"@type\":\"ListItem\",\"position\":1,\"name\":\"Biography\",\"item\":\"https:\/\/museutapies.org\/en\/biography\/\"},{\"@type\":\"ListItem\",\"position\":2,\"name\":\"1963-1966\"}]},{\"@type\":\"WebSite\",\"@id\":\"https:\/\/museutapies.org\/en\/#website\",\"url\":\"https:\/\/museutapies.org\/en\/\",\"name\":\"Museu T\u00e0pies\",\"description\":\"\",\"publisher\":{\"@id\":\"https:\/\/museutapies.org\/en\/#organization\"},\"potentialAction\":[{\"@type\":\"SearchAction\",\"target\":{\"@type\":\"EntryPoint\",\"urlTemplate\":\"https:\/\/museutapies.org\/en\/?s={search_term_string}\"},\"query-input\":\"required name=search_term_string\"}],\"inLanguage\":\"en-US\"},{\"@type\":\"Organization\",\"@id\":\"https:\/\/museutapies.org\/en\/#organization\",\"name\":\"Museu T\u00e0pies\",\"url\":\"https:\/\/museutapies.org\/en\/\",\"logo\":{\"@type\":\"ImageObject\",\"inLanguage\":\"en-US\",\"@id\":\"https:\/\/museutapies.org\/en\/#\/schema\/logo\/image\/\",\"url\":\"https:\/\/museutapies.org\/wp-content\/uploads\/2024\/07\/mta.png\",\"contentUrl\":\"https:\/\/museutapies.org\/wp-content\/uploads\/2024\/07\/mta.png\",\"width\":244,\"height\":110,\"caption\":\"Museu T\u00e0pies\"},\"image\":{\"@id\":\"https:\/\/museutapies.org\/en\/#\/schema\/logo\/image\/\"},\"sameAs\":[\"https:\/\/www.facebook.com\/museutapies\",\"https:\/\/www.instagram.com\/museutapies\/\",\"https:\/\/www.youtube.com\/channel\/UCPi65HBb48RMeoa12lR51cQ\",\"https:\/\/x.com\/MuseuTapies\"]}]}<\/script>\n<!-- \/ Yoast SEO plugin. -->","yoast_head_json":{"title":"1963-1966 - Museu T\u00e0pies","robots":{"index":"index","follow":"follow","max-snippet":"max-snippet:-1","max-image-preview":"max-image-preview:large","max-video-preview":"max-video-preview:-1"},"og_locale":"en_US","og_type":"article","og_title":"1963-1966 - Museu T\u00e0pies","og_description":"1963 Awarded the Providence Art Club Prize (Rhode Island, USA). With Joan Brossa, he publishes\u00a0El pa a la barca, a [&hellip;]","og_url":"https:\/\/museutapies.org\/en\/biography\/1963-1966\/","og_site_name":"Museu T\u00e0pies","article_publisher":"https:\/\/www.facebook.com\/museutapies","og_image":[{"width":1772,"height":1308,"url":"https:\/\/museutapies.org\/wp-content\/uploads\/2018\/01\/AT_1963-66.jpg","type":"image\/jpeg"}],"twitter_card":"summary_large_image","twitter_misc":{"Est. reading time":"2 minutes"},"schema":{"@context":"https:\/\/schema.org","@graph":[{"@type":"WebPage","@id":"https:\/\/museutapies.org\/en\/biography\/1963-1966\/","url":"https:\/\/museutapies.org\/en\/biography\/1963-1966\/","name":"1963-1966 - Museu T\u00e0pies","isPartOf":{"@id":"https:\/\/museutapies.org\/en\/#website"},"datePublished":"2018-01-23T09:27:26+00:00","dateModified":"2018-01-23T09:27:26+00:00","breadcrumb":{"@id":"https:\/\/museutapies.org\/en\/biography\/1963-1966\/#breadcrumb"},"inLanguage":"en-US","potentialAction":[{"@type":"ReadAction","target":["https:\/\/museutapies.org\/en\/biography\/1963-1966\/"]}]},{"@type":"BreadcrumbList","@id":"https:\/\/museutapies.org\/en\/biography\/1963-1966\/#breadcrumb","itemListElement":[{"@type":"ListItem","position":1,"name":"Biography","item":"https:\/\/museutapies.org\/en\/biography\/"},{"@type":"ListItem","position":2,"name":"1963-1966"}]},{"@type":"WebSite","@id":"https:\/\/museutapies.org\/en\/#website","url":"https:\/\/museutapies.org\/en\/","name":"Museu T\u00e0pies","description":"","publisher":{"@id":"https:\/\/museutapies.org\/en\/#organization"},"potentialAction":[{"@type":"SearchAction","target":{"@type":"EntryPoint","urlTemplate":"https:\/\/museutapies.org\/en\/?s={search_term_string}"},"query-input":"required name=search_term_string"}],"inLanguage":"en-US"},{"@type":"Organization","@id":"https:\/\/museutapies.org\/en\/#organization","name":"Museu T\u00e0pies","url":"https:\/\/museutapies.org\/en\/","logo":{"@type":"ImageObject","inLanguage":"en-US","@id":"https:\/\/museutapies.org\/en\/#\/schema\/logo\/image\/","url":"https:\/\/museutapies.org\/wp-content\/uploads\/2024\/07\/mta.png","contentUrl":"https:\/\/museutapies.org\/wp-content\/uploads\/2024\/07\/mta.png","width":244,"height":110,"caption":"Museu T\u00e0pies"},"image":{"@id":"https:\/\/museutapies.org\/en\/#\/schema\/logo\/image\/"},"sameAs":["https:\/\/www.facebook.com\/museutapies","https:\/\/www.instagram.com\/museutapies\/","https:\/\/www.youtube.com\/channel\/UCPi65HBb48RMeoa12lR51cQ","https:\/\/x.com\/MuseuTapies"]}]}},"_links":{"self":[{"href":"https:\/\/museutapies.org\/en\/wp-json\/wp\/v2\/pages\/1773"}],"collection":[{"href":"https:\/\/museutapies.org\/en\/wp-json\/wp\/v2\/pages"}],"about":[{"href":"https:\/\/museutapies.org\/en\/wp-json\/wp\/v2\/types\/page"}],"author":[{"embeddable":true,"href":"https:\/\/museutapies.org\/en\/wp-json\/wp\/v2\/users\/1"}],"replies":[{"embeddable":true,"href":"https:\/\/museutapies.org\/en\/wp-json\/wp\/v2\/comments?post=1773"}],"version-history":[{"count":1,"href":"https:\/\/museutapies.org\/en\/wp-json\/wp\/v2\/pages\/1773\/revisions"}],"predecessor-version":[{"id":1774,"href":"https:\/\/museutapies.org\/en\/wp-json\/wp\/v2\/pages\/1773\/revisions\/1774"}],"up":[{"embeddable":true,"href":"https:\/\/museutapies.org\/en\/wp-json\/wp\/v2\/pages\/1265"}],"wp:featuredmedia":[{"embeddable":true,"href":"https:\/\/museutapies.org\/en\/wp-json\/wp\/v2\/media\/1635"}],"wp:attachment":[{"href":"https:\/\/museutapies.org\/en\/wp-json\/wp\/v2\/media?parent=1773"}],"curies":[{"name":"wp","href":"https:\/\/api.w.org\/{rel}","templated":true}]}}