{"id":1800,"date":"2018-01-23T09:35:27","date_gmt":"2018-01-23T09:35:27","guid":{"rendered":"https:\/\/museutapies.org\/?page_id=1800"},"modified":"2018-01-23T09:35:27","modified_gmt":"2018-01-23T09:35:27","slug":"1995-1996","status":"publish","type":"page","link":"https:\/\/museutapies.org\/en\/biography\/1995-1996\/","title":{"rendered":"1995-1996"},"content":{"rendered":"<p class=\"spip\"><strong class=\"spip\">1995<\/strong><br \/>\nTravels to New York for the opening of a retrospective exhibition of his work at the Solomon R. Guggenheim Museum. At the same time, both the Pace Wildenstein Gallery and the Mus\u00e9e d\u2019art moderne in C\u00e9ret present selections of his recent works. He is awarded the National Visual Arts Prize by the Catalan Government. He travels to Paris for the official donation of his work\u00a0<i class=\"spip\">Totes les coses<\/i>\u00a0(1994) to UNESCO. Designs the poster\u00a0<i class=\"spip\">Solidaritat amb B\u00f2snia<\/i>\u00a0to contribute to the Mestres per B\u00f2snia and the Coordinadora de Comit\u00e9s d\u2019Ajuda Obrera a B\u00f2snia campaigns. Solo exhibitions in Barcelona, London, Geneva, S\u00e3o Paulo, Berlin, Marburg, Zug, Madrid and Zurich.<\/p>\n<p>&nbsp;<\/p>\n<p class=\"spip\"><strong class=\"spip\">1996<\/strong><br \/>\nIn the course of the year a major retrospective exhibition of his work tours various Japanese museums (Marugame Genichiro Inokuma, Kagawa; Nigata City Art Museum, Nigata; Gunma Museum of Modern Art, Gunma; Kirin Art Space Harajuku, Tokyo). He travels to Santiago de Compostela for the opening of his anthological exhibition at the Auditorio de Galicia; the exhibition subsequently travels to Lisbon (Centro Cultural de Bel\u00e9m). T\u00e0pies is decorated by the President of the Portuguese Republic with the Cross of the Order of Santiago. Exhibits his new sculptures in bronze at the Waddington Galleries in London. Edicions T Galeria d\u2019Art in Barcelona presents a show of his recent work. About forty drawings, many of them unpublished, produced between 1981 and 1994 are exhibited in Aix-en-Provence (Galerie d\u2019Art du Conseil G\u00e9n\u00e9ral des Bouches-du-Rh\u00f4ne). The Universitat Pompeu Fabra in Barcelona inaugurates the \u2018meditation room\u2019 conceived by the artist and produced in conjunction with the architects Jordi Garc\u00e9s and Enric S\u00f2ria. Takes part in the collective exhibition\u00a0<i class=\"spip\">Face \u00e0 l\u2019Histoire, 1933-1996: L\u2019artiste moderne devant l\u2019\u00e9v\u00e9nement historique<\/i>\u00a0(Centre Georges Pompidou, Paris). Solo exhibitions in Copenhagen, Lanzarote, Paris and Aix-en-Provence.<\/p>\n","protected":false},"excerpt":{"rendered":"<p>1995 Travels to New York for the opening of a retrospective exhibition of his work at the Solomon R. Guggenheim [&hellip;]<\/p>\n","protected":false},"author":1,"featured_media":1673,"parent":1265,"menu_order":17,"comment_status":"closed","ping_status":"closed","template":"template_sense-menu-lateral.php","meta":{"footnotes":""},"acf":[],"yoast_head":"<!-- This site is optimized with the Yoast SEO plugin v20.11 - https:\/\/yoast.com\/wordpress\/plugins\/seo\/ -->\n<title>1995-1996 - Museu T\u00e0pies<\/title>\n<meta name=\"robots\" content=\"index, follow, max-snippet:-1, max-image-preview:large, max-video-preview:-1\" \/>\n<meta property=\"og:locale\" content=\"en_US\" \/>\n<meta property=\"og:type\" content=\"article\" \/>\n<meta property=\"og:title\" content=\"1995-1996 - Museu T\u00e0pies\" \/>\n<meta property=\"og:description\" content=\"1995 Travels to New York for the opening of a retrospective exhibition of his work at the Solomon R. Guggenheim [&hellip;]\" \/>\n<meta property=\"og:url\" content=\"https:\/\/museutapies.org\/en\/biography\/1995-1996\/\" \/>\n<meta property=\"og:site_name\" content=\"Museu T\u00e0pies\" \/>\n<meta property=\"article:publisher\" content=\"https:\/\/www.facebook.com\/museutapies\" \/>\n<meta property=\"og:image\" content=\"https:\/\/museutapies.org\/wp-content\/uploads\/2018\/01\/AT_1995-1996.jpg\" \/>\n\t<meta property=\"og:image:width\" content=\"2062\" \/>\n\t<meta property=\"og:image:height\" content=\"1467\" \/>\n\t<meta property=\"og:image:type\" content=\"image\/jpeg\" \/>\n<meta name=\"twitter:card\" content=\"summary_large_image\" \/>\n<meta name=\"twitter:label1\" content=\"Est. reading time\" \/>\n\t<meta name=\"twitter:data1\" content=\"2 minutes\" \/>\n<script type=\"application\/ld+json\" class=\"yoast-schema-graph\">{\"@context\":\"https:\/\/schema.org\",\"@graph\":[{\"@type\":\"WebPage\",\"@id\":\"https:\/\/museutapies.org\/en\/biography\/1995-1996\/\",\"url\":\"https:\/\/museutapies.org\/en\/biography\/1995-1996\/\",\"name\":\"1995-1996 - Museu T\u00e0pies\",\"isPartOf\":{\"@id\":\"https:\/\/museutapies.org\/en\/#website\"},\"datePublished\":\"2018-01-23T09:35:27+00:00\",\"dateModified\":\"2018-01-23T09:35:27+00:00\",\"breadcrumb\":{\"@id\":\"https:\/\/museutapies.org\/en\/biography\/1995-1996\/#breadcrumb\"},\"inLanguage\":\"en-US\",\"potentialAction\":[{\"@type\":\"ReadAction\",\"target\":[\"https:\/\/museutapies.org\/en\/biography\/1995-1996\/\"]}]},{\"@type\":\"BreadcrumbList\",\"@id\":\"https:\/\/museutapies.org\/en\/biography\/1995-1996\/#breadcrumb\",\"itemListElement\":[{\"@type\":\"ListItem\",\"position\":1,\"name\":\"Biography\",\"item\":\"https:\/\/museutapies.org\/en\/biography\/\"},{\"@type\":\"ListItem\",\"position\":2,\"name\":\"1995-1996\"}]},{\"@type\":\"WebSite\",\"@id\":\"https:\/\/museutapies.org\/en\/#website\",\"url\":\"https:\/\/museutapies.org\/en\/\",\"name\":\"Museu T\u00e0pies\",\"description\":\"\",\"publisher\":{\"@id\":\"https:\/\/museutapies.org\/en\/#organization\"},\"potentialAction\":[{\"@type\":\"SearchAction\",\"target\":{\"@type\":\"EntryPoint\",\"urlTemplate\":\"https:\/\/museutapies.org\/en\/?s={search_term_string}\"},\"query-input\":\"required name=search_term_string\"}],\"inLanguage\":\"en-US\"},{\"@type\":\"Organization\",\"@id\":\"https:\/\/museutapies.org\/en\/#organization\",\"name\":\"Museu T\u00e0pies\",\"url\":\"https:\/\/museutapies.org\/en\/\",\"logo\":{\"@type\":\"ImageObject\",\"inLanguage\":\"en-US\",\"@id\":\"https:\/\/museutapies.org\/en\/#\/schema\/logo\/image\/\",\"url\":\"https:\/\/museutapies.org\/wp-content\/uploads\/2024\/07\/mta.png\",\"contentUrl\":\"https:\/\/museutapies.org\/wp-content\/uploads\/2024\/07\/mta.png\",\"width\":244,\"height\":110,\"caption\":\"Museu T\u00e0pies\"},\"image\":{\"@id\":\"https:\/\/museutapies.org\/en\/#\/schema\/logo\/image\/\"},\"sameAs\":[\"https:\/\/www.facebook.com\/museutapies\",\"https:\/\/www.instagram.com\/museutapies\/\",\"https:\/\/www.youtube.com\/channel\/UCPi65HBb48RMeoa12lR51cQ\",\"https:\/\/x.com\/MuseuTapies\"]}]}<\/script>\n<!-- \/ Yoast SEO plugin. -->","yoast_head_json":{"title":"1995-1996 - Museu T\u00e0pies","robots":{"index":"index","follow":"follow","max-snippet":"max-snippet:-1","max-image-preview":"max-image-preview:large","max-video-preview":"max-video-preview:-1"},"og_locale":"en_US","og_type":"article","og_title":"1995-1996 - Museu T\u00e0pies","og_description":"1995 Travels to New York for the opening of a retrospective exhibition of his work at the Solomon R. Guggenheim [&hellip;]","og_url":"https:\/\/museutapies.org\/en\/biography\/1995-1996\/","og_site_name":"Museu T\u00e0pies","article_publisher":"https:\/\/www.facebook.com\/museutapies","og_image":[{"width":2062,"height":1467,"url":"https:\/\/museutapies.org\/wp-content\/uploads\/2018\/01\/AT_1995-1996.jpg","type":"image\/jpeg"}],"twitter_card":"summary_large_image","twitter_misc":{"Est. reading time":"2 minutes"},"schema":{"@context":"https:\/\/schema.org","@graph":[{"@type":"WebPage","@id":"https:\/\/museutapies.org\/en\/biography\/1995-1996\/","url":"https:\/\/museutapies.org\/en\/biography\/1995-1996\/","name":"1995-1996 - Museu T\u00e0pies","isPartOf":{"@id":"https:\/\/museutapies.org\/en\/#website"},"datePublished":"2018-01-23T09:35:27+00:00","dateModified":"2018-01-23T09:35:27+00:00","breadcrumb":{"@id":"https:\/\/museutapies.org\/en\/biography\/1995-1996\/#breadcrumb"},"inLanguage":"en-US","potentialAction":[{"@type":"ReadAction","target":["https:\/\/museutapies.org\/en\/biography\/1995-1996\/"]}]},{"@type":"BreadcrumbList","@id":"https:\/\/museutapies.org\/en\/biography\/1995-1996\/#breadcrumb","itemListElement":[{"@type":"ListItem","position":1,"name":"Biography","item":"https:\/\/museutapies.org\/en\/biography\/"},{"@type":"ListItem","position":2,"name":"1995-1996"}]},{"@type":"WebSite","@id":"https:\/\/museutapies.org\/en\/#website","url":"https:\/\/museutapies.org\/en\/","name":"Museu T\u00e0pies","description":"","publisher":{"@id":"https:\/\/museutapies.org\/en\/#organization"},"potentialAction":[{"@type":"SearchAction","target":{"@type":"EntryPoint","urlTemplate":"https:\/\/museutapies.org\/en\/?s={search_term_string}"},"query-input":"required name=search_term_string"}],"inLanguage":"en-US"},{"@type":"Organization","@id":"https:\/\/museutapies.org\/en\/#organization","name":"Museu T\u00e0pies","url":"https:\/\/museutapies.org\/en\/","logo":{"@type":"ImageObject","inLanguage":"en-US","@id":"https:\/\/museutapies.org\/en\/#\/schema\/logo\/image\/","url":"https:\/\/museutapies.org\/wp-content\/uploads\/2024\/07\/mta.png","contentUrl":"https:\/\/museutapies.org\/wp-content\/uploads\/2024\/07\/mta.png","width":244,"height":110,"caption":"Museu T\u00e0pies"},"image":{"@id":"https:\/\/museutapies.org\/en\/#\/schema\/logo\/image\/"},"sameAs":["https:\/\/www.facebook.com\/museutapies","https:\/\/www.instagram.com\/museutapies\/","https:\/\/www.youtube.com\/channel\/UCPi65HBb48RMeoa12lR51cQ","https:\/\/x.com\/MuseuTapies"]}]}},"_links":{"self":[{"href":"https:\/\/museutapies.org\/en\/wp-json\/wp\/v2\/pages\/1800"}],"collection":[{"href":"https:\/\/museutapies.org\/en\/wp-json\/wp\/v2\/pages"}],"about":[{"href":"https:\/\/museutapies.org\/en\/wp-json\/wp\/v2\/types\/page"}],"author":[{"embeddable":true,"href":"https:\/\/museutapies.org\/en\/wp-json\/wp\/v2\/users\/1"}],"replies":[{"embeddable":true,"href":"https:\/\/museutapies.org\/en\/wp-json\/wp\/v2\/comments?post=1800"}],"version-history":[{"count":1,"href":"https:\/\/museutapies.org\/en\/wp-json\/wp\/v2\/pages\/1800\/revisions"}],"predecessor-version":[{"id":1801,"href":"https:\/\/museutapies.org\/en\/wp-json\/wp\/v2\/pages\/1800\/revisions\/1801"}],"up":[{"embeddable":true,"href":"https:\/\/museutapies.org\/en\/wp-json\/wp\/v2\/pages\/1265"}],"wp:featuredmedia":[{"embeddable":true,"href":"https:\/\/museutapies.org\/en\/wp-json\/wp\/v2\/media\/1673"}],"wp:attachment":[{"href":"https:\/\/museutapies.org\/en\/wp-json\/wp\/v2\/media?parent=1800"}],"curies":[{"name":"wp","href":"https:\/\/api.w.org\/{rel}","templated":true}]}}