{"id":18830,"date":"2021-04-09T12:10:43","date_gmt":"2021-04-09T12:10:43","guid":{"rendered":"https:\/\/museutapies.org\/visit-us\/accessibilitat\/"},"modified":"2024-07-30T17:46:05","modified_gmt":"2024-07-30T15:46:05","slug":"accessibilitat","status":"publish","type":"page","link":"https:\/\/museutapies.org\/en\/visit-us\/accessibilitat\/","title":{"rendered":"Accessibility"},"content":{"rendered":"<h2><img loading=\"lazy\" decoding=\"async\" class=\"alignnone size-full wp-image-27968\" src=\"https:\/\/museutapies.org\/wp-content\/uploads\/2023\/08\/VISITA-LLIUREJPG_web-900x598-1-800x532-1.jpg\" alt=\"\" width=\"800\" height=\"532\" srcset=\"https:\/\/museutapies.org\/wp-content\/uploads\/2023\/08\/VISITA-LLIUREJPG_web-900x598-1-800x532-1.jpg 800w, https:\/\/museutapies.org\/wp-content\/uploads\/2023\/08\/VISITA-LLIUREJPG_web-900x598-1-800x532-1-768x511.jpg 768w, https:\/\/museutapies.org\/wp-content\/uploads\/2023\/08\/VISITA-LLIUREJPG_web-900x598-1-800x532-1-500x333.jpg 500w, https:\/\/museutapies.org\/wp-content\/uploads\/2023\/08\/VISITA-LLIUREJPG_web-900x598-1-800x532-1-380x253.jpg 380w, https:\/\/museutapies.org\/wp-content\/uploads\/2023\/08\/VISITA-LLIUREJPG_web-900x598-1-800x532-1-600x399.jpg 600w\" sizes=\"(max-width: 800px) 100vw, 800px\" \/><\/h2>\n<p>&nbsp;<\/p>\n<p>The Museu T\u00e0pies works to disseminate contemporary art and thought through the organisation of exhibitions and various cultural proposals with a pluralist approach. Our aim is for everyone to be able to find an area of \u200b\u200binterest and feel part of the project.<\/p>\n<p>&nbsp;<\/p>\n<p>For this reason, the Museum wants to help ensure that all people, whatever their living conditions or circumstances, have access to our cultural programme, which includes adaptations for people with special mobility or learning needs. Similarly, we offer free admission to the Museum so that no one in a vulnerable situation or at risk of social exclusion is denied access to culture for economic reasons.<\/p>\n<p>&nbsp;<\/p>\n<p><strong>1. Physical accessibility:<\/strong><\/p>\n<p>&nbsp;<\/p>\n<p>The Museu T\u00e0pies&#8217; building is an accessible architectural space, with wheelchair access to all areas. The entrance from the street is through the left-side door, from where you can access lifts that connect the different levels of the Museum. A wheelchair loan service is available, as are folding stools to facilitate rest during the visit, together with adapted toilets. More details can be found on the <a href=\"https:\/\/www.barcelona-access.com\/ACCESSIBLE\/accessibilitat-home\/_XHxTrasl4-YH8lsBAr4bypcXcrPuw_5yNmknt_1cGe60IBvTBHBKhM0v3jms2gAsAITMmHDjcw8NFUV5LxMeTC0SiPtxy3697mgdMtChlXH9rUjdG2s7a2xF9zTCOMMh\">Barcelona Accessible Tourism website<\/a>.<\/p>\n<p>&nbsp;<\/p>\n<p><strong>2. Sensory accessibility:<\/strong><\/p>\n<p>&nbsp;<\/p>\n<p>Visual accessibility:\u00a0Guide dogs are welcome throughout the building. Upon request, guided tours with the support of tactile materials are available.<\/p>\n<p>Hearing accessibility:\u00a0Upon request, inclusive guided tours with sign language interpretation are available.<\/p>\n<p>&nbsp;<\/p>\n<p><strong>3. Cognitive accessibility:<\/strong><\/p>\n<p>&nbsp;<\/p>\n<p>Prior advice is provided for independent tours and, upon request, adapted guided activities are also available.<\/p>\n<p>&nbsp;<\/p>\n<p><strong>Contact for further information:\u00a0<\/strong>Rosa Eva Campo | rosaeva@museutapies.org<\/p>\n<p>&nbsp;<\/p>\n<div><\/div>\n<div><\/div>\n<div><\/div>\n","protected":false},"excerpt":{"rendered":"<p>&nbsp; The Museu T\u00e0pies works to disseminate contemporary art and thought through the organisation of exhibitions and various cultural proposals [&hellip;]<\/p>\n","protected":false},"author":2,"featured_media":0,"parent":2026,"menu_order":0,"comment_status":"closed","ping_status":"closed","template":"template_sense-menu-lateral.php","meta":{"footnotes":""},"acf":[],"yoast_head":"<!-- This site is optimized with the Yoast SEO plugin v20.11 - https:\/\/yoast.com\/wordpress\/plugins\/seo\/ -->\n<title>Accessibility - Museu T\u00e0pies<\/title>\n<meta name=\"description\" content=\"The Fundaci\u00f3 Antoni T\u00e0pies wants to help ensure that all people, whatever their living conditions or circumstances, have access to our cultural programme, which includes adaptations for people with special mobility or learning needs.\" \/>\n<meta name=\"robots\" content=\"index, follow, max-snippet:-1, max-image-preview:large, max-video-preview:-1\" \/>\n<meta property=\"og:locale\" content=\"en_US\" \/>\n<meta property=\"og:type\" content=\"article\" \/>\n<meta property=\"og:title\" content=\"Accessibility - Museu T\u00e0pies\" \/>\n<meta property=\"og:description\" content=\"The Fundaci\u00f3 Antoni T\u00e0pies wants to help ensure that all people, whatever their living conditions or circumstances, have access to our cultural programme, which includes adaptations for people with special mobility or learning needs.\" \/>\n<meta property=\"og:url\" content=\"https:\/\/museutapies.org\/en\/visit-us\/accessibilitat\/\" \/>\n<meta property=\"og:site_name\" content=\"Museu T\u00e0pies\" \/>\n<meta property=\"article:publisher\" content=\"https:\/\/www.facebook.com\/museutapies\" \/>\n<meta property=\"article:modified_time\" content=\"2024-07-30T15:46:05+00:00\" \/>\n<meta property=\"og:image\" content=\"https:\/\/museutapies.org\/wp-content\/uploads\/2023\/08\/VISITA-LLIUREJPG_web-900x598-1-800x532-1.jpg\" \/>\n<meta name=\"twitter:card\" content=\"summary_large_image\" \/>\n<meta name=\"twitter:label1\" content=\"Est. reading time\" \/>\n\t<meta name=\"twitter:data1\" content=\"2 minutes\" \/>\n<script type=\"application\/ld+json\" class=\"yoast-schema-graph\">{\"@context\":\"https:\/\/schema.org\",\"@graph\":[{\"@type\":\"WebPage\",\"@id\":\"https:\/\/museutapies.org\/en\/visit-us\/accessibilitat\/\",\"url\":\"https:\/\/museutapies.org\/en\/visit-us\/accessibilitat\/\",\"name\":\"Accessibility - Museu T\u00e0pies\",\"isPartOf\":{\"@id\":\"https:\/\/museutapies.org\/en\/#website\"},\"datePublished\":\"2021-04-09T12:10:43+00:00\",\"dateModified\":\"2024-07-30T15:46:05+00:00\",\"description\":\"The Fundaci\u00f3 Antoni T\u00e0pies wants to help ensure that all people, whatever their living conditions or circumstances, have access to our cultural programme, which includes adaptations for people with special mobility or learning needs.\",\"breadcrumb\":{\"@id\":\"https:\/\/museutapies.org\/en\/visit-us\/accessibilitat\/#breadcrumb\"},\"inLanguage\":\"en-US\",\"potentialAction\":[{\"@type\":\"ReadAction\",\"target\":[\"https:\/\/museutapies.org\/en\/visit-us\/accessibilitat\/\"]}]},{\"@type\":\"BreadcrumbList\",\"@id\":\"https:\/\/museutapies.org\/en\/visit-us\/accessibilitat\/#breadcrumb\",\"itemListElement\":[{\"@type\":\"ListItem\",\"position\":1,\"name\":\"Visit us\",\"item\":\"https:\/\/museutapies.org\/en\/visit-us\/\"},{\"@type\":\"ListItem\",\"position\":2,\"name\":\"Accessibility\"}]},{\"@type\":\"WebSite\",\"@id\":\"https:\/\/museutapies.org\/en\/#website\",\"url\":\"https:\/\/museutapies.org\/en\/\",\"name\":\"Museu T\u00e0pies\",\"description\":\"\",\"publisher\":{\"@id\":\"https:\/\/museutapies.org\/en\/#organization\"},\"potentialAction\":[{\"@type\":\"SearchAction\",\"target\":{\"@type\":\"EntryPoint\",\"urlTemplate\":\"https:\/\/museutapies.org\/en\/?s={search_term_string}\"},\"query-input\":\"required name=search_term_string\"}],\"inLanguage\":\"en-US\"},{\"@type\":\"Organization\",\"@id\":\"https:\/\/museutapies.org\/en\/#organization\",\"name\":\"Museu T\u00e0pies\",\"url\":\"https:\/\/museutapies.org\/en\/\",\"logo\":{\"@type\":\"ImageObject\",\"inLanguage\":\"en-US\",\"@id\":\"https:\/\/museutapies.org\/en\/#\/schema\/logo\/image\/\",\"url\":\"https:\/\/museutapies.org\/wp-content\/uploads\/2024\/07\/mta.png\",\"contentUrl\":\"https:\/\/museutapies.org\/wp-content\/uploads\/2024\/07\/mta.png\",\"width\":244,\"height\":110,\"caption\":\"Museu T\u00e0pies\"},\"image\":{\"@id\":\"https:\/\/museutapies.org\/en\/#\/schema\/logo\/image\/\"},\"sameAs\":[\"https:\/\/www.facebook.com\/museutapies\",\"https:\/\/www.instagram.com\/museutapies\/\",\"https:\/\/www.youtube.com\/channel\/UCPi65HBb48RMeoa12lR51cQ\",\"https:\/\/x.com\/MuseuTapies\"]}]}<\/script>\n<!-- \/ Yoast SEO plugin. -->","yoast_head_json":{"title":"Accessibility - Museu T\u00e0pies","description":"The Fundaci\u00f3 Antoni T\u00e0pies wants to help ensure that all people, whatever their living conditions or circumstances, have access to our cultural programme, which includes adaptations for people with special mobility or learning needs.","robots":{"index":"index","follow":"follow","max-snippet":"max-snippet:-1","max-image-preview":"max-image-preview:large","max-video-preview":"max-video-preview:-1"},"og_locale":"en_US","og_type":"article","og_title":"Accessibility - Museu T\u00e0pies","og_description":"The Fundaci\u00f3 Antoni T\u00e0pies wants to help ensure that all people, whatever their living conditions or circumstances, have access to our cultural programme, which includes adaptations for people with special mobility or learning needs.","og_url":"https:\/\/museutapies.org\/en\/visit-us\/accessibilitat\/","og_site_name":"Museu T\u00e0pies","article_publisher":"https:\/\/www.facebook.com\/museutapies","article_modified_time":"2024-07-30T15:46:05+00:00","og_image":[{"url":"https:\/\/museutapies.org\/wp-content\/uploads\/2023\/08\/VISITA-LLIUREJPG_web-900x598-1-800x532-1.jpg"}],"twitter_card":"summary_large_image","twitter_misc":{"Est. reading time":"2 minutes"},"schema":{"@context":"https:\/\/schema.org","@graph":[{"@type":"WebPage","@id":"https:\/\/museutapies.org\/en\/visit-us\/accessibilitat\/","url":"https:\/\/museutapies.org\/en\/visit-us\/accessibilitat\/","name":"Accessibility - Museu T\u00e0pies","isPartOf":{"@id":"https:\/\/museutapies.org\/en\/#website"},"datePublished":"2021-04-09T12:10:43+00:00","dateModified":"2024-07-30T15:46:05+00:00","description":"The Fundaci\u00f3 Antoni T\u00e0pies wants to help ensure that all people, whatever their living conditions or circumstances, have access to our cultural programme, which includes adaptations for people with special mobility or learning needs.","breadcrumb":{"@id":"https:\/\/museutapies.org\/en\/visit-us\/accessibilitat\/#breadcrumb"},"inLanguage":"en-US","potentialAction":[{"@type":"ReadAction","target":["https:\/\/museutapies.org\/en\/visit-us\/accessibilitat\/"]}]},{"@type":"BreadcrumbList","@id":"https:\/\/museutapies.org\/en\/visit-us\/accessibilitat\/#breadcrumb","itemListElement":[{"@type":"ListItem","position":1,"name":"Visit us","item":"https:\/\/museutapies.org\/en\/visit-us\/"},{"@type":"ListItem","position":2,"name":"Accessibility"}]},{"@type":"WebSite","@id":"https:\/\/museutapies.org\/en\/#website","url":"https:\/\/museutapies.org\/en\/","name":"Museu T\u00e0pies","description":"","publisher":{"@id":"https:\/\/museutapies.org\/en\/#organization"},"potentialAction":[{"@type":"SearchAction","target":{"@type":"EntryPoint","urlTemplate":"https:\/\/museutapies.org\/en\/?s={search_term_string}"},"query-input":"required name=search_term_string"}],"inLanguage":"en-US"},{"@type":"Organization","@id":"https:\/\/museutapies.org\/en\/#organization","name":"Museu T\u00e0pies","url":"https:\/\/museutapies.org\/en\/","logo":{"@type":"ImageObject","inLanguage":"en-US","@id":"https:\/\/museutapies.org\/en\/#\/schema\/logo\/image\/","url":"https:\/\/museutapies.org\/wp-content\/uploads\/2024\/07\/mta.png","contentUrl":"https:\/\/museutapies.org\/wp-content\/uploads\/2024\/07\/mta.png","width":244,"height":110,"caption":"Museu T\u00e0pies"},"image":{"@id":"https:\/\/museutapies.org\/en\/#\/schema\/logo\/image\/"},"sameAs":["https:\/\/www.facebook.com\/museutapies","https:\/\/www.instagram.com\/museutapies\/","https:\/\/www.youtube.com\/channel\/UCPi65HBb48RMeoa12lR51cQ","https:\/\/x.com\/MuseuTapies"]}]}},"_links":{"self":[{"href":"https:\/\/museutapies.org\/en\/wp-json\/wp\/v2\/pages\/18830"}],"collection":[{"href":"https:\/\/museutapies.org\/en\/wp-json\/wp\/v2\/pages"}],"about":[{"href":"https:\/\/museutapies.org\/en\/wp-json\/wp\/v2\/types\/page"}],"author":[{"embeddable":true,"href":"https:\/\/museutapies.org\/en\/wp-json\/wp\/v2\/users\/2"}],"replies":[{"embeddable":true,"href":"https:\/\/museutapies.org\/en\/wp-json\/wp\/v2\/comments?post=18830"}],"version-history":[{"count":11,"href":"https:\/\/museutapies.org\/en\/wp-json\/wp\/v2\/pages\/18830\/revisions"}],"predecessor-version":[{"id":35508,"href":"https:\/\/museutapies.org\/en\/wp-json\/wp\/v2\/pages\/18830\/revisions\/35508"}],"up":[{"embeddable":true,"href":"https:\/\/museutapies.org\/en\/wp-json\/wp\/v2\/pages\/2026"}],"wp:attachment":[{"href":"https:\/\/museutapies.org\/en\/wp-json\/wp\/v2\/media?parent=18830"}],"curies":[{"name":"wp","href":"https:\/\/api.w.org\/{rel}","templated":true}]}}