{"id":2041,"date":"2018-01-23T09:52:24","date_gmt":"2018-01-23T09:52:24","guid":{"rendered":"https:\/\/museutapies.org\/informacio-instucional\/"},"modified":"2026-02-11T16:43:45","modified_gmt":"2026-02-11T15:43:45","slug":"board-of-trustees","status":"publish","type":"page","link":"https:\/\/museutapies.org\/en\/board-of-trustees\/","title":{"rendered":"Board of Trustees"},"content":{"rendered":"<table style=\"width: 45.0317%\" border=\"0\" cellspacing=\"0\">\n<colgroup width=\"158\"><\/colgroup>\n<colgroup width=\"461\"><\/colgroup>\n<tbody>\n<tr>\n<td style=\"width: 46.8376%\" align=\"left\" valign=\"middle\" height=\"20\"><b><span style=\"color: #000000\">President<\/span><\/b><\/td>\n<td style=\"width: 52.8404%\" align=\"left\" valign=\"middle\"><span style=\"color: #000000\">Ferran Rod\u00e9s i Vil\u00e0<\/span><\/td>\n<\/tr>\n<tr>\n<td style=\"width: 46.8376%\" align=\"left\" valign=\"middle\" height=\"20\"><b><span style=\"color: #000000\">Vicepresident<\/span><\/b><\/td>\n<td style=\"width: 52.8404%\" align=\"left\" valign=\"middle\"><span style=\"color: #000000\">Teresa Barba F\u00e0bregas<\/span><\/td>\n<\/tr>\n<tr>\n<td style=\"width: 46.8376%\" align=\"left\" valign=\"middle\" height=\"20\"><strong>Founding member of the Board<\/strong><\/td>\n<td style=\"width: 52.8404%\" align=\"left\" valign=\"middle\"><span style=\"color: #000000\">Antoni T\u00e0pies Puig \u2020<\/span><\/td>\n<\/tr>\n<tr>\n<td style=\"width: 46.8376%\" align=\"left\" valign=\"middle\" height=\"20\"><strong>Honorary trustee<\/strong><\/td>\n<td style=\"width: 52.8404%\" align=\"left\" valign=\"middle\"><span style=\"color: #000000\">Miquel T\u00e0pies Barba \u2020<\/span><\/td>\n<\/tr>\n<tr>\n<td style=\"width: 46.8376%\" align=\"left\" valign=\"middle\" height=\"20\"><b><span style=\"color: #000000\">Trustees<\/span><\/b><\/td>\n<td style=\"width: 52.8404%\" align=\"left\" valign=\"middle\"><i><span style=\"color: #000000\">Family of the Artist: <\/span><\/i><\/td>\n<\/tr>\n<tr>\n<td style=\"width: 46.8376%\" align=\"left\" valign=\"middle\" height=\"20\"><span style=\"color: #000000\">\u00a0<\/span><\/td>\n<td style=\"width: 52.8404%\" align=\"left\" valign=\"middle\"><span style=\"color: #000000\">Antoni T\u00e0pies Barba<\/span><\/td>\n<\/tr>\n<tr>\n<td style=\"width: 46.8376%\" align=\"left\" valign=\"middle\" height=\"20\"><span style=\"color: #000000\">\u00a0<\/span><\/td>\n<td style=\"width: 52.8404%\" align=\"left\" valign=\"middle\"><span style=\"color: #000000\">Clara T\u00e0pies Barba<\/span><\/td>\n<\/tr>\n<tr>\n<td style=\"width: 46.8376%\" align=\"left\" valign=\"middle\" height=\"20\"><span style=\"color: #000000\">\u00a0<\/span><\/td>\n<td style=\"width: 52.8404%\" align=\"left\" valign=\"middle\"><span style=\"color: #000000\">Teresa T\u00e0pies Dom\u00e8nech<\/span><\/td>\n<\/tr>\n<tr>\n<td style=\"width: 46.8376%\" align=\"left\" valign=\"middle\" height=\"20\"><span style=\"color: #000000\">\u00a0<\/span><\/td>\n<td style=\"width: 52.8404%\" align=\"left\" valign=\"middle\"><i><span style=\"color: #000000\">Generalitat de Catalunya: <\/span><\/i><\/td>\n<\/tr>\n<tr>\n<td style=\"width: 46.8376%\" align=\"left\" valign=\"middle\" height=\"20\"><span style=\"color: #000000\">\u00a0<\/span><\/td>\n<td style=\"width: 52.8404%\" align=\"left\" valign=\"middle\"><span style=\"color: #000000\">S\u00f2nia Hern\u00e1ndez Almod\u00f3var <\/span><\/td>\n<\/tr>\n<tr>\n<td style=\"width: 46.8376%\" align=\"left\" valign=\"middle\" height=\"20\"><span style=\"color: #000000\">\u00a0<\/span><\/td>\n<td style=\"width: 52.8404%\" align=\"left\" valign=\"middle\"><span style=\"color: #000000\">Joaquim Borr\u00e0s G\u00f3mez<\/span><\/td>\n<\/tr>\n<tr>\n<td style=\"width: 46.8376%\" align=\"left\" valign=\"middle\" height=\"20\"><span style=\"color: #000000\">\u00a0<\/span><\/td>\n<td style=\"width: 52.8404%\" align=\"left\" valign=\"middle\"><i><span style=\"color: #000000\">Ajuntament de Barcelona: <\/span><\/i><\/td>\n<\/tr>\n<tr>\n<td style=\"width: 46.8376%\" align=\"left\" valign=\"middle\" height=\"20\"><span style=\"color: #000000\">\u00a0<\/span><\/td>\n<td style=\"width: 52.8404%\" align=\"left\" valign=\"middle\"><span style=\"color: #000000\">Xavier Marc\u00e9 Carol <\/span><\/td>\n<\/tr>\n<tr>\n<td style=\"width: 46.8376%\" align=\"left\" valign=\"middle\" height=\"20\"><span style=\"color: #000000\">\u00a0<\/span><\/td>\n<td style=\"width: 52.8404%\" align=\"left\" valign=\"middle\"><span style=\"color: #000000\">Elisenda Rius Bergua<\/span><\/td>\n<\/tr>\n<tr>\n<td style=\"width: 46.8376%\" align=\"left\" valign=\"middle\" height=\"20\"><span style=\"color: #000000\">\u00a0<\/span><\/td>\n<td style=\"width: 52.8404%\" align=\"left\" valign=\"middle\"><i><span style=\"color: #000000\"><em>Elective trustees<\/em>: <\/span><\/i><\/td>\n<\/tr>\n<tr>\n<td style=\"width: 46.8376%\" align=\"left\" valign=\"middle\" height=\"20\"><span style=\"color: #000000\">\u00a0<\/span><\/td>\n<td style=\"width: 52.8404%\" align=\"left\" valign=\"middle\"><span style=\"color: #000000\">Manuel J. Borja-Villel<\/span><\/td>\n<\/tr>\n<tr>\n<td style=\"width: 46.8376%\" align=\"left\" valign=\"middle\" height=\"20\"><span style=\"color: #000000\">\u00a0<\/span><\/td>\n<td style=\"width: 52.8404%\" align=\"left\" valign=\"middle\"><span style=\"color: #000000\">Carles Castells i Oliveres<\/span><\/td>\n<\/tr>\n<tr>\n<td style=\"width: 46.8376%\" align=\"left\" valign=\"middle\" height=\"20\"><span style=\"color: #000000\">\u00a0<\/span><\/td>\n<td style=\"width: 52.8404%\" align=\"left\" valign=\"middle\"><span style=\"color: #000000\">Pilar Cortada Boada<\/span><\/td>\n<\/tr>\n<tr>\n<td style=\"width: 46.8376%\" align=\"left\" valign=\"middle\" height=\"20\"><span style=\"color: #000000\">\u00a0<\/span><\/td>\n<td style=\"width: 52.8404%\" align=\"left\" valign=\"bottom\"><span style=\"color: #000000\">\u00c0lex Nogueras de Ugarte<\/span><\/td>\n<\/tr>\n<tr>\n<td style=\"width: 46.8376%\" align=\"left\" valign=\"middle\" height=\"20\"><span style=\"color: #000000\">\u00a0<\/span><\/td>\n<td style=\"width: 52.8404%\" align=\"left\" valign=\"bottom\"><span style=\"color: #000000\">Mireia Tom\u00e0s Carulla<\/span><\/td>\n<\/tr>\n<tr>\n<td style=\"width: 46.8376%\" align=\"left\" valign=\"middle\" height=\"20\"><span style=\"color: #000000\">\u00a0<\/span><\/td>\n<td style=\"width: 52.8404%\" align=\"left\" valign=\"middle\"><span style=\"color: #000000\">Mercedes Vilardell March<\/span><\/td>\n<\/tr>\n<tr>\n<td style=\"width: 46.8376%\" align=\"left\" valign=\"middle\" height=\"20\"><b><span style=\"color: #000000\">Secretary<\/span><\/b><\/td>\n<td style=\"width: 52.8404%\" align=\"left\" valign=\"middle\"><span style=\"color: #000000\">Raimon Berg\u00f3s i Civit, Secretari no patr\u00f3<\/span><\/td>\n<\/tr>\n<\/tbody>\n<\/table>\n","protected":false},"excerpt":{"rendered":"<p>President Ferran Rod\u00e9s i Vil\u00e0 Vicepresident Teresa Barba F\u00e0bregas Founding member of the Board Antoni T\u00e0pies Puig \u2020 Honorary trustee [&hellip;]<\/p>\n","protected":false},"author":2,"featured_media":0,"parent":0,"menu_order":0,"comment_status":"closed","ping_status":"closed","template":"template_informacio-institucional_2.php","meta":{"footnotes":""},"acf":[],"yoast_head":"<!-- This site is optimized with the Yoast SEO plugin v20.11 - https:\/\/yoast.com\/wordpress\/plugins\/seo\/ -->\n<title>Board of Trustees - Museu T\u00e0pies<\/title>\n<meta name=\"robots\" content=\"index, follow, max-snippet:-1, max-image-preview:large, max-video-preview:-1\" \/>\n<meta property=\"og:locale\" content=\"en_US\" \/>\n<meta property=\"og:type\" content=\"article\" \/>\n<meta property=\"og:title\" content=\"Board of Trustees - Museu T\u00e0pies\" \/>\n<meta property=\"og:description\" content=\"President Ferran Rod\u00e9s i Vil\u00e0 Vicepresident Teresa Barba F\u00e0bregas Founding member of the Board Antoni T\u00e0pies Puig \u2020 Honorary trustee [&hellip;]\" \/>\n<meta property=\"og:url\" content=\"https:\/\/museutapies.org\/en\/board-of-trustees\/\" \/>\n<meta property=\"og:site_name\" content=\"Museu T\u00e0pies\" \/>\n<meta property=\"article:publisher\" content=\"https:\/\/www.facebook.com\/museutapies\" \/>\n<meta property=\"article:modified_time\" content=\"2026-02-11T15:43:45+00:00\" \/>\n<meta name=\"twitter:card\" content=\"summary_large_image\" \/>\n<meta name=\"twitter:label1\" content=\"Est. reading time\" \/>\n\t<meta name=\"twitter:data1\" content=\"1 minute\" \/>\n<script type=\"application\/ld+json\" class=\"yoast-schema-graph\">{\"@context\":\"https:\/\/schema.org\",\"@graph\":[{\"@type\":\"WebPage\",\"@id\":\"https:\/\/museutapies.org\/en\/board-of-trustees\/\",\"url\":\"https:\/\/museutapies.org\/en\/board-of-trustees\/\",\"name\":\"Board of Trustees - Museu T\u00e0pies\",\"isPartOf\":{\"@id\":\"https:\/\/museutapies.org\/en\/#website\"},\"datePublished\":\"2018-01-23T09:52:24+00:00\",\"dateModified\":\"2026-02-11T15:43:45+00:00\",\"inLanguage\":\"en-US\",\"potentialAction\":[{\"@type\":\"ReadAction\",\"target\":[\"https:\/\/museutapies.org\/en\/board-of-trustees\/\"]}]},{\"@type\":\"WebSite\",\"@id\":\"https:\/\/museutapies.org\/en\/#website\",\"url\":\"https:\/\/museutapies.org\/en\/\",\"name\":\"Museu T\u00e0pies\",\"description\":\"\",\"publisher\":{\"@id\":\"https:\/\/museutapies.org\/en\/#organization\"},\"potentialAction\":[{\"@type\":\"SearchAction\",\"target\":{\"@type\":\"EntryPoint\",\"urlTemplate\":\"https:\/\/museutapies.org\/en\/?s={search_term_string}\"},\"query-input\":\"required name=search_term_string\"}],\"inLanguage\":\"en-US\"},{\"@type\":\"Organization\",\"@id\":\"https:\/\/museutapies.org\/en\/#organization\",\"name\":\"Museu T\u00e0pies\",\"url\":\"https:\/\/museutapies.org\/en\/\",\"logo\":{\"@type\":\"ImageObject\",\"inLanguage\":\"en-US\",\"@id\":\"https:\/\/museutapies.org\/en\/#\/schema\/logo\/image\/\",\"url\":\"https:\/\/museutapies.org\/wp-content\/uploads\/2024\/07\/mta.png\",\"contentUrl\":\"https:\/\/museutapies.org\/wp-content\/uploads\/2024\/07\/mta.png\",\"width\":244,\"height\":110,\"caption\":\"Museu T\u00e0pies\"},\"image\":{\"@id\":\"https:\/\/museutapies.org\/en\/#\/schema\/logo\/image\/\"},\"sameAs\":[\"https:\/\/www.facebook.com\/museutapies\",\"https:\/\/www.instagram.com\/museutapies\/\",\"https:\/\/www.youtube.com\/channel\/UCPi65HBb48RMeoa12lR51cQ\",\"https:\/\/x.com\/MuseuTapies\"]}]}<\/script>\n<!-- \/ Yoast SEO plugin. -->","yoast_head_json":{"title":"Board of Trustees - Museu T\u00e0pies","robots":{"index":"index","follow":"follow","max-snippet":"max-snippet:-1","max-image-preview":"max-image-preview:large","max-video-preview":"max-video-preview:-1"},"og_locale":"en_US","og_type":"article","og_title":"Board of Trustees - Museu T\u00e0pies","og_description":"President Ferran Rod\u00e9s i Vil\u00e0 Vicepresident Teresa Barba F\u00e0bregas Founding member of the Board Antoni T\u00e0pies Puig \u2020 Honorary trustee [&hellip;]","og_url":"https:\/\/museutapies.org\/en\/board-of-trustees\/","og_site_name":"Museu T\u00e0pies","article_publisher":"https:\/\/www.facebook.com\/museutapies","article_modified_time":"2026-02-11T15:43:45+00:00","twitter_card":"summary_large_image","twitter_misc":{"Est. reading time":"1 minute"},"schema":{"@context":"https:\/\/schema.org","@graph":[{"@type":"WebPage","@id":"https:\/\/museutapies.org\/en\/board-of-trustees\/","url":"https:\/\/museutapies.org\/en\/board-of-trustees\/","name":"Board of Trustees - Museu T\u00e0pies","isPartOf":{"@id":"https:\/\/museutapies.org\/en\/#website"},"datePublished":"2018-01-23T09:52:24+00:00","dateModified":"2026-02-11T15:43:45+00:00","inLanguage":"en-US","potentialAction":[{"@type":"ReadAction","target":["https:\/\/museutapies.org\/en\/board-of-trustees\/"]}]},{"@type":"WebSite","@id":"https:\/\/museutapies.org\/en\/#website","url":"https:\/\/museutapies.org\/en\/","name":"Museu T\u00e0pies","description":"","publisher":{"@id":"https:\/\/museutapies.org\/en\/#organization"},"potentialAction":[{"@type":"SearchAction","target":{"@type":"EntryPoint","urlTemplate":"https:\/\/museutapies.org\/en\/?s={search_term_string}"},"query-input":"required name=search_term_string"}],"inLanguage":"en-US"},{"@type":"Organization","@id":"https:\/\/museutapies.org\/en\/#organization","name":"Museu T\u00e0pies","url":"https:\/\/museutapies.org\/en\/","logo":{"@type":"ImageObject","inLanguage":"en-US","@id":"https:\/\/museutapies.org\/en\/#\/schema\/logo\/image\/","url":"https:\/\/museutapies.org\/wp-content\/uploads\/2024\/07\/mta.png","contentUrl":"https:\/\/museutapies.org\/wp-content\/uploads\/2024\/07\/mta.png","width":244,"height":110,"caption":"Museu T\u00e0pies"},"image":{"@id":"https:\/\/museutapies.org\/en\/#\/schema\/logo\/image\/"},"sameAs":["https:\/\/www.facebook.com\/museutapies","https:\/\/www.instagram.com\/museutapies\/","https:\/\/www.youtube.com\/channel\/UCPi65HBb48RMeoa12lR51cQ","https:\/\/x.com\/MuseuTapies"]}]}},"_links":{"self":[{"href":"https:\/\/museutapies.org\/en\/wp-json\/wp\/v2\/pages\/2041"}],"collection":[{"href":"https:\/\/museutapies.org\/en\/wp-json\/wp\/v2\/pages"}],"about":[{"href":"https:\/\/museutapies.org\/en\/wp-json\/wp\/v2\/types\/page"}],"author":[{"embeddable":true,"href":"https:\/\/museutapies.org\/en\/wp-json\/wp\/v2\/users\/2"}],"replies":[{"embeddable":true,"href":"https:\/\/museutapies.org\/en\/wp-json\/wp\/v2\/comments?post=2041"}],"version-history":[{"count":23,"href":"https:\/\/museutapies.org\/en\/wp-json\/wp\/v2\/pages\/2041\/revisions"}],"predecessor-version":[{"id":43867,"href":"https:\/\/museutapies.org\/en\/wp-json\/wp\/v2\/pages\/2041\/revisions\/43867"}],"wp:attachment":[{"href":"https:\/\/museutapies.org\/en\/wp-json\/wp\/v2\/media?parent=2041"}],"curies":[{"name":"wp","href":"https:\/\/api.w.org\/{rel}","templated":true}]}}