{"id":2786,"date":"2018-02-13T12:39:06","date_gmt":"2018-02-13T12:39:06","guid":{"rendered":"https:\/\/museutapies.org\/?page_id=2786"},"modified":"2026-01-27T12:03:32","modified_gmt":"2026-01-27T11:03:32","slug":"like-make-donation","status":"publish","type":"page","link":"https:\/\/museutapies.org\/en\/friends\/like-make-donation\/","title":{"rendered":"Would you like to make a donation?"},"content":{"rendered":"<p>If you would like to make a donation to the Museu T\u00e0pies, just fill in this form and we will contact you.<\/p>\n","protected":false},"excerpt":{"rendered":"<p>If you would like to make a donation to the Museu T\u00e0pies, just fill in this form and we will [&hellip;]<\/p>\n","protected":false},"author":4,"featured_media":0,"parent":2037,"menu_order":4,"comment_status":"closed","ping_status":"closed","template":"template_formulari.php","meta":{"footnotes":""},"acf":[],"yoast_head":"<!-- This site is optimized with the Yoast SEO plugin v20.11 - https:\/\/yoast.com\/wordpress\/plugins\/seo\/ -->\n<title>Would you like to make a donation? - Museu T\u00e0pies<\/title>\n<meta name=\"description\" content=\"Register to make a donation to the Museu T\u00e0pies, a contemporary art museum in Barcelona dedicated to the work of Antoni T\u00e0pies.\" \/>\n<meta name=\"robots\" content=\"index, follow, max-snippet:-1, max-image-preview:large, max-video-preview:-1\" \/>\n<meta property=\"og:locale\" content=\"en_US\" \/>\n<meta property=\"og:type\" content=\"article\" \/>\n<meta property=\"og:title\" content=\"Would you like to make a donation? - Museu T\u00e0pies\" \/>\n<meta property=\"og:description\" content=\"Register to make a donation to the Museu T\u00e0pies, a contemporary art museum in Barcelona dedicated to the work of Antoni T\u00e0pies.\" \/>\n<meta property=\"og:url\" content=\"https:\/\/museutapies.org\/en\/friends\/like-make-donation\/\" \/>\n<meta property=\"og:site_name\" content=\"Museu T\u00e0pies\" \/>\n<meta property=\"article:publisher\" content=\"https:\/\/www.facebook.com\/museutapies\" \/>\n<meta property=\"article:modified_time\" content=\"2026-01-27T11:03:32+00:00\" \/>\n<meta name=\"twitter:card\" content=\"summary_large_image\" \/>\n<meta name=\"twitter:label1\" content=\"Est. reading time\" \/>\n\t<meta name=\"twitter:data1\" content=\"1 minute\" \/>\n<script type=\"application\/ld+json\" class=\"yoast-schema-graph\">{\"@context\":\"https:\/\/schema.org\",\"@graph\":[{\"@type\":\"WebPage\",\"@id\":\"https:\/\/museutapies.org\/en\/friends\/like-make-donation\/\",\"url\":\"https:\/\/museutapies.org\/en\/friends\/like-make-donation\/\",\"name\":\"Would you like to make a donation? - Museu T\u00e0pies\",\"isPartOf\":{\"@id\":\"https:\/\/museutapies.org\/en\/#website\"},\"datePublished\":\"2018-02-13T12:39:06+00:00\",\"dateModified\":\"2026-01-27T11:03:32+00:00\",\"description\":\"Register to make a donation to the Museu T\u00e0pies, a contemporary art museum in Barcelona dedicated to the work of Antoni T\u00e0pies.\",\"breadcrumb\":{\"@id\":\"https:\/\/museutapies.org\/en\/friends\/like-make-donation\/#breadcrumb\"},\"inLanguage\":\"en-US\",\"potentialAction\":[{\"@type\":\"ReadAction\",\"target\":[\"https:\/\/museutapies.org\/en\/friends\/like-make-donation\/\"]}]},{\"@type\":\"BreadcrumbList\",\"@id\":\"https:\/\/museutapies.org\/en\/friends\/like-make-donation\/#breadcrumb\",\"itemListElement\":[{\"@type\":\"ListItem\",\"position\":1,\"name\":\"Join the Friends of the Museu T\u00e0pies\",\"item\":\"https:\/\/museutapies.org\/en\/friends\/\"},{\"@type\":\"ListItem\",\"position\":2,\"name\":\"Would you like to make a donation?\"}]},{\"@type\":\"WebSite\",\"@id\":\"https:\/\/museutapies.org\/en\/#website\",\"url\":\"https:\/\/museutapies.org\/en\/\",\"name\":\"Museu T\u00e0pies\",\"description\":\"\",\"publisher\":{\"@id\":\"https:\/\/museutapies.org\/en\/#organization\"},\"potentialAction\":[{\"@type\":\"SearchAction\",\"target\":{\"@type\":\"EntryPoint\",\"urlTemplate\":\"https:\/\/museutapies.org\/en\/?s={search_term_string}\"},\"query-input\":\"required name=search_term_string\"}],\"inLanguage\":\"en-US\"},{\"@type\":\"Organization\",\"@id\":\"https:\/\/museutapies.org\/en\/#organization\",\"name\":\"Museu T\u00e0pies\",\"url\":\"https:\/\/museutapies.org\/en\/\",\"logo\":{\"@type\":\"ImageObject\",\"inLanguage\":\"en-US\",\"@id\":\"https:\/\/museutapies.org\/en\/#\/schema\/logo\/image\/\",\"url\":\"https:\/\/museutapies.org\/wp-content\/uploads\/2024\/07\/mta.png\",\"contentUrl\":\"https:\/\/museutapies.org\/wp-content\/uploads\/2024\/07\/mta.png\",\"width\":244,\"height\":110,\"caption\":\"Museu T\u00e0pies\"},\"image\":{\"@id\":\"https:\/\/museutapies.org\/en\/#\/schema\/logo\/image\/\"},\"sameAs\":[\"https:\/\/www.facebook.com\/museutapies\",\"https:\/\/www.instagram.com\/museutapies\/\",\"https:\/\/www.youtube.com\/channel\/UCPi65HBb48RMeoa12lR51cQ\",\"https:\/\/x.com\/MuseuTapies\"]}]}<\/script>\n<!-- \/ Yoast SEO plugin. -->","yoast_head_json":{"title":"Would you like to make a donation? - Museu T\u00e0pies","description":"Register to make a donation to the Museu T\u00e0pies, a contemporary art museum in Barcelona dedicated to the work of Antoni T\u00e0pies.","robots":{"index":"index","follow":"follow","max-snippet":"max-snippet:-1","max-image-preview":"max-image-preview:large","max-video-preview":"max-video-preview:-1"},"og_locale":"en_US","og_type":"article","og_title":"Would you like to make a donation? - Museu T\u00e0pies","og_description":"Register to make a donation to the Museu T\u00e0pies, a contemporary art museum in Barcelona dedicated to the work of Antoni T\u00e0pies.","og_url":"https:\/\/museutapies.org\/en\/friends\/like-make-donation\/","og_site_name":"Museu T\u00e0pies","article_publisher":"https:\/\/www.facebook.com\/museutapies","article_modified_time":"2026-01-27T11:03:32+00:00","twitter_card":"summary_large_image","twitter_misc":{"Est. reading time":"1 minute"},"schema":{"@context":"https:\/\/schema.org","@graph":[{"@type":"WebPage","@id":"https:\/\/museutapies.org\/en\/friends\/like-make-donation\/","url":"https:\/\/museutapies.org\/en\/friends\/like-make-donation\/","name":"Would you like to make a donation? - Museu T\u00e0pies","isPartOf":{"@id":"https:\/\/museutapies.org\/en\/#website"},"datePublished":"2018-02-13T12:39:06+00:00","dateModified":"2026-01-27T11:03:32+00:00","description":"Register to make a donation to the Museu T\u00e0pies, a contemporary art museum in Barcelona dedicated to the work of Antoni T\u00e0pies.","breadcrumb":{"@id":"https:\/\/museutapies.org\/en\/friends\/like-make-donation\/#breadcrumb"},"inLanguage":"en-US","potentialAction":[{"@type":"ReadAction","target":["https:\/\/museutapies.org\/en\/friends\/like-make-donation\/"]}]},{"@type":"BreadcrumbList","@id":"https:\/\/museutapies.org\/en\/friends\/like-make-donation\/#breadcrumb","itemListElement":[{"@type":"ListItem","position":1,"name":"Join the Friends of the Museu T\u00e0pies","item":"https:\/\/museutapies.org\/en\/friends\/"},{"@type":"ListItem","position":2,"name":"Would you like to make a donation?"}]},{"@type":"WebSite","@id":"https:\/\/museutapies.org\/en\/#website","url":"https:\/\/museutapies.org\/en\/","name":"Museu T\u00e0pies","description":"","publisher":{"@id":"https:\/\/museutapies.org\/en\/#organization"},"potentialAction":[{"@type":"SearchAction","target":{"@type":"EntryPoint","urlTemplate":"https:\/\/museutapies.org\/en\/?s={search_term_string}"},"query-input":"required name=search_term_string"}],"inLanguage":"en-US"},{"@type":"Organization","@id":"https:\/\/museutapies.org\/en\/#organization","name":"Museu T\u00e0pies","url":"https:\/\/museutapies.org\/en\/","logo":{"@type":"ImageObject","inLanguage":"en-US","@id":"https:\/\/museutapies.org\/en\/#\/schema\/logo\/image\/","url":"https:\/\/museutapies.org\/wp-content\/uploads\/2024\/07\/mta.png","contentUrl":"https:\/\/museutapies.org\/wp-content\/uploads\/2024\/07\/mta.png","width":244,"height":110,"caption":"Museu T\u00e0pies"},"image":{"@id":"https:\/\/museutapies.org\/en\/#\/schema\/logo\/image\/"},"sameAs":["https:\/\/www.facebook.com\/museutapies","https:\/\/www.instagram.com\/museutapies\/","https:\/\/www.youtube.com\/channel\/UCPi65HBb48RMeoa12lR51cQ","https:\/\/x.com\/MuseuTapies"]}]}},"_links":{"self":[{"href":"https:\/\/museutapies.org\/en\/wp-json\/wp\/v2\/pages\/2786"}],"collection":[{"href":"https:\/\/museutapies.org\/en\/wp-json\/wp\/v2\/pages"}],"about":[{"href":"https:\/\/museutapies.org\/en\/wp-json\/wp\/v2\/types\/page"}],"author":[{"embeddable":true,"href":"https:\/\/museutapies.org\/en\/wp-json\/wp\/v2\/users\/4"}],"replies":[{"embeddable":true,"href":"https:\/\/museutapies.org\/en\/wp-json\/wp\/v2\/comments?post=2786"}],"version-history":[{"count":4,"href":"https:\/\/museutapies.org\/en\/wp-json\/wp\/v2\/pages\/2786\/revisions"}],"predecessor-version":[{"id":43613,"href":"https:\/\/museutapies.org\/en\/wp-json\/wp\/v2\/pages\/2786\/revisions\/43613"}],"up":[{"embeddable":true,"href":"https:\/\/museutapies.org\/en\/wp-json\/wp\/v2\/pages\/2037"}],"wp:attachment":[{"href":"https:\/\/museutapies.org\/en\/wp-json\/wp\/v2\/media?parent=2786"}],"curies":[{"name":"wp","href":"https:\/\/api.w.org\/{rel}","templated":true}]}}