{"id":27937,"date":"2023-08-29T07:55:58","date_gmt":"2023-08-29T07:55:58","guid":{"rendered":"https:\/\/museutapies.org\/?page_id=27937"},"modified":"2025-09-01T10:46:53","modified_gmt":"2025-09-01T08:46:53","slug":"self-guided-tours","status":"publish","type":"page","link":"https:\/\/museutapies.org\/en\/self-guided-tours\/","title":{"rendered":"Self-guided tours"},"content":{"rendered":"<p><img loading=\"lazy\" decoding=\"async\" class=\"alignnone size-medium wp-image-27938\" src=\"https:\/\/museutapies.org\/wp-content\/uploads\/2023\/08\/162_FF8_C011_B_RR_59-800x533.jpg\" alt=\"\" width=\"800\" height=\"533\" srcset=\"https:\/\/museutapies.org\/wp-content\/uploads\/2023\/08\/162_FF8_C011_B_RR_59-800x533.jpg 800w, https:\/\/museutapies.org\/wp-content\/uploads\/2023\/08\/162_FF8_C011_B_RR_59-900x600.jpg 900w, https:\/\/museutapies.org\/wp-content\/uploads\/2023\/08\/162_FF8_C011_B_RR_59-768x512.jpg 768w, https:\/\/museutapies.org\/wp-content\/uploads\/2023\/08\/162_FF8_C011_B_RR_59-1536x1024.jpg 1536w, https:\/\/museutapies.org\/wp-content\/uploads\/2023\/08\/162_FF8_C011_B_RR_59-500x333.jpg 500w, https:\/\/museutapies.org\/wp-content\/uploads\/2023\/08\/162_FF8_C011_B_RR_59-380x253.jpg 380w, https:\/\/museutapies.org\/wp-content\/uploads\/2023\/08\/162_FF8_C011_B_RR_59-600x400.jpg 600w, https:\/\/museutapies.org\/wp-content\/uploads\/2023\/08\/162_FF8_C011_B_RR_59.jpg 1981w\" sizes=\"(max-width: 800px) 100vw, 800px\" \/><\/p>\n<p>&nbsp;<\/p>\n<p>The Museu T\u00e0pies offers a free<strong> audio guide service <\/strong>to some exhibitions, available by QR code at the Museum reception.<\/p>\n<p>&nbsp;<\/p>\n<p>&#8220;<strong>About T\u00e0pies<\/strong>&#8221; is a material that includes proposals to discover, independently, some of the most relevant aspects of Antoni T\u00e0pies&#8217; work. It can be purchased in the museum&#8217;s bookstore for \u20ac3.<\/p>\n<p>&nbsp;<\/p>\n<p>The &#8220;<strong>Expandable Museum<\/strong>&#8221; is a material for discovering the particularities of the museum&#8217;s building through games and reflections. It can be purchased in the museum&#8217;s bookstore for \u20ac1.<\/p>\n<p>&nbsp;<\/p>\n<p>On the <strong><a href=\"https:\/\/www.youtube.com\/user\/fundacioantonitapies\">YouTube<\/a><\/strong> channel and the Museu T\u00e0pies Blog you will find audiovisual materials and educational resources that can help complement the visits.<\/p>\n","protected":false},"excerpt":{"rendered":"<p>&nbsp; The Museu T\u00e0pies offers a free audio guide service to some exhibitions, available by QR code at the Museum [&hellip;]<\/p>\n","protected":false},"author":1,"featured_media":27938,"parent":0,"menu_order":0,"comment_status":"closed","ping_status":"closed","template":"","meta":{"footnotes":""},"acf":[],"yoast_head":"<!-- This site is optimized with the Yoast SEO plugin v20.11 - https:\/\/yoast.com\/wordpress\/plugins\/seo\/ -->\n<title>Self-guided tours - Museu T\u00e0pies<\/title>\n<meta name=\"description\" content=\"El Museu T\u00e0pies, de Barcelona, Catalunya, us ofereix un servei de visita a les exposicions del museu amb audioguia, mitjan\u00e7ant una targeta personalitzada.\" \/>\n<meta name=\"robots\" content=\"index, follow, max-snippet:-1, max-image-preview:large, max-video-preview:-1\" \/>\n<meta property=\"og:locale\" content=\"en_US\" \/>\n<meta property=\"og:type\" content=\"article\" \/>\n<meta property=\"og:title\" content=\"Self-guided tours - Museu T\u00e0pies\" \/>\n<meta property=\"og:description\" content=\"El Museu T\u00e0pies, de Barcelona, Catalunya, us ofereix un servei de visita a les exposicions del museu amb audioguia, mitjan\u00e7ant una targeta personalitzada.\" \/>\n<meta property=\"og:url\" content=\"https:\/\/museutapies.org\/en\/self-guided-tours\/\" \/>\n<meta property=\"og:site_name\" content=\"Museu T\u00e0pies\" \/>\n<meta property=\"article:publisher\" content=\"https:\/\/www.facebook.com\/museutapies\" \/>\n<meta property=\"article:modified_time\" content=\"2025-09-01T08:46:53+00:00\" \/>\n<meta property=\"og:image\" content=\"https:\/\/museutapies.org\/wp-content\/uploads\/2023\/08\/162_FF8_C011_B_RR_59.jpg\" \/>\n\t<meta property=\"og:image:width\" content=\"1981\" \/>\n\t<meta property=\"og:image:height\" content=\"1321\" \/>\n\t<meta property=\"og:image:type\" content=\"image\/jpeg\" \/>\n<meta name=\"twitter:card\" content=\"summary_large_image\" \/>\n<meta name=\"twitter:label1\" content=\"Est. reading time\" \/>\n\t<meta name=\"twitter:data1\" content=\"1 minute\" \/>\n<script type=\"application\/ld+json\" class=\"yoast-schema-graph\">{\"@context\":\"https:\/\/schema.org\",\"@graph\":[{\"@type\":\"WebPage\",\"@id\":\"https:\/\/museutapies.org\/en\/self-guided-tours\/\",\"url\":\"https:\/\/museutapies.org\/en\/self-guided-tours\/\",\"name\":\"Self-guided tours - Museu T\u00e0pies\",\"isPartOf\":{\"@id\":\"https:\/\/museutapies.org\/en\/#website\"},\"datePublished\":\"2023-08-29T07:55:58+00:00\",\"dateModified\":\"2025-09-01T08:46:53+00:00\",\"description\":\"El Museu T\u00e0pies, de Barcelona, Catalunya, us ofereix un servei de visita a les exposicions del museu amb audioguia, mitjan\u00e7ant una targeta personalitzada.\",\"inLanguage\":\"en-US\",\"potentialAction\":[{\"@type\":\"ReadAction\",\"target\":[\"https:\/\/museutapies.org\/en\/self-guided-tours\/\"]}]},{\"@type\":\"WebSite\",\"@id\":\"https:\/\/museutapies.org\/en\/#website\",\"url\":\"https:\/\/museutapies.org\/en\/\",\"name\":\"Museu T\u00e0pies\",\"description\":\"\",\"publisher\":{\"@id\":\"https:\/\/museutapies.org\/en\/#organization\"},\"potentialAction\":[{\"@type\":\"SearchAction\",\"target\":{\"@type\":\"EntryPoint\",\"urlTemplate\":\"https:\/\/museutapies.org\/en\/?s={search_term_string}\"},\"query-input\":\"required name=search_term_string\"}],\"inLanguage\":\"en-US\"},{\"@type\":\"Organization\",\"@id\":\"https:\/\/museutapies.org\/en\/#organization\",\"name\":\"Museu T\u00e0pies\",\"url\":\"https:\/\/museutapies.org\/en\/\",\"logo\":{\"@type\":\"ImageObject\",\"inLanguage\":\"en-US\",\"@id\":\"https:\/\/museutapies.org\/en\/#\/schema\/logo\/image\/\",\"url\":\"https:\/\/museutapies.org\/wp-content\/uploads\/2024\/07\/mta.png\",\"contentUrl\":\"https:\/\/museutapies.org\/wp-content\/uploads\/2024\/07\/mta.png\",\"width\":244,\"height\":110,\"caption\":\"Museu T\u00e0pies\"},\"image\":{\"@id\":\"https:\/\/museutapies.org\/en\/#\/schema\/logo\/image\/\"},\"sameAs\":[\"https:\/\/www.facebook.com\/museutapies\",\"https:\/\/www.instagram.com\/museutapies\/\",\"https:\/\/www.youtube.com\/channel\/UCPi65HBb48RMeoa12lR51cQ\",\"https:\/\/x.com\/MuseuTapies\"]}]}<\/script>\n<!-- \/ Yoast SEO plugin. -->","yoast_head_json":{"title":"Self-guided tours - Museu T\u00e0pies","description":"El Museu T\u00e0pies, de Barcelona, Catalunya, us ofereix un servei de visita a les exposicions del museu amb audioguia, mitjan\u00e7ant una targeta personalitzada.","robots":{"index":"index","follow":"follow","max-snippet":"max-snippet:-1","max-image-preview":"max-image-preview:large","max-video-preview":"max-video-preview:-1"},"og_locale":"en_US","og_type":"article","og_title":"Self-guided tours - Museu T\u00e0pies","og_description":"El Museu T\u00e0pies, de Barcelona, Catalunya, us ofereix un servei de visita a les exposicions del museu amb audioguia, mitjan\u00e7ant una targeta personalitzada.","og_url":"https:\/\/museutapies.org\/en\/self-guided-tours\/","og_site_name":"Museu T\u00e0pies","article_publisher":"https:\/\/www.facebook.com\/museutapies","article_modified_time":"2025-09-01T08:46:53+00:00","og_image":[{"width":1981,"height":1321,"url":"https:\/\/museutapies.org\/wp-content\/uploads\/2023\/08\/162_FF8_C011_B_RR_59.jpg","type":"image\/jpeg"}],"twitter_card":"summary_large_image","twitter_misc":{"Est. reading time":"1 minute"},"schema":{"@context":"https:\/\/schema.org","@graph":[{"@type":"WebPage","@id":"https:\/\/museutapies.org\/en\/self-guided-tours\/","url":"https:\/\/museutapies.org\/en\/self-guided-tours\/","name":"Self-guided tours - Museu T\u00e0pies","isPartOf":{"@id":"https:\/\/museutapies.org\/en\/#website"},"datePublished":"2023-08-29T07:55:58+00:00","dateModified":"2025-09-01T08:46:53+00:00","description":"El Museu T\u00e0pies, de Barcelona, Catalunya, us ofereix un servei de visita a les exposicions del museu amb audioguia, mitjan\u00e7ant una targeta personalitzada.","inLanguage":"en-US","potentialAction":[{"@type":"ReadAction","target":["https:\/\/museutapies.org\/en\/self-guided-tours\/"]}]},{"@type":"WebSite","@id":"https:\/\/museutapies.org\/en\/#website","url":"https:\/\/museutapies.org\/en\/","name":"Museu T\u00e0pies","description":"","publisher":{"@id":"https:\/\/museutapies.org\/en\/#organization"},"potentialAction":[{"@type":"SearchAction","target":{"@type":"EntryPoint","urlTemplate":"https:\/\/museutapies.org\/en\/?s={search_term_string}"},"query-input":"required name=search_term_string"}],"inLanguage":"en-US"},{"@type":"Organization","@id":"https:\/\/museutapies.org\/en\/#organization","name":"Museu T\u00e0pies","url":"https:\/\/museutapies.org\/en\/","logo":{"@type":"ImageObject","inLanguage":"en-US","@id":"https:\/\/museutapies.org\/en\/#\/schema\/logo\/image\/","url":"https:\/\/museutapies.org\/wp-content\/uploads\/2024\/07\/mta.png","contentUrl":"https:\/\/museutapies.org\/wp-content\/uploads\/2024\/07\/mta.png","width":244,"height":110,"caption":"Museu T\u00e0pies"},"image":{"@id":"https:\/\/museutapies.org\/en\/#\/schema\/logo\/image\/"},"sameAs":["https:\/\/www.facebook.com\/museutapies","https:\/\/www.instagram.com\/museutapies\/","https:\/\/www.youtube.com\/channel\/UCPi65HBb48RMeoa12lR51cQ","https:\/\/x.com\/MuseuTapies"]}]}},"_links":{"self":[{"href":"https:\/\/museutapies.org\/en\/wp-json\/wp\/v2\/pages\/27937"}],"collection":[{"href":"https:\/\/museutapies.org\/en\/wp-json\/wp\/v2\/pages"}],"about":[{"href":"https:\/\/museutapies.org\/en\/wp-json\/wp\/v2\/types\/page"}],"author":[{"embeddable":true,"href":"https:\/\/museutapies.org\/en\/wp-json\/wp\/v2\/users\/1"}],"replies":[{"embeddable":true,"href":"https:\/\/museutapies.org\/en\/wp-json\/wp\/v2\/comments?post=27937"}],"version-history":[{"count":5,"href":"https:\/\/museutapies.org\/en\/wp-json\/wp\/v2\/pages\/27937\/revisions"}],"predecessor-version":[{"id":40788,"href":"https:\/\/museutapies.org\/en\/wp-json\/wp\/v2\/pages\/27937\/revisions\/40788"}],"wp:featuredmedia":[{"embeddable":true,"href":"https:\/\/museutapies.org\/en\/wp-json\/wp\/v2\/media\/27938"}],"wp:attachment":[{"href":"https:\/\/museutapies.org\/en\/wp-json\/wp\/v2\/media?parent=27937"}],"curies":[{"name":"wp","href":"https:\/\/api.w.org\/{rel}","templated":true}]}}