{"id":28047,"date":"2023-08-29T10:08:02","date_gmt":"2023-08-29T10:08:02","guid":{"rendered":"https:\/\/museutapies.org\/?page_id=28047"},"modified":"2025-11-17T12:32:21","modified_gmt":"2025-11-17T11:32:21","slug":"tapies-year","status":"publish","type":"page","link":"https:\/\/museutapies.org\/en\/tapies-year\/","title":{"rendered":"T\u00e0pies&#8217; Year"},"content":{"rendered":"<div id=\"attachment_28048\" style=\"width: 868px\" class=\"wp-caption alignnone\"><img loading=\"lazy\" decoding=\"async\" aria-describedby=\"caption-attachment-28048\" class=\"wp-image-28048 size-full\" src=\"https:\/\/museutapies.org\/wp-content\/uploads\/2023\/08\/Any-Tapies-Ano-Tapies-Tapies-Year-1.jpg\" alt=\"\" width=\"858\" height=\"600\" srcset=\"https:\/\/museutapies.org\/wp-content\/uploads\/2023\/08\/Any-Tapies-Ano-Tapies-Tapies-Year-1.jpg 858w, https:\/\/museutapies.org\/wp-content\/uploads\/2023\/08\/Any-Tapies-Ano-Tapies-Tapies-Year-1-800x559.jpg 800w, https:\/\/museutapies.org\/wp-content\/uploads\/2023\/08\/Any-Tapies-Ano-Tapies-Tapies-Year-1-768x537.jpg 768w, https:\/\/museutapies.org\/wp-content\/uploads\/2023\/08\/Any-Tapies-Ano-Tapies-Tapies-Year-1-500x350.jpg 500w, https:\/\/museutapies.org\/wp-content\/uploads\/2023\/08\/Any-Tapies-Ano-Tapies-Tapies-Year-1-380x266.jpg 380w, https:\/\/museutapies.org\/wp-content\/uploads\/2023\/08\/Any-Tapies-Ano-Tapies-Tapies-Year-1-600x420.jpg 600w\" sizes=\"(max-width: 858px) 100vw, 858px\" \/><p id=\"caption-attachment-28048\" class=\"wp-caption-text\">Imatge: Antoni T\u00e0pies working in his studio, Barcelona, 1966-1967. Photograph of Ralph Herrmanns \u00a9 Ralph Herrmanns, 2023.<\/p><\/div>\n<p>In celebration of the centenary of the birth of Antoni T\u00e0pies, the Fundaci\u00f3 Antoni T\u00e0pies is presenting a programme of exhibitions, publications, educational activities, unique events and creative and research projects that will unfold over the course of a year, from 13 December 2023 to 13 December 2024. The T\u00e0pies Centenary Year aims to consolidate the Fundaci\u00f3\u2019s commitment to approaching the artist\u2019s work and ideas in depth, disseminating their understanding both nationally and internationally, and putting forward new interpretations and ways of looking at the work.<\/p>\n<p>From an interdisciplinary and current approach, the Fundaci\u00f3 will become the nerve centre of the event, but will focus on its ambition to reach out and bring the institution closer to the public. Alliances will also be strengthened with those institutions and cultural and artistic agents who feel close to the creative world of a universal figure such as Antoni T\u00e0pies. To this end, the institution will be weaving a network of relationships and collaborations to broaden an awareness and deepen the understanding of T\u00e0pies\u2019 artistic practice, while interrogating it from the present.<\/p>\n<p>We offer you a catalog of activities so that you can join in the celebration of the Tapies Year.<\/p>\n<p>Hastag: <strong>#TapiesYear<\/strong><\/p>\n<p>&nbsp;<\/p>\n<p><iframe loading=\"lazy\" title=\"Any T\u00e0pies | A\u00f1o T\u00e0pies | T\u00e0pies&#039; Year 2024\" width=\"500\" height=\"281\" src=\"https:\/\/www.youtube.com\/embed\/X4I9HCwt9RQ?feature=oembed\" frameborder=\"0\" allow=\"accelerometer; autoplay; clipboard-write; encrypted-media; gyroscope; picture-in-picture; web-share\" referrerpolicy=\"strict-origin-when-cross-origin\" allowfullscreen><\/iframe><\/p>\n","protected":false},"excerpt":{"rendered":"<p>In celebration of the centenary of the birth of Antoni T\u00e0pies, the Fundaci\u00f3 Antoni T\u00e0pies is presenting a programme of [&hellip;]<\/p>\n","protected":false},"author":1,"featured_media":29548,"parent":0,"menu_order":0,"comment_status":"closed","ping_status":"closed","template":"template-any-tapies-presentacio.php","meta":{"footnotes":""},"acf":[],"yoast_head":"<!-- This site is optimized with the Yoast SEO plugin v20.11 - https:\/\/yoast.com\/wordpress\/plugins\/seo\/ -->\n<title>T\u00e0pies&#039; Year - Museu T\u00e0pies<\/title>\n<meta name=\"robots\" content=\"index, follow, max-snippet:-1, max-image-preview:large, max-video-preview:-1\" \/>\n<meta property=\"og:locale\" content=\"en_US\" \/>\n<meta property=\"og:type\" content=\"article\" \/>\n<meta property=\"og:title\" content=\"T\u00e0pies&#039; Year - Museu T\u00e0pies\" \/>\n<meta property=\"og:description\" content=\"In celebration of the centenary of the birth of Antoni T\u00e0pies, the Fundaci\u00f3 Antoni T\u00e0pies is presenting a programme of [&hellip;]\" \/>\n<meta property=\"og:url\" content=\"https:\/\/museutapies.org\/en\/tapies-year\/\" \/>\n<meta property=\"og:site_name\" content=\"Museu T\u00e0pies\" \/>\n<meta property=\"article:publisher\" content=\"https:\/\/www.facebook.com\/museutapies\" \/>\n<meta property=\"article:modified_time\" content=\"2025-11-17T11:32:21+00:00\" \/>\n<meta property=\"og:image\" content=\"https:\/\/museutapies.org\/wp-content\/uploads\/2023\/12\/Any-Tapies-Ano-Tapies-Tapies-Year-1.jpg\" \/>\n\t<meta property=\"og:image:width\" content=\"858\" \/>\n\t<meta property=\"og:image:height\" content=\"600\" \/>\n\t<meta property=\"og:image:type\" content=\"image\/jpeg\" \/>\n<meta name=\"twitter:card\" content=\"summary_large_image\" \/>\n<meta name=\"twitter:label1\" content=\"Est. reading time\" \/>\n\t<meta name=\"twitter:data1\" content=\"2 minutes\" \/>\n<script type=\"application\/ld+json\" class=\"yoast-schema-graph\">{\"@context\":\"https:\/\/schema.org\",\"@graph\":[{\"@type\":\"WebPage\",\"@id\":\"https:\/\/museutapies.org\/en\/tapies-year\/\",\"url\":\"https:\/\/museutapies.org\/en\/tapies-year\/\",\"name\":\"T\u00e0pies' Year - Museu T\u00e0pies\",\"isPartOf\":{\"@id\":\"https:\/\/museutapies.org\/en\/#website\"},\"datePublished\":\"2023-08-29T10:08:02+00:00\",\"dateModified\":\"2025-11-17T11:32:21+00:00\",\"inLanguage\":\"en-US\",\"potentialAction\":[{\"@type\":\"ReadAction\",\"target\":[\"https:\/\/museutapies.org\/en\/tapies-year\/\"]}]},{\"@type\":\"WebSite\",\"@id\":\"https:\/\/museutapies.org\/en\/#website\",\"url\":\"https:\/\/museutapies.org\/en\/\",\"name\":\"Museu T\u00e0pies\",\"description\":\"\",\"publisher\":{\"@id\":\"https:\/\/museutapies.org\/en\/#organization\"},\"potentialAction\":[{\"@type\":\"SearchAction\",\"target\":{\"@type\":\"EntryPoint\",\"urlTemplate\":\"https:\/\/museutapies.org\/en\/?s={search_term_string}\"},\"query-input\":\"required name=search_term_string\"}],\"inLanguage\":\"en-US\"},{\"@type\":\"Organization\",\"@id\":\"https:\/\/museutapies.org\/en\/#organization\",\"name\":\"Museu T\u00e0pies\",\"url\":\"https:\/\/museutapies.org\/en\/\",\"logo\":{\"@type\":\"ImageObject\",\"inLanguage\":\"en-US\",\"@id\":\"https:\/\/museutapies.org\/en\/#\/schema\/logo\/image\/\",\"url\":\"https:\/\/museutapies.org\/wp-content\/uploads\/2024\/07\/mta.png\",\"contentUrl\":\"https:\/\/museutapies.org\/wp-content\/uploads\/2024\/07\/mta.png\",\"width\":244,\"height\":110,\"caption\":\"Museu T\u00e0pies\"},\"image\":{\"@id\":\"https:\/\/museutapies.org\/en\/#\/schema\/logo\/image\/\"},\"sameAs\":[\"https:\/\/www.facebook.com\/museutapies\",\"https:\/\/www.instagram.com\/museutapies\/\",\"https:\/\/www.youtube.com\/channel\/UCPi65HBb48RMeoa12lR51cQ\",\"https:\/\/x.com\/MuseuTapies\"]}]}<\/script>\n<!-- \/ Yoast SEO plugin. -->","yoast_head_json":{"title":"T\u00e0pies' Year - Museu T\u00e0pies","robots":{"index":"index","follow":"follow","max-snippet":"max-snippet:-1","max-image-preview":"max-image-preview:large","max-video-preview":"max-video-preview:-1"},"og_locale":"en_US","og_type":"article","og_title":"T\u00e0pies' Year - Museu T\u00e0pies","og_description":"In celebration of the centenary of the birth of Antoni T\u00e0pies, the Fundaci\u00f3 Antoni T\u00e0pies is presenting a programme of [&hellip;]","og_url":"https:\/\/museutapies.org\/en\/tapies-year\/","og_site_name":"Museu T\u00e0pies","article_publisher":"https:\/\/www.facebook.com\/museutapies","article_modified_time":"2025-11-17T11:32:21+00:00","og_image":[{"width":858,"height":600,"url":"https:\/\/museutapies.org\/wp-content\/uploads\/2023\/12\/Any-Tapies-Ano-Tapies-Tapies-Year-1.jpg","type":"image\/jpeg"}],"twitter_card":"summary_large_image","twitter_misc":{"Est. reading time":"2 minutes"},"schema":{"@context":"https:\/\/schema.org","@graph":[{"@type":"WebPage","@id":"https:\/\/museutapies.org\/en\/tapies-year\/","url":"https:\/\/museutapies.org\/en\/tapies-year\/","name":"T\u00e0pies' Year - Museu T\u00e0pies","isPartOf":{"@id":"https:\/\/museutapies.org\/en\/#website"},"datePublished":"2023-08-29T10:08:02+00:00","dateModified":"2025-11-17T11:32:21+00:00","inLanguage":"en-US","potentialAction":[{"@type":"ReadAction","target":["https:\/\/museutapies.org\/en\/tapies-year\/"]}]},{"@type":"WebSite","@id":"https:\/\/museutapies.org\/en\/#website","url":"https:\/\/museutapies.org\/en\/","name":"Museu T\u00e0pies","description":"","publisher":{"@id":"https:\/\/museutapies.org\/en\/#organization"},"potentialAction":[{"@type":"SearchAction","target":{"@type":"EntryPoint","urlTemplate":"https:\/\/museutapies.org\/en\/?s={search_term_string}"},"query-input":"required name=search_term_string"}],"inLanguage":"en-US"},{"@type":"Organization","@id":"https:\/\/museutapies.org\/en\/#organization","name":"Museu T\u00e0pies","url":"https:\/\/museutapies.org\/en\/","logo":{"@type":"ImageObject","inLanguage":"en-US","@id":"https:\/\/museutapies.org\/en\/#\/schema\/logo\/image\/","url":"https:\/\/museutapies.org\/wp-content\/uploads\/2024\/07\/mta.png","contentUrl":"https:\/\/museutapies.org\/wp-content\/uploads\/2024\/07\/mta.png","width":244,"height":110,"caption":"Museu T\u00e0pies"},"image":{"@id":"https:\/\/museutapies.org\/en\/#\/schema\/logo\/image\/"},"sameAs":["https:\/\/www.facebook.com\/museutapies","https:\/\/www.instagram.com\/museutapies\/","https:\/\/www.youtube.com\/channel\/UCPi65HBb48RMeoa12lR51cQ","https:\/\/x.com\/MuseuTapies"]}]}},"_links":{"self":[{"href":"https:\/\/museutapies.org\/en\/wp-json\/wp\/v2\/pages\/28047"}],"collection":[{"href":"https:\/\/museutapies.org\/en\/wp-json\/wp\/v2\/pages"}],"about":[{"href":"https:\/\/museutapies.org\/en\/wp-json\/wp\/v2\/types\/page"}],"author":[{"embeddable":true,"href":"https:\/\/museutapies.org\/en\/wp-json\/wp\/v2\/users\/1"}],"replies":[{"embeddable":true,"href":"https:\/\/museutapies.org\/en\/wp-json\/wp\/v2\/comments?post=28047"}],"version-history":[{"count":26,"href":"https:\/\/museutapies.org\/en\/wp-json\/wp\/v2\/pages\/28047\/revisions"}],"predecessor-version":[{"id":42209,"href":"https:\/\/museutapies.org\/en\/wp-json\/wp\/v2\/pages\/28047\/revisions\/42209"}],"wp:featuredmedia":[{"embeddable":true,"href":"https:\/\/museutapies.org\/en\/wp-json\/wp\/v2\/media\/29548"}],"wp:attachment":[{"href":"https:\/\/museutapies.org\/en\/wp-json\/wp\/v2\/media?parent=28047"}],"curies":[{"name":"wp","href":"https:\/\/api.w.org\/{rel}","templated":true}]}}