{"id":28955,"date":"2023-11-16T11:06:58","date_gmt":"2023-11-16T11:06:58","guid":{"rendered":"https:\/\/museutapies.org\/?page_id=28955"},"modified":"2023-12-27T16:51:15","modified_gmt":"2023-12-27T16:51:15","slug":"catalog-of-activities","status":"publish","type":"page","link":"https:\/\/museutapies.org\/en\/tapies-year\/catalog-of-activities\/","title":{"rendered":"Catalog of activities"},"content":{"rendered":"<p>Antoni T\u00e0pies was an artist committed to the society of his time, to Catalan culture and to the territory. It invited us to look at the world from an open, critical and reflective perspective. The Fundaci\u00f3 considers his work a good starting point for educational practice.<\/p>\n<p>In this sense, Fundaci\u00f3 Antoni T\u00e0pies understands education as a space for the production of knowledge through art and in a collective way, and it feels the need to reaffirm the social function of the museum and the political dimension of educational processes.<\/p>\n","protected":false},"excerpt":{"rendered":"<p>Antoni T\u00e0pies was an artist committed to the society of his time, to Catalan culture and to the territory. It [&hellip;]<\/p>\n","protected":false},"author":1,"featured_media":0,"parent":28047,"menu_order":0,"comment_status":"closed","ping_status":"closed","template":"template-any-tapies-cataleg-activitats.php","meta":{"footnotes":""},"acf":[],"yoast_head":"<!-- This site is optimized with the Yoast SEO plugin v20.11 - https:\/\/yoast.com\/wordpress\/plugins\/seo\/ -->\n<title>Catalog of activities - Museu T\u00e0pies<\/title>\n<meta name=\"description\" content=\"Fundaci\u00f3 Antoni T\u00e0pies museum understands education as a space for the production of knowledge through art.\" \/>\n<meta name=\"robots\" content=\"index, follow, max-snippet:-1, max-image-preview:large, max-video-preview:-1\" \/>\n<meta property=\"og:locale\" content=\"en_US\" \/>\n<meta property=\"og:type\" content=\"article\" \/>\n<meta property=\"og:title\" content=\"Catalog of activities - Museu T\u00e0pies\" \/>\n<meta property=\"og:description\" content=\"Fundaci\u00f3 Antoni T\u00e0pies museum understands education as a space for the production of knowledge through art.\" \/>\n<meta property=\"og:url\" content=\"https:\/\/museutapies.org\/en\/tapies-year\/catalog-of-activities\/\" \/>\n<meta property=\"og:site_name\" content=\"Museu T\u00e0pies\" \/>\n<meta property=\"article:publisher\" content=\"https:\/\/www.facebook.com\/museutapies\" \/>\n<meta property=\"article:modified_time\" content=\"2023-12-27T16:51:15+00:00\" \/>\n<meta name=\"twitter:card\" content=\"summary_large_image\" \/>\n<script type=\"application\/ld+json\" class=\"yoast-schema-graph\">{\"@context\":\"https:\/\/schema.org\",\"@graph\":[{\"@type\":\"WebPage\",\"@id\":\"https:\/\/museutapies.org\/en\/tapies-year\/catalog-of-activities\/\",\"url\":\"https:\/\/museutapies.org\/en\/tapies-year\/catalog-of-activities\/\",\"name\":\"Catalog of activities - Museu T\u00e0pies\",\"isPartOf\":{\"@id\":\"https:\/\/museutapies.org\/en\/#website\"},\"datePublished\":\"2023-11-16T11:06:58+00:00\",\"dateModified\":\"2023-12-27T16:51:15+00:00\",\"description\":\"Fundaci\u00f3 Antoni T\u00e0pies museum understands education as a space for the production of knowledge through art.\",\"breadcrumb\":{\"@id\":\"https:\/\/museutapies.org\/en\/tapies-year\/catalog-of-activities\/#breadcrumb\"},\"inLanguage\":\"en-US\",\"potentialAction\":[{\"@type\":\"ReadAction\",\"target\":[\"https:\/\/museutapies.org\/en\/tapies-year\/catalog-of-activities\/\"]}]},{\"@type\":\"BreadcrumbList\",\"@id\":\"https:\/\/museutapies.org\/en\/tapies-year\/catalog-of-activities\/#breadcrumb\",\"itemListElement\":[{\"@type\":\"ListItem\",\"position\":1,\"name\":\"T\u00e0pies&#8217; Year\",\"item\":\"https:\/\/museutapies.org\/en\/tapies-year\/\"},{\"@type\":\"ListItem\",\"position\":2,\"name\":\"Catalog of activities\"}]},{\"@type\":\"WebSite\",\"@id\":\"https:\/\/museutapies.org\/en\/#website\",\"url\":\"https:\/\/museutapies.org\/en\/\",\"name\":\"Museu T\u00e0pies\",\"description\":\"\",\"publisher\":{\"@id\":\"https:\/\/museutapies.org\/en\/#organization\"},\"potentialAction\":[{\"@type\":\"SearchAction\",\"target\":{\"@type\":\"EntryPoint\",\"urlTemplate\":\"https:\/\/museutapies.org\/en\/?s={search_term_string}\"},\"query-input\":\"required name=search_term_string\"}],\"inLanguage\":\"en-US\"},{\"@type\":\"Organization\",\"@id\":\"https:\/\/museutapies.org\/en\/#organization\",\"name\":\"Museu T\u00e0pies\",\"url\":\"https:\/\/museutapies.org\/en\/\",\"logo\":{\"@type\":\"ImageObject\",\"inLanguage\":\"en-US\",\"@id\":\"https:\/\/museutapies.org\/en\/#\/schema\/logo\/image\/\",\"url\":\"https:\/\/museutapies.org\/wp-content\/uploads\/2024\/07\/mta.png\",\"contentUrl\":\"https:\/\/museutapies.org\/wp-content\/uploads\/2024\/07\/mta.png\",\"width\":244,\"height\":110,\"caption\":\"Museu T\u00e0pies\"},\"image\":{\"@id\":\"https:\/\/museutapies.org\/en\/#\/schema\/logo\/image\/\"},\"sameAs\":[\"https:\/\/www.facebook.com\/museutapies\",\"https:\/\/www.instagram.com\/museutapies\/\",\"https:\/\/www.youtube.com\/channel\/UCPi65HBb48RMeoa12lR51cQ\",\"https:\/\/x.com\/MuseuTapies\"]}]}<\/script>\n<!-- \/ Yoast SEO plugin. -->","yoast_head_json":{"title":"Catalog of activities - Museu T\u00e0pies","description":"Fundaci\u00f3 Antoni T\u00e0pies museum understands education as a space for the production of knowledge through art.","robots":{"index":"index","follow":"follow","max-snippet":"max-snippet:-1","max-image-preview":"max-image-preview:large","max-video-preview":"max-video-preview:-1"},"og_locale":"en_US","og_type":"article","og_title":"Catalog of activities - Museu T\u00e0pies","og_description":"Fundaci\u00f3 Antoni T\u00e0pies museum understands education as a space for the production of knowledge through art.","og_url":"https:\/\/museutapies.org\/en\/tapies-year\/catalog-of-activities\/","og_site_name":"Museu T\u00e0pies","article_publisher":"https:\/\/www.facebook.com\/museutapies","article_modified_time":"2023-12-27T16:51:15+00:00","twitter_card":"summary_large_image","schema":{"@context":"https:\/\/schema.org","@graph":[{"@type":"WebPage","@id":"https:\/\/museutapies.org\/en\/tapies-year\/catalog-of-activities\/","url":"https:\/\/museutapies.org\/en\/tapies-year\/catalog-of-activities\/","name":"Catalog of activities - Museu T\u00e0pies","isPartOf":{"@id":"https:\/\/museutapies.org\/en\/#website"},"datePublished":"2023-11-16T11:06:58+00:00","dateModified":"2023-12-27T16:51:15+00:00","description":"Fundaci\u00f3 Antoni T\u00e0pies museum understands education as a space for the production of knowledge through art.","breadcrumb":{"@id":"https:\/\/museutapies.org\/en\/tapies-year\/catalog-of-activities\/#breadcrumb"},"inLanguage":"en-US","potentialAction":[{"@type":"ReadAction","target":["https:\/\/museutapies.org\/en\/tapies-year\/catalog-of-activities\/"]}]},{"@type":"BreadcrumbList","@id":"https:\/\/museutapies.org\/en\/tapies-year\/catalog-of-activities\/#breadcrumb","itemListElement":[{"@type":"ListItem","position":1,"name":"T\u00e0pies&#8217; Year","item":"https:\/\/museutapies.org\/en\/tapies-year\/"},{"@type":"ListItem","position":2,"name":"Catalog of activities"}]},{"@type":"WebSite","@id":"https:\/\/museutapies.org\/en\/#website","url":"https:\/\/museutapies.org\/en\/","name":"Museu T\u00e0pies","description":"","publisher":{"@id":"https:\/\/museutapies.org\/en\/#organization"},"potentialAction":[{"@type":"SearchAction","target":{"@type":"EntryPoint","urlTemplate":"https:\/\/museutapies.org\/en\/?s={search_term_string}"},"query-input":"required name=search_term_string"}],"inLanguage":"en-US"},{"@type":"Organization","@id":"https:\/\/museutapies.org\/en\/#organization","name":"Museu T\u00e0pies","url":"https:\/\/museutapies.org\/en\/","logo":{"@type":"ImageObject","inLanguage":"en-US","@id":"https:\/\/museutapies.org\/en\/#\/schema\/logo\/image\/","url":"https:\/\/museutapies.org\/wp-content\/uploads\/2024\/07\/mta.png","contentUrl":"https:\/\/museutapies.org\/wp-content\/uploads\/2024\/07\/mta.png","width":244,"height":110,"caption":"Museu T\u00e0pies"},"image":{"@id":"https:\/\/museutapies.org\/en\/#\/schema\/logo\/image\/"},"sameAs":["https:\/\/www.facebook.com\/museutapies","https:\/\/www.instagram.com\/museutapies\/","https:\/\/www.youtube.com\/channel\/UCPi65HBb48RMeoa12lR51cQ","https:\/\/x.com\/MuseuTapies"]}]}},"_links":{"self":[{"href":"https:\/\/museutapies.org\/en\/wp-json\/wp\/v2\/pages\/28955"}],"collection":[{"href":"https:\/\/museutapies.org\/en\/wp-json\/wp\/v2\/pages"}],"about":[{"href":"https:\/\/museutapies.org\/en\/wp-json\/wp\/v2\/types\/page"}],"author":[{"embeddable":true,"href":"https:\/\/museutapies.org\/en\/wp-json\/wp\/v2\/users\/1"}],"replies":[{"embeddable":true,"href":"https:\/\/museutapies.org\/en\/wp-json\/wp\/v2\/comments?post=28955"}],"version-history":[{"count":8,"href":"https:\/\/museutapies.org\/en\/wp-json\/wp\/v2\/pages\/28955\/revisions"}],"predecessor-version":[{"id":30118,"href":"https:\/\/museutapies.org\/en\/wp-json\/wp\/v2\/pages\/28955\/revisions\/30118"}],"up":[{"embeddable":true,"href":"https:\/\/museutapies.org\/en\/wp-json\/wp\/v2\/pages\/28047"}],"wp:attachment":[{"href":"https:\/\/museutapies.org\/en\/wp-json\/wp\/v2\/media?parent=28955"}],"curies":[{"name":"wp","href":"https:\/\/api.w.org\/{rel}","templated":true}]}}