{"id":28964,"date":"2023-11-16T11:10:13","date_gmt":"2023-11-16T11:10:13","guid":{"rendered":"https:\/\/museutapies.org\/?page_id=28964"},"modified":"2023-11-28T12:45:40","modified_gmt":"2023-11-28T12:45:40","slug":"institutional-image","status":"publish","type":"page","link":"https:\/\/museutapies.org\/en\/tapies-year\/institutional-image\/","title":{"rendered":"Institutional image"},"content":{"rendered":"<p>With the aim of fostering the country\u2019s creative talent, on 16 January 2023 the Fundaci\u00f3 Antoni T\u00e0pies participated in an <a href=\"https:\/\/museutapies.org\/blog\/concurs-obert-per-a-la-creacio-del-logotip-de-lany-tapies\/\">action<\/a> to give institutional support to professionals in the design, visual communication and art sectors. In conjunction with the FAD, the Fundaci\u00f3 initiated an open call for the creation of a T\u00e0pies Centenary Year logo. The call was extremely well received by the sector and a total of sixty-seven proposals were submitted.<\/p>\n<p>The evaluation of the submissions was conducted by a jury of seven independent members: Pilar Cortada, President of the Centenary Commission; Pau Dito, Head of Publications at the Fundaci\u00f3 Antoni T\u00e0pies; Gl\u00f2ria Dom\u00e8nech, responsible for the Fundaci\u00f3 Antoni T\u00e0pies Library; N\u00faria Homs, Curator of the Fundaci\u00f3 Antoni T\u00e0pies; Pablo Juncadella, Creative Director of Mucho; Sis\u00f3n Pujol, President of ADG FAD; and Salvador Saura, designer. The jury shortlisted five from the 67 design studios that had submitted ideas for a logo that embodies the creativity of the T\u00e0pies Centenary Year.<\/p>\n<p>Two months after the open call was announced, the jury\u2019s final decision was made public, the winning proposal being that submitted by the Todojunto studio. The studio has taken the cross or X, a recurring symbol in T\u00e0pies\u2019 work, as a central element of the brand. Loaded with meaning, the symbol<br \/>\nholds the logo together, while lending it flexibility and adaptability.<\/p>\n<p><img loading=\"lazy\" decoding=\"async\" class=\"alignnone size-full wp-image-28554\" src=\"https:\/\/museutapies.org\/wp-content\/uploads\/2023\/10\/Antoni-Tapies.jpg\" alt=\"\" width=\"673\" height=\"479\" srcset=\"https:\/\/museutapies.org\/wp-content\/uploads\/2023\/10\/Antoni-Tapies.jpg 673w, https:\/\/museutapies.org\/wp-content\/uploads\/2023\/10\/Antoni-Tapies-500x355.jpg 500w, https:\/\/museutapies.org\/wp-content\/uploads\/2023\/10\/Antoni-Tapies-380x270.jpg 380w, https:\/\/museutapies.org\/wp-content\/uploads\/2023\/10\/Antoni-Tapies-600x427.jpg 600w\" sizes=\"(max-width: 673px) 100vw, 673px\" \/><\/p>\n<p><span style=\"font-size: 10pt\">[Antoni T\u00e0pies. <em>Cadira<\/em> (Chair, 1991). Paint on synthetic fabric. 148 \u00d7 207 cm. \u00a9 Fundaci\u00f3 Antoni T\u00e0pies, Barcelona \/ vegap. De la fotograf\u00eda: \u00a9 FotoGasull, 2023.]<\/span><\/p>\n<p>The logo is considered especially appropriate for its dynamic, lively and open character, for its unpredictable and daring language that captures T\u00e0pies\u2019 attitude, for its ability to generate movement and a certain volume, and for its eye-catching qualities. For its part, and within the framework of the<br \/>\nCentenary, Todojunto praises the Fundaci\u00f3 Antoni T\u00e0pies for its commitment to building new perspectives, connections, links and relationships with the artist\u2019s work. This flexible, open and mutable proposal is a space for reflection and knowledge that illustrates \u2018T\u00e0pies\u2019 no-nonsense creative outbursts\u2019.<\/p>\n<p><a href=\"https:\/\/todojunto.net\/\">Todojunto<\/a> is a Barcelona-based communication and graphic design studio founded in 2007. Their work focuses on a cross-sectional study of the fields of communication, with projects ranging from research into printing using ancient techniques to web page and editorial design. The team consists of Ricardo Duque, Tiago Pina, Leticia Ort\u00edn and Alice Tirinzoni, and their independent projects include La Autom\u00e1tica, the mobile Fanzinoteca and Dinou.<\/p>\n<p><span style=\"font-weight: 400\">The logo generated for the Fundaci\u00f3 Antoni T\u00e0pies will coexist throughout the entire Centenary celebrations with the logo produced by the Generalitat de Catalunya, which includes a portrait of the artist made by <a href=\"https:\/\/cultura.gencat.cat\/ca\/temes\/commemoracions\/2023\/anytapies\/recursos\/imatge-institucional\/\">Colita<\/a> in 1976. The portrait reflects the vital and spontaneous character of Antoni T\u00e0pies, while acknowledging the career of one of our country\u2019s most celebrated photographers.<br \/>\n<\/span><\/p>\n<p>&nbsp;<\/p>\n<p><iframe loading=\"lazy\" title=\"Logotip Any T\u00e0pies\" width=\"500\" height=\"281\" src=\"https:\/\/www.youtube.com\/embed\/V31V28eE4qE?feature=oembed\" frameborder=\"0\" allow=\"accelerometer; autoplay; clipboard-write; encrypted-media; gyroscope; picture-in-picture; web-share\" referrerpolicy=\"strict-origin-when-cross-origin\" allowfullscreen><\/iframe><\/p>\n<p><span style=\"color: #ffffff\">.<\/span><\/p>\n<p><span style=\"color: #ffffff\">.<\/span><\/p>\n<p><iframe loading=\"lazy\" title=\"Logotip de l&#039;Any T\u00e0pies (versi\u00f3 fosca)\" width=\"500\" height=\"281\" src=\"https:\/\/www.youtube.com\/embed\/WQfCryApbJE?feature=oembed\" frameborder=\"0\" allow=\"accelerometer; autoplay; clipboard-write; encrypted-media; gyroscope; picture-in-picture; web-share\" referrerpolicy=\"strict-origin-when-cross-origin\" allowfullscreen><\/iframe><\/p>\n<p>&nbsp;<\/p>\n<hr \/>\n<p><strong>Links to download the &#8220;T\u00e0pies&#8217; Year&#8221; logo | Fundaci\u00f3 Antoni T\u00e0pies<\/strong><\/p>\n<p><img loading=\"lazy\" decoding=\"async\" class=\"alignnone size-medium wp-image-28526\" src=\"https:\/\/museutapies.org\/wp-content\/uploads\/2023\/04\/Logo-Any-Tapies-800x433.jpg\" alt=\"\" width=\"800\" height=\"433\" srcset=\"https:\/\/museutapies.org\/wp-content\/uploads\/2023\/04\/Logo-Any-Tapies-800x433.jpg 800w, https:\/\/museutapies.org\/wp-content\/uploads\/2023\/04\/Logo-Any-Tapies-768x415.jpg 768w, https:\/\/museutapies.org\/wp-content\/uploads\/2023\/04\/Logo-Any-Tapies-500x270.jpg 500w, https:\/\/museutapies.org\/wp-content\/uploads\/2023\/04\/Logo-Any-Tapies-380x206.jpg 380w, https:\/\/museutapies.org\/wp-content\/uploads\/2023\/04\/Logo-Any-Tapies-600x325.jpg 600w, https:\/\/museutapies.org\/wp-content\/uploads\/2023\/04\/Logo-Any-Tapies.jpg 843w\" sizes=\"(max-width: 800px) 100vw, 800px\" \/><\/p>\n<ul class=\"list-group\" role=\"list\">\n<li class=\"list-group-item racimo-before\" role=\"listitem\"><a class=\"no-content\" title=\"Guia breu d\u2019estils del logo\" href=\"https:\/\/cultura.gencat.cat\/web\/.content\/commemoracions\/2023\/anyTapies\/04-recursos\/imatge-institucional\/lema\/Brandmanual_CAT_LQ.pdf\" target=\"_self\" rel=\"noopener\"><span class=\"list-group-item-wrapper-content\">Short Guide to Logo Styles (pdf) 20 bytes<\/span><\/a><\/li>\n<li class=\"list-group-item racimo-before\" role=\"listitem\"><a class=\"no-content\" title=\"Desc\u00e0rrega del logo en negre (jpg)\" href=\"https:\/\/cultura.gencat.cat\/web\/.content\/commemoracions\/2023\/anyTapies\/04-recursos\/imatge-institucional\/lema\/AnyTapies_N.jpg\" target=\"_self\" rel=\"noopener\"><span class=\"list-group-item-wrapper-content\">Black Logo Download (jpg) 57.17k<\/span><\/a><\/li>\n<li class=\"list-group-item racimo-before\" role=\"listitem\"><a class=\"no-content\" title=\"Desc\u00e0rrega del logo en negre (png)\" href=\"https:\/\/cultura.gencat.cat\/web\/.content\/commemoracions\/2023\/anyTapies\/04-recursos\/imatge-institucional\/lema\/AnyTapies_N.png\" target=\"_self\" rel=\"noopener\"><span class=\"list-group-item-wrapper-content\">Black logo download(png)<\/span><\/a> <span class=\"size-document file-size icon_png\" data-file=\"\/web\/.content\/commemoracions\/2023\/anyTapies\/04-recursos\/imatge-institucional\/lema\/AnyTapies_N.png\">18,42 kB<\/span><\/li>\n<li class=\"list-group-item racimo-before\" role=\"listitem\"><a class=\"no-content\" title=\"Desc\u00e0rrega del logo en negre (svg)\" href=\"https:\/\/cultura.gencat.cat\/web\/.content\/commemoracions\/2023\/anyTapies\/04-recursos\/imatge-institucional\/lema\/AnyTapies_N.svg\" target=\"_self\" rel=\"noopener\"><span class=\"list-group-item-wrapper-content\">Black logo download (svg)<\/span><\/a> <span class=\"size-document file-size icon_svg\" data-file=\"\/web\/.content\/commemoracions\/2023\/anyTapies\/04-recursos\/imatge-institucional\/lema\/AnyTapies_N.svg\">20 bytes<\/span><\/li>\n<li class=\"list-group-item racimo-before\" role=\"listitem\"><a class=\"no-content\" title=\"Desc\u00e0rrega del logo en negre (pdf)\" href=\"https:\/\/cultura.gencat.cat\/web\/.content\/commemoracions\/2023\/anyTapies\/04-recursos\/imatge-institucional\/lema\/AnyTapies_N.pdf\" target=\"_self\" rel=\"noopener\"><span class=\"list-group-item-wrapper-content\">Black logo download (pdf)<\/span><\/a> <span class=\"size-document file-size icon_pdf\" data-file=\"\/web\/.content\/commemoracions\/2023\/anyTapies\/04-recursos\/imatge-institucional\/lema\/AnyTapies_N.pdf\">20 bytes<\/span><\/li>\n<li class=\"list-group-item racimo-before\" role=\"listitem\"><a class=\"no-content\" title=\"Desc\u00e0rrega del logo en blanc (jpg)\" href=\"https:\/\/cultura.gencat.cat\/web\/.content\/commemoracions\/2023\/anyTapies\/04-recursos\/imatge-institucional\/lema\/AnyTapies_B.jpg\" target=\"_self\" rel=\"noopener\"><span class=\"list-group-item-wrapper-content\">Download white logo (jpg)<\/span><\/a> <span class=\"size-document file-size icon_jpg\" data-file=\"\/web\/.content\/commemoracions\/2023\/anyTapies\/04-recursos\/imatge-institucional\/lema\/AnyTapies_B.jpg\">19,25 kB<\/span><\/li>\n<li class=\"list-group-item racimo-before\" role=\"listitem\"><a class=\"no-content\" title=\"Desc\u00e0rrega del logo en blanc (png)\" href=\"https:\/\/cultura.gencat.cat\/web\/.content\/commemoracions\/2023\/anyTapies\/04-recursos\/imatge-institucional\/lema\/AnyTapies_B.png\" target=\"_self\" rel=\"noopener\"><span class=\"list-group-item-wrapper-content\">Download white logo (png)<\/span><\/a> <span class=\"size-document file-size icon_png\" data-file=\"\/web\/.content\/commemoracions\/2023\/anyTapies\/04-recursos\/imatge-institucional\/lema\/AnyTapies_B.png\">17,50 kB<\/span><\/li>\n<li class=\"list-group-item racimo-before\" role=\"listitem\"><a class=\"no-content\" title=\"Desc\u00e0rrega del logo en blanc (svg)\" href=\"https:\/\/cultura.gencat.cat\/web\/.content\/commemoracions\/2023\/anyTapies\/04-recursos\/imatge-institucional\/lema\/AnyTapies_B.svg\" target=\"_self\" rel=\"noopener\"><span class=\"list-group-item-wrapper-content\">Download white logo (svg)<\/span><\/a> <span class=\"size-document file-size icon_svg\" data-file=\"\/web\/.content\/commemoracions\/2023\/anyTapies\/04-recursos\/imatge-institucional\/lema\/AnyTapies_B.svg\">20 bytes<\/span><\/li>\n<li class=\"list-group-item racimo-before\" role=\"listitem\"><a class=\"no-content\" title=\"Desc\u00e0rrega del logo en blanc (pdf)\" href=\"https:\/\/cultura.gencat.cat\/web\/.content\/commemoracions\/2023\/anyTapies\/04-recursos\/imatge-institucional\/lema\/AnyTapies_B.pdf\" target=\"_self\" rel=\"noopener\"><span class=\"list-group-item-wrapper-content\">Download white logo (pdf)<\/span><\/a> <span class=\"size-document file-size icon_pdf\" data-file=\"\/web\/.content\/commemoracions\/2023\/anyTapies\/04-recursos\/imatge-institucional\/lema\/AnyTapies_B.pdf\">20 bytes<\/span><\/li>\n<\/ul>\n<p>&nbsp;<\/p>\n<hr \/>\n<p><strong>Links to download the &#8220;T\u00e0pies&#8217; Year&#8221; logo | Generalitat de Catalunya<\/strong><\/p>\n<p><img loading=\"lazy\" decoding=\"async\" class=\"alignnone size-full wp-image-28525\" src=\"https:\/\/museutapies.org\/wp-content\/uploads\/2023\/04\/Logotip-Any-Tapies-de-la-Generalitat-de-Catalunya.jpg\" alt=\"\" width=\"535\" height=\"227\" srcset=\"https:\/\/museutapies.org\/wp-content\/uploads\/2023\/04\/Logotip-Any-Tapies-de-la-Generalitat-de-Catalunya.jpg 535w, https:\/\/museutapies.org\/wp-content\/uploads\/2023\/04\/Logotip-Any-Tapies-de-la-Generalitat-de-Catalunya-500x212.jpg 500w, https:\/\/museutapies.org\/wp-content\/uploads\/2023\/04\/Logotip-Any-Tapies-de-la-Generalitat-de-Catalunya-380x161.jpg 380w\" sizes=\"(max-width: 535px) 100vw, 535px\" \/><\/p>\n<p>&nbsp;<\/p>\n<ul class=\"list-group\" role=\"list\">\n<li class=\"list-group-item racimo-before\" role=\"listitem\"><a class=\"no-content\" title=\"Manual b\u00e0sic d\u2019identificaci\u00f3 visual de les commemoracions del Govern de la Generalitat de Catalunya\" href=\"https:\/\/cultura.gencat.cat\/web\/.content\/commemoracions\/0-comuns\/comuns\/MANUAL_COMMEMORACIONS.pdf\" target=\"_self\" rel=\"noopener\"><span class=\"list-group-item-wrapper-content\">Basic visual identification manual for the commemorations of the Catalan Government <\/span><span class=\"sr-only\">(pdf)<\/span><\/a> <span class=\"size-document file-size icon_pdf\" data-file=\"\/web\/.content\/commemoracions\/0-comuns\/comuns\/MANUAL_COMMEMORACIONS.pdf\">20 Bytes<\/span><\/li>\n<li class=\"list-group-item racimo-before\" role=\"listitem\"><a class=\"no-content\" title=\"Desc\u00e0rrega del logo horitzontal (jpg)\" href=\"https:\/\/cultura.gencat.cat\/web\/.content\/commemoracions\/2023\/anyTapies\/04-recursos\/imatge-institucional\/logos\/logo-any-tapies-h.jpg\" target=\"_self\" rel=\"noopener\"><span class=\"list-group-item-wrapper-content\">Horizontal logo download (jpg)<\/span><\/a> \u00a0<span class=\"size-document file-size icon_jpg\" data-file=\"\/web\/.content\/commemoracions\/2023\/anyTapies\/04-recursos\/imatge-institucional\/logos\/logo-any-tapies-h.jpg\">730,29 kB<\/span><\/li>\n<li class=\"list-group-item racimo-before\" role=\"listitem\"><a class=\"no-content\" title=\"Desc\u00e0rrega del logo horitzontal (png)\" href=\"https:\/\/cultura.gencat.cat\/web\/.content\/commemoracions\/2023\/anyTapies\/04-recursos\/imatge-institucional\/logos\/logo-any-tapies-h.png\" target=\"_self\" rel=\"noopener\"><span class=\"list-group-item-wrapper-content\">Horizontal logo download (png)<\/span><\/a> <span class=\"size-document file-size icon_png\" data-file=\"\/web\/.content\/commemoracions\/2023\/anyTapies\/04-recursos\/imatge-institucional\/logos\/logo-any-tapies-h.png\">1,45 MB<\/span><\/li>\n<li class=\"list-group-item racimo-before\" role=\"listitem\"><a class=\"no-content\" title=\"Desc\u00e0rrega del logo horitzontal (eps)\" href=\"https:\/\/cultura.gencat.cat\/web\/.content\/commemoracions\/2023\/anyTapies\/04-recursos\/imatge-institucional\/logos\/logo-any-tapies-h.eps\" target=\"_self\" rel=\"noopener\"><span class=\"list-group-item-wrapper-content\">Horizontal logo download (eps)<\/span><\/a> <span class=\"size-document file-size icon_eps\" data-file=\"\/web\/.content\/commemoracions\/2023\/anyTapies\/04-recursos\/imatge-institucional\/logos\/logo-any-tapies-h.eps\">74,49 MB<\/span><\/li>\n<li class=\"list-group-item racimo-before\" role=\"listitem\"><a class=\"no-content\" title=\"Desc\u00e0rrega del logo vertical (jpg)\" href=\"https:\/\/cultura.gencat.cat\/web\/.content\/commemoracions\/2023\/anyTapies\/04-recursos\/imatge-institucional\/logos\/logo-any-tapies-v.jpg\" target=\"_self\" rel=\"noopener\"><span class=\"list-group-item-wrapper-content\">Vertical logo download (jpg)<\/span><\/a> <span class=\"size-document file-size icon_jpg\" data-file=\"\/web\/.content\/commemoracions\/2023\/anyTapies\/04-recursos\/imatge-institucional\/logos\/logo-any-tapies-v.jpg\">1,33 MB<\/span><\/li>\n<li class=\"list-group-item racimo-before\" role=\"listitem\"><a class=\"no-content\" title=\"Desc\u00e0rrega del logo vertical (png)\" href=\"https:\/\/cultura.gencat.cat\/web\/.content\/commemoracions\/2023\/anyTapies\/04-recursos\/imatge-institucional\/logos\/logo-any-tapies-v.png\" target=\"_self\" rel=\"noopener\"><span class=\"list-group-item-wrapper-content\">Vertical logo download (png)<\/span> <\/a>\u00a0<span class=\"size-document file-size icon_png\" data-file=\"\/web\/.content\/commemoracions\/2023\/anyTapies\/04-recursos\/imatge-institucional\/logos\/logo-any-tapies-v.png\">3,13 MB<\/span><\/li>\n<li class=\"list-group-item racimo-before\" role=\"listitem\"><a class=\"no-content\" title=\"Desc\u00e0rrega del logo vertical (eps)\" href=\"https:\/\/cultura.gencat.cat\/web\/.content\/commemoracions\/2023\/anyTapies\/04-recursos\/imatge-institucional\/logos\/logo-any-tapies-v.eps\" target=\"_self\" rel=\"noopener\"><span class=\"list-group-item-wrapper-content\">Vertical logo download (eps)<\/span><\/a><span class=\"size-document file-size icon_eps\" data-file=\"\/web\/.content\/commemoracions\/2023\/anyTapies\/04-recursos\/imatge-institucional\/logos\/logo-any-tapies-v.eps\">\u00a075,51 MB<\/span><\/li>\n<\/ul>\n<p>&nbsp;<\/p>\n","protected":false},"excerpt":{"rendered":"<p>With the aim of fostering the country\u2019s creative talent, on 16 January 2023 the Fundaci\u00f3 Antoni T\u00e0pies participated in an [&hellip;]<\/p>\n","protected":false},"author":1,"featured_media":0,"parent":28047,"menu_order":0,"comment_status":"closed","ping_status":"closed","template":"template-any-tapies-imatge-institucional.php","meta":{"footnotes":""},"acf":[],"yoast_head":"<!-- This site is optimized with the Yoast SEO plugin v20.11 - https:\/\/yoast.com\/wordpress\/plugins\/seo\/ -->\n<title>Institutional image - Museu T\u00e0pies<\/title>\n<meta name=\"robots\" content=\"index, follow, max-snippet:-1, max-image-preview:large, max-video-preview:-1\" \/>\n<meta property=\"og:locale\" content=\"en_US\" \/>\n<meta property=\"og:type\" content=\"article\" \/>\n<meta property=\"og:title\" content=\"Institutional image - Museu T\u00e0pies\" \/>\n<meta property=\"og:description\" content=\"With the aim of fostering the country\u2019s creative talent, on 16 January 2023 the Fundaci\u00f3 Antoni T\u00e0pies participated in an [&hellip;]\" \/>\n<meta property=\"og:url\" content=\"https:\/\/museutapies.org\/en\/tapies-year\/institutional-image\/\" \/>\n<meta property=\"og:site_name\" content=\"Museu T\u00e0pies\" \/>\n<meta property=\"article:publisher\" content=\"https:\/\/www.facebook.com\/museutapies\" \/>\n<meta property=\"article:modified_time\" content=\"2023-11-28T12:45:40+00:00\" \/>\n<meta property=\"og:image\" content=\"https:\/\/museutapies.org\/wp-content\/uploads\/2023\/10\/Antoni-Tapies.jpg\" \/>\n<meta name=\"twitter:card\" content=\"summary_large_image\" \/>\n<meta name=\"twitter:label1\" content=\"Est. reading time\" \/>\n\t<meta name=\"twitter:data1\" content=\"3 minutes\" \/>\n<script type=\"application\/ld+json\" class=\"yoast-schema-graph\">{\"@context\":\"https:\/\/schema.org\",\"@graph\":[{\"@type\":\"WebPage\",\"@id\":\"https:\/\/museutapies.org\/en\/tapies-year\/institutional-image\/\",\"url\":\"https:\/\/museutapies.org\/en\/tapies-year\/institutional-image\/\",\"name\":\"Institutional image - Museu T\u00e0pies\",\"isPartOf\":{\"@id\":\"https:\/\/museutapies.org\/en\/#website\"},\"datePublished\":\"2023-11-16T11:10:13+00:00\",\"dateModified\":\"2023-11-28T12:45:40+00:00\",\"breadcrumb\":{\"@id\":\"https:\/\/museutapies.org\/en\/tapies-year\/institutional-image\/#breadcrumb\"},\"inLanguage\":\"en-US\",\"potentialAction\":[{\"@type\":\"ReadAction\",\"target\":[\"https:\/\/museutapies.org\/en\/tapies-year\/institutional-image\/\"]}]},{\"@type\":\"BreadcrumbList\",\"@id\":\"https:\/\/museutapies.org\/en\/tapies-year\/institutional-image\/#breadcrumb\",\"itemListElement\":[{\"@type\":\"ListItem\",\"position\":1,\"name\":\"T\u00e0pies&#8217; Year\",\"item\":\"https:\/\/museutapies.org\/en\/tapies-year\/\"},{\"@type\":\"ListItem\",\"position\":2,\"name\":\"Institutional image\"}]},{\"@type\":\"WebSite\",\"@id\":\"https:\/\/museutapies.org\/en\/#website\",\"url\":\"https:\/\/museutapies.org\/en\/\",\"name\":\"Museu T\u00e0pies\",\"description\":\"\",\"publisher\":{\"@id\":\"https:\/\/museutapies.org\/en\/#organization\"},\"potentialAction\":[{\"@type\":\"SearchAction\",\"target\":{\"@type\":\"EntryPoint\",\"urlTemplate\":\"https:\/\/museutapies.org\/en\/?s={search_term_string}\"},\"query-input\":\"required name=search_term_string\"}],\"inLanguage\":\"en-US\"},{\"@type\":\"Organization\",\"@id\":\"https:\/\/museutapies.org\/en\/#organization\",\"name\":\"Museu T\u00e0pies\",\"url\":\"https:\/\/museutapies.org\/en\/\",\"logo\":{\"@type\":\"ImageObject\",\"inLanguage\":\"en-US\",\"@id\":\"https:\/\/museutapies.org\/en\/#\/schema\/logo\/image\/\",\"url\":\"https:\/\/museutapies.org\/wp-content\/uploads\/2024\/07\/mta.png\",\"contentUrl\":\"https:\/\/museutapies.org\/wp-content\/uploads\/2024\/07\/mta.png\",\"width\":244,\"height\":110,\"caption\":\"Museu T\u00e0pies\"},\"image\":{\"@id\":\"https:\/\/museutapies.org\/en\/#\/schema\/logo\/image\/\"},\"sameAs\":[\"https:\/\/www.facebook.com\/museutapies\",\"https:\/\/www.instagram.com\/museutapies\/\",\"https:\/\/www.youtube.com\/channel\/UCPi65HBb48RMeoa12lR51cQ\",\"https:\/\/x.com\/MuseuTapies\"]}]}<\/script>\n<!-- \/ Yoast SEO plugin. -->","yoast_head_json":{"title":"Institutional image - Museu T\u00e0pies","robots":{"index":"index","follow":"follow","max-snippet":"max-snippet:-1","max-image-preview":"max-image-preview:large","max-video-preview":"max-video-preview:-1"},"og_locale":"en_US","og_type":"article","og_title":"Institutional image - Museu T\u00e0pies","og_description":"With the aim of fostering the country\u2019s creative talent, on 16 January 2023 the Fundaci\u00f3 Antoni T\u00e0pies participated in an [&hellip;]","og_url":"https:\/\/museutapies.org\/en\/tapies-year\/institutional-image\/","og_site_name":"Museu T\u00e0pies","article_publisher":"https:\/\/www.facebook.com\/museutapies","article_modified_time":"2023-11-28T12:45:40+00:00","og_image":[{"url":"https:\/\/museutapies.org\/wp-content\/uploads\/2023\/10\/Antoni-Tapies.jpg"}],"twitter_card":"summary_large_image","twitter_misc":{"Est. reading time":"3 minutes"},"schema":{"@context":"https:\/\/schema.org","@graph":[{"@type":"WebPage","@id":"https:\/\/museutapies.org\/en\/tapies-year\/institutional-image\/","url":"https:\/\/museutapies.org\/en\/tapies-year\/institutional-image\/","name":"Institutional image - Museu T\u00e0pies","isPartOf":{"@id":"https:\/\/museutapies.org\/en\/#website"},"datePublished":"2023-11-16T11:10:13+00:00","dateModified":"2023-11-28T12:45:40+00:00","breadcrumb":{"@id":"https:\/\/museutapies.org\/en\/tapies-year\/institutional-image\/#breadcrumb"},"inLanguage":"en-US","potentialAction":[{"@type":"ReadAction","target":["https:\/\/museutapies.org\/en\/tapies-year\/institutional-image\/"]}]},{"@type":"BreadcrumbList","@id":"https:\/\/museutapies.org\/en\/tapies-year\/institutional-image\/#breadcrumb","itemListElement":[{"@type":"ListItem","position":1,"name":"T\u00e0pies&#8217; Year","item":"https:\/\/museutapies.org\/en\/tapies-year\/"},{"@type":"ListItem","position":2,"name":"Institutional image"}]},{"@type":"WebSite","@id":"https:\/\/museutapies.org\/en\/#website","url":"https:\/\/museutapies.org\/en\/","name":"Museu T\u00e0pies","description":"","publisher":{"@id":"https:\/\/museutapies.org\/en\/#organization"},"potentialAction":[{"@type":"SearchAction","target":{"@type":"EntryPoint","urlTemplate":"https:\/\/museutapies.org\/en\/?s={search_term_string}"},"query-input":"required name=search_term_string"}],"inLanguage":"en-US"},{"@type":"Organization","@id":"https:\/\/museutapies.org\/en\/#organization","name":"Museu T\u00e0pies","url":"https:\/\/museutapies.org\/en\/","logo":{"@type":"ImageObject","inLanguage":"en-US","@id":"https:\/\/museutapies.org\/en\/#\/schema\/logo\/image\/","url":"https:\/\/museutapies.org\/wp-content\/uploads\/2024\/07\/mta.png","contentUrl":"https:\/\/museutapies.org\/wp-content\/uploads\/2024\/07\/mta.png","width":244,"height":110,"caption":"Museu T\u00e0pies"},"image":{"@id":"https:\/\/museutapies.org\/en\/#\/schema\/logo\/image\/"},"sameAs":["https:\/\/www.facebook.com\/museutapies","https:\/\/www.instagram.com\/museutapies\/","https:\/\/www.youtube.com\/channel\/UCPi65HBb48RMeoa12lR51cQ","https:\/\/x.com\/MuseuTapies"]}]}},"_links":{"self":[{"href":"https:\/\/museutapies.org\/en\/wp-json\/wp\/v2\/pages\/28964"}],"collection":[{"href":"https:\/\/museutapies.org\/en\/wp-json\/wp\/v2\/pages"}],"about":[{"href":"https:\/\/museutapies.org\/en\/wp-json\/wp\/v2\/types\/page"}],"author":[{"embeddable":true,"href":"https:\/\/museutapies.org\/en\/wp-json\/wp\/v2\/users\/1"}],"replies":[{"embeddable":true,"href":"https:\/\/museutapies.org\/en\/wp-json\/wp\/v2\/comments?post=28964"}],"version-history":[{"count":3,"href":"https:\/\/museutapies.org\/en\/wp-json\/wp\/v2\/pages\/28964\/revisions"}],"predecessor-version":[{"id":29423,"href":"https:\/\/museutapies.org\/en\/wp-json\/wp\/v2\/pages\/28964\/revisions\/29423"}],"up":[{"embeddable":true,"href":"https:\/\/museutapies.org\/en\/wp-json\/wp\/v2\/pages\/28047"}],"wp:attachment":[{"href":"https:\/\/museutapies.org\/en\/wp-json\/wp\/v2\/media?parent=28964"}],"curies":[{"name":"wp","href":"https:\/\/api.w.org\/{rel}","templated":true}]}}