{"id":31090,"date":"2024-01-16T14:07:21","date_gmt":"2024-01-16T14:07:21","guid":{"rendered":"https:\/\/museutapies.org\/educacio\/"},"modified":"2025-01-29T13:57:08","modified_gmt":"2025-01-29T12:57:08","slug":"education","status":"publish","type":"page","link":"https:\/\/museutapies.org\/en\/education\/","title":{"rendered":"Education"},"content":{"rendered":"<p><span style=\"font-size: 12pt\"><em><span style=\"font-weight: 400\">Painting can be everything. It can be a burst of sunlight in the middle of a gust of wind. It can be a storm cloud. It can be the step of a man on the road of life, or \u2013 why not? \u2013 a foot stamping the ground as if to say \u2018enough!\u2019 It can be the soft, hope-filled air of early morning, or the bitter, stale smell emanating from a prison. The drops of blood from a wound, or the song of an entire people in the blue or yellow sky. It can be what we are, what is today, now, what will always be. I invite you to play, to look attentively. I invite you to think.<\/span><\/em><\/span><\/p>\n<p style=\"text-align: right\"><span style=\"font-size: 10pt\"><span style=\"font-size: 12pt\"><span style=\"font-weight: 400\">Antoni T\u00e0pies (January 1967), <em>The Game of Looking.<\/em> <\/span><span style=\"font-weight: 400\">Cavall Fort, n\u00ba 82<\/span><\/span><span style=\"font-weight: 400\">.<\/span><\/span><\/p>\n<p>&nbsp;<\/p>\n<p>&nbsp;<\/p>\n<p><span style=\"font-weight: 400\">Antoni T\u00e0pies encourages us to look at the world with an open, critical and reflective perspective. This is why the Education Department considers his work to be a strong starting point for an educational process.<\/span><\/p>\n<p><span style=\"font-weight: 400\">\u00a0At the Museu T\u00e0pies, we understand education as a process for the production of knowledge through art, which takes place collectively, for as philosopher Marina Garc\u00e9s has stated, education is an invitation to think together.\u00a0<\/span><\/p>\n<p><span style=\"font-weight: 400\">Faced with the crises of out time, we are called to reaffirm the museum\u2019s social function and the political character of educational processes: art and education enable us to question the reality around us as we approach unknown and unexpected realities, encouraging relationships and bonds In this sense, we are fully aware of the model of Catalan libertarian pedagogies, such has the Modern School of Francesc Ferrer i Gu\u00e0rdia, where pedagogical action and social change go hand in hand.<\/span><\/p>\n<p><span style=\"font-weight: 400\">In the words of <\/span><a href=\"https:\/\/diarieducacio.cat\/els-qui-afirmen-que-la-pandemia-ha-revelat-la-desigualtat-de-debo-no-ho-sabien\/\"><span style=\"font-weight: 400\">Juana M. Sancho<\/span><\/a><span style=\"font-weight: 400\">, education should allow students and teachers to \u2018find their own meaning, get to know themselves, get to know each other and the world around us, not to exploit it at their convenience, but to respect it and to promote the common good\u2019.<\/span><\/p>\n<p><span style=\"font-weight: 400\">Art is not educational in itself. The pedagogical value of art lies in the educational processes that are organised in relation to it. The Education Department conceptualises actions and projects addressed to a diverse public, upholding the museum as an inclusive, welcoming space. The reason is that the museum must potentially include everyone, and should be a collective space able to assume the requirements and contributions of the community.<\/span><\/p>\n<p>&nbsp;<\/p>\n","protected":false},"excerpt":{"rendered":"<p>Painting can be everything. It can be a burst of sunlight in the middle of a gust of wind. It [&hellip;]<\/p>\n","protected":false},"author":1,"featured_media":0,"parent":0,"menu_order":0,"comment_status":"closed","ping_status":"closed","template":"template_programa-public.php","meta":{"footnotes":""},"acf":[],"yoast_head":"<!-- This site is optimized with the Yoast SEO plugin v20.11 - https:\/\/yoast.com\/wordpress\/plugins\/seo\/ -->\n<title>Education - Museu T\u00e0pies<\/title>\n<meta name=\"description\" content=\"T\u00e0pies invited us to look at the world from an open perspective. The Museu T\u00e0pies regards his work as a starting point for education.\" \/>\n<meta name=\"robots\" content=\"index, follow, max-snippet:-1, max-image-preview:large, max-video-preview:-1\" \/>\n<meta property=\"og:locale\" content=\"en_US\" \/>\n<meta property=\"og:type\" content=\"article\" \/>\n<meta property=\"og:title\" content=\"Education - Museu T\u00e0pies\" \/>\n<meta property=\"og:description\" content=\"T\u00e0pies invited us to look at the world from an open perspective. The Museu T\u00e0pies regards his work as a starting point for education.\" \/>\n<meta property=\"og:url\" content=\"https:\/\/museutapies.org\/en\/education\/\" \/>\n<meta property=\"og:site_name\" content=\"Museu T\u00e0pies\" \/>\n<meta property=\"article:publisher\" content=\"https:\/\/www.facebook.com\/museutapies\" \/>\n<meta property=\"article:modified_time\" content=\"2025-01-29T12:57:08+00:00\" \/>\n<meta name=\"twitter:card\" content=\"summary_large_image\" \/>\n<meta name=\"twitter:label1\" content=\"Est. reading time\" \/>\n\t<meta name=\"twitter:data1\" content=\"3 minutes\" \/>\n<script type=\"application\/ld+json\" class=\"yoast-schema-graph\">{\"@context\":\"https:\/\/schema.org\",\"@graph\":[{\"@type\":\"WebPage\",\"@id\":\"https:\/\/museutapies.org\/en\/education\/\",\"url\":\"https:\/\/museutapies.org\/en\/education\/\",\"name\":\"Education - Museu T\u00e0pies\",\"isPartOf\":{\"@id\":\"https:\/\/museutapies.org\/en\/#website\"},\"datePublished\":\"2024-01-16T14:07:21+00:00\",\"dateModified\":\"2025-01-29T12:57:08+00:00\",\"description\":\"T\u00e0pies invited us to look at the world from an open perspective. The Museu T\u00e0pies regards his work as a starting point for education.\",\"inLanguage\":\"en-US\",\"potentialAction\":[{\"@type\":\"ReadAction\",\"target\":[\"https:\/\/museutapies.org\/en\/education\/\"]}]},{\"@type\":\"WebSite\",\"@id\":\"https:\/\/museutapies.org\/en\/#website\",\"url\":\"https:\/\/museutapies.org\/en\/\",\"name\":\"Museu T\u00e0pies\",\"description\":\"\",\"publisher\":{\"@id\":\"https:\/\/museutapies.org\/en\/#organization\"},\"potentialAction\":[{\"@type\":\"SearchAction\",\"target\":{\"@type\":\"EntryPoint\",\"urlTemplate\":\"https:\/\/museutapies.org\/en\/?s={search_term_string}\"},\"query-input\":\"required name=search_term_string\"}],\"inLanguage\":\"en-US\"},{\"@type\":\"Organization\",\"@id\":\"https:\/\/museutapies.org\/en\/#organization\",\"name\":\"Museu T\u00e0pies\",\"url\":\"https:\/\/museutapies.org\/en\/\",\"logo\":{\"@type\":\"ImageObject\",\"inLanguage\":\"en-US\",\"@id\":\"https:\/\/museutapies.org\/en\/#\/schema\/logo\/image\/\",\"url\":\"https:\/\/museutapies.org\/wp-content\/uploads\/2024\/07\/mta.png\",\"contentUrl\":\"https:\/\/museutapies.org\/wp-content\/uploads\/2024\/07\/mta.png\",\"width\":244,\"height\":110,\"caption\":\"Museu T\u00e0pies\"},\"image\":{\"@id\":\"https:\/\/museutapies.org\/en\/#\/schema\/logo\/image\/\"},\"sameAs\":[\"https:\/\/www.facebook.com\/museutapies\",\"https:\/\/www.instagram.com\/museutapies\/\",\"https:\/\/www.youtube.com\/channel\/UCPi65HBb48RMeoa12lR51cQ\",\"https:\/\/x.com\/MuseuTapies\"]}]}<\/script>\n<!-- \/ Yoast SEO plugin. -->","yoast_head_json":{"title":"Education - Museu T\u00e0pies","description":"T\u00e0pies invited us to look at the world from an open perspective. The Museu T\u00e0pies regards his work as a starting point for education.","robots":{"index":"index","follow":"follow","max-snippet":"max-snippet:-1","max-image-preview":"max-image-preview:large","max-video-preview":"max-video-preview:-1"},"og_locale":"en_US","og_type":"article","og_title":"Education - Museu T\u00e0pies","og_description":"T\u00e0pies invited us to look at the world from an open perspective. The Museu T\u00e0pies regards his work as a starting point for education.","og_url":"https:\/\/museutapies.org\/en\/education\/","og_site_name":"Museu T\u00e0pies","article_publisher":"https:\/\/www.facebook.com\/museutapies","article_modified_time":"2025-01-29T12:57:08+00:00","twitter_card":"summary_large_image","twitter_misc":{"Est. reading time":"3 minutes"},"schema":{"@context":"https:\/\/schema.org","@graph":[{"@type":"WebPage","@id":"https:\/\/museutapies.org\/en\/education\/","url":"https:\/\/museutapies.org\/en\/education\/","name":"Education - Museu T\u00e0pies","isPartOf":{"@id":"https:\/\/museutapies.org\/en\/#website"},"datePublished":"2024-01-16T14:07:21+00:00","dateModified":"2025-01-29T12:57:08+00:00","description":"T\u00e0pies invited us to look at the world from an open perspective. The Museu T\u00e0pies regards his work as a starting point for education.","inLanguage":"en-US","potentialAction":[{"@type":"ReadAction","target":["https:\/\/museutapies.org\/en\/education\/"]}]},{"@type":"WebSite","@id":"https:\/\/museutapies.org\/en\/#website","url":"https:\/\/museutapies.org\/en\/","name":"Museu T\u00e0pies","description":"","publisher":{"@id":"https:\/\/museutapies.org\/en\/#organization"},"potentialAction":[{"@type":"SearchAction","target":{"@type":"EntryPoint","urlTemplate":"https:\/\/museutapies.org\/en\/?s={search_term_string}"},"query-input":"required name=search_term_string"}],"inLanguage":"en-US"},{"@type":"Organization","@id":"https:\/\/museutapies.org\/en\/#organization","name":"Museu T\u00e0pies","url":"https:\/\/museutapies.org\/en\/","logo":{"@type":"ImageObject","inLanguage":"en-US","@id":"https:\/\/museutapies.org\/en\/#\/schema\/logo\/image\/","url":"https:\/\/museutapies.org\/wp-content\/uploads\/2024\/07\/mta.png","contentUrl":"https:\/\/museutapies.org\/wp-content\/uploads\/2024\/07\/mta.png","width":244,"height":110,"caption":"Museu T\u00e0pies"},"image":{"@id":"https:\/\/museutapies.org\/en\/#\/schema\/logo\/image\/"},"sameAs":["https:\/\/www.facebook.com\/museutapies","https:\/\/www.instagram.com\/museutapies\/","https:\/\/www.youtube.com\/channel\/UCPi65HBb48RMeoa12lR51cQ","https:\/\/x.com\/MuseuTapies"]}]}},"_links":{"self":[{"href":"https:\/\/museutapies.org\/en\/wp-json\/wp\/v2\/pages\/31090"}],"collection":[{"href":"https:\/\/museutapies.org\/en\/wp-json\/wp\/v2\/pages"}],"about":[{"href":"https:\/\/museutapies.org\/en\/wp-json\/wp\/v2\/types\/page"}],"author":[{"embeddable":true,"href":"https:\/\/museutapies.org\/en\/wp-json\/wp\/v2\/users\/1"}],"replies":[{"embeddable":true,"href":"https:\/\/museutapies.org\/en\/wp-json\/wp\/v2\/comments?post=31090"}],"version-history":[{"count":8,"href":"https:\/\/museutapies.org\/en\/wp-json\/wp\/v2\/pages\/31090\/revisions"}],"predecessor-version":[{"id":37526,"href":"https:\/\/museutapies.org\/en\/wp-json\/wp\/v2\/pages\/31090\/revisions\/37526"}],"wp:attachment":[{"href":"https:\/\/museutapies.org\/en\/wp-json\/wp\/v2\/media?parent=31090"}],"curies":[{"name":"wp","href":"https:\/\/api.w.org\/{rel}","templated":true}]}}