{"id":33131,"date":"2024-01-10T10:05:37","date_gmt":"2024-01-10T10:05:37","guid":{"rendered":"https:\/\/museutapies.org\/programa-publico-tapies\/"},"modified":"2026-01-23T14:25:26","modified_gmt":"2026-01-23T13:25:26","slug":"public-programme","status":"publish","type":"page","link":"https:\/\/museutapies.org\/en\/public-programme\/","title":{"rendered":"Public programme"},"content":{"rendered":"<p>The Museu T\u00e0pies is an institution that conceives itself as a living organism, generating knowledge and activating a critical spirit. In constructing the Foundation\u2019s identity, public programmes play an essential role. They are created on the basis of a long series of exchanges and dialogues, with different activities and programmes that go beyond the exhibition programme.<\/p>\n<p>We remain true to the will of Antoni T\u00e0pies, the institution\u2019s creator, striving to be a space from where to think about the world we are living in, with all its challenges and complexities, focusing on artistic practices understood as spaces for the confluence of knowledge and experience. For this reason, premised on the notion of thinking about our contemporary reality while remaining aware of historical legacies, our aim is to focus on the need to have a listening attitude before reality. Our intent is to create a programme conceived from out of exceptionality and excellence, responding to the present while at the same time transcending time and space.<\/p>\n<p>The public programme of the institution is conceived in an interdisciplinary manner, placing the focus on art (in its many manifestations) and thought, while also considering further disciplines close to the world of T\u00e0pies, such as science, music, writing, poetry, cinema and architecture, amongst many others. At the same time, this programme emerges out of the need to intertwine complicities and alliances with the city\u2019s cultural, social and artistic fabric, with their own roots and specificities, but above all in connection to the present.<\/p>\n","protected":false},"excerpt":{"rendered":"<p>The Museu T\u00e0pies is an institution that conceives itself as a living organism, generating knowledge and activating a critical spirit. [&hellip;]<\/p>\n","protected":false},"author":1,"featured_media":0,"parent":0,"menu_order":0,"comment_status":"closed","ping_status":"closed","template":"template_projectes-distribuidor.php","meta":{"footnotes":""},"acf":[],"yoast_head":"<!-- This site is optimized with the Yoast SEO plugin v20.11 - https:\/\/yoast.com\/wordpress\/plugins\/seo\/ -->\n<title>Public programme - Museu T\u00e0pies<\/title>\n<meta name=\"description\" content=\"The public programme of the Museu T\u00e0pies is conceived placing the focus on art, thought and disciplines close to the world of T\u00e0pies.\" \/>\n<meta name=\"robots\" content=\"index, follow, max-snippet:-1, max-image-preview:large, max-video-preview:-1\" \/>\n<meta property=\"og:locale\" content=\"en_US\" \/>\n<meta property=\"og:type\" content=\"article\" \/>\n<meta property=\"og:title\" content=\"Public programme - Museu T\u00e0pies\" \/>\n<meta property=\"og:description\" content=\"The public programme of the Museu T\u00e0pies is conceived placing the focus on art, thought and disciplines close to the world of T\u00e0pies.\" \/>\n<meta property=\"og:url\" content=\"https:\/\/museutapies.org\/en\/public-programme\/\" \/>\n<meta property=\"og:site_name\" content=\"Museu T\u00e0pies\" \/>\n<meta property=\"article:publisher\" content=\"https:\/\/www.facebook.com\/museutapies\" \/>\n<meta property=\"article:modified_time\" content=\"2026-01-23T13:25:26+00:00\" \/>\n<meta name=\"twitter:card\" content=\"summary_large_image\" \/>\n<meta name=\"twitter:label1\" content=\"Est. reading time\" \/>\n\t<meta name=\"twitter:data1\" content=\"2 minutes\" \/>\n<script type=\"application\/ld+json\" class=\"yoast-schema-graph\">{\"@context\":\"https:\/\/schema.org\",\"@graph\":[{\"@type\":\"WebPage\",\"@id\":\"https:\/\/museutapies.org\/en\/public-programme\/\",\"url\":\"https:\/\/museutapies.org\/en\/public-programme\/\",\"name\":\"Public programme - Museu T\u00e0pies\",\"isPartOf\":{\"@id\":\"https:\/\/museutapies.org\/en\/#website\"},\"datePublished\":\"2024-01-10T10:05:37+00:00\",\"dateModified\":\"2026-01-23T13:25:26+00:00\",\"description\":\"The public programme of the Museu T\u00e0pies is conceived placing the focus on art, thought and disciplines close to the world of T\u00e0pies.\",\"inLanguage\":\"en-US\",\"potentialAction\":[{\"@type\":\"ReadAction\",\"target\":[\"https:\/\/museutapies.org\/en\/public-programme\/\"]}]},{\"@type\":\"WebSite\",\"@id\":\"https:\/\/museutapies.org\/en\/#website\",\"url\":\"https:\/\/museutapies.org\/en\/\",\"name\":\"Museu T\u00e0pies\",\"description\":\"\",\"publisher\":{\"@id\":\"https:\/\/museutapies.org\/en\/#organization\"},\"potentialAction\":[{\"@type\":\"SearchAction\",\"target\":{\"@type\":\"EntryPoint\",\"urlTemplate\":\"https:\/\/museutapies.org\/en\/?s={search_term_string}\"},\"query-input\":\"required name=search_term_string\"}],\"inLanguage\":\"en-US\"},{\"@type\":\"Organization\",\"@id\":\"https:\/\/museutapies.org\/en\/#organization\",\"name\":\"Museu T\u00e0pies\",\"url\":\"https:\/\/museutapies.org\/en\/\",\"logo\":{\"@type\":\"ImageObject\",\"inLanguage\":\"en-US\",\"@id\":\"https:\/\/museutapies.org\/en\/#\/schema\/logo\/image\/\",\"url\":\"https:\/\/museutapies.org\/wp-content\/uploads\/2024\/07\/mta.png\",\"contentUrl\":\"https:\/\/museutapies.org\/wp-content\/uploads\/2024\/07\/mta.png\",\"width\":244,\"height\":110,\"caption\":\"Museu T\u00e0pies\"},\"image\":{\"@id\":\"https:\/\/museutapies.org\/en\/#\/schema\/logo\/image\/\"},\"sameAs\":[\"https:\/\/www.facebook.com\/museutapies\",\"https:\/\/www.instagram.com\/museutapies\/\",\"https:\/\/www.youtube.com\/channel\/UCPi65HBb48RMeoa12lR51cQ\",\"https:\/\/x.com\/MuseuTapies\"]}]}<\/script>\n<!-- \/ Yoast SEO plugin. -->","yoast_head_json":{"title":"Public programme - Museu T\u00e0pies","description":"The public programme of the Museu T\u00e0pies is conceived placing the focus on art, thought and disciplines close to the world of T\u00e0pies.","robots":{"index":"index","follow":"follow","max-snippet":"max-snippet:-1","max-image-preview":"max-image-preview:large","max-video-preview":"max-video-preview:-1"},"og_locale":"en_US","og_type":"article","og_title":"Public programme - Museu T\u00e0pies","og_description":"The public programme of the Museu T\u00e0pies is conceived placing the focus on art, thought and disciplines close to the world of T\u00e0pies.","og_url":"https:\/\/museutapies.org\/en\/public-programme\/","og_site_name":"Museu T\u00e0pies","article_publisher":"https:\/\/www.facebook.com\/museutapies","article_modified_time":"2026-01-23T13:25:26+00:00","twitter_card":"summary_large_image","twitter_misc":{"Est. reading time":"2 minutes"},"schema":{"@context":"https:\/\/schema.org","@graph":[{"@type":"WebPage","@id":"https:\/\/museutapies.org\/en\/public-programme\/","url":"https:\/\/museutapies.org\/en\/public-programme\/","name":"Public programme - Museu T\u00e0pies","isPartOf":{"@id":"https:\/\/museutapies.org\/en\/#website"},"datePublished":"2024-01-10T10:05:37+00:00","dateModified":"2026-01-23T13:25:26+00:00","description":"The public programme of the Museu T\u00e0pies is conceived placing the focus on art, thought and disciplines close to the world of T\u00e0pies.","inLanguage":"en-US","potentialAction":[{"@type":"ReadAction","target":["https:\/\/museutapies.org\/en\/public-programme\/"]}]},{"@type":"WebSite","@id":"https:\/\/museutapies.org\/en\/#website","url":"https:\/\/museutapies.org\/en\/","name":"Museu T\u00e0pies","description":"","publisher":{"@id":"https:\/\/museutapies.org\/en\/#organization"},"potentialAction":[{"@type":"SearchAction","target":{"@type":"EntryPoint","urlTemplate":"https:\/\/museutapies.org\/en\/?s={search_term_string}"},"query-input":"required name=search_term_string"}],"inLanguage":"en-US"},{"@type":"Organization","@id":"https:\/\/museutapies.org\/en\/#organization","name":"Museu T\u00e0pies","url":"https:\/\/museutapies.org\/en\/","logo":{"@type":"ImageObject","inLanguage":"en-US","@id":"https:\/\/museutapies.org\/en\/#\/schema\/logo\/image\/","url":"https:\/\/museutapies.org\/wp-content\/uploads\/2024\/07\/mta.png","contentUrl":"https:\/\/museutapies.org\/wp-content\/uploads\/2024\/07\/mta.png","width":244,"height":110,"caption":"Museu T\u00e0pies"},"image":{"@id":"https:\/\/museutapies.org\/en\/#\/schema\/logo\/image\/"},"sameAs":["https:\/\/www.facebook.com\/museutapies","https:\/\/www.instagram.com\/museutapies\/","https:\/\/www.youtube.com\/channel\/UCPi65HBb48RMeoa12lR51cQ","https:\/\/x.com\/MuseuTapies"]}]}},"_links":{"self":[{"href":"https:\/\/museutapies.org\/en\/wp-json\/wp\/v2\/pages\/33131"}],"collection":[{"href":"https:\/\/museutapies.org\/en\/wp-json\/wp\/v2\/pages"}],"about":[{"href":"https:\/\/museutapies.org\/en\/wp-json\/wp\/v2\/types\/page"}],"author":[{"embeddable":true,"href":"https:\/\/museutapies.org\/en\/wp-json\/wp\/v2\/users\/1"}],"replies":[{"embeddable":true,"href":"https:\/\/museutapies.org\/en\/wp-json\/wp\/v2\/comments?post=33131"}],"version-history":[{"count":11,"href":"https:\/\/museutapies.org\/en\/wp-json\/wp\/v2\/pages\/33131\/revisions"}],"predecessor-version":[{"id":43558,"href":"https:\/\/museutapies.org\/en\/wp-json\/wp\/v2\/pages\/33131\/revisions\/43558"}],"wp:attachment":[{"href":"https:\/\/museutapies.org\/en\/wp-json\/wp\/v2\/media?parent=33131"}],"curies":[{"name":"wp","href":"https:\/\/api.w.org\/{rel}","templated":true}]}}