{"id":5380,"date":"2018-01-16T13:42:59","date_gmt":"2018-01-16T13:42:59","guid":{"rendered":"https:\/\/museutapies.org\/ledifici\/"},"modified":"2024-09-30T15:54:26","modified_gmt":"2024-09-30T13:54:26","slug":"the-building","status":"publish","type":"page","link":"https:\/\/museutapies.org\/en\/the-building\/","title":{"rendered":"The Building"},"content":{"rendered":"<p>&nbsp;<\/p>\n<div id=\"attachment_18500\" style=\"width: 810px\" class=\"wp-caption alignnone\"><img loading=\"lazy\" decoding=\"async\" aria-describedby=\"caption-attachment-18500\" class=\"size-medium wp-image-18500\" src=\"https:\/\/museutapies.org\/wp-content\/uploads\/2021\/02\/2013_Facana_Bover_01_web-800x674.jpg\" alt=\"\" width=\"800\" height=\"674\" srcset=\"https:\/\/museutapies.org\/wp-content\/uploads\/2021\/02\/2013_Facana_Bover_01_web-800x674.jpg 800w, https:\/\/museutapies.org\/wp-content\/uploads\/2021\/02\/2013_Facana_Bover_01_web-768x647.jpg 768w, https:\/\/museutapies.org\/wp-content\/uploads\/2021\/02\/2013_Facana_Bover_01_web-831x700.jpg 831w, https:\/\/museutapies.org\/wp-content\/uploads\/2021\/02\/2013_Facana_Bover_01_web-500x421.jpg 500w, https:\/\/museutapies.org\/wp-content\/uploads\/2021\/02\/2013_Facana_Bover_01_web-380x320.jpg 380w, https:\/\/museutapies.org\/wp-content\/uploads\/2021\/02\/2013_Facana_Bover_01_web-600x506.jpg 600w, https:\/\/museutapies.org\/wp-content\/uploads\/2021\/02\/2013_Facana_Bover_01_web.jpg 1500w\" sizes=\"(max-width: 800px) 100vw, 800px\" \/><p id=\"caption-attachment-18500\" class=\"wp-caption-text\">Llu\u00eds Bover. \u00a9 Museu T\u00e0pies<\/p><\/div>\n<p>&nbsp;<\/p>\n<p><span style=\"font-size: 12pt\">The Museu T\u00e0pies opened its doors as Fundaci\u00f3 Antoni T\u00e0pies in June 1990 in the building of the former Editorial Montaner y Sim\u00f3n publishing house, the work of the Modernist architect Llu\u00eds Dom\u00e8nech i Montaner.<\/span><\/p>\n<p>&nbsp;<\/p>\n<p><span style=\"font-size: 12pt\">Restored and refurbished by the architects Roser Amad\u00f3 and Llu\u00eds Dom\u00e8nech Girbau. Constructed between 1880 and 1881 or 1882, at an early stage of the evolution of Catalan Modernism, the building was <strong>the first in the Eixample<\/strong> district to integrate industrial typology and technology, combining exposed brick and iron, into the fabric of the city centre.<\/span><\/p>\n<p>&nbsp;<\/p>\n<p><span style=\"font-size: 12pt\">The Montaner y Sim\u00f3n publishing house along with Antoni Gaud\u00ed\u2019s Casa Vicens, is one of the few remaining examples of a way of building that has now been lost, also exemplifies the passing of an eclectic architectural style popular in the 19th century and the emergence of a new style, Art Nouveau, or <strong>Catalan Modernism<\/strong>. Llu\u00eds Dom\u00e8nech i Montaner and Antoni Gaud\u00ed established the architectural bases defining two different forms of development: Gaud\u00ed embodied an &#8220;expressionist&#8221; current, whilst Dom\u00e8nech i Montaner was more inclined towards rationalism.<\/span><\/p>\n<p>&nbsp;<\/p>\n<p><img loading=\"lazy\" decoding=\"async\" class=\"alignnone wp-image-4385 size-medium\" src=\"https:\/\/museutapies.org\/wp-content\/uploads\/2018\/01\/Historia-800x573.jpg\" alt=\"\" width=\"800\" height=\"573\" srcset=\"https:\/\/museutapies.org\/wp-content\/uploads\/2018\/01\/Historia-800x573.jpg 800w, https:\/\/museutapies.org\/wp-content\/uploads\/2018\/01\/Historia-768x550.jpg 768w, https:\/\/museutapies.org\/wp-content\/uploads\/2018\/01\/Historia-900x645.jpg 900w, https:\/\/museutapies.org\/wp-content\/uploads\/2018\/01\/Historia-500x358.jpg 500w, https:\/\/museutapies.org\/wp-content\/uploads\/2018\/01\/Historia-380x272.jpg 380w, https:\/\/museutapies.org\/wp-content\/uploads\/2018\/01\/Historia-600x430.jpg 600w, https:\/\/museutapies.org\/wp-content\/uploads\/2018\/01\/Historia.jpg 1200w\" sizes=\"(max-width: 800px) 100vw, 800px\" \/><\/p>\n<p>&nbsp;<\/p>\n<p>Dom\u00e8nech i Montaner drew up the plans for the Montaner y Sim\u00f3n publishing house in 1879. The building embodies many of his concerns about architecture, which he did not see as an autonomous element, but as linked to a given social and historic context. He set out these views in an article published in the magazine <em>La Renaixensa<\/em> in 1878, entitled &#8220;En busca de una arquitectura nacional&#8221; (&#8220;Looking for a national architecture&#8221;). In it, more than reaching definitive conclusions or providing specific answers, he posed for the first time a series of questions about the need for a national architecture that was also, at the same time, an expression of the concerns of the new modern age.<\/p>\n<p>&nbsp;<\/p>\n<p>The Museu T\u00e0pies\u2019 building is \u201chemmed in\u201d between the two side walls of the adjacent buildings. To elevate its height and underscore its new identity, Antoni T\u00e0pies created the sculpture crowning the building entitled <em><strong>N\u00favol i cadira (Cloud and Chair, 1990)<\/strong><\/em>. This sculpture represents a chair jutting out of a large cloud. The chair, a recurring motif in T\u00e0pies\u2019 works, alludes to a meditative attitude and to aesthetic contemplation.<\/p>\n<p>&nbsp;<\/p>\n\n\t\t<style type=\"text\/css\">\n\t\t\t#gallery-1 {\n\t\t\t\tmargin: auto;\n\t\t\t}\n\t\t\t#gallery-1 .gallery-item {\n\t\t\t\tfloat: left;\n\t\t\t\tmargin-top: 10px;\n\t\t\t\ttext-align: center;\n\t\t\t\twidth: 50%;\n\t\t\t}\n\t\t\t#gallery-1 img {\n\t\t\t\tborder: 2px solid #cfcfcf;\n\t\t\t}\n\t\t\t#gallery-1 .gallery-caption {\n\t\t\t\tmargin-left: 0;\n\t\t\t}\n\t\t\t\/* see gallery_shortcode() in wp-includes\/media.php *\/\n\t\t<\/style>\n\t\t<div id='gallery-1' class='gallery galleryid-5380 gallery-columns-2 gallery-size-medium'><dl class='gallery-item'>\n\t\t\t<dt class='gallery-icon landscape'>\n\t\t\t\t<img loading=\"lazy\" decoding=\"async\" width=\"800\" height=\"531\" src=\"https:\/\/museutapies.org\/wp-content\/uploads\/2018\/01\/Fundacio_Antoni_Tapies_Barcelona_-_panoramio-2-800x531.jpg\" class=\"attachment-medium size-medium\" alt=\"\" srcset=\"https:\/\/museutapies.org\/wp-content\/uploads\/2018\/01\/Fundacio_Antoni_Tapies_Barcelona_-_panoramio-2-800x531.jpg 800w, https:\/\/museutapies.org\/wp-content\/uploads\/2018\/01\/Fundacio_Antoni_Tapies_Barcelona_-_panoramio-2-768x510.jpg 768w, https:\/\/museutapies.org\/wp-content\/uploads\/2018\/01\/Fundacio_Antoni_Tapies_Barcelona_-_panoramio-2-900x598.jpg 900w, https:\/\/museutapies.org\/wp-content\/uploads\/2018\/01\/Fundacio_Antoni_Tapies_Barcelona_-_panoramio-2-500x332.jpg 500w, https:\/\/museutapies.org\/wp-content\/uploads\/2018\/01\/Fundacio_Antoni_Tapies_Barcelona_-_panoramio-2-380x252.jpg 380w, https:\/\/museutapies.org\/wp-content\/uploads\/2018\/01\/Fundacio_Antoni_Tapies_Barcelona_-_panoramio-2-600x398.jpg 600w, https:\/\/museutapies.org\/wp-content\/uploads\/2018\/01\/Fundacio_Antoni_Tapies_Barcelona_-_panoramio-2.jpg 1280w\" sizes=\"(max-width: 800px) 100vw, 800px\" \/>\n\t\t\t<\/dt><\/dl><dl class='gallery-item'>\n\t\t\t<dt class='gallery-icon landscape'>\n\t\t\t\t<img loading=\"lazy\" decoding=\"async\" width=\"800\" height=\"533\" src=\"https:\/\/museutapies.org\/wp-content\/uploads\/2018\/01\/IMG_9927-e1517388966679-800x533.jpg\" class=\"attachment-medium size-medium\" alt=\"\" srcset=\"https:\/\/museutapies.org\/wp-content\/uploads\/2018\/01\/IMG_9927-e1517388966679-800x533.jpg 800w, https:\/\/museutapies.org\/wp-content\/uploads\/2018\/01\/IMG_9927-e1517388966679-768x512.jpg 768w, https:\/\/museutapies.org\/wp-content\/uploads\/2018\/01\/IMG_9927-e1517388966679-900x600.jpg 900w, https:\/\/museutapies.org\/wp-content\/uploads\/2018\/01\/IMG_9927-e1517388966679-500x333.jpg 500w, https:\/\/museutapies.org\/wp-content\/uploads\/2018\/01\/IMG_9927-e1517388966679-380x253.jpg 380w, https:\/\/museutapies.org\/wp-content\/uploads\/2018\/01\/IMG_9927-e1517388966679-600x400.jpg 600w\" sizes=\"(max-width: 800px) 100vw, 800px\" \/>\n\t\t\t<\/dt><\/dl><br style=\"clear: both\" \/>\n\t\t<\/div>\n\n<p>This building\u2019s fa\u00e7ade combines classical stylistic influences, which are visible on the central doorway and the two symmetrical lateral volumes, and Muslim influences, as seen in the use of unpolished brick, classical Mozarabic elements and the arabesque-like geometrical composition.<\/p>\n<p>&nbsp;<\/p>\n\n\t\t<style type=\"text\/css\">\n\t\t\t#gallery-2 {\n\t\t\t\tmargin: auto;\n\t\t\t}\n\t\t\t#gallery-2 .gallery-item {\n\t\t\t\tfloat: left;\n\t\t\t\tmargin-top: 10px;\n\t\t\t\ttext-align: center;\n\t\t\t\twidth: 50%;\n\t\t\t}\n\t\t\t#gallery-2 img {\n\t\t\t\tborder: 2px solid #cfcfcf;\n\t\t\t}\n\t\t\t#gallery-2 .gallery-caption {\n\t\t\t\tmargin-left: 0;\n\t\t\t}\n\t\t\t\/* see gallery_shortcode() in wp-includes\/media.php *\/\n\t\t<\/style>\n\t\t<div id='gallery-2' class='gallery galleryid-5380 gallery-columns-2 gallery-size-medium'><dl class='gallery-item'>\n\t\t\t<dt class='gallery-icon landscape'>\n\t\t\t\t<img loading=\"lazy\" decoding=\"async\" width=\"800\" height=\"533\" src=\"https:\/\/museutapies.org\/wp-content\/uploads\/2018\/01\/IMG_9891-800x533.jpg\" class=\"attachment-medium size-medium\" alt=\"\" srcset=\"https:\/\/museutapies.org\/wp-content\/uploads\/2018\/01\/IMG_9891-800x533.jpg 800w, https:\/\/museutapies.org\/wp-content\/uploads\/2018\/01\/IMG_9891-768x512.jpg 768w, https:\/\/museutapies.org\/wp-content\/uploads\/2018\/01\/IMG_9891-900x600.jpg 900w, https:\/\/museutapies.org\/wp-content\/uploads\/2018\/01\/IMG_9891-500x333.jpg 500w, https:\/\/museutapies.org\/wp-content\/uploads\/2018\/01\/IMG_9891-380x253.jpg 380w, https:\/\/museutapies.org\/wp-content\/uploads\/2018\/01\/IMG_9891-600x400.jpg 600w\" sizes=\"(max-width: 800px) 100vw, 800px\" \/>\n\t\t\t<\/dt><\/dl><dl class='gallery-item'>\n\t\t\t<dt class='gallery-icon landscape'>\n\t\t\t\t<img loading=\"lazy\" decoding=\"async\" width=\"800\" height=\"533\" src=\"https:\/\/museutapies.org\/wp-content\/uploads\/2018\/01\/IMG_9910-800x533.jpg\" class=\"attachment-medium size-medium\" alt=\"\" srcset=\"https:\/\/museutapies.org\/wp-content\/uploads\/2018\/01\/IMG_9910-800x533.jpg 800w, https:\/\/museutapies.org\/wp-content\/uploads\/2018\/01\/IMG_9910-768x512.jpg 768w, https:\/\/museutapies.org\/wp-content\/uploads\/2018\/01\/IMG_9910-900x600.jpg 900w, https:\/\/museutapies.org\/wp-content\/uploads\/2018\/01\/IMG_9910-500x333.jpg 500w, https:\/\/museutapies.org\/wp-content\/uploads\/2018\/01\/IMG_9910-380x253.jpg 380w, https:\/\/museutapies.org\/wp-content\/uploads\/2018\/01\/IMG_9910-600x400.jpg 600w\" sizes=\"(max-width: 800px) 100vw, 800px\" \/>\n\t\t\t<\/dt><\/dl><br style=\"clear: both\" \/><dl class='gallery-item'>\n\t\t\t<dt class='gallery-icon landscape'>\n\t\t\t\t<img loading=\"lazy\" decoding=\"async\" width=\"800\" height=\"533\" src=\"https:\/\/museutapies.org\/wp-content\/uploads\/2018\/01\/IMG_9882-800x533.jpg\" class=\"attachment-medium size-medium\" alt=\"\" srcset=\"https:\/\/museutapies.org\/wp-content\/uploads\/2018\/01\/IMG_9882-800x533.jpg 800w, https:\/\/museutapies.org\/wp-content\/uploads\/2018\/01\/IMG_9882-768x512.jpg 768w, https:\/\/museutapies.org\/wp-content\/uploads\/2018\/01\/IMG_9882-900x600.jpg 900w, https:\/\/museutapies.org\/wp-content\/uploads\/2018\/01\/IMG_9882-500x333.jpg 500w, https:\/\/museutapies.org\/wp-content\/uploads\/2018\/01\/IMG_9882-380x253.jpg 380w, https:\/\/museutapies.org\/wp-content\/uploads\/2018\/01\/IMG_9882-600x400.jpg 600w\" sizes=\"(max-width: 800px) 100vw, 800px\" \/>\n\t\t\t<\/dt><\/dl><dl class='gallery-item'>\n\t\t\t<dt class='gallery-icon landscape'>\n\t\t\t\t<img loading=\"lazy\" decoding=\"async\" width=\"800\" height=\"533\" src=\"https:\/\/museutapies.org\/wp-content\/uploads\/2018\/01\/IMG_0362-800x533.jpg\" class=\"attachment-medium size-medium\" alt=\"\" srcset=\"https:\/\/museutapies.org\/wp-content\/uploads\/2018\/01\/IMG_0362-800x533.jpg 800w, https:\/\/museutapies.org\/wp-content\/uploads\/2018\/01\/IMG_0362-768x511.jpg 768w, https:\/\/museutapies.org\/wp-content\/uploads\/2018\/01\/IMG_0362-900x599.jpg 900w, https:\/\/museutapies.org\/wp-content\/uploads\/2018\/01\/IMG_0362-500x333.jpg 500w, https:\/\/museutapies.org\/wp-content\/uploads\/2018\/01\/IMG_0362-380x253.jpg 380w, https:\/\/museutapies.org\/wp-content\/uploads\/2018\/01\/IMG_0362-600x399.jpg 600w\" sizes=\"(max-width: 800px) 100vw, 800px\" \/>\n\t\t\t<\/dt><\/dl><br style=\"clear: both\" \/>\n\t\t<\/div>\n\n<p>The headquarters of the Museu T\u00e0pies was declared a <strong>historical monument in 1997<\/strong>.<\/p>\n<p>&nbsp;<\/p>\n<p>From 2008 to 2010, the firm of architects \u00c1balos+Sentkiewicz Arquitectos carried out a <strong>second rehabilitation of the building<\/strong> in order to comply with the new safety and evacuation regulations and to recuperate its original industrial character. On this occasion, Antoni T\u00e0pies\u2019 work <strong>Mitj\u00f3 (Sock. Maquette, 1991)<\/strong> was installed on the terrace of the Museu T\u00e0pies, situated on top of the new offices.<\/p>\n<p>&nbsp;<\/p>\n<p><strong>PLANS<\/strong><\/p>\n<p><a href=\"https:\/\/museutapies.org\/wp-content\/uploads\/2020\/01\/03.Nivell-1.pdf\">Level 1: Room and Library<\/a><\/p>\n<p><a href=\"https:\/\/museutapies.org\/wp-content\/uploads\/2020\/01\/05.Nivell-1.pdf\">Level -1: Principal room and Auditorium<\/a><\/p>\n<p><a href=\"https:\/\/museutapies.org\/wp-content\/uploads\/2020\/01\/09.Espai-D-1.pdf\">Level -2. Room 1<\/a><\/p>\n<p><a href=\"https:\/\/museutapies.org\/wp-content\/uploads\/2020\/01\/10.Espai-D-2.pdf\">Level -2. Room 2<\/a><\/p>\n<p><a href=\"https:\/\/museutapies.org\/wp-content\/uploads\/2020\/01\/01.Nivell-2.pdf\">Level 2: Room and Terrace<\/a><\/p>\n<p>&nbsp;<\/p>\n","protected":false},"excerpt":{"rendered":"<p>&nbsp; &nbsp; The Museu T\u00e0pies opened its doors as Fundaci\u00f3 Antoni T\u00e0pies in June 1990 in the building of the [&hellip;]<\/p>\n","protected":false},"author":1,"featured_media":0,"parent":0,"menu_order":0,"comment_status":"closed","ping_status":"closed","template":"template-edifici.php","meta":{"footnotes":""},"acf":[],"yoast_head":"<!-- This site is optimized with the Yoast SEO plugin v20.11 - https:\/\/yoast.com\/wordpress\/plugins\/seo\/ -->\n<title>The Building - Museu T\u00e0pies<\/title>\n<meta name=\"description\" content=\"The Fundaci\u00f3 Antoni T\u00e0pies is located in the building of the former Montaner y Sim\u00f3n publishing house by the modernist architect Llu\u00eds Dom\u00e8nech i Montaner.\" \/>\n<meta name=\"robots\" content=\"index, follow, max-snippet:-1, max-image-preview:large, max-video-preview:-1\" \/>\n<meta property=\"og:locale\" content=\"en_US\" \/>\n<meta property=\"og:type\" content=\"article\" \/>\n<meta property=\"og:title\" content=\"The Building - Museu T\u00e0pies\" \/>\n<meta property=\"og:description\" content=\"The Fundaci\u00f3 Antoni T\u00e0pies is located in the building of the former Montaner y Sim\u00f3n publishing house by the modernist architect Llu\u00eds Dom\u00e8nech i Montaner.\" \/>\n<meta property=\"og:url\" content=\"https:\/\/museutapies.org\/en\/the-building\/\" \/>\n<meta property=\"og:site_name\" content=\"Museu T\u00e0pies\" \/>\n<meta property=\"article:publisher\" content=\"https:\/\/www.facebook.com\/museutapies\" \/>\n<meta property=\"article:modified_time\" content=\"2024-09-30T13:54:26+00:00\" \/>\n<meta property=\"og:image\" content=\"https:\/\/museutapies.org\/wp-content\/uploads\/2018\/01\/Fundacio_Antoni_Tapies_Barcelona_-_panoramio-2-800x531.jpg\" \/>\n<meta name=\"twitter:card\" content=\"summary_large_image\" \/>\n<meta name=\"twitter:label1\" content=\"Est. reading time\" \/>\n\t<meta name=\"twitter:data1\" content=\"4 minutes\" \/>\n<script type=\"application\/ld+json\" class=\"yoast-schema-graph\">{\"@context\":\"https:\/\/schema.org\",\"@graph\":[{\"@type\":\"WebPage\",\"@id\":\"https:\/\/museutapies.org\/en\/the-building\/\",\"url\":\"https:\/\/museutapies.org\/en\/the-building\/\",\"name\":\"The Building - Museu T\u00e0pies\",\"isPartOf\":{\"@id\":\"https:\/\/museutapies.org\/en\/#website\"},\"datePublished\":\"2018-01-16T13:42:59+00:00\",\"dateModified\":\"2024-09-30T13:54:26+00:00\",\"description\":\"The Fundaci\u00f3 Antoni T\u00e0pies is located in the building of the former Montaner y Sim\u00f3n publishing house by the modernist architect Llu\u00eds Dom\u00e8nech i Montaner.\",\"inLanguage\":\"en-US\",\"potentialAction\":[{\"@type\":\"ReadAction\",\"target\":[\"https:\/\/museutapies.org\/en\/the-building\/\"]}]},{\"@type\":\"WebSite\",\"@id\":\"https:\/\/museutapies.org\/en\/#website\",\"url\":\"https:\/\/museutapies.org\/en\/\",\"name\":\"Museu T\u00e0pies\",\"description\":\"\",\"publisher\":{\"@id\":\"https:\/\/museutapies.org\/en\/#organization\"},\"potentialAction\":[{\"@type\":\"SearchAction\",\"target\":{\"@type\":\"EntryPoint\",\"urlTemplate\":\"https:\/\/museutapies.org\/en\/?s={search_term_string}\"},\"query-input\":\"required name=search_term_string\"}],\"inLanguage\":\"en-US\"},{\"@type\":\"Organization\",\"@id\":\"https:\/\/museutapies.org\/en\/#organization\",\"name\":\"Museu T\u00e0pies\",\"url\":\"https:\/\/museutapies.org\/en\/\",\"logo\":{\"@type\":\"ImageObject\",\"inLanguage\":\"en-US\",\"@id\":\"https:\/\/museutapies.org\/en\/#\/schema\/logo\/image\/\",\"url\":\"https:\/\/museutapies.org\/wp-content\/uploads\/2024\/07\/mta.png\",\"contentUrl\":\"https:\/\/museutapies.org\/wp-content\/uploads\/2024\/07\/mta.png\",\"width\":244,\"height\":110,\"caption\":\"Museu T\u00e0pies\"},\"image\":{\"@id\":\"https:\/\/museutapies.org\/en\/#\/schema\/logo\/image\/\"},\"sameAs\":[\"https:\/\/www.facebook.com\/museutapies\",\"https:\/\/www.instagram.com\/museutapies\/\",\"https:\/\/www.youtube.com\/channel\/UCPi65HBb48RMeoa12lR51cQ\",\"https:\/\/x.com\/MuseuTapies\"]}]}<\/script>\n<!-- \/ Yoast SEO plugin. -->","yoast_head_json":{"title":"The Building - Museu T\u00e0pies","description":"The Fundaci\u00f3 Antoni T\u00e0pies is located in the building of the former Montaner y Sim\u00f3n publishing house by the modernist architect Llu\u00eds Dom\u00e8nech i Montaner.","robots":{"index":"index","follow":"follow","max-snippet":"max-snippet:-1","max-image-preview":"max-image-preview:large","max-video-preview":"max-video-preview:-1"},"og_locale":"en_US","og_type":"article","og_title":"The Building - Museu T\u00e0pies","og_description":"The Fundaci\u00f3 Antoni T\u00e0pies is located in the building of the former Montaner y Sim\u00f3n publishing house by the modernist architect Llu\u00eds Dom\u00e8nech i Montaner.","og_url":"https:\/\/museutapies.org\/en\/the-building\/","og_site_name":"Museu T\u00e0pies","article_publisher":"https:\/\/www.facebook.com\/museutapies","article_modified_time":"2024-09-30T13:54:26+00:00","og_image":[{"url":"https:\/\/museutapies.org\/wp-content\/uploads\/2018\/01\/Fundacio_Antoni_Tapies_Barcelona_-_panoramio-2-800x531.jpg"}],"twitter_card":"summary_large_image","twitter_misc":{"Est. reading time":"4 minutes"},"schema":{"@context":"https:\/\/schema.org","@graph":[{"@type":"WebPage","@id":"https:\/\/museutapies.org\/en\/the-building\/","url":"https:\/\/museutapies.org\/en\/the-building\/","name":"The Building - Museu T\u00e0pies","isPartOf":{"@id":"https:\/\/museutapies.org\/en\/#website"},"datePublished":"2018-01-16T13:42:59+00:00","dateModified":"2024-09-30T13:54:26+00:00","description":"The Fundaci\u00f3 Antoni T\u00e0pies is located in the building of the former Montaner y Sim\u00f3n publishing house by the modernist architect Llu\u00eds Dom\u00e8nech i Montaner.","inLanguage":"en-US","potentialAction":[{"@type":"ReadAction","target":["https:\/\/museutapies.org\/en\/the-building\/"]}]},{"@type":"WebSite","@id":"https:\/\/museutapies.org\/en\/#website","url":"https:\/\/museutapies.org\/en\/","name":"Museu T\u00e0pies","description":"","publisher":{"@id":"https:\/\/museutapies.org\/en\/#organization"},"potentialAction":[{"@type":"SearchAction","target":{"@type":"EntryPoint","urlTemplate":"https:\/\/museutapies.org\/en\/?s={search_term_string}"},"query-input":"required name=search_term_string"}],"inLanguage":"en-US"},{"@type":"Organization","@id":"https:\/\/museutapies.org\/en\/#organization","name":"Museu T\u00e0pies","url":"https:\/\/museutapies.org\/en\/","logo":{"@type":"ImageObject","inLanguage":"en-US","@id":"https:\/\/museutapies.org\/en\/#\/schema\/logo\/image\/","url":"https:\/\/museutapies.org\/wp-content\/uploads\/2024\/07\/mta.png","contentUrl":"https:\/\/museutapies.org\/wp-content\/uploads\/2024\/07\/mta.png","width":244,"height":110,"caption":"Museu T\u00e0pies"},"image":{"@id":"https:\/\/museutapies.org\/en\/#\/schema\/logo\/image\/"},"sameAs":["https:\/\/www.facebook.com\/museutapies","https:\/\/www.instagram.com\/museutapies\/","https:\/\/www.youtube.com\/channel\/UCPi65HBb48RMeoa12lR51cQ","https:\/\/x.com\/MuseuTapies"]}]}},"_links":{"self":[{"href":"https:\/\/museutapies.org\/en\/wp-json\/wp\/v2\/pages\/5380"}],"collection":[{"href":"https:\/\/museutapies.org\/en\/wp-json\/wp\/v2\/pages"}],"about":[{"href":"https:\/\/museutapies.org\/en\/wp-json\/wp\/v2\/types\/page"}],"author":[{"embeddable":true,"href":"https:\/\/museutapies.org\/en\/wp-json\/wp\/v2\/users\/1"}],"replies":[{"embeddable":true,"href":"https:\/\/museutapies.org\/en\/wp-json\/wp\/v2\/comments?post=5380"}],"version-history":[{"count":15,"href":"https:\/\/museutapies.org\/en\/wp-json\/wp\/v2\/pages\/5380\/revisions"}],"predecessor-version":[{"id":36117,"href":"https:\/\/museutapies.org\/en\/wp-json\/wp\/v2\/pages\/5380\/revisions\/36117"}],"wp:attachment":[{"href":"https:\/\/museutapies.org\/en\/wp-json\/wp\/v2\/media?parent=5380"}],"curies":[{"name":"wp","href":"https:\/\/api.w.org\/{rel}","templated":true}]}}