{"id":5408,"date":"2018-01-17T09:15:46","date_gmt":"2018-01-17T09:15:46","guid":{"rendered":"https:\/\/museutapies.org\/fundacio-antoni-tapies-library\/preguntes-mes-frequents\/"},"modified":"2025-06-06T11:08:34","modified_gmt":"2025-06-06T09:08:34","slug":"faq-of-the-fundacio-antoni-tapies-library-barcelona","status":"publish","type":"page","link":"https:\/\/museutapies.org\/en\/museui-tapies-library\/faq-of-the-fundacio-antoni-tapies-library-barcelona\/","title":{"rendered":"FAQ"},"content":{"rendered":"<p><strong>\u00b7 How can I use the Library?<\/strong><\/p>\n<p>&nbsp;<\/p>\n<p><span style=\"font-weight: 400\">The Library is open by appointment only. Capacity is limited.<\/span><\/p>\n<p>&nbsp;<\/p>\n<p><span style=\"font-weight: 400\">Appointments can be arranged in this\u00a0<\/span><span style=\"text-decoration: underline\"><a href=\"https:\/\/museutapies.org\/en\/fundacio-antoni-tapies-library\/appointment\/\"><span style=\"font-weight: 400\">form<\/span><\/a><\/span><span style=\"font-weight: 400\">\u00a0or calling +34 934 870 315\u00a0at least 48 hours in advance, and must be confirmed.\u00a0<\/span><\/p>\n<p>&nbsp;<\/p>\n<p><span style=\"font-weight: 400\">If you are unable to come, please let us know as soon as possible to reschedule your appointment.<\/span><\/p>\n<p>&nbsp;<\/p>\n<p><span style=\"font-weight: 400\">All Library materials must be requested a minimum of 48 hours in advance. You can search the\u00a0<\/span><span style=\"text-decoration: underline\"><a href=\"https:\/\/biblioteca.museutapies.org\/\"><span style=\"font-weight: 400\">online Library catalogue<\/span><\/a><\/span><span style=\"font-weight: 400\">.<\/span><\/p>\n<p>&nbsp;<\/p>\n<p><span lang=\"EN-US\">Opening hours:<\/span><span class=\"m_6509610785961947549apple-converted-space\"><span lang=\"EN-US\"> Tuesday to Friday from 10 a.m. to 7 p.m..<\/span><\/span><\/p>\n<p>&nbsp;<\/p>\n<p><strong>\u00b7 How do I get to the Library?<\/strong><\/p>\n<p>&nbsp;<\/p>\n<p><span style=\"font-weight: 400\">The Library is located in the Museu T\u00e0pies building, Carrer Arag\u00f3 255, Barcelona, Catalonia. For directions by metro, bus, or car <\/span><span style=\"text-decoration: underline\"><a href=\"https:\/\/museutapies.org\/en\/visit-us\/\"><span style=\"font-weight: 400\">click here<\/span><\/a><\/span><span style=\"font-weight: 400\">.<\/span><\/p>\n<p><span style=\"font-weight: 400\">\u00a0<\/span><\/p>\n<p><b>\u00b7 What is allowed in the Library?<\/b><\/p>\n<p>&nbsp;<\/p>\n<p><span style=\"font-weight: 400\">You can bring a laptop, notebooks, notes, paper, pencils, digital media and mobile phones. Mobile phones must be silenced and may not be used in the exhibition rooms.<\/span><\/p>\n<p>&nbsp;<\/p>\n<p><span style=\"font-weight: 400\">All bags (including handbags and computer cases), parcels, books, magazines, folders, etc. must be left in the museum Reception. The use of personal stereos, cameras and tape recorders<\/span> <span style=\"font-weight: 400\">is not permitted.<\/span><\/p>\n<p>&nbsp;<\/p>\n<p><span style=\"font-weight: 400\">No glue, ink supplies, correction fluid, scissors, or any substance or equipment which could damage a book are allowed in the Library. Sticky notes may not be used because they cause long-term damage to paper. Tracing is strictly forbidden; readers are not permitted to make any marks on works belonging to the Library.\u00a0<\/span><\/p>\n<p>&nbsp;<\/p>\n<p><span style=\"font-weight: 400\">No food or drink (including mineral water) is allowed in the Library.<\/span><\/p>\n<p>&nbsp;<\/p>\n<p><strong>\u00b7 May I use my laptop in the Library?<\/strong><\/p>\n<p>&nbsp;<\/p>\n<p>Yes, laptops may be used in the Library.<\/p>\n<p>&nbsp;<\/p>\n<p><b>\u00b7 May I connect to the Internet?<\/b><\/p>\n<p>&nbsp;<\/p>\n<p><span style=\"font-weight: 400\">Yes, via the Library Wi-Fi. You can request the password to the Librarians.<\/span><\/p>\n<p>&nbsp;<\/p>\n<p><strong>\u00b7 May I borrow from the Library?<\/strong><\/p>\n<p>&nbsp;<\/p>\n<p><span style=\"font-weight: 400\">No, all books and other materials are for use within the Library only.<\/span><\/p>\n<p>&nbsp;<\/p>\n<p><strong>\u00b7 May I put materials on reserve?<\/strong><\/p>\n<p>&nbsp;<\/p>\n<p><span style=\"font-weight: 400\">Yes, books can be reserved for one week. Special materials and the latest issues of magazines cannot be reserved.<\/span><\/p>\n<p>&nbsp;<\/p>\n<p><strong>\u00b7 May I photograph Library materials?<\/strong><\/p>\n<p>&nbsp;<\/p>\n<p><span style=\"font-weight: 400\">Yes, but as long as the materials are in good condition and the copying process does not affect their preservation. Copies, whether photographs, photocopies, or other reproductions, may be subject to copyright laws. Images may be used only for private study, scholarship, or research. Any other use, including reproduction or publication, requires the permission of the copyright holder.<\/span><\/p>\n<p><span style=\"font-weight: 400\">Copies of special materials require the staff permission. It is not allowed to photograph Archive documents.<\/span><\/p>\n<p>&nbsp;<\/p>\n<p><strong>\u00b7 How can I found a book?<\/strong><\/p>\n<p>&nbsp;<\/p>\n<p><span style=\"font-weight: 400\">You may request items online using the\u00a0Library catalogue<\/span> <span style=\"text-decoration: underline\"><a href=\"https:\/\/biblioteca.museutapies.org\/\"><span style=\"font-weight: 400\">click here<\/span><\/a><\/span><span style=\"font-weight: 400\">.<\/span><\/p>\n<p><span style=\"font-weight: 400\">Librarians can assist you with your search and will prepare the books for you.<\/span><\/p>\n<p><span style=\"font-weight: 400\">Books should be left on the tables. Before leaving the Library, readers must return any items from the Reserve section.<\/span><\/p>\n<p>&nbsp;<\/p>\n<p><strong>\u00b7 May I use the Library\u2019s audiovisual materials?<\/strong><\/p>\n<p>&nbsp;<\/p>\n<p><span style=\"font-weight: 400\">Videos can be viewed at the Library\u2019s video player. CD and DVD players are also available.<\/span><\/p>\n<p>&nbsp;<\/p>\n<p><strong>\u00b7 May I search the Library catalogue on the Internet?<\/strong><\/p>\n<p>&nbsp;<\/p>\n<p><span style=\"font-weight: 400\">The Library catalogue is available\u00a0<\/span><span style=\"text-decoration: underline\"><a href=\"https:\/\/biblioteca.museutapies.org\/\"><span style=\"font-weight: 400\">click here<\/span><\/a><\/span><span style=\"font-weight: 400\">. <\/span><\/p>\n","protected":false},"excerpt":{"rendered":"<p>\u00b7 How can I use the Library? &nbsp; The Library is open by appointment only. Capacity is limited. &nbsp; Appointments [&hellip;]<\/p>\n","protected":false},"author":1,"featured_media":0,"parent":1439,"menu_order":4,"comment_status":"closed","ping_status":"closed","template":"template_sense-menu-lateral.php","meta":{"footnotes":""},"acf":[],"yoast_head":"<!-- This site is optimized with the Yoast SEO plugin v20.11 - https:\/\/yoast.com\/wordpress\/plugins\/seo\/ -->\n<title>FAQ - Museu T\u00e0pies<\/title>\n<meta name=\"description\" content=\"FAQ about the access and the use of the Fundaci\u00f3 Antoni T\u00e0pies museum&#039;s Library (Barcelona)\" \/>\n<meta name=\"robots\" content=\"index, follow, max-snippet:-1, max-image-preview:large, max-video-preview:-1\" \/>\n<meta property=\"og:locale\" content=\"en_US\" \/>\n<meta property=\"og:type\" content=\"article\" \/>\n<meta property=\"og:title\" content=\"FAQ - Museu T\u00e0pies\" \/>\n<meta property=\"og:description\" content=\"FAQ about the access and the use of the Fundaci\u00f3 Antoni T\u00e0pies museum&#039;s Library (Barcelona)\" \/>\n<meta property=\"og:url\" content=\"https:\/\/museutapies.org\/en\/museui-tapies-library\/faq-of-the-fundacio-antoni-tapies-library-barcelona\/\" \/>\n<meta property=\"og:site_name\" content=\"Museu T\u00e0pies\" \/>\n<meta property=\"article:publisher\" content=\"https:\/\/www.facebook.com\/museutapies\" \/>\n<meta property=\"article:modified_time\" content=\"2025-06-06T09:08:34+00:00\" \/>\n<meta name=\"twitter:card\" content=\"summary_large_image\" \/>\n<meta name=\"twitter:label1\" content=\"Est. reading time\" \/>\n\t<meta name=\"twitter:data1\" content=\"3 minutes\" \/>\n<script type=\"application\/ld+json\" class=\"yoast-schema-graph\">{\"@context\":\"https:\/\/schema.org\",\"@graph\":[{\"@type\":\"WebPage\",\"@id\":\"https:\/\/museutapies.org\/en\/museui-tapies-library\/faq-of-the-fundacio-antoni-tapies-library-barcelona\/\",\"url\":\"https:\/\/museutapies.org\/en\/museui-tapies-library\/faq-of-the-fundacio-antoni-tapies-library-barcelona\/\",\"name\":\"FAQ - Museu T\u00e0pies\",\"isPartOf\":{\"@id\":\"https:\/\/museutapies.org\/en\/#website\"},\"datePublished\":\"2018-01-17T09:15:46+00:00\",\"dateModified\":\"2025-06-06T09:08:34+00:00\",\"description\":\"FAQ about the access and the use of the Fundaci\u00f3 Antoni T\u00e0pies museum's Library (Barcelona)\",\"breadcrumb\":{\"@id\":\"https:\/\/museutapies.org\/en\/museui-tapies-library\/faq-of-the-fundacio-antoni-tapies-library-barcelona\/#breadcrumb\"},\"inLanguage\":\"en-US\",\"potentialAction\":[{\"@type\":\"ReadAction\",\"target\":[\"https:\/\/museutapies.org\/en\/museui-tapies-library\/faq-of-the-fundacio-antoni-tapies-library-barcelona\/\"]}]},{\"@type\":\"BreadcrumbList\",\"@id\":\"https:\/\/museutapies.org\/en\/museui-tapies-library\/faq-of-the-fundacio-antoni-tapies-library-barcelona\/#breadcrumb\",\"itemListElement\":[{\"@type\":\"ListItem\",\"position\":1,\"name\":\"Museu T\u00e0pies&#8217; Library\",\"item\":\"https:\/\/museutapies.org\/en\/museui-tapies-library\/\"},{\"@type\":\"ListItem\",\"position\":2,\"name\":\"FAQ\"}]},{\"@type\":\"WebSite\",\"@id\":\"https:\/\/museutapies.org\/en\/#website\",\"url\":\"https:\/\/museutapies.org\/en\/\",\"name\":\"Museu T\u00e0pies\",\"description\":\"\",\"publisher\":{\"@id\":\"https:\/\/museutapies.org\/en\/#organization\"},\"potentialAction\":[{\"@type\":\"SearchAction\",\"target\":{\"@type\":\"EntryPoint\",\"urlTemplate\":\"https:\/\/museutapies.org\/en\/?s={search_term_string}\"},\"query-input\":\"required name=search_term_string\"}],\"inLanguage\":\"en-US\"},{\"@type\":\"Organization\",\"@id\":\"https:\/\/museutapies.org\/en\/#organization\",\"name\":\"Museu T\u00e0pies\",\"url\":\"https:\/\/museutapies.org\/en\/\",\"logo\":{\"@type\":\"ImageObject\",\"inLanguage\":\"en-US\",\"@id\":\"https:\/\/museutapies.org\/en\/#\/schema\/logo\/image\/\",\"url\":\"https:\/\/museutapies.org\/wp-content\/uploads\/2024\/07\/mta.png\",\"contentUrl\":\"https:\/\/museutapies.org\/wp-content\/uploads\/2024\/07\/mta.png\",\"width\":244,\"height\":110,\"caption\":\"Museu T\u00e0pies\"},\"image\":{\"@id\":\"https:\/\/museutapies.org\/en\/#\/schema\/logo\/image\/\"},\"sameAs\":[\"https:\/\/www.facebook.com\/museutapies\",\"https:\/\/www.instagram.com\/museutapies\/\",\"https:\/\/www.youtube.com\/channel\/UCPi65HBb48RMeoa12lR51cQ\",\"https:\/\/x.com\/MuseuTapies\"]}]}<\/script>\n<!-- \/ Yoast SEO plugin. -->","yoast_head_json":{"title":"FAQ - Museu T\u00e0pies","description":"FAQ about the access and the use of the Fundaci\u00f3 Antoni T\u00e0pies museum's Library (Barcelona)","robots":{"index":"index","follow":"follow","max-snippet":"max-snippet:-1","max-image-preview":"max-image-preview:large","max-video-preview":"max-video-preview:-1"},"og_locale":"en_US","og_type":"article","og_title":"FAQ - Museu T\u00e0pies","og_description":"FAQ about the access and the use of the Fundaci\u00f3 Antoni T\u00e0pies museum's Library (Barcelona)","og_url":"https:\/\/museutapies.org\/en\/museui-tapies-library\/faq-of-the-fundacio-antoni-tapies-library-barcelona\/","og_site_name":"Museu T\u00e0pies","article_publisher":"https:\/\/www.facebook.com\/museutapies","article_modified_time":"2025-06-06T09:08:34+00:00","twitter_card":"summary_large_image","twitter_misc":{"Est. reading time":"3 minutes"},"schema":{"@context":"https:\/\/schema.org","@graph":[{"@type":"WebPage","@id":"https:\/\/museutapies.org\/en\/museui-tapies-library\/faq-of-the-fundacio-antoni-tapies-library-barcelona\/","url":"https:\/\/museutapies.org\/en\/museui-tapies-library\/faq-of-the-fundacio-antoni-tapies-library-barcelona\/","name":"FAQ - Museu T\u00e0pies","isPartOf":{"@id":"https:\/\/museutapies.org\/en\/#website"},"datePublished":"2018-01-17T09:15:46+00:00","dateModified":"2025-06-06T09:08:34+00:00","description":"FAQ about the access and the use of the Fundaci\u00f3 Antoni T\u00e0pies museum's Library (Barcelona)","breadcrumb":{"@id":"https:\/\/museutapies.org\/en\/museui-tapies-library\/faq-of-the-fundacio-antoni-tapies-library-barcelona\/#breadcrumb"},"inLanguage":"en-US","potentialAction":[{"@type":"ReadAction","target":["https:\/\/museutapies.org\/en\/museui-tapies-library\/faq-of-the-fundacio-antoni-tapies-library-barcelona\/"]}]},{"@type":"BreadcrumbList","@id":"https:\/\/museutapies.org\/en\/museui-tapies-library\/faq-of-the-fundacio-antoni-tapies-library-barcelona\/#breadcrumb","itemListElement":[{"@type":"ListItem","position":1,"name":"Museu T\u00e0pies&#8217; Library","item":"https:\/\/museutapies.org\/en\/museui-tapies-library\/"},{"@type":"ListItem","position":2,"name":"FAQ"}]},{"@type":"WebSite","@id":"https:\/\/museutapies.org\/en\/#website","url":"https:\/\/museutapies.org\/en\/","name":"Museu T\u00e0pies","description":"","publisher":{"@id":"https:\/\/museutapies.org\/en\/#organization"},"potentialAction":[{"@type":"SearchAction","target":{"@type":"EntryPoint","urlTemplate":"https:\/\/museutapies.org\/en\/?s={search_term_string}"},"query-input":"required name=search_term_string"}],"inLanguage":"en-US"},{"@type":"Organization","@id":"https:\/\/museutapies.org\/en\/#organization","name":"Museu T\u00e0pies","url":"https:\/\/museutapies.org\/en\/","logo":{"@type":"ImageObject","inLanguage":"en-US","@id":"https:\/\/museutapies.org\/en\/#\/schema\/logo\/image\/","url":"https:\/\/museutapies.org\/wp-content\/uploads\/2024\/07\/mta.png","contentUrl":"https:\/\/museutapies.org\/wp-content\/uploads\/2024\/07\/mta.png","width":244,"height":110,"caption":"Museu T\u00e0pies"},"image":{"@id":"https:\/\/museutapies.org\/en\/#\/schema\/logo\/image\/"},"sameAs":["https:\/\/www.facebook.com\/museutapies","https:\/\/www.instagram.com\/museutapies\/","https:\/\/www.youtube.com\/channel\/UCPi65HBb48RMeoa12lR51cQ","https:\/\/x.com\/MuseuTapies"]}]}},"_links":{"self":[{"href":"https:\/\/museutapies.org\/en\/wp-json\/wp\/v2\/pages\/5408"}],"collection":[{"href":"https:\/\/museutapies.org\/en\/wp-json\/wp\/v2\/pages"}],"about":[{"href":"https:\/\/museutapies.org\/en\/wp-json\/wp\/v2\/types\/page"}],"author":[{"embeddable":true,"href":"https:\/\/museutapies.org\/en\/wp-json\/wp\/v2\/users\/1"}],"replies":[{"embeddable":true,"href":"https:\/\/museutapies.org\/en\/wp-json\/wp\/v2\/comments?post=5408"}],"version-history":[{"count":24,"href":"https:\/\/museutapies.org\/en\/wp-json\/wp\/v2\/pages\/5408\/revisions"}],"predecessor-version":[{"id":39906,"href":"https:\/\/museutapies.org\/en\/wp-json\/wp\/v2\/pages\/5408\/revisions\/39906"}],"up":[{"embeddable":true,"href":"https:\/\/museutapies.org\/en\/wp-json\/wp\/v2\/pages\/1439"}],"wp:attachment":[{"href":"https:\/\/museutapies.org\/en\/wp-json\/wp\/v2\/media?parent=5408"}],"curies":[{"name":"wp","href":"https:\/\/api.w.org\/{rel}","templated":true}]}}