{"id":5613,"date":"2018-02-19T11:47:10","date_gmt":"2018-02-19T11:47:10","guid":{"rendered":"https:\/\/museutapies.org\/?page_id=5613"},"modified":"2024-10-11T14:30:30","modified_gmt":"2024-10-11T12:30:30","slug":"institutional-documentation","status":"publish","type":"page","link":"https:\/\/museutapies.org\/en\/board-of-trustees\/institutional-documentation\/","title":{"rendered":"Institutional Documentation"},"content":{"rendered":"<p>Documentation only available in Catalan.<\/p>\n<p>&nbsp;<\/p>\n<p><strong>Statutes of the Fundaci\u00f3 Antoni T\u00e0pies:<\/strong><\/p>\n<p>&nbsp;<\/p>\n<p><a href=\"https:\/\/museutapies.org\/wp-content\/uploads\/2018\/05\/Estatuts_2012-web.pdf\" target=\"_blank\" rel=\"noopener\">Estatuts<\/a><\/p>\n<p>&nbsp;<\/p>\n<p>&nbsp;<\/p>\n<p><strong>2011<\/strong><\/p>\n<p><a href=\"https:\/\/museutapies.org\/wp-content\/uploads\/2018\/06\/Memoria_2011.pdf\" target=\"_blank\" rel=\"noopener\">Mem\u00f2ria 2011<\/a><\/p>\n<p><a href=\"https:\/\/museutapies.org\/site\/IMG\/pdf\/2011_CCAA__Balance_y_PPGG_.pdf\" target=\"_blank\" rel=\"noopener\">Balan\u00e7 2011<\/a><\/p>\n<p>&nbsp;<\/p>\n<p>&nbsp;<\/p>\n<p><strong>2012<\/strong><\/p>\n<p><a href=\"https:\/\/museutapies.org\/wp-content\/uploads\/2018\/06\/Memoria_2012-web.pdf\" target=\"_blank\" rel=\"noopener\">Mem\u00f2ria 2012<\/a><\/p>\n<p><a href=\"https:\/\/museutapies.org\/wp-content\/uploads\/2018\/06\/2012_CCAA_Balance_y_PPGG_web.pdf\" target=\"_blank\" rel=\"noopener\">Balan\u00e7 2012<\/a><\/p>\n<p>&nbsp;<\/p>\n<p>&nbsp;<\/p>\n<p><strong>2013<\/strong><\/p>\n<p><a href=\"https:\/\/museutapies.org\/wp-content\/uploads\/2018\/06\/Memoria_2013.pdf\" target=\"_blank\" rel=\"noopener\">Mem\u00f2ria 2013<\/a><\/p>\n<p><a href=\"https:\/\/museutapies.org\/wp-content\/uploads\/2018\/06\/2013_CCAA_Balnace_y_PPGG.pdf\" target=\"_blank\" rel=\"noopener\">Balan\u00e7 2013<\/a><\/p>\n","protected":false},"excerpt":{"rendered":"<p>Documentation only available in Catalan. &nbsp; Statutes of the Fundaci\u00f3 Antoni T\u00e0pies: &nbsp; Estatuts &nbsp; &nbsp; 2011 Mem\u00f2ria 2011 Balan\u00e7 [&hellip;]<\/p>\n","protected":false},"author":4,"featured_media":0,"parent":2041,"menu_order":3,"comment_status":"closed","ping_status":"closed","template":"template_sense-menu-lateral.php","meta":{"footnotes":""},"acf":[],"yoast_head":"<!-- This site is optimized with the Yoast SEO plugin v20.11 - https:\/\/yoast.com\/wordpress\/plugins\/seo\/ -->\n<title>Institutional Documentation - Museu T\u00e0pies<\/title>\n<meta name=\"robots\" content=\"index, follow, max-snippet:-1, max-image-preview:large, max-video-preview:-1\" \/>\n<meta property=\"og:locale\" content=\"en_US\" \/>\n<meta property=\"og:type\" content=\"article\" \/>\n<meta property=\"og:title\" content=\"Institutional Documentation - Museu T\u00e0pies\" \/>\n<meta property=\"og:description\" content=\"Documentation only available in Catalan. &nbsp; Statutes of the Fundaci\u00f3 Antoni T\u00e0pies: &nbsp; Estatuts &nbsp; &nbsp; 2011 Mem\u00f2ria 2011 Balan\u00e7 [&hellip;]\" \/>\n<meta property=\"og:url\" content=\"https:\/\/museutapies.org\/en\/board-of-trustees\/institutional-documentation\/\" \/>\n<meta property=\"og:site_name\" content=\"Museu T\u00e0pies\" \/>\n<meta property=\"article:publisher\" content=\"https:\/\/www.facebook.com\/museutapies\" \/>\n<meta property=\"article:modified_time\" content=\"2024-10-11T12:30:30+00:00\" \/>\n<meta name=\"twitter:card\" content=\"summary_large_image\" \/>\n<meta name=\"twitter:label1\" content=\"Est. reading time\" \/>\n\t<meta name=\"twitter:data1\" content=\"1 minute\" \/>\n<script type=\"application\/ld+json\" class=\"yoast-schema-graph\">{\"@context\":\"https:\/\/schema.org\",\"@graph\":[{\"@type\":\"WebPage\",\"@id\":\"https:\/\/museutapies.org\/en\/board-of-trustees\/institutional-documentation\/\",\"url\":\"https:\/\/museutapies.org\/en\/board-of-trustees\/institutional-documentation\/\",\"name\":\"Institutional Documentation - Museu T\u00e0pies\",\"isPartOf\":{\"@id\":\"https:\/\/museutapies.org\/en\/#website\"},\"datePublished\":\"2018-02-19T11:47:10+00:00\",\"dateModified\":\"2024-10-11T12:30:30+00:00\",\"breadcrumb\":{\"@id\":\"https:\/\/museutapies.org\/en\/board-of-trustees\/institutional-documentation\/#breadcrumb\"},\"inLanguage\":\"en-US\",\"potentialAction\":[{\"@type\":\"ReadAction\",\"target\":[\"https:\/\/museutapies.org\/en\/board-of-trustees\/institutional-documentation\/\"]}]},{\"@type\":\"BreadcrumbList\",\"@id\":\"https:\/\/museutapies.org\/en\/board-of-trustees\/institutional-documentation\/#breadcrumb\",\"itemListElement\":[{\"@type\":\"ListItem\",\"position\":1,\"name\":\"Board of Trustees\",\"item\":\"https:\/\/museutapies.org\/en\/board-of-trustees\/\"},{\"@type\":\"ListItem\",\"position\":2,\"name\":\"Institutional Documentation\"}]},{\"@type\":\"WebSite\",\"@id\":\"https:\/\/museutapies.org\/en\/#website\",\"url\":\"https:\/\/museutapies.org\/en\/\",\"name\":\"Museu T\u00e0pies\",\"description\":\"\",\"publisher\":{\"@id\":\"https:\/\/museutapies.org\/en\/#organization\"},\"potentialAction\":[{\"@type\":\"SearchAction\",\"target\":{\"@type\":\"EntryPoint\",\"urlTemplate\":\"https:\/\/museutapies.org\/en\/?s={search_term_string}\"},\"query-input\":\"required name=search_term_string\"}],\"inLanguage\":\"en-US\"},{\"@type\":\"Organization\",\"@id\":\"https:\/\/museutapies.org\/en\/#organization\",\"name\":\"Museu T\u00e0pies\",\"url\":\"https:\/\/museutapies.org\/en\/\",\"logo\":{\"@type\":\"ImageObject\",\"inLanguage\":\"en-US\",\"@id\":\"https:\/\/museutapies.org\/en\/#\/schema\/logo\/image\/\",\"url\":\"https:\/\/museutapies.org\/wp-content\/uploads\/2024\/07\/mta.png\",\"contentUrl\":\"https:\/\/museutapies.org\/wp-content\/uploads\/2024\/07\/mta.png\",\"width\":244,\"height\":110,\"caption\":\"Museu T\u00e0pies\"},\"image\":{\"@id\":\"https:\/\/museutapies.org\/en\/#\/schema\/logo\/image\/\"},\"sameAs\":[\"https:\/\/www.facebook.com\/museutapies\",\"https:\/\/www.instagram.com\/museutapies\/\",\"https:\/\/www.youtube.com\/channel\/UCPi65HBb48RMeoa12lR51cQ\",\"https:\/\/x.com\/MuseuTapies\"]}]}<\/script>\n<!-- \/ Yoast SEO plugin. -->","yoast_head_json":{"title":"Institutional Documentation - Museu T\u00e0pies","robots":{"index":"index","follow":"follow","max-snippet":"max-snippet:-1","max-image-preview":"max-image-preview:large","max-video-preview":"max-video-preview:-1"},"og_locale":"en_US","og_type":"article","og_title":"Institutional Documentation - Museu T\u00e0pies","og_description":"Documentation only available in Catalan. &nbsp; Statutes of the Fundaci\u00f3 Antoni T\u00e0pies: &nbsp; Estatuts &nbsp; &nbsp; 2011 Mem\u00f2ria 2011 Balan\u00e7 [&hellip;]","og_url":"https:\/\/museutapies.org\/en\/board-of-trustees\/institutional-documentation\/","og_site_name":"Museu T\u00e0pies","article_publisher":"https:\/\/www.facebook.com\/museutapies","article_modified_time":"2024-10-11T12:30:30+00:00","twitter_card":"summary_large_image","twitter_misc":{"Est. reading time":"1 minute"},"schema":{"@context":"https:\/\/schema.org","@graph":[{"@type":"WebPage","@id":"https:\/\/museutapies.org\/en\/board-of-trustees\/institutional-documentation\/","url":"https:\/\/museutapies.org\/en\/board-of-trustees\/institutional-documentation\/","name":"Institutional Documentation - Museu T\u00e0pies","isPartOf":{"@id":"https:\/\/museutapies.org\/en\/#website"},"datePublished":"2018-02-19T11:47:10+00:00","dateModified":"2024-10-11T12:30:30+00:00","breadcrumb":{"@id":"https:\/\/museutapies.org\/en\/board-of-trustees\/institutional-documentation\/#breadcrumb"},"inLanguage":"en-US","potentialAction":[{"@type":"ReadAction","target":["https:\/\/museutapies.org\/en\/board-of-trustees\/institutional-documentation\/"]}]},{"@type":"BreadcrumbList","@id":"https:\/\/museutapies.org\/en\/board-of-trustees\/institutional-documentation\/#breadcrumb","itemListElement":[{"@type":"ListItem","position":1,"name":"Board of Trustees","item":"https:\/\/museutapies.org\/en\/board-of-trustees\/"},{"@type":"ListItem","position":2,"name":"Institutional Documentation"}]},{"@type":"WebSite","@id":"https:\/\/museutapies.org\/en\/#website","url":"https:\/\/museutapies.org\/en\/","name":"Museu T\u00e0pies","description":"","publisher":{"@id":"https:\/\/museutapies.org\/en\/#organization"},"potentialAction":[{"@type":"SearchAction","target":{"@type":"EntryPoint","urlTemplate":"https:\/\/museutapies.org\/en\/?s={search_term_string}"},"query-input":"required name=search_term_string"}],"inLanguage":"en-US"},{"@type":"Organization","@id":"https:\/\/museutapies.org\/en\/#organization","name":"Museu T\u00e0pies","url":"https:\/\/museutapies.org\/en\/","logo":{"@type":"ImageObject","inLanguage":"en-US","@id":"https:\/\/museutapies.org\/en\/#\/schema\/logo\/image\/","url":"https:\/\/museutapies.org\/wp-content\/uploads\/2024\/07\/mta.png","contentUrl":"https:\/\/museutapies.org\/wp-content\/uploads\/2024\/07\/mta.png","width":244,"height":110,"caption":"Museu T\u00e0pies"},"image":{"@id":"https:\/\/museutapies.org\/en\/#\/schema\/logo\/image\/"},"sameAs":["https:\/\/www.facebook.com\/museutapies","https:\/\/www.instagram.com\/museutapies\/","https:\/\/www.youtube.com\/channel\/UCPi65HBb48RMeoa12lR51cQ","https:\/\/x.com\/MuseuTapies"]}]}},"_links":{"self":[{"href":"https:\/\/museutapies.org\/en\/wp-json\/wp\/v2\/pages\/5613"}],"collection":[{"href":"https:\/\/museutapies.org\/en\/wp-json\/wp\/v2\/pages"}],"about":[{"href":"https:\/\/museutapies.org\/en\/wp-json\/wp\/v2\/types\/page"}],"author":[{"embeddable":true,"href":"https:\/\/museutapies.org\/en\/wp-json\/wp\/v2\/users\/4"}],"replies":[{"embeddable":true,"href":"https:\/\/museutapies.org\/en\/wp-json\/wp\/v2\/comments?post=5613"}],"version-history":[{"count":4,"href":"https:\/\/museutapies.org\/en\/wp-json\/wp\/v2\/pages\/5613\/revisions"}],"predecessor-version":[{"id":36392,"href":"https:\/\/museutapies.org\/en\/wp-json\/wp\/v2\/pages\/5613\/revisions\/36392"}],"up":[{"embeddable":true,"href":"https:\/\/museutapies.org\/en\/wp-json\/wp\/v2\/pages\/2041"}],"wp:attachment":[{"href":"https:\/\/museutapies.org\/en\/wp-json\/wp\/v2\/media?parent=5613"}],"curies":[{"name":"wp","href":"https:\/\/api.w.org\/{rel}","templated":true}]}}