{"id":6178,"date":"2018-03-06T10:44:49","date_gmt":"2018-03-06T10:44:49","guid":{"rendered":"https:\/\/museutapies.org\/?page_id=6178"},"modified":"2018-03-12T10:29:22","modified_gmt":"2018-03-12T10:29:22","slug":"the-fundacio","status":"publish","type":"page","link":"https:\/\/museutapies.org\/en\/the-fundacio\/","title":{"rendered":"The Fundaci\u00f3"},"content":{"rendered":"<h2>The Fundaci\u00f3 Antoni T\u00e0pies was created in 1984 by the artist Antoni T\u00e0pies to promote the study and knowledge of modern and contemporary art.<\/h2>\n<p>&nbsp;<\/p>\n<p>To that end, the Fundaci\u00f3 opened its doors in June 1990 in the building of the former Editorial Montaner i Simon publishing house, the work of the Modernist architect Llu\u00eds Dom\u00e8nech i Montaner, restored and refurbished by the architects Roser Amad\u00f3 and Llu\u00eds Dom\u00e8nech Girbau. Constructed between 1880 and 1881, at an early stage of the evolution of Catalan Modernism, the building was the first in the Eixample district to integrate industrial typology and technology, combining exposed brick and iron, into the fabric of the city centre.<\/p>\n<p>&nbsp;<\/p>\n<p>The Fundaci\u00f3 Antoni T\u00e0pies takes a plural, interdisciplinary approach and aims to set up cooperative ventures with experts in different fields of learning to contribute to a better understanding of contemporary art and culture. It combines the organisation of temporary exhibitions, symposia, lectures and film seasons with a range of publications to go with the activities and periodic shows of Antoni T\u00e0pies\u2019 work. The Fundaci\u00f3 owns one of the most complete collections of T\u00e0pies\u2019 work, mostly made up of donations by Antoni and Teresa T\u00e0pies.<\/p>\n<p>&nbsp;<\/p>\n<p>The Library of the Fundaci\u00f3 Antoni T\u00e0pies is in the old Editorial Montaner i Simon warehouse; the original shelves have been conserved. The Library specialises in modern and contemporary art. It also houses the largest archive on T\u00e0pies\u2019 work, collections on Asian and Pre-Columbian arts and culture as well as the arts of Africa and Oceania which have had such a great influence on the evolution of 20th century art. Other subjects, such as architecture, design, the decorative arts, photography, film and video are also represented. The initial core donated by Antoni T\u00e0pies has been enlarged with recent and historical publications and international videos and magazines, which help to swell an ever-increasing collection.<\/p>\n","protected":false},"excerpt":{"rendered":"<p>The Fundaci\u00f3 Antoni T\u00e0pies was created in 1984 by the artist Antoni T\u00e0pies to promote the study and knowledge of [&hellip;]<\/p>\n","protected":false},"author":4,"featured_media":0,"parent":0,"menu_order":0,"comment_status":"closed","ping_status":"closed","template":"template-edifici.php","meta":{"footnotes":""},"acf":[],"yoast_head":"<!-- This site is optimized with the Yoast SEO plugin v20.11 - https:\/\/yoast.com\/wordpress\/plugins\/seo\/ -->\n<title>The Fundaci\u00f3 - Museu T\u00e0pies<\/title>\n<meta name=\"robots\" content=\"index, follow, max-snippet:-1, max-image-preview:large, max-video-preview:-1\" \/>\n<meta property=\"og:locale\" content=\"en_US\" \/>\n<meta property=\"og:type\" content=\"article\" \/>\n<meta property=\"og:title\" content=\"The Fundaci\u00f3 - Museu T\u00e0pies\" \/>\n<meta property=\"og:description\" content=\"The Fundaci\u00f3 Antoni T\u00e0pies was created in 1984 by the artist Antoni T\u00e0pies to promote the study and knowledge of [&hellip;]\" \/>\n<meta property=\"og:url\" content=\"https:\/\/museutapies.org\/en\/the-fundacio\/\" \/>\n<meta property=\"og:site_name\" content=\"Museu T\u00e0pies\" \/>\n<meta property=\"article:publisher\" content=\"https:\/\/www.facebook.com\/museutapies\" \/>\n<meta property=\"article:modified_time\" content=\"2018-03-12T10:29:22+00:00\" \/>\n<meta name=\"twitter:card\" content=\"summary_large_image\" \/>\n<meta name=\"twitter:label1\" content=\"Est. reading time\" \/>\n\t<meta name=\"twitter:data1\" content=\"2 minutes\" \/>\n<script type=\"application\/ld+json\" class=\"yoast-schema-graph\">{\"@context\":\"https:\/\/schema.org\",\"@graph\":[{\"@type\":\"WebPage\",\"@id\":\"https:\/\/museutapies.org\/en\/the-fundacio\/\",\"url\":\"https:\/\/museutapies.org\/en\/the-fundacio\/\",\"name\":\"The Fundaci\u00f3 - Museu T\u00e0pies\",\"isPartOf\":{\"@id\":\"https:\/\/museutapies.org\/en\/#website\"},\"datePublished\":\"2018-03-06T10:44:49+00:00\",\"dateModified\":\"2018-03-12T10:29:22+00:00\",\"inLanguage\":\"en-US\",\"potentialAction\":[{\"@type\":\"ReadAction\",\"target\":[\"https:\/\/museutapies.org\/en\/the-fundacio\/\"]}]},{\"@type\":\"WebSite\",\"@id\":\"https:\/\/museutapies.org\/en\/#website\",\"url\":\"https:\/\/museutapies.org\/en\/\",\"name\":\"Museu T\u00e0pies\",\"description\":\"\",\"publisher\":{\"@id\":\"https:\/\/museutapies.org\/en\/#organization\"},\"potentialAction\":[{\"@type\":\"SearchAction\",\"target\":{\"@type\":\"EntryPoint\",\"urlTemplate\":\"https:\/\/museutapies.org\/en\/?s={search_term_string}\"},\"query-input\":\"required name=search_term_string\"}],\"inLanguage\":\"en-US\"},{\"@type\":\"Organization\",\"@id\":\"https:\/\/museutapies.org\/en\/#organization\",\"name\":\"Museu T\u00e0pies\",\"url\":\"https:\/\/museutapies.org\/en\/\",\"logo\":{\"@type\":\"ImageObject\",\"inLanguage\":\"en-US\",\"@id\":\"https:\/\/museutapies.org\/en\/#\/schema\/logo\/image\/\",\"url\":\"https:\/\/museutapies.org\/wp-content\/uploads\/2024\/07\/mta.png\",\"contentUrl\":\"https:\/\/museutapies.org\/wp-content\/uploads\/2024\/07\/mta.png\",\"width\":244,\"height\":110,\"caption\":\"Museu T\u00e0pies\"},\"image\":{\"@id\":\"https:\/\/museutapies.org\/en\/#\/schema\/logo\/image\/\"},\"sameAs\":[\"https:\/\/www.facebook.com\/museutapies\",\"https:\/\/www.instagram.com\/museutapies\/\",\"https:\/\/www.youtube.com\/channel\/UCPi65HBb48RMeoa12lR51cQ\",\"https:\/\/x.com\/MuseuTapies\"]}]}<\/script>\n<!-- \/ Yoast SEO plugin. -->","yoast_head_json":{"title":"The Fundaci\u00f3 - Museu T\u00e0pies","robots":{"index":"index","follow":"follow","max-snippet":"max-snippet:-1","max-image-preview":"max-image-preview:large","max-video-preview":"max-video-preview:-1"},"og_locale":"en_US","og_type":"article","og_title":"The Fundaci\u00f3 - Museu T\u00e0pies","og_description":"The Fundaci\u00f3 Antoni T\u00e0pies was created in 1984 by the artist Antoni T\u00e0pies to promote the study and knowledge of [&hellip;]","og_url":"https:\/\/museutapies.org\/en\/the-fundacio\/","og_site_name":"Museu T\u00e0pies","article_publisher":"https:\/\/www.facebook.com\/museutapies","article_modified_time":"2018-03-12T10:29:22+00:00","twitter_card":"summary_large_image","twitter_misc":{"Est. reading time":"2 minutes"},"schema":{"@context":"https:\/\/schema.org","@graph":[{"@type":"WebPage","@id":"https:\/\/museutapies.org\/en\/the-fundacio\/","url":"https:\/\/museutapies.org\/en\/the-fundacio\/","name":"The Fundaci\u00f3 - Museu T\u00e0pies","isPartOf":{"@id":"https:\/\/museutapies.org\/en\/#website"},"datePublished":"2018-03-06T10:44:49+00:00","dateModified":"2018-03-12T10:29:22+00:00","inLanguage":"en-US","potentialAction":[{"@type":"ReadAction","target":["https:\/\/museutapies.org\/en\/the-fundacio\/"]}]},{"@type":"WebSite","@id":"https:\/\/museutapies.org\/en\/#website","url":"https:\/\/museutapies.org\/en\/","name":"Museu T\u00e0pies","description":"","publisher":{"@id":"https:\/\/museutapies.org\/en\/#organization"},"potentialAction":[{"@type":"SearchAction","target":{"@type":"EntryPoint","urlTemplate":"https:\/\/museutapies.org\/en\/?s={search_term_string}"},"query-input":"required name=search_term_string"}],"inLanguage":"en-US"},{"@type":"Organization","@id":"https:\/\/museutapies.org\/en\/#organization","name":"Museu T\u00e0pies","url":"https:\/\/museutapies.org\/en\/","logo":{"@type":"ImageObject","inLanguage":"en-US","@id":"https:\/\/museutapies.org\/en\/#\/schema\/logo\/image\/","url":"https:\/\/museutapies.org\/wp-content\/uploads\/2024\/07\/mta.png","contentUrl":"https:\/\/museutapies.org\/wp-content\/uploads\/2024\/07\/mta.png","width":244,"height":110,"caption":"Museu T\u00e0pies"},"image":{"@id":"https:\/\/museutapies.org\/en\/#\/schema\/logo\/image\/"},"sameAs":["https:\/\/www.facebook.com\/museutapies","https:\/\/www.instagram.com\/museutapies\/","https:\/\/www.youtube.com\/channel\/UCPi65HBb48RMeoa12lR51cQ","https:\/\/x.com\/MuseuTapies"]}]}},"_links":{"self":[{"href":"https:\/\/museutapies.org\/en\/wp-json\/wp\/v2\/pages\/6178"}],"collection":[{"href":"https:\/\/museutapies.org\/en\/wp-json\/wp\/v2\/pages"}],"about":[{"href":"https:\/\/museutapies.org\/en\/wp-json\/wp\/v2\/types\/page"}],"author":[{"embeddable":true,"href":"https:\/\/museutapies.org\/en\/wp-json\/wp\/v2\/users\/4"}],"replies":[{"embeddable":true,"href":"https:\/\/museutapies.org\/en\/wp-json\/wp\/v2\/comments?post=6178"}],"version-history":[{"count":3,"href":"https:\/\/museutapies.org\/en\/wp-json\/wp\/v2\/pages\/6178\/revisions"}],"predecessor-version":[{"id":6273,"href":"https:\/\/museutapies.org\/en\/wp-json\/wp\/v2\/pages\/6178\/revisions\/6273"}],"wp:attachment":[{"href":"https:\/\/museutapies.org\/en\/wp-json\/wp\/v2\/media?parent=6178"}],"curies":[{"name":"wp","href":"https:\/\/api.w.org\/{rel}","templated":true}]}}