{"id":8036,"date":"2018-05-08T08:55:22","date_gmt":"2018-05-08T08:55:22","guid":{"rendered":"https:\/\/museutapies.org\/?page_id=8036"},"modified":"2026-01-13T18:36:45","modified_gmt":"2026-01-13T17:36:45","slug":"certificates-authenticity-antoni-tapiess-original-work","status":"publish","type":"page","link":"https:\/\/museutapies.org\/en\/board-of-trustees\/certificates-authenticity-antoni-tapiess-original-work\/","title":{"rendered":"Certificates of authenticity of Antoni T\u00e0pies\u2019s original work"},"content":{"rendered":"<p><span style=\"color: #ffffff\">.<\/span><\/p>\n<p>The function of the T\u00e0pies Commission is to authenticate works of art attributed to Antoni T\u00e0pies and to issue the corresponding certificates of authenticity. These are the only certificates authorised by the artist himself and officially valid.<\/p>\n<p>&nbsp;<\/p>\n<p>For a work of art by Antoni T\u00e0pies to obtain a certificate of authenticity, it must satisfy the rules drawn up by the T\u00e0pies Commission. These rules are included in the attached documentation.<\/p>\n<p>&nbsp;<\/p>\n<p>For more information, please contact the T\u00e0pies Commission:<\/p>\n<p>&nbsp;<\/p>\n<p>Margarita Burbano<br \/>\nc\/o. Comissi\u00f3 T\u00e0pies<br \/>\ne-mail: tapies.antoni@gmail.com<\/p>\n<p>&nbsp;<\/p>\n<p><a href=\"https:\/\/drive.google.com\/file\/d\/10CiCEs9iZwX3alPpjuuHBlzyypRDMVJN\/view?usp=sharing\"><strong>REGULATIONS &#8211; ENGLISH (EU)<\/strong><\/a><\/p>\n<p>&nbsp;<\/p>\n<p><a href=\"https:\/\/drive.google.com\/file\/d\/1HwQYJWThGGR4RpE7Pe11QWvov4fIMc9M\/view?usp=sharing\"><strong>REGULATIONS &#8211; ENGLISH (USA)<\/strong><\/a><\/p>\n<p>&nbsp;<\/p>\n<p>_<\/p>\n","protected":false},"excerpt":{"rendered":"<p>. The function of the T\u00e0pies Commission is to authenticate works of art attributed to Antoni T\u00e0pies and to issue [&hellip;]<\/p>\n","protected":false},"author":2,"featured_media":43185,"parent":2041,"menu_order":0,"comment_status":"closed","ping_status":"closed","template":"","meta":{"footnotes":""},"acf":[],"yoast_head":"<!-- This site is optimized with the Yoast SEO plugin v20.11 - https:\/\/yoast.com\/wordpress\/plugins\/seo\/ -->\n<title>Certificates of authenticity of Antoni T\u00e0pies\u2019s original work - Museu T\u00e0pies<\/title>\n<meta name=\"description\" content=\"The T\u00e0pies Commission authenticates works of art attributed to Antoni T\u00e0pies and issues the corresponding certificates of authenticity.\" \/>\n<meta name=\"robots\" content=\"index, follow, max-snippet:-1, max-image-preview:large, max-video-preview:-1\" \/>\n<meta property=\"og:locale\" content=\"en_US\" \/>\n<meta property=\"og:type\" content=\"article\" \/>\n<meta property=\"og:title\" content=\"Certificates of authenticity of Antoni T\u00e0pies\u2019s original work - Museu T\u00e0pies\" \/>\n<meta property=\"og:description\" content=\"The T\u00e0pies Commission authenticates works of art attributed to Antoni T\u00e0pies and issues the corresponding certificates of authenticity.\" \/>\n<meta property=\"og:url\" content=\"https:\/\/museutapies.org\/en\/board-of-trustees\/certificates-authenticity-antoni-tapiess-original-work\/\" \/>\n<meta property=\"og:site_name\" content=\"Museu T\u00e0pies\" \/>\n<meta property=\"article:publisher\" content=\"https:\/\/www.facebook.com\/museutapies\" \/>\n<meta property=\"article:modified_time\" content=\"2026-01-13T17:36:45+00:00\" \/>\n<meta property=\"og:image\" content=\"https:\/\/museutapies.org\/wp-content\/uploads\/2026\/01\/firma-tapies-2.jpg\" \/>\n\t<meta property=\"og:image:width\" content=\"318\" \/>\n\t<meta property=\"og:image:height\" content=\"195\" \/>\n\t<meta property=\"og:image:type\" content=\"image\/jpeg\" \/>\n<meta name=\"twitter:card\" content=\"summary_large_image\" \/>\n<meta name=\"twitter:label1\" content=\"Est. reading time\" \/>\n\t<meta name=\"twitter:data1\" content=\"1 minute\" \/>\n<script type=\"application\/ld+json\" class=\"yoast-schema-graph\">{\"@context\":\"https:\/\/schema.org\",\"@graph\":[{\"@type\":\"WebPage\",\"@id\":\"https:\/\/museutapies.org\/en\/board-of-trustees\/certificates-authenticity-antoni-tapiess-original-work\/\",\"url\":\"https:\/\/museutapies.org\/en\/board-of-trustees\/certificates-authenticity-antoni-tapiess-original-work\/\",\"name\":\"Certificates of authenticity of Antoni T\u00e0pies\u2019s original work - Museu T\u00e0pies\",\"isPartOf\":{\"@id\":\"https:\/\/museutapies.org\/en\/#website\"},\"datePublished\":\"2018-05-08T08:55:22+00:00\",\"dateModified\":\"2026-01-13T17:36:45+00:00\",\"description\":\"The T\u00e0pies Commission authenticates works of art attributed to Antoni T\u00e0pies and issues the corresponding certificates of authenticity.\",\"breadcrumb\":{\"@id\":\"https:\/\/museutapies.org\/en\/board-of-trustees\/certificates-authenticity-antoni-tapiess-original-work\/#breadcrumb\"},\"inLanguage\":\"en-US\",\"potentialAction\":[{\"@type\":\"ReadAction\",\"target\":[\"https:\/\/museutapies.org\/en\/board-of-trustees\/certificates-authenticity-antoni-tapiess-original-work\/\"]}]},{\"@type\":\"BreadcrumbList\",\"@id\":\"https:\/\/museutapies.org\/en\/board-of-trustees\/certificates-authenticity-antoni-tapiess-original-work\/#breadcrumb\",\"itemListElement\":[{\"@type\":\"ListItem\",\"position\":1,\"name\":\"Board of Trustees\",\"item\":\"https:\/\/museutapies.org\/en\/board-of-trustees\/\"},{\"@type\":\"ListItem\",\"position\":2,\"name\":\"Certificates of authenticity of Antoni T\u00e0pies\u2019s original work\"}]},{\"@type\":\"WebSite\",\"@id\":\"https:\/\/museutapies.org\/en\/#website\",\"url\":\"https:\/\/museutapies.org\/en\/\",\"name\":\"Museu T\u00e0pies\",\"description\":\"\",\"publisher\":{\"@id\":\"https:\/\/museutapies.org\/en\/#organization\"},\"potentialAction\":[{\"@type\":\"SearchAction\",\"target\":{\"@type\":\"EntryPoint\",\"urlTemplate\":\"https:\/\/museutapies.org\/en\/?s={search_term_string}\"},\"query-input\":\"required name=search_term_string\"}],\"inLanguage\":\"en-US\"},{\"@type\":\"Organization\",\"@id\":\"https:\/\/museutapies.org\/en\/#organization\",\"name\":\"Museu T\u00e0pies\",\"url\":\"https:\/\/museutapies.org\/en\/\",\"logo\":{\"@type\":\"ImageObject\",\"inLanguage\":\"en-US\",\"@id\":\"https:\/\/museutapies.org\/en\/#\/schema\/logo\/image\/\",\"url\":\"https:\/\/museutapies.org\/wp-content\/uploads\/2024\/07\/mta.png\",\"contentUrl\":\"https:\/\/museutapies.org\/wp-content\/uploads\/2024\/07\/mta.png\",\"width\":244,\"height\":110,\"caption\":\"Museu T\u00e0pies\"},\"image\":{\"@id\":\"https:\/\/museutapies.org\/en\/#\/schema\/logo\/image\/\"},\"sameAs\":[\"https:\/\/www.facebook.com\/museutapies\",\"https:\/\/www.instagram.com\/museutapies\/\",\"https:\/\/www.youtube.com\/channel\/UCPi65HBb48RMeoa12lR51cQ\",\"https:\/\/x.com\/MuseuTapies\"]}]}<\/script>\n<!-- \/ Yoast SEO plugin. -->","yoast_head_json":{"title":"Certificates of authenticity of Antoni T\u00e0pies\u2019s original work - Museu T\u00e0pies","description":"The T\u00e0pies Commission authenticates works of art attributed to Antoni T\u00e0pies and issues the corresponding certificates of authenticity.","robots":{"index":"index","follow":"follow","max-snippet":"max-snippet:-1","max-image-preview":"max-image-preview:large","max-video-preview":"max-video-preview:-1"},"og_locale":"en_US","og_type":"article","og_title":"Certificates of authenticity of Antoni T\u00e0pies\u2019s original work - Museu T\u00e0pies","og_description":"The T\u00e0pies Commission authenticates works of art attributed to Antoni T\u00e0pies and issues the corresponding certificates of authenticity.","og_url":"https:\/\/museutapies.org\/en\/board-of-trustees\/certificates-authenticity-antoni-tapiess-original-work\/","og_site_name":"Museu T\u00e0pies","article_publisher":"https:\/\/www.facebook.com\/museutapies","article_modified_time":"2026-01-13T17:36:45+00:00","og_image":[{"width":318,"height":195,"url":"https:\/\/museutapies.org\/wp-content\/uploads\/2026\/01\/firma-tapies-2.jpg","type":"image\/jpeg"}],"twitter_card":"summary_large_image","twitter_misc":{"Est. reading time":"1 minute"},"schema":{"@context":"https:\/\/schema.org","@graph":[{"@type":"WebPage","@id":"https:\/\/museutapies.org\/en\/board-of-trustees\/certificates-authenticity-antoni-tapiess-original-work\/","url":"https:\/\/museutapies.org\/en\/board-of-trustees\/certificates-authenticity-antoni-tapiess-original-work\/","name":"Certificates of authenticity of Antoni T\u00e0pies\u2019s original work - Museu T\u00e0pies","isPartOf":{"@id":"https:\/\/museutapies.org\/en\/#website"},"datePublished":"2018-05-08T08:55:22+00:00","dateModified":"2026-01-13T17:36:45+00:00","description":"The T\u00e0pies Commission authenticates works of art attributed to Antoni T\u00e0pies and issues the corresponding certificates of authenticity.","breadcrumb":{"@id":"https:\/\/museutapies.org\/en\/board-of-trustees\/certificates-authenticity-antoni-tapiess-original-work\/#breadcrumb"},"inLanguage":"en-US","potentialAction":[{"@type":"ReadAction","target":["https:\/\/museutapies.org\/en\/board-of-trustees\/certificates-authenticity-antoni-tapiess-original-work\/"]}]},{"@type":"BreadcrumbList","@id":"https:\/\/museutapies.org\/en\/board-of-trustees\/certificates-authenticity-antoni-tapiess-original-work\/#breadcrumb","itemListElement":[{"@type":"ListItem","position":1,"name":"Board of Trustees","item":"https:\/\/museutapies.org\/en\/board-of-trustees\/"},{"@type":"ListItem","position":2,"name":"Certificates of authenticity of Antoni T\u00e0pies\u2019s original work"}]},{"@type":"WebSite","@id":"https:\/\/museutapies.org\/en\/#website","url":"https:\/\/museutapies.org\/en\/","name":"Museu T\u00e0pies","description":"","publisher":{"@id":"https:\/\/museutapies.org\/en\/#organization"},"potentialAction":[{"@type":"SearchAction","target":{"@type":"EntryPoint","urlTemplate":"https:\/\/museutapies.org\/en\/?s={search_term_string}"},"query-input":"required name=search_term_string"}],"inLanguage":"en-US"},{"@type":"Organization","@id":"https:\/\/museutapies.org\/en\/#organization","name":"Museu T\u00e0pies","url":"https:\/\/museutapies.org\/en\/","logo":{"@type":"ImageObject","inLanguage":"en-US","@id":"https:\/\/museutapies.org\/en\/#\/schema\/logo\/image\/","url":"https:\/\/museutapies.org\/wp-content\/uploads\/2024\/07\/mta.png","contentUrl":"https:\/\/museutapies.org\/wp-content\/uploads\/2024\/07\/mta.png","width":244,"height":110,"caption":"Museu T\u00e0pies"},"image":{"@id":"https:\/\/museutapies.org\/en\/#\/schema\/logo\/image\/"},"sameAs":["https:\/\/www.facebook.com\/museutapies","https:\/\/www.instagram.com\/museutapies\/","https:\/\/www.youtube.com\/channel\/UCPi65HBb48RMeoa12lR51cQ","https:\/\/x.com\/MuseuTapies"]}]}},"_links":{"self":[{"href":"https:\/\/museutapies.org\/en\/wp-json\/wp\/v2\/pages\/8036"}],"collection":[{"href":"https:\/\/museutapies.org\/en\/wp-json\/wp\/v2\/pages"}],"about":[{"href":"https:\/\/museutapies.org\/en\/wp-json\/wp\/v2\/types\/page"}],"author":[{"embeddable":true,"href":"https:\/\/museutapies.org\/en\/wp-json\/wp\/v2\/users\/2"}],"replies":[{"embeddable":true,"href":"https:\/\/museutapies.org\/en\/wp-json\/wp\/v2\/comments?post=8036"}],"version-history":[{"count":16,"href":"https:\/\/museutapies.org\/en\/wp-json\/wp\/v2\/pages\/8036\/revisions"}],"predecessor-version":[{"id":43321,"href":"https:\/\/museutapies.org\/en\/wp-json\/wp\/v2\/pages\/8036\/revisions\/43321"}],"up":[{"embeddable":true,"href":"https:\/\/museutapies.org\/en\/wp-json\/wp\/v2\/pages\/2041"}],"wp:featuredmedia":[{"embeddable":true,"href":"https:\/\/museutapies.org\/en\/wp-json\/wp\/v2\/media\/43185"}],"wp:attachment":[{"href":"https:\/\/museutapies.org\/en\/wp-json\/wp\/v2\/media?parent=8036"}],"curies":[{"name":"wp","href":"https:\/\/api.w.org\/{rel}","templated":true}]}}