{"id":15289,"date":"2018-02-14T11:07:12","date_gmt":"2018-02-14T10:44:12","guid":{"rendered":"https:\/\/museutapies.org\/producte\/tapies-obra-completa-volum-1r-1943-1960\/"},"modified":"2023-11-27T11:12:33","modified_gmt":"2023-11-27T11:12:33","slug":"tapies-obra-completa-volum-1r-1943-1960","status":"publish","type":"product","link":"https:\/\/museutapies.org\/en\/producte\/tapies-obra-completa-volum-1r-1943-1960\/","title":{"rendered":"T\u00e0pies. Obra completa. Volum 1r. 1943-1960"},"content":{"rendered":"<p>First volume of the catalogue raisonn\u00e9 of T\u00e0pies\u2019 complete works. It encompasses the works of the period 1943 to 1960, from the manifestations of youth, close to Dadaism and Art brut, and the forays into the orbit close to Surrealism and abstraction, to the initial fullness of the matter paintings that coincides with his international success.<\/p>\n","protected":false},"excerpt":{"rendered":"<p>First volume of the catalogue raisonn\u00e9 of T\u00e0pies\u2019 complete works. It encompasses the works of the period 1943 to 1960, [&hellip;]<\/p>\n","protected":false},"featured_media":15768,"comment_status":"open","ping_status":"closed","template":"","meta":{"footnotes":""},"product_cat":[114,139,130],"product_tag":[],"acf":[],"yoast_head":"<!-- This site is optimized with the Yoast SEO plugin v20.11 - https:\/\/yoast.com\/wordpress\/plugins\/seo\/ -->\n<title>T\u00e0pies. Obra completa. Volum 1r. 1943-1960 - Museu T\u00e0pies<\/title>\n<meta name=\"description\" content=\"First volume of the catalogue raisonn\u00e9 of T\u00e0pies\u2019 complete works. It encompasses the works of the period 1943 to 1960.\" \/>\n<meta name=\"robots\" content=\"index, follow, max-snippet:-1, max-image-preview:large, max-video-preview:-1\" \/>\n<meta property=\"og:locale\" content=\"en_US\" \/>\n<meta property=\"og:type\" content=\"article\" \/>\n<meta property=\"og:title\" content=\"T\u00e0pies. Obra completa. Volum 1r. 1943-1960 - Museu T\u00e0pies\" \/>\n<meta property=\"og:description\" content=\"First volume of the catalogue raisonn\u00e9 of T\u00e0pies\u2019 complete works. It encompasses the works of the period 1943 to 1960.\" \/>\n<meta property=\"og:url\" content=\"https:\/\/museutapies.org\/en\/producte\/tapies-obra-completa-volum-1r-1943-1960\/\" \/>\n<meta property=\"og:site_name\" content=\"Museu T\u00e0pies\" \/>\n<meta property=\"article:publisher\" content=\"https:\/\/www.facebook.com\/museutapies\" \/>\n<meta property=\"article:modified_time\" content=\"2023-11-27T11:12:33+00:00\" \/>\n<meta property=\"og:image\" content=\"https:\/\/museutapies.org\/wp-content\/uploads\/2018\/02\/tapies-obra-1-completa.jpg\" \/>\n\t<meta property=\"og:image:width\" content=\"394\" \/>\n\t<meta property=\"og:image:height\" content=\"394\" \/>\n\t<meta property=\"og:image:type\" content=\"image\/jpeg\" \/>\n<meta name=\"twitter:card\" content=\"summary_large_image\" \/>\n<meta name=\"twitter:label1\" content=\"Est. reading time\" \/>\n\t<meta name=\"twitter:data1\" content=\"1 minute\" \/>\n<script type=\"application\/ld+json\" class=\"yoast-schema-graph\">{\"@context\":\"https:\/\/schema.org\",\"@graph\":[{\"@type\":\"WebPage\",\"@id\":\"https:\/\/museutapies.org\/en\/producte\/tapies-obra-completa-volum-1r-1943-1960\/\",\"url\":\"https:\/\/museutapies.org\/en\/producte\/tapies-obra-completa-volum-1r-1943-1960\/\",\"name\":\"T\u00e0pies. Obra completa. Volum 1r. 1943-1960 - Museu T\u00e0pies\",\"isPartOf\":{\"@id\":\"https:\/\/museutapies.org\/en\/#website\"},\"datePublished\":\"2018-02-14T10:44:12+00:00\",\"dateModified\":\"2023-11-27T11:12:33+00:00\",\"description\":\"First volume of the catalogue raisonn\u00e9 of T\u00e0pies\u2019 complete works. It encompasses the works of the period 1943 to 1960.\",\"breadcrumb\":{\"@id\":\"https:\/\/museutapies.org\/en\/producte\/tapies-obra-completa-volum-1r-1943-1960\/#breadcrumb\"},\"inLanguage\":\"en-US\",\"potentialAction\":[{\"@type\":\"ReadAction\",\"target\":[\"https:\/\/museutapies.org\/en\/producte\/tapies-obra-completa-volum-1r-1943-1960\/\"]}]},{\"@type\":\"BreadcrumbList\",\"@id\":\"https:\/\/museutapies.org\/en\/producte\/tapies-obra-completa-volum-1r-1943-1960\/#breadcrumb\",\"itemListElement\":[{\"@type\":\"ListItem\",\"position\":1,\"name\":\"Tots els productes\",\"item\":\"https:\/\/museutapies.org\/productes\/\"},{\"@type\":\"ListItem\",\"position\":2,\"name\":\"T\u00e0pies. Obra completa. Volum 1r. 1943-1960\"}]},{\"@type\":\"WebSite\",\"@id\":\"https:\/\/museutapies.org\/en\/#website\",\"url\":\"https:\/\/museutapies.org\/en\/\",\"name\":\"Museu T\u00e0pies\",\"description\":\"\",\"publisher\":{\"@id\":\"https:\/\/museutapies.org\/en\/#organization\"},\"potentialAction\":[{\"@type\":\"SearchAction\",\"target\":{\"@type\":\"EntryPoint\",\"urlTemplate\":\"https:\/\/museutapies.org\/en\/?s={search_term_string}\"},\"query-input\":\"required name=search_term_string\"}],\"inLanguage\":\"en-US\"},{\"@type\":\"Organization\",\"@id\":\"https:\/\/museutapies.org\/en\/#organization\",\"name\":\"Museu T\u00e0pies\",\"url\":\"https:\/\/museutapies.org\/en\/\",\"logo\":{\"@type\":\"ImageObject\",\"inLanguage\":\"en-US\",\"@id\":\"https:\/\/museutapies.org\/en\/#\/schema\/logo\/image\/\",\"url\":\"https:\/\/museutapies.org\/wp-content\/uploads\/2024\/07\/mta.png\",\"contentUrl\":\"https:\/\/museutapies.org\/wp-content\/uploads\/2024\/07\/mta.png\",\"width\":244,\"height\":110,\"caption\":\"Museu T\u00e0pies\"},\"image\":{\"@id\":\"https:\/\/museutapies.org\/en\/#\/schema\/logo\/image\/\"},\"sameAs\":[\"https:\/\/www.facebook.com\/museutapies\",\"https:\/\/www.instagram.com\/museutapies\/\",\"https:\/\/www.youtube.com\/channel\/UCPi65HBb48RMeoa12lR51cQ\",\"https:\/\/x.com\/MuseuTapies\"]}]}<\/script>\n<!-- \/ Yoast SEO plugin. -->","yoast_head_json":{"title":"T\u00e0pies. Obra completa. Volum 1r. 1943-1960 - Museu T\u00e0pies","description":"First volume of the catalogue raisonn\u00e9 of T\u00e0pies\u2019 complete works. It encompasses the works of the period 1943 to 1960.","robots":{"index":"index","follow":"follow","max-snippet":"max-snippet:-1","max-image-preview":"max-image-preview:large","max-video-preview":"max-video-preview:-1"},"og_locale":"en_US","og_type":"article","og_title":"T\u00e0pies. Obra completa. Volum 1r. 1943-1960 - Museu T\u00e0pies","og_description":"First volume of the catalogue raisonn\u00e9 of T\u00e0pies\u2019 complete works. It encompasses the works of the period 1943 to 1960.","og_url":"https:\/\/museutapies.org\/en\/producte\/tapies-obra-completa-volum-1r-1943-1960\/","og_site_name":"Museu T\u00e0pies","article_publisher":"https:\/\/www.facebook.com\/museutapies","article_modified_time":"2023-11-27T11:12:33+00:00","og_image":[{"width":394,"height":394,"url":"https:\/\/museutapies.org\/wp-content\/uploads\/2018\/02\/tapies-obra-1-completa.jpg","type":"image\/jpeg"}],"twitter_card":"summary_large_image","twitter_misc":{"Est. reading time":"1 minute"},"schema":{"@context":"https:\/\/schema.org","@graph":[{"@type":"WebPage","@id":"https:\/\/museutapies.org\/en\/producte\/tapies-obra-completa-volum-1r-1943-1960\/","url":"https:\/\/museutapies.org\/en\/producte\/tapies-obra-completa-volum-1r-1943-1960\/","name":"T\u00e0pies. Obra completa. Volum 1r. 1943-1960 - Museu T\u00e0pies","isPartOf":{"@id":"https:\/\/museutapies.org\/en\/#website"},"datePublished":"2018-02-14T10:44:12+00:00","dateModified":"2023-11-27T11:12:33+00:00","description":"First volume of the catalogue raisonn\u00e9 of T\u00e0pies\u2019 complete works. It encompasses the works of the period 1943 to 1960.","breadcrumb":{"@id":"https:\/\/museutapies.org\/en\/producte\/tapies-obra-completa-volum-1r-1943-1960\/#breadcrumb"},"inLanguage":"en-US","potentialAction":[{"@type":"ReadAction","target":["https:\/\/museutapies.org\/en\/producte\/tapies-obra-completa-volum-1r-1943-1960\/"]}]},{"@type":"BreadcrumbList","@id":"https:\/\/museutapies.org\/en\/producte\/tapies-obra-completa-volum-1r-1943-1960\/#breadcrumb","itemListElement":[{"@type":"ListItem","position":1,"name":"Tots els productes","item":"https:\/\/museutapies.org\/productes\/"},{"@type":"ListItem","position":2,"name":"T\u00e0pies. Obra completa. Volum 1r. 1943-1960"}]},{"@type":"WebSite","@id":"https:\/\/museutapies.org\/en\/#website","url":"https:\/\/museutapies.org\/en\/","name":"Museu T\u00e0pies","description":"","publisher":{"@id":"https:\/\/museutapies.org\/en\/#organization"},"potentialAction":[{"@type":"SearchAction","target":{"@type":"EntryPoint","urlTemplate":"https:\/\/museutapies.org\/en\/?s={search_term_string}"},"query-input":"required name=search_term_string"}],"inLanguage":"en-US"},{"@type":"Organization","@id":"https:\/\/museutapies.org\/en\/#organization","name":"Museu T\u00e0pies","url":"https:\/\/museutapies.org\/en\/","logo":{"@type":"ImageObject","inLanguage":"en-US","@id":"https:\/\/museutapies.org\/en\/#\/schema\/logo\/image\/","url":"https:\/\/museutapies.org\/wp-content\/uploads\/2024\/07\/mta.png","contentUrl":"https:\/\/museutapies.org\/wp-content\/uploads\/2024\/07\/mta.png","width":244,"height":110,"caption":"Museu T\u00e0pies"},"image":{"@id":"https:\/\/museutapies.org\/en\/#\/schema\/logo\/image\/"},"sameAs":["https:\/\/www.facebook.com\/museutapies","https:\/\/www.instagram.com\/museutapies\/","https:\/\/www.youtube.com\/channel\/UCPi65HBb48RMeoa12lR51cQ","https:\/\/x.com\/MuseuTapies"]}]}},"_links":{"self":[{"href":"https:\/\/museutapies.org\/en\/wp-json\/wp\/v2\/product\/15289"}],"collection":[{"href":"https:\/\/museutapies.org\/en\/wp-json\/wp\/v2\/product"}],"about":[{"href":"https:\/\/museutapies.org\/en\/wp-json\/wp\/v2\/types\/product"}],"replies":[{"embeddable":true,"href":"https:\/\/museutapies.org\/en\/wp-json\/wp\/v2\/comments?post=15289"}],"version-history":[{"count":4,"href":"https:\/\/museutapies.org\/en\/wp-json\/wp\/v2\/product\/15289\/revisions"}],"predecessor-version":[{"id":19904,"href":"https:\/\/museutapies.org\/en\/wp-json\/wp\/v2\/product\/15289\/revisions\/19904"}],"wp:featuredmedia":[{"embeddable":true,"href":"https:\/\/museutapies.org\/en\/wp-json\/wp\/v2\/media\/15768"}],"wp:attachment":[{"href":"https:\/\/museutapies.org\/en\/wp-json\/wp\/v2\/media?parent=15289"}],"wp:term":[{"taxonomy":"product_cat","embeddable":true,"href":"https:\/\/museutapies.org\/en\/wp-json\/wp\/v2\/product_cat?post=15289"},{"taxonomy":"product_tag","embeddable":true,"href":"https:\/\/museutapies.org\/en\/wp-json\/wp\/v2\/product_tag?post=15289"}],"curies":[{"name":"wp","href":"https:\/\/api.w.org\/{rel}","templated":true}]}}