{"id":16378,"date":"2018-02-14T10:15:14","date_gmt":"2018-02-14T10:15:14","guid":{"rendered":"https:\/\/museutapies.org\/producte\/tapies-escriptura-material-llibres\/"},"modified":"2021-11-29T00:19:21","modified_gmt":"2021-11-29T00:19:21","slug":"tapies-escriptura-material-llibres","status":"publish","type":"product","link":"https:\/\/museutapies.org\/en\/producte\/tapies-escriptura-material-llibres\/","title":{"rendered":"T\u00e0pies. Escriptura material. Llibres"},"content":{"rendered":"<p>Catalogue raisonn\u00e9 of eighty-three artist\u2019s books made by Antoni T\u00e0pies between 1949 and 1998, a lot of which were created in collaboration with other writers (especially with poets such as Ramon Llull, Octavio Paz, Joseph Brodsky, Joan Brossa and Yves Bonnefoy, among many others). Two essays on T\u00e0pies\u2019 books complete the catalogue.<\/p>\n","protected":false},"excerpt":{"rendered":"<p>Catalogue raisonn\u00e9 of eighty-three artist\u2019s books made by Antoni T\u00e0pies between 1949 and 1998, a lot of which were created [&hellip;]<\/p>\n","protected":false},"featured_media":15798,"comment_status":"open","ping_status":"closed","template":"","meta":{"footnotes":""},"product_cat":[114,127,136],"product_tag":[],"acf":[],"yoast_head":"<!-- This site is optimized with the Yoast SEO plugin v20.11 - https:\/\/yoast.com\/wordpress\/plugins\/seo\/ -->\n<title>T\u00e0pies. Escriptura material. Llibres - Museu T\u00e0pies<\/title>\n<meta name=\"description\" content=\"Catalogue raisonn\u00e9 of eighty-three artist\u2019s books made by Antoni T\u00e0pies between 1949 and 1998, a lot of which were created in collaboration with other writers (especially with poets such as Ramon Llull, Octavio Paz, Joseph Brodsky, Joan Brossa and Yves Bonnefoy, among many others). Two essays on T\u00e0pies\u2019 books complete the catalogue.\" \/>\n<meta name=\"robots\" content=\"index, follow, max-snippet:-1, max-image-preview:large, max-video-preview:-1\" \/>\n<meta property=\"og:locale\" content=\"en_US\" \/>\n<meta property=\"og:type\" content=\"article\" \/>\n<meta property=\"og:title\" content=\"T\u00e0pies. Escriptura material. Llibres - Museu T\u00e0pies\" \/>\n<meta property=\"og:description\" content=\"Catalogue raisonn\u00e9 of eighty-three artist\u2019s books made by Antoni T\u00e0pies between 1949 and 1998, a lot of which were created in collaboration with other writers (especially with poets such as Ramon Llull, Octavio Paz, Joseph Brodsky, Joan Brossa and Yves Bonnefoy, among many others). Two essays on T\u00e0pies\u2019 books complete the catalogue.\" \/>\n<meta property=\"og:url\" content=\"https:\/\/museutapies.org\/en\/producte\/tapies-escriptura-material-llibres\/\" \/>\n<meta property=\"og:site_name\" content=\"Museu T\u00e0pies\" \/>\n<meta property=\"article:publisher\" content=\"https:\/\/www.facebook.com\/museutapies\" \/>\n<meta property=\"article:modified_time\" content=\"2021-11-29T00:19:21+00:00\" \/>\n<meta property=\"og:image\" content=\"https:\/\/museutapies.org\/wp-content\/uploads\/2018\/02\/tapies-escriptura-material.jpg\" \/>\n\t<meta property=\"og:image:width\" content=\"364\" \/>\n\t<meta property=\"og:image:height\" content=\"364\" \/>\n\t<meta property=\"og:image:type\" content=\"image\/jpeg\" \/>\n<meta name=\"twitter:card\" content=\"summary_large_image\" \/>\n<meta name=\"twitter:label1\" content=\"Est. reading time\" \/>\n\t<meta name=\"twitter:data1\" content=\"1 minute\" \/>\n<script type=\"application\/ld+json\" class=\"yoast-schema-graph\">{\"@context\":\"https:\/\/schema.org\",\"@graph\":[{\"@type\":\"WebPage\",\"@id\":\"https:\/\/museutapies.org\/en\/producte\/tapies-escriptura-material-llibres\/\",\"url\":\"https:\/\/museutapies.org\/en\/producte\/tapies-escriptura-material-llibres\/\",\"name\":\"T\u00e0pies. Escriptura material. Llibres - Museu T\u00e0pies\",\"isPartOf\":{\"@id\":\"https:\/\/museutapies.org\/en\/#website\"},\"datePublished\":\"2018-02-14T10:15:14+00:00\",\"dateModified\":\"2021-11-29T00:19:21+00:00\",\"description\":\"Catalogue raisonn\u00e9 of eighty-three artist\u2019s books made by Antoni T\u00e0pies between 1949 and 1998, a lot of which were created in collaboration with other writers (especially with poets such as Ramon Llull, Octavio Paz, Joseph Brodsky, Joan Brossa and Yves Bonnefoy, among many others). Two essays on T\u00e0pies\u2019 books complete the catalogue.\",\"breadcrumb\":{\"@id\":\"https:\/\/museutapies.org\/en\/producte\/tapies-escriptura-material-llibres\/#breadcrumb\"},\"inLanguage\":\"en-US\",\"potentialAction\":[{\"@type\":\"ReadAction\",\"target\":[\"https:\/\/museutapies.org\/en\/producte\/tapies-escriptura-material-llibres\/\"]}]},{\"@type\":\"BreadcrumbList\",\"@id\":\"https:\/\/museutapies.org\/en\/producte\/tapies-escriptura-material-llibres\/#breadcrumb\",\"itemListElement\":[{\"@type\":\"ListItem\",\"position\":1,\"name\":\"Tots els productes\",\"item\":\"https:\/\/museutapies.org\/productes\/\"},{\"@type\":\"ListItem\",\"position\":2,\"name\":\"T\u00e0pies. Escriptura material. Llibres\"}]},{\"@type\":\"WebSite\",\"@id\":\"https:\/\/museutapies.org\/en\/#website\",\"url\":\"https:\/\/museutapies.org\/en\/\",\"name\":\"Museu T\u00e0pies\",\"description\":\"\",\"publisher\":{\"@id\":\"https:\/\/museutapies.org\/en\/#organization\"},\"potentialAction\":[{\"@type\":\"SearchAction\",\"target\":{\"@type\":\"EntryPoint\",\"urlTemplate\":\"https:\/\/museutapies.org\/en\/?s={search_term_string}\"},\"query-input\":\"required name=search_term_string\"}],\"inLanguage\":\"en-US\"},{\"@type\":\"Organization\",\"@id\":\"https:\/\/museutapies.org\/en\/#organization\",\"name\":\"Museu T\u00e0pies\",\"url\":\"https:\/\/museutapies.org\/en\/\",\"logo\":{\"@type\":\"ImageObject\",\"inLanguage\":\"en-US\",\"@id\":\"https:\/\/museutapies.org\/en\/#\/schema\/logo\/image\/\",\"url\":\"https:\/\/museutapies.org\/wp-content\/uploads\/2024\/07\/mta.png\",\"contentUrl\":\"https:\/\/museutapies.org\/wp-content\/uploads\/2024\/07\/mta.png\",\"width\":244,\"height\":110,\"caption\":\"Museu T\u00e0pies\"},\"image\":{\"@id\":\"https:\/\/museutapies.org\/en\/#\/schema\/logo\/image\/\"},\"sameAs\":[\"https:\/\/www.facebook.com\/museutapies\",\"https:\/\/www.instagram.com\/museutapies\/\",\"https:\/\/www.youtube.com\/channel\/UCPi65HBb48RMeoa12lR51cQ\",\"https:\/\/x.com\/MuseuTapies\"]}]}<\/script>\n<!-- \/ Yoast SEO plugin. -->","yoast_head_json":{"title":"T\u00e0pies. Escriptura material. Llibres - Museu T\u00e0pies","description":"Catalogue raisonn\u00e9 of eighty-three artist\u2019s books made by Antoni T\u00e0pies between 1949 and 1998, a lot of which were created in collaboration with other writers (especially with poets such as Ramon Llull, Octavio Paz, Joseph Brodsky, Joan Brossa and Yves Bonnefoy, among many others). Two essays on T\u00e0pies\u2019 books complete the catalogue.","robots":{"index":"index","follow":"follow","max-snippet":"max-snippet:-1","max-image-preview":"max-image-preview:large","max-video-preview":"max-video-preview:-1"},"og_locale":"en_US","og_type":"article","og_title":"T\u00e0pies. Escriptura material. Llibres - Museu T\u00e0pies","og_description":"Catalogue raisonn\u00e9 of eighty-three artist\u2019s books made by Antoni T\u00e0pies between 1949 and 1998, a lot of which were created in collaboration with other writers (especially with poets such as Ramon Llull, Octavio Paz, Joseph Brodsky, Joan Brossa and Yves Bonnefoy, among many others). Two essays on T\u00e0pies\u2019 books complete the catalogue.","og_url":"https:\/\/museutapies.org\/en\/producte\/tapies-escriptura-material-llibres\/","og_site_name":"Museu T\u00e0pies","article_publisher":"https:\/\/www.facebook.com\/museutapies","article_modified_time":"2021-11-29T00:19:21+00:00","og_image":[{"width":364,"height":364,"url":"https:\/\/museutapies.org\/wp-content\/uploads\/2018\/02\/tapies-escriptura-material.jpg","type":"image\/jpeg"}],"twitter_card":"summary_large_image","twitter_misc":{"Est. reading time":"1 minute"},"schema":{"@context":"https:\/\/schema.org","@graph":[{"@type":"WebPage","@id":"https:\/\/museutapies.org\/en\/producte\/tapies-escriptura-material-llibres\/","url":"https:\/\/museutapies.org\/en\/producte\/tapies-escriptura-material-llibres\/","name":"T\u00e0pies. Escriptura material. Llibres - Museu T\u00e0pies","isPartOf":{"@id":"https:\/\/museutapies.org\/en\/#website"},"datePublished":"2018-02-14T10:15:14+00:00","dateModified":"2021-11-29T00:19:21+00:00","description":"Catalogue raisonn\u00e9 of eighty-three artist\u2019s books made by Antoni T\u00e0pies between 1949 and 1998, a lot of which were created in collaboration with other writers (especially with poets such as Ramon Llull, Octavio Paz, Joseph Brodsky, Joan Brossa and Yves Bonnefoy, among many others). Two essays on T\u00e0pies\u2019 books complete the catalogue.","breadcrumb":{"@id":"https:\/\/museutapies.org\/en\/producte\/tapies-escriptura-material-llibres\/#breadcrumb"},"inLanguage":"en-US","potentialAction":[{"@type":"ReadAction","target":["https:\/\/museutapies.org\/en\/producte\/tapies-escriptura-material-llibres\/"]}]},{"@type":"BreadcrumbList","@id":"https:\/\/museutapies.org\/en\/producte\/tapies-escriptura-material-llibres\/#breadcrumb","itemListElement":[{"@type":"ListItem","position":1,"name":"Tots els productes","item":"https:\/\/museutapies.org\/productes\/"},{"@type":"ListItem","position":2,"name":"T\u00e0pies. Escriptura material. Llibres"}]},{"@type":"WebSite","@id":"https:\/\/museutapies.org\/en\/#website","url":"https:\/\/museutapies.org\/en\/","name":"Museu T\u00e0pies","description":"","publisher":{"@id":"https:\/\/museutapies.org\/en\/#organization"},"potentialAction":[{"@type":"SearchAction","target":{"@type":"EntryPoint","urlTemplate":"https:\/\/museutapies.org\/en\/?s={search_term_string}"},"query-input":"required name=search_term_string"}],"inLanguage":"en-US"},{"@type":"Organization","@id":"https:\/\/museutapies.org\/en\/#organization","name":"Museu T\u00e0pies","url":"https:\/\/museutapies.org\/en\/","logo":{"@type":"ImageObject","inLanguage":"en-US","@id":"https:\/\/museutapies.org\/en\/#\/schema\/logo\/image\/","url":"https:\/\/museutapies.org\/wp-content\/uploads\/2024\/07\/mta.png","contentUrl":"https:\/\/museutapies.org\/wp-content\/uploads\/2024\/07\/mta.png","width":244,"height":110,"caption":"Museu T\u00e0pies"},"image":{"@id":"https:\/\/museutapies.org\/en\/#\/schema\/logo\/image\/"},"sameAs":["https:\/\/www.facebook.com\/museutapies","https:\/\/www.instagram.com\/museutapies\/","https:\/\/www.youtube.com\/channel\/UCPi65HBb48RMeoa12lR51cQ","https:\/\/x.com\/MuseuTapies"]}]}},"_links":{"self":[{"href":"https:\/\/museutapies.org\/en\/wp-json\/wp\/v2\/product\/16378"}],"collection":[{"href":"https:\/\/museutapies.org\/en\/wp-json\/wp\/v2\/product"}],"about":[{"href":"https:\/\/museutapies.org\/en\/wp-json\/wp\/v2\/types\/product"}],"replies":[{"embeddable":true,"href":"https:\/\/museutapies.org\/en\/wp-json\/wp\/v2\/comments?post=16378"}],"version-history":[{"count":5,"href":"https:\/\/museutapies.org\/en\/wp-json\/wp\/v2\/product\/16378\/revisions"}],"predecessor-version":[{"id":20080,"href":"https:\/\/museutapies.org\/en\/wp-json\/wp\/v2\/product\/16378\/revisions\/20080"}],"wp:featuredmedia":[{"embeddable":true,"href":"https:\/\/museutapies.org\/en\/wp-json\/wp\/v2\/media\/15798"}],"wp:attachment":[{"href":"https:\/\/museutapies.org\/en\/wp-json\/wp\/v2\/media?parent=16378"}],"wp:term":[{"taxonomy":"product_cat","embeddable":true,"href":"https:\/\/museutapies.org\/en\/wp-json\/wp\/v2\/product_cat?post=16378"},{"taxonomy":"product_tag","embeddable":true,"href":"https:\/\/museutapies.org\/en\/wp-json\/wp\/v2\/product_tag?post=16378"}],"curies":[{"name":"wp","href":"https:\/\/api.w.org\/{rel}","templated":true}]}}