{"id":16580,"date":"2018-02-15T10:06:15","date_gmt":"2018-02-15T10:06:15","guid":{"rendered":"https:\/\/museutapies.org\/producte\/tamass-2-representaciones-arabes-contemporaneas-cairo\/"},"modified":"2021-11-29T00:22:31","modified_gmt":"2021-11-29T00:22:31","slug":"tamass-2-representaciones-arabes-contemporaneas-cairo","status":"publish","type":"product","link":"https:\/\/museutapies.org\/en\/producte\/tamass-2-representaciones-arabes-contemporaneas-cairo\/","title":{"rendered":"Tam\u00e1ss 2. Representaciones \u00e1rabes contempor\u00e1neas. El Cairo"},"content":{"rendered":"<p>Book that explores the transformation of the city of Cairo and of Egypt in 2003 on the part of filmmakers, architects, writers and visual artists such as Hassan Khan, in the context of the <em>Contemporary Arab Representations<\/em> project.<\/p>\n<p>&nbsp;<\/p>\n","protected":false},"excerpt":{"rendered":"<p>Book that explores the transformation of the city of Cairo and of Egypt in 2003 on the part of filmmakers, [&hellip;]<\/p>\n","protected":false},"featured_media":15516,"comment_status":"open","ping_status":"closed","template":"","meta":{"footnotes":""},"product_cat":[136],"product_tag":[],"acf":[],"yoast_head":"<!-- This site is optimized with the Yoast SEO plugin v20.11 - https:\/\/yoast.com\/wordpress\/plugins\/seo\/ -->\n<title>Tam\u00e1ss 2. Representaciones \u00e1rabes contempor\u00e1neas. El Cairo - Museu T\u00e0pies<\/title>\n<meta name=\"description\" content=\"Book that explores the transformation of the city of Cairo and of Egypt in 2003 on the part of filmmakers, architects, writers and visual artists such as Hassan Khan, in the context of the Contemporary Arab Representations project.\" \/>\n<meta name=\"robots\" content=\"index, follow, max-snippet:-1, max-image-preview:large, max-video-preview:-1\" \/>\n<meta property=\"og:locale\" content=\"en_US\" \/>\n<meta property=\"og:type\" content=\"article\" \/>\n<meta property=\"og:title\" content=\"Tam\u00e1ss 2. Representaciones \u00e1rabes contempor\u00e1neas. El Cairo - Museu T\u00e0pies\" \/>\n<meta property=\"og:description\" content=\"Book that explores the transformation of the city of Cairo and of Egypt in 2003 on the part of filmmakers, architects, writers and visual artists such as Hassan Khan, in the context of the Contemporary Arab Representations project.\" \/>\n<meta property=\"og:url\" content=\"https:\/\/museutapies.org\/en\/producte\/tamass-2-representaciones-arabes-contemporaneas-cairo\/\" \/>\n<meta property=\"og:site_name\" content=\"Museu T\u00e0pies\" \/>\n<meta property=\"article:publisher\" content=\"https:\/\/www.facebook.com\/museutapies\" \/>\n<meta property=\"article:modified_time\" content=\"2021-11-29T00:22:31+00:00\" \/>\n<meta property=\"og:image\" content=\"https:\/\/museutapies.org\/wp-content\/uploads\/2018\/02\/tam\u00e1ss.jpg\" \/>\n\t<meta property=\"og:image:width\" content=\"386\" \/>\n\t<meta property=\"og:image:height\" content=\"385\" \/>\n\t<meta property=\"og:image:type\" content=\"image\/jpeg\" \/>\n<meta name=\"twitter:card\" content=\"summary_large_image\" \/>\n<meta name=\"twitter:label1\" content=\"Est. reading time\" \/>\n\t<meta name=\"twitter:data1\" content=\"1 minute\" \/>\n<script type=\"application\/ld+json\" class=\"yoast-schema-graph\">{\"@context\":\"https:\/\/schema.org\",\"@graph\":[{\"@type\":\"WebPage\",\"@id\":\"https:\/\/museutapies.org\/en\/producte\/tamass-2-representaciones-arabes-contemporaneas-cairo\/\",\"url\":\"https:\/\/museutapies.org\/en\/producte\/tamass-2-representaciones-arabes-contemporaneas-cairo\/\",\"name\":\"Tam\u00e1ss 2. Representaciones \u00e1rabes contempor\u00e1neas. El Cairo - Museu T\u00e0pies\",\"isPartOf\":{\"@id\":\"https:\/\/museutapies.org\/en\/#website\"},\"datePublished\":\"2018-02-15T10:06:15+00:00\",\"dateModified\":\"2021-11-29T00:22:31+00:00\",\"description\":\"Book that explores the transformation of the city of Cairo and of Egypt in 2003 on the part of filmmakers, architects, writers and visual artists such as Hassan Khan, in the context of the Contemporary Arab Representations project.\",\"breadcrumb\":{\"@id\":\"https:\/\/museutapies.org\/en\/producte\/tamass-2-representaciones-arabes-contemporaneas-cairo\/#breadcrumb\"},\"inLanguage\":\"en-US\",\"potentialAction\":[{\"@type\":\"ReadAction\",\"target\":[\"https:\/\/museutapies.org\/en\/producte\/tamass-2-representaciones-arabes-contemporaneas-cairo\/\"]}]},{\"@type\":\"BreadcrumbList\",\"@id\":\"https:\/\/museutapies.org\/en\/producte\/tamass-2-representaciones-arabes-contemporaneas-cairo\/#breadcrumb\",\"itemListElement\":[{\"@type\":\"ListItem\",\"position\":1,\"name\":\"Tots els productes\",\"item\":\"https:\/\/museutapies.org\/productes\/\"},{\"@type\":\"ListItem\",\"position\":2,\"name\":\"Tam\u00e1ss 2. Representaciones \u00e1rabes contempor\u00e1neas. El Cairo\"}]},{\"@type\":\"WebSite\",\"@id\":\"https:\/\/museutapies.org\/en\/#website\",\"url\":\"https:\/\/museutapies.org\/en\/\",\"name\":\"Museu T\u00e0pies\",\"description\":\"\",\"publisher\":{\"@id\":\"https:\/\/museutapies.org\/en\/#organization\"},\"potentialAction\":[{\"@type\":\"SearchAction\",\"target\":{\"@type\":\"EntryPoint\",\"urlTemplate\":\"https:\/\/museutapies.org\/en\/?s={search_term_string}\"},\"query-input\":\"required name=search_term_string\"}],\"inLanguage\":\"en-US\"},{\"@type\":\"Organization\",\"@id\":\"https:\/\/museutapies.org\/en\/#organization\",\"name\":\"Museu T\u00e0pies\",\"url\":\"https:\/\/museutapies.org\/en\/\",\"logo\":{\"@type\":\"ImageObject\",\"inLanguage\":\"en-US\",\"@id\":\"https:\/\/museutapies.org\/en\/#\/schema\/logo\/image\/\",\"url\":\"https:\/\/museutapies.org\/wp-content\/uploads\/2024\/07\/mta.png\",\"contentUrl\":\"https:\/\/museutapies.org\/wp-content\/uploads\/2024\/07\/mta.png\",\"width\":244,\"height\":110,\"caption\":\"Museu T\u00e0pies\"},\"image\":{\"@id\":\"https:\/\/museutapies.org\/en\/#\/schema\/logo\/image\/\"},\"sameAs\":[\"https:\/\/www.facebook.com\/museutapies\",\"https:\/\/www.instagram.com\/museutapies\/\",\"https:\/\/www.youtube.com\/channel\/UCPi65HBb48RMeoa12lR51cQ\",\"https:\/\/x.com\/MuseuTapies\"]}]}<\/script>\n<!-- \/ Yoast SEO plugin. -->","yoast_head_json":{"title":"Tam\u00e1ss 2. Representaciones \u00e1rabes contempor\u00e1neas. El Cairo - Museu T\u00e0pies","description":"Book that explores the transformation of the city of Cairo and of Egypt in 2003 on the part of filmmakers, architects, writers and visual artists such as Hassan Khan, in the context of the Contemporary Arab Representations project.","robots":{"index":"index","follow":"follow","max-snippet":"max-snippet:-1","max-image-preview":"max-image-preview:large","max-video-preview":"max-video-preview:-1"},"og_locale":"en_US","og_type":"article","og_title":"Tam\u00e1ss 2. Representaciones \u00e1rabes contempor\u00e1neas. El Cairo - Museu T\u00e0pies","og_description":"Book that explores the transformation of the city of Cairo and of Egypt in 2003 on the part of filmmakers, architects, writers and visual artists such as Hassan Khan, in the context of the Contemporary Arab Representations project.","og_url":"https:\/\/museutapies.org\/en\/producte\/tamass-2-representaciones-arabes-contemporaneas-cairo\/","og_site_name":"Museu T\u00e0pies","article_publisher":"https:\/\/www.facebook.com\/museutapies","article_modified_time":"2021-11-29T00:22:31+00:00","og_image":[{"width":386,"height":385,"url":"https:\/\/museutapies.org\/wp-content\/uploads\/2018\/02\/tam\u00e1ss.jpg","type":"image\/jpeg"}],"twitter_card":"summary_large_image","twitter_misc":{"Est. reading time":"1 minute"},"schema":{"@context":"https:\/\/schema.org","@graph":[{"@type":"WebPage","@id":"https:\/\/museutapies.org\/en\/producte\/tamass-2-representaciones-arabes-contemporaneas-cairo\/","url":"https:\/\/museutapies.org\/en\/producte\/tamass-2-representaciones-arabes-contemporaneas-cairo\/","name":"Tam\u00e1ss 2. Representaciones \u00e1rabes contempor\u00e1neas. El Cairo - Museu T\u00e0pies","isPartOf":{"@id":"https:\/\/museutapies.org\/en\/#website"},"datePublished":"2018-02-15T10:06:15+00:00","dateModified":"2021-11-29T00:22:31+00:00","description":"Book that explores the transformation of the city of Cairo and of Egypt in 2003 on the part of filmmakers, architects, writers and visual artists such as Hassan Khan, in the context of the Contemporary Arab Representations project.","breadcrumb":{"@id":"https:\/\/museutapies.org\/en\/producte\/tamass-2-representaciones-arabes-contemporaneas-cairo\/#breadcrumb"},"inLanguage":"en-US","potentialAction":[{"@type":"ReadAction","target":["https:\/\/museutapies.org\/en\/producte\/tamass-2-representaciones-arabes-contemporaneas-cairo\/"]}]},{"@type":"BreadcrumbList","@id":"https:\/\/museutapies.org\/en\/producte\/tamass-2-representaciones-arabes-contemporaneas-cairo\/#breadcrumb","itemListElement":[{"@type":"ListItem","position":1,"name":"Tots els productes","item":"https:\/\/museutapies.org\/productes\/"},{"@type":"ListItem","position":2,"name":"Tam\u00e1ss 2. Representaciones \u00e1rabes contempor\u00e1neas. El Cairo"}]},{"@type":"WebSite","@id":"https:\/\/museutapies.org\/en\/#website","url":"https:\/\/museutapies.org\/en\/","name":"Museu T\u00e0pies","description":"","publisher":{"@id":"https:\/\/museutapies.org\/en\/#organization"},"potentialAction":[{"@type":"SearchAction","target":{"@type":"EntryPoint","urlTemplate":"https:\/\/museutapies.org\/en\/?s={search_term_string}"},"query-input":"required name=search_term_string"}],"inLanguage":"en-US"},{"@type":"Organization","@id":"https:\/\/museutapies.org\/en\/#organization","name":"Museu T\u00e0pies","url":"https:\/\/museutapies.org\/en\/","logo":{"@type":"ImageObject","inLanguage":"en-US","@id":"https:\/\/museutapies.org\/en\/#\/schema\/logo\/image\/","url":"https:\/\/museutapies.org\/wp-content\/uploads\/2024\/07\/mta.png","contentUrl":"https:\/\/museutapies.org\/wp-content\/uploads\/2024\/07\/mta.png","width":244,"height":110,"caption":"Museu T\u00e0pies"},"image":{"@id":"https:\/\/museutapies.org\/en\/#\/schema\/logo\/image\/"},"sameAs":["https:\/\/www.facebook.com\/museutapies","https:\/\/www.instagram.com\/museutapies\/","https:\/\/www.youtube.com\/channel\/UCPi65HBb48RMeoa12lR51cQ","https:\/\/x.com\/MuseuTapies"]}]}},"_links":{"self":[{"href":"https:\/\/museutapies.org\/en\/wp-json\/wp\/v2\/product\/16580"}],"collection":[{"href":"https:\/\/museutapies.org\/en\/wp-json\/wp\/v2\/product"}],"about":[{"href":"https:\/\/museutapies.org\/en\/wp-json\/wp\/v2\/types\/product"}],"replies":[{"embeddable":true,"href":"https:\/\/museutapies.org\/en\/wp-json\/wp\/v2\/comments?post=16580"}],"version-history":[{"count":4,"href":"https:\/\/museutapies.org\/en\/wp-json\/wp\/v2\/product\/16580\/revisions"}],"predecessor-version":[{"id":19945,"href":"https:\/\/museutapies.org\/en\/wp-json\/wp\/v2\/product\/16580\/revisions\/19945"}],"wp:featuredmedia":[{"embeddable":true,"href":"https:\/\/museutapies.org\/en\/wp-json\/wp\/v2\/media\/15516"}],"wp:attachment":[{"href":"https:\/\/museutapies.org\/en\/wp-json\/wp\/v2\/media?parent=16580"}],"wp:term":[{"taxonomy":"product_cat","embeddable":true,"href":"https:\/\/museutapies.org\/en\/wp-json\/wp\/v2\/product_cat?post=16580"},{"taxonomy":"product_tag","embeddable":true,"href":"https:\/\/museutapies.org\/en\/wp-json\/wp\/v2\/product_tag?post=16580"}],"curies":[{"name":"wp","href":"https:\/\/api.w.org\/{rel}","templated":true}]}}