{"id":16587,"date":"2018-02-15T10:04:50","date_gmt":"2018-02-15T10:04:50","guid":{"rendered":"https:\/\/museutapies.org\/producte\/tamass-1-representaciones-arabes-contemporaneas-beirut-libano\/"},"modified":"2025-01-27T09:42:46","modified_gmt":"2025-01-27T08:42:46","slug":"tamass-1-representaciones-arabes-contemporaneas-beirut-libano","status":"publish","type":"product","link":"https:\/\/museutapies.org\/en\/producte\/tamass-1-representaciones-arabes-contemporaneas-beirut-libano\/","title":{"rendered":"Tam\u00e1ss 1. Representaciones \u00e1rabes contemporan\u00e9as. Beirut \/ L\u00edbano"},"content":{"rendered":"<p>&nbsp;<\/p>\n<p>Illustrated essay on the situation of the city of Beirut and of the region of Lebanon around 2000, written by Paola Yacoub and Michel Lasserre, in the context of the <em>Contemporary Arab Representations<\/em> project.<\/p>\n<p>&nbsp;<\/p>\n","protected":false},"excerpt":{"rendered":"<p>&nbsp; Illustrated essay on the situation of the city of Beirut and of the region of Lebanon around 2000, written [&hellip;]<\/p>\n","protected":false},"featured_media":15519,"comment_status":"open","ping_status":"closed","template":"","meta":{"footnotes":""},"product_cat":[136],"product_tag":[],"acf":[],"yoast_head":"<!-- This site is optimized with the Yoast SEO plugin v20.11 - https:\/\/yoast.com\/wordpress\/plugins\/seo\/ -->\n<title>Tam\u00e1ss 1. Representaciones \u00e1rabes contemporan\u00e9as. Beirut \/ L\u00edbano - Museu T\u00e0pies<\/title>\n<meta name=\"description\" content=\"Illustrated essay on the situation of the city of Beirut and of the region of Lebanon around 2000, written by Paola Yacoub and Michel Lasserre, in the context of the Contemporary Arab Representations project.\" \/>\n<meta name=\"robots\" content=\"index, follow, max-snippet:-1, max-image-preview:large, max-video-preview:-1\" \/>\n<meta property=\"og:locale\" content=\"en_US\" \/>\n<meta property=\"og:type\" content=\"article\" \/>\n<meta property=\"og:title\" content=\"Tam\u00e1ss 1. Representaciones \u00e1rabes contemporan\u00e9as. Beirut \/ L\u00edbano - Museu T\u00e0pies\" \/>\n<meta property=\"og:description\" content=\"Illustrated essay on the situation of the city of Beirut and of the region of Lebanon around 2000, written by Paola Yacoub and Michel Lasserre, in the context of the Contemporary Arab Representations project.\" \/>\n<meta property=\"og:url\" content=\"https:\/\/museutapies.org\/en\/producte\/tamass-1-representaciones-arabes-contemporaneas-beirut-libano\/\" \/>\n<meta property=\"og:site_name\" content=\"Museu T\u00e0pies\" \/>\n<meta property=\"article:publisher\" content=\"https:\/\/www.facebook.com\/museutapies\" \/>\n<meta property=\"article:modified_time\" content=\"2025-01-27T08:42:46+00:00\" \/>\n<meta property=\"og:image\" content=\"https:\/\/museutapies.org\/wp-content\/uploads\/2018\/02\/tam\u00e1ss-2.jpg\" \/>\n\t<meta property=\"og:image:width\" content=\"386\" \/>\n\t<meta property=\"og:image:height\" content=\"385\" \/>\n\t<meta property=\"og:image:type\" content=\"image\/jpeg\" \/>\n<meta name=\"twitter:card\" content=\"summary_large_image\" \/>\n<meta name=\"twitter:label1\" content=\"Est. reading time\" \/>\n\t<meta name=\"twitter:data1\" content=\"1 minute\" \/>\n<script type=\"application\/ld+json\" class=\"yoast-schema-graph\">{\"@context\":\"https:\/\/schema.org\",\"@graph\":[{\"@type\":\"WebPage\",\"@id\":\"https:\/\/museutapies.org\/en\/producte\/tamass-1-representaciones-arabes-contemporaneas-beirut-libano\/\",\"url\":\"https:\/\/museutapies.org\/en\/producte\/tamass-1-representaciones-arabes-contemporaneas-beirut-libano\/\",\"name\":\"Tam\u00e1ss 1. Representaciones \u00e1rabes contemporan\u00e9as. Beirut \/ L\u00edbano - Museu T\u00e0pies\",\"isPartOf\":{\"@id\":\"https:\/\/museutapies.org\/en\/#website\"},\"datePublished\":\"2018-02-15T10:04:50+00:00\",\"dateModified\":\"2025-01-27T08:42:46+00:00\",\"description\":\"Illustrated essay on the situation of the city of Beirut and of the region of Lebanon around 2000, written by Paola Yacoub and Michel Lasserre, in the context of the Contemporary Arab Representations project.\",\"breadcrumb\":{\"@id\":\"https:\/\/museutapies.org\/en\/producte\/tamass-1-representaciones-arabes-contemporaneas-beirut-libano\/#breadcrumb\"},\"inLanguage\":\"en-US\",\"potentialAction\":[{\"@type\":\"ReadAction\",\"target\":[\"https:\/\/museutapies.org\/en\/producte\/tamass-1-representaciones-arabes-contemporaneas-beirut-libano\/\"]}]},{\"@type\":\"BreadcrumbList\",\"@id\":\"https:\/\/museutapies.org\/en\/producte\/tamass-1-representaciones-arabes-contemporaneas-beirut-libano\/#breadcrumb\",\"itemListElement\":[{\"@type\":\"ListItem\",\"position\":1,\"name\":\"Tots els productes\",\"item\":\"https:\/\/museutapies.org\/productes\/\"},{\"@type\":\"ListItem\",\"position\":2,\"name\":\"Tam\u00e1ss 1. Representaciones \u00e1rabes contemporan\u00e9as. Beirut \/ L\u00edbano\"}]},{\"@type\":\"WebSite\",\"@id\":\"https:\/\/museutapies.org\/en\/#website\",\"url\":\"https:\/\/museutapies.org\/en\/\",\"name\":\"Museu T\u00e0pies\",\"description\":\"\",\"publisher\":{\"@id\":\"https:\/\/museutapies.org\/en\/#organization\"},\"potentialAction\":[{\"@type\":\"SearchAction\",\"target\":{\"@type\":\"EntryPoint\",\"urlTemplate\":\"https:\/\/museutapies.org\/en\/?s={search_term_string}\"},\"query-input\":\"required name=search_term_string\"}],\"inLanguage\":\"en-US\"},{\"@type\":\"Organization\",\"@id\":\"https:\/\/museutapies.org\/en\/#organization\",\"name\":\"Museu T\u00e0pies\",\"url\":\"https:\/\/museutapies.org\/en\/\",\"logo\":{\"@type\":\"ImageObject\",\"inLanguage\":\"en-US\",\"@id\":\"https:\/\/museutapies.org\/en\/#\/schema\/logo\/image\/\",\"url\":\"https:\/\/museutapies.org\/wp-content\/uploads\/2024\/07\/mta.png\",\"contentUrl\":\"https:\/\/museutapies.org\/wp-content\/uploads\/2024\/07\/mta.png\",\"width\":244,\"height\":110,\"caption\":\"Museu T\u00e0pies\"},\"image\":{\"@id\":\"https:\/\/museutapies.org\/en\/#\/schema\/logo\/image\/\"},\"sameAs\":[\"https:\/\/www.facebook.com\/museutapies\",\"https:\/\/www.instagram.com\/museutapies\/\",\"https:\/\/www.youtube.com\/channel\/UCPi65HBb48RMeoa12lR51cQ\",\"https:\/\/x.com\/MuseuTapies\"]}]}<\/script>\n<!-- \/ Yoast SEO plugin. -->","yoast_head_json":{"title":"Tam\u00e1ss 1. Representaciones \u00e1rabes contemporan\u00e9as. Beirut \/ L\u00edbano - Museu T\u00e0pies","description":"Illustrated essay on the situation of the city of Beirut and of the region of Lebanon around 2000, written by Paola Yacoub and Michel Lasserre, in the context of the Contemporary Arab Representations project.","robots":{"index":"index","follow":"follow","max-snippet":"max-snippet:-1","max-image-preview":"max-image-preview:large","max-video-preview":"max-video-preview:-1"},"og_locale":"en_US","og_type":"article","og_title":"Tam\u00e1ss 1. Representaciones \u00e1rabes contemporan\u00e9as. Beirut \/ L\u00edbano - Museu T\u00e0pies","og_description":"Illustrated essay on the situation of the city of Beirut and of the region of Lebanon around 2000, written by Paola Yacoub and Michel Lasserre, in the context of the Contemporary Arab Representations project.","og_url":"https:\/\/museutapies.org\/en\/producte\/tamass-1-representaciones-arabes-contemporaneas-beirut-libano\/","og_site_name":"Museu T\u00e0pies","article_publisher":"https:\/\/www.facebook.com\/museutapies","article_modified_time":"2025-01-27T08:42:46+00:00","og_image":[{"width":386,"height":385,"url":"https:\/\/museutapies.org\/wp-content\/uploads\/2018\/02\/tam\u00e1ss-2.jpg","type":"image\/jpeg"}],"twitter_card":"summary_large_image","twitter_misc":{"Est. reading time":"1 minute"},"schema":{"@context":"https:\/\/schema.org","@graph":[{"@type":"WebPage","@id":"https:\/\/museutapies.org\/en\/producte\/tamass-1-representaciones-arabes-contemporaneas-beirut-libano\/","url":"https:\/\/museutapies.org\/en\/producte\/tamass-1-representaciones-arabes-contemporaneas-beirut-libano\/","name":"Tam\u00e1ss 1. Representaciones \u00e1rabes contemporan\u00e9as. Beirut \/ L\u00edbano - Museu T\u00e0pies","isPartOf":{"@id":"https:\/\/museutapies.org\/en\/#website"},"datePublished":"2018-02-15T10:04:50+00:00","dateModified":"2025-01-27T08:42:46+00:00","description":"Illustrated essay on the situation of the city of Beirut and of the region of Lebanon around 2000, written by Paola Yacoub and Michel Lasserre, in the context of the Contemporary Arab Representations project.","breadcrumb":{"@id":"https:\/\/museutapies.org\/en\/producte\/tamass-1-representaciones-arabes-contemporaneas-beirut-libano\/#breadcrumb"},"inLanguage":"en-US","potentialAction":[{"@type":"ReadAction","target":["https:\/\/museutapies.org\/en\/producte\/tamass-1-representaciones-arabes-contemporaneas-beirut-libano\/"]}]},{"@type":"BreadcrumbList","@id":"https:\/\/museutapies.org\/en\/producte\/tamass-1-representaciones-arabes-contemporaneas-beirut-libano\/#breadcrumb","itemListElement":[{"@type":"ListItem","position":1,"name":"Tots els productes","item":"https:\/\/museutapies.org\/productes\/"},{"@type":"ListItem","position":2,"name":"Tam\u00e1ss 1. Representaciones \u00e1rabes contemporan\u00e9as. Beirut \/ L\u00edbano"}]},{"@type":"WebSite","@id":"https:\/\/museutapies.org\/en\/#website","url":"https:\/\/museutapies.org\/en\/","name":"Museu T\u00e0pies","description":"","publisher":{"@id":"https:\/\/museutapies.org\/en\/#organization"},"potentialAction":[{"@type":"SearchAction","target":{"@type":"EntryPoint","urlTemplate":"https:\/\/museutapies.org\/en\/?s={search_term_string}"},"query-input":"required name=search_term_string"}],"inLanguage":"en-US"},{"@type":"Organization","@id":"https:\/\/museutapies.org\/en\/#organization","name":"Museu T\u00e0pies","url":"https:\/\/museutapies.org\/en\/","logo":{"@type":"ImageObject","inLanguage":"en-US","@id":"https:\/\/museutapies.org\/en\/#\/schema\/logo\/image\/","url":"https:\/\/museutapies.org\/wp-content\/uploads\/2024\/07\/mta.png","contentUrl":"https:\/\/museutapies.org\/wp-content\/uploads\/2024\/07\/mta.png","width":244,"height":110,"caption":"Museu T\u00e0pies"},"image":{"@id":"https:\/\/museutapies.org\/en\/#\/schema\/logo\/image\/"},"sameAs":["https:\/\/www.facebook.com\/museutapies","https:\/\/www.instagram.com\/museutapies\/","https:\/\/www.youtube.com\/channel\/UCPi65HBb48RMeoa12lR51cQ","https:\/\/x.com\/MuseuTapies"]}]}},"_links":{"self":[{"href":"https:\/\/museutapies.org\/en\/wp-json\/wp\/v2\/product\/16587"}],"collection":[{"href":"https:\/\/museutapies.org\/en\/wp-json\/wp\/v2\/product"}],"about":[{"href":"https:\/\/museutapies.org\/en\/wp-json\/wp\/v2\/types\/product"}],"replies":[{"embeddable":true,"href":"https:\/\/museutapies.org\/en\/wp-json\/wp\/v2\/comments?post=16587"}],"version-history":[{"count":4,"href":"https:\/\/museutapies.org\/en\/wp-json\/wp\/v2\/product\/16587\/revisions"}],"predecessor-version":[{"id":19946,"href":"https:\/\/museutapies.org\/en\/wp-json\/wp\/v2\/product\/16587\/revisions\/19946"}],"wp:featuredmedia":[{"embeddable":true,"href":"https:\/\/museutapies.org\/en\/wp-json\/wp\/v2\/media\/15519"}],"wp:attachment":[{"href":"https:\/\/museutapies.org\/en\/wp-json\/wp\/v2\/media?parent=16587"}],"wp:term":[{"taxonomy":"product_cat","embeddable":true,"href":"https:\/\/museutapies.org\/en\/wp-json\/wp\/v2\/product_cat?post=16587"},{"taxonomy":"product_tag","embeddable":true,"href":"https:\/\/museutapies.org\/en\/wp-json\/wp\/v2\/product_tag?post=16587"}],"curies":[{"name":"wp","href":"https:\/\/api.w.org\/{rel}","templated":true}]}}