{"id":16627,"date":"2018-02-15T09:50:56","date_gmt":"2018-02-15T09:50:56","guid":{"rendered":"https:\/\/museutapies.org\/producte\/marcel-broodthaers-cinema-angles\/"},"modified":"2021-11-29T00:22:34","modified_gmt":"2021-11-29T00:22:34","slug":"marcel-broodthaers-cinema-angles","status":"publish","type":"product","link":"https:\/\/museutapies.org\/en\/producte\/marcel-broodthaers-cinema-angles\/","title":{"rendered":"Marcel Broodthaers. Cin\u00e9ma"},"content":{"rendered":"<p>Catalogue raisonn\u00e9 of forty-two films out of more than a hundred cinematographic projects initiated by Marcel Broodthaers during his career. The films, made between 1957 and 1875, show how Broodthaers established the links between cinema and other media such as books, painting, drawing, photography and sculpture. It includes two essays on his work.<\/p>\n<p>&nbsp;<\/p>\n<p>&nbsp;<\/p>\n","protected":false},"excerpt":{"rendered":"<p>Catalogue raisonn\u00e9 of forty-two films out of more than a hundred cinematographic projects initiated by Marcel Broodthaers during his career. [&hellip;]<\/p>\n","protected":false},"featured_media":15549,"comment_status":"open","ping_status":"closed","template":"","meta":{"footnotes":""},"product_cat":[136],"product_tag":[],"acf":[],"yoast_head":"<!-- This site is optimized with the Yoast SEO plugin v20.11 - https:\/\/yoast.com\/wordpress\/plugins\/seo\/ -->\n<title>Marcel Broodthaers. Cin\u00e9ma - Museu T\u00e0pies<\/title>\n<meta name=\"description\" content=\"Catalogue raisonn\u00e9 of forty-two films out of more than a hundred cinematographic projects initiated by Marcel Broodthaers during his career.\" \/>\n<meta name=\"robots\" content=\"index, follow, max-snippet:-1, max-image-preview:large, max-video-preview:-1\" \/>\n<meta property=\"og:locale\" content=\"en_US\" \/>\n<meta property=\"og:type\" content=\"article\" \/>\n<meta property=\"og:title\" content=\"Marcel Broodthaers. Cin\u00e9ma - Museu T\u00e0pies\" \/>\n<meta property=\"og:description\" content=\"Catalogue raisonn\u00e9 of forty-two films out of more than a hundred cinematographic projects initiated by Marcel Broodthaers during his career.\" \/>\n<meta property=\"og:url\" content=\"https:\/\/museutapies.org\/en\/producte\/marcel-broodthaers-cinema-angles\/\" \/>\n<meta property=\"og:site_name\" content=\"Museu T\u00e0pies\" \/>\n<meta property=\"article:publisher\" content=\"https:\/\/www.facebook.com\/museutapies\" \/>\n<meta property=\"article:modified_time\" content=\"2021-11-29T00:22:34+00:00\" \/>\n<meta property=\"og:image\" content=\"https:\/\/museutapies.org\/wp-content\/uploads\/2018\/02\/marcel-broodthaers-cin\u00e9ma.jpg\" \/>\n\t<meta property=\"og:image:width\" content=\"340\" \/>\n\t<meta property=\"og:image:height\" content=\"340\" \/>\n\t<meta property=\"og:image:type\" content=\"image\/jpeg\" \/>\n<meta name=\"twitter:card\" content=\"summary_large_image\" \/>\n<meta name=\"twitter:label1\" content=\"Est. reading time\" \/>\n\t<meta name=\"twitter:data1\" content=\"1 minute\" \/>\n<script type=\"application\/ld+json\" class=\"yoast-schema-graph\">{\"@context\":\"https:\/\/schema.org\",\"@graph\":[{\"@type\":\"WebPage\",\"@id\":\"https:\/\/museutapies.org\/en\/producte\/marcel-broodthaers-cinema-angles\/\",\"url\":\"https:\/\/museutapies.org\/en\/producte\/marcel-broodthaers-cinema-angles\/\",\"name\":\"Marcel Broodthaers. Cin\u00e9ma - Museu T\u00e0pies\",\"isPartOf\":{\"@id\":\"https:\/\/museutapies.org\/en\/#website\"},\"datePublished\":\"2018-02-15T09:50:56+00:00\",\"dateModified\":\"2021-11-29T00:22:34+00:00\",\"description\":\"Catalogue raisonn\u00e9 of forty-two films out of more than a hundred cinematographic projects initiated by Marcel Broodthaers during his career.\",\"breadcrumb\":{\"@id\":\"https:\/\/museutapies.org\/en\/producte\/marcel-broodthaers-cinema-angles\/#breadcrumb\"},\"inLanguage\":\"en-US\",\"potentialAction\":[{\"@type\":\"ReadAction\",\"target\":[\"https:\/\/museutapies.org\/en\/producte\/marcel-broodthaers-cinema-angles\/\"]}]},{\"@type\":\"BreadcrumbList\",\"@id\":\"https:\/\/museutapies.org\/en\/producte\/marcel-broodthaers-cinema-angles\/#breadcrumb\",\"itemListElement\":[{\"@type\":\"ListItem\",\"position\":1,\"name\":\"Tots els productes\",\"item\":\"https:\/\/museutapies.org\/productes\/\"},{\"@type\":\"ListItem\",\"position\":2,\"name\":\"Marcel Broodthaers. Cin\u00e9ma\"}]},{\"@type\":\"WebSite\",\"@id\":\"https:\/\/museutapies.org\/en\/#website\",\"url\":\"https:\/\/museutapies.org\/en\/\",\"name\":\"Museu T\u00e0pies\",\"description\":\"\",\"publisher\":{\"@id\":\"https:\/\/museutapies.org\/en\/#organization\"},\"potentialAction\":[{\"@type\":\"SearchAction\",\"target\":{\"@type\":\"EntryPoint\",\"urlTemplate\":\"https:\/\/museutapies.org\/en\/?s={search_term_string}\"},\"query-input\":\"required name=search_term_string\"}],\"inLanguage\":\"en-US\"},{\"@type\":\"Organization\",\"@id\":\"https:\/\/museutapies.org\/en\/#organization\",\"name\":\"Museu T\u00e0pies\",\"url\":\"https:\/\/museutapies.org\/en\/\",\"logo\":{\"@type\":\"ImageObject\",\"inLanguage\":\"en-US\",\"@id\":\"https:\/\/museutapies.org\/en\/#\/schema\/logo\/image\/\",\"url\":\"https:\/\/museutapies.org\/wp-content\/uploads\/2024\/07\/mta.png\",\"contentUrl\":\"https:\/\/museutapies.org\/wp-content\/uploads\/2024\/07\/mta.png\",\"width\":244,\"height\":110,\"caption\":\"Museu T\u00e0pies\"},\"image\":{\"@id\":\"https:\/\/museutapies.org\/en\/#\/schema\/logo\/image\/\"},\"sameAs\":[\"https:\/\/www.facebook.com\/museutapies\",\"https:\/\/www.instagram.com\/museutapies\/\",\"https:\/\/www.youtube.com\/channel\/UCPi65HBb48RMeoa12lR51cQ\",\"https:\/\/x.com\/MuseuTapies\"]}]}<\/script>\n<!-- \/ Yoast SEO plugin. -->","yoast_head_json":{"title":"Marcel Broodthaers. Cin\u00e9ma - Museu T\u00e0pies","description":"Catalogue raisonn\u00e9 of forty-two films out of more than a hundred cinematographic projects initiated by Marcel Broodthaers during his career.","robots":{"index":"index","follow":"follow","max-snippet":"max-snippet:-1","max-image-preview":"max-image-preview:large","max-video-preview":"max-video-preview:-1"},"og_locale":"en_US","og_type":"article","og_title":"Marcel Broodthaers. Cin\u00e9ma - Museu T\u00e0pies","og_description":"Catalogue raisonn\u00e9 of forty-two films out of more than a hundred cinematographic projects initiated by Marcel Broodthaers during his career.","og_url":"https:\/\/museutapies.org\/en\/producte\/marcel-broodthaers-cinema-angles\/","og_site_name":"Museu T\u00e0pies","article_publisher":"https:\/\/www.facebook.com\/museutapies","article_modified_time":"2021-11-29T00:22:34+00:00","og_image":[{"width":340,"height":340,"url":"https:\/\/museutapies.org\/wp-content\/uploads\/2018\/02\/marcel-broodthaers-cin\u00e9ma.jpg","type":"image\/jpeg"}],"twitter_card":"summary_large_image","twitter_misc":{"Est. reading time":"1 minute"},"schema":{"@context":"https:\/\/schema.org","@graph":[{"@type":"WebPage","@id":"https:\/\/museutapies.org\/en\/producte\/marcel-broodthaers-cinema-angles\/","url":"https:\/\/museutapies.org\/en\/producte\/marcel-broodthaers-cinema-angles\/","name":"Marcel Broodthaers. Cin\u00e9ma - Museu T\u00e0pies","isPartOf":{"@id":"https:\/\/museutapies.org\/en\/#website"},"datePublished":"2018-02-15T09:50:56+00:00","dateModified":"2021-11-29T00:22:34+00:00","description":"Catalogue raisonn\u00e9 of forty-two films out of more than a hundred cinematographic projects initiated by Marcel Broodthaers during his career.","breadcrumb":{"@id":"https:\/\/museutapies.org\/en\/producte\/marcel-broodthaers-cinema-angles\/#breadcrumb"},"inLanguage":"en-US","potentialAction":[{"@type":"ReadAction","target":["https:\/\/museutapies.org\/en\/producte\/marcel-broodthaers-cinema-angles\/"]}]},{"@type":"BreadcrumbList","@id":"https:\/\/museutapies.org\/en\/producte\/marcel-broodthaers-cinema-angles\/#breadcrumb","itemListElement":[{"@type":"ListItem","position":1,"name":"Tots els productes","item":"https:\/\/museutapies.org\/productes\/"},{"@type":"ListItem","position":2,"name":"Marcel Broodthaers. Cin\u00e9ma"}]},{"@type":"WebSite","@id":"https:\/\/museutapies.org\/en\/#website","url":"https:\/\/museutapies.org\/en\/","name":"Museu T\u00e0pies","description":"","publisher":{"@id":"https:\/\/museutapies.org\/en\/#organization"},"potentialAction":[{"@type":"SearchAction","target":{"@type":"EntryPoint","urlTemplate":"https:\/\/museutapies.org\/en\/?s={search_term_string}"},"query-input":"required name=search_term_string"}],"inLanguage":"en-US"},{"@type":"Organization","@id":"https:\/\/museutapies.org\/en\/#organization","name":"Museu T\u00e0pies","url":"https:\/\/museutapies.org\/en\/","logo":{"@type":"ImageObject","inLanguage":"en-US","@id":"https:\/\/museutapies.org\/en\/#\/schema\/logo\/image\/","url":"https:\/\/museutapies.org\/wp-content\/uploads\/2024\/07\/mta.png","contentUrl":"https:\/\/museutapies.org\/wp-content\/uploads\/2024\/07\/mta.png","width":244,"height":110,"caption":"Museu T\u00e0pies"},"image":{"@id":"https:\/\/museutapies.org\/en\/#\/schema\/logo\/image\/"},"sameAs":["https:\/\/www.facebook.com\/museutapies","https:\/\/www.instagram.com\/museutapies\/","https:\/\/www.youtube.com\/channel\/UCPi65HBb48RMeoa12lR51cQ","https:\/\/x.com\/MuseuTapies"]}]}},"_links":{"self":[{"href":"https:\/\/museutapies.org\/en\/wp-json\/wp\/v2\/product\/16627"}],"collection":[{"href":"https:\/\/museutapies.org\/en\/wp-json\/wp\/v2\/product"}],"about":[{"href":"https:\/\/museutapies.org\/en\/wp-json\/wp\/v2\/types\/product"}],"replies":[{"embeddable":true,"href":"https:\/\/museutapies.org\/en\/wp-json\/wp\/v2\/comments?post=16627"}],"version-history":[{"count":3,"href":"https:\/\/museutapies.org\/en\/wp-json\/wp\/v2\/product\/16627\/revisions"}],"predecessor-version":[{"id":19954,"href":"https:\/\/museutapies.org\/en\/wp-json\/wp\/v2\/product\/16627\/revisions\/19954"}],"wp:featuredmedia":[{"embeddable":true,"href":"https:\/\/museutapies.org\/en\/wp-json\/wp\/v2\/media\/15549"}],"wp:attachment":[{"href":"https:\/\/museutapies.org\/en\/wp-json\/wp\/v2\/media?parent=16627"}],"wp:term":[{"taxonomy":"product_cat","embeddable":true,"href":"https:\/\/museutapies.org\/en\/wp-json\/wp\/v2\/product_cat?post=16627"},{"taxonomy":"product_tag","embeddable":true,"href":"https:\/\/museutapies.org\/en\/wp-json\/wp\/v2\/product_tag?post=16627"}],"curies":[{"name":"wp","href":"https:\/\/api.w.org\/{rel}","templated":true}]}}