{"id":23652,"date":"2022-09-01T10:20:13","date_gmt":"2022-09-01T10:23:53","guid":{"rendered":"https:\/\/museutapies.org\/?post_type=product&#038;p=23652"},"modified":"2023-07-11T10:56:41","modified_gmt":"2023-07-11T10:56:41","slug":"strajk-kobiet-logo-2022-womens-strike-logo","status":"publish","type":"product","link":"https:\/\/museutapies.org\/en\/producte\/strajk-kobiet-logo-2022-womens-strike-logo\/","title":{"rendered":"Goshka Macuga: Strajk Kobiet (Logo), 2022 (Women&#8217;s Strike (Logo))"},"content":{"rendered":"<p>The Fundaci\u00f3 Antoni T\u00e0pies has published a limited-edition print on the occasion of the exhibition <em>Goshka Macuga. In flux.<\/em><\/p>\n<p>This print takes as its starting point the homonymous work of 2018. Goshka Macuga re-contextualises the logo of the All-Poland Women&#8217;s Strike, a popular movement, founded in 2016, that has since organised a large number of protests in support of full equality of rights for Polish women.<\/p>\n<p>&nbsp;<\/p>\n<p>&nbsp;<\/p>\n","protected":false},"excerpt":{"rendered":"<p>The Fundaci\u00f3 Antoni T\u00e0pies has published a limited-edition print on the occasion of the exhibition Goshka Macuga. In flux. This [&hellip;]<\/p>\n","protected":false},"featured_media":23646,"comment_status":"closed","ping_status":"closed","template":"","meta":{"footnotes":""},"product_cat":[257],"product_tag":[],"acf":[],"yoast_head":"<!-- This site is optimized with the Yoast SEO plugin v20.11 - https:\/\/yoast.com\/wordpress\/plugins\/seo\/ -->\n<title>Goshka Macuga: Strajk Kobiet (Logo), 2022 (Women&#039;s Strike (Logo)) - Museu T\u00e0pies<\/title>\n<meta name=\"description\" content=\"The Fundaci\u00f3 Antoni T\u00e0pies has published this limited-edition print on the occasion of the exhibition Goshka Macuga. In flux. This print takes as its starting point the homonymous work of 2018\" \/>\n<meta name=\"robots\" content=\"index, follow, max-snippet:-1, max-image-preview:large, max-video-preview:-1\" \/>\n<meta property=\"og:locale\" content=\"en_US\" \/>\n<meta property=\"og:type\" content=\"article\" \/>\n<meta property=\"og:title\" content=\"Goshka Macuga: Strajk Kobiet (Logo), 2022 (Women&#039;s Strike (Logo)) - Museu T\u00e0pies\" \/>\n<meta property=\"og:description\" content=\"The Fundaci\u00f3 Antoni T\u00e0pies has published this limited-edition print on the occasion of the exhibition Goshka Macuga. In flux. This print takes as its starting point the homonymous work of 2018\" \/>\n<meta property=\"og:url\" content=\"https:\/\/museutapies.org\/en\/producte\/strajk-kobiet-logo-2022-womens-strike-logo\/\" \/>\n<meta property=\"og:site_name\" content=\"Museu T\u00e0pies\" \/>\n<meta property=\"article:publisher\" content=\"https:\/\/www.facebook.com\/museutapies\" \/>\n<meta property=\"article:modified_time\" content=\"2023-07-11T10:56:41+00:00\" \/>\n<meta property=\"og:image\" content=\"https:\/\/museutapies.org\/wp-content\/uploads\/2022\/07\/for-poster-scaled.jpg\" \/>\n\t<meta property=\"og:image:width\" content=\"1641\" \/>\n\t<meta property=\"og:image:height\" content=\"2560\" \/>\n\t<meta property=\"og:image:type\" content=\"image\/jpeg\" \/>\n<meta name=\"twitter:card\" content=\"summary_large_image\" \/>\n<meta name=\"twitter:label1\" content=\"Est. reading time\" \/>\n\t<meta name=\"twitter:data1\" content=\"1 minute\" \/>\n<script type=\"application\/ld+json\" class=\"yoast-schema-graph\">{\"@context\":\"https:\/\/schema.org\",\"@graph\":[{\"@type\":\"WebPage\",\"@id\":\"https:\/\/museutapies.org\/en\/producte\/strajk-kobiet-logo-2022-womens-strike-logo\/\",\"url\":\"https:\/\/museutapies.org\/en\/producte\/strajk-kobiet-logo-2022-womens-strike-logo\/\",\"name\":\"Goshka Macuga: Strajk Kobiet (Logo), 2022 (Women's Strike (Logo)) - Museu T\u00e0pies\",\"isPartOf\":{\"@id\":\"https:\/\/museutapies.org\/en\/#website\"},\"datePublished\":\"2022-09-01T10:23:53+00:00\",\"dateModified\":\"2023-07-11T10:56:41+00:00\",\"description\":\"The Fundaci\u00f3 Antoni T\u00e0pies has published this limited-edition print on the occasion of the exhibition Goshka Macuga. In flux. This print takes as its starting point the homonymous work of 2018\",\"breadcrumb\":{\"@id\":\"https:\/\/museutapies.org\/en\/producte\/strajk-kobiet-logo-2022-womens-strike-logo\/#breadcrumb\"},\"inLanguage\":\"en-US\",\"potentialAction\":[{\"@type\":\"ReadAction\",\"target\":[\"https:\/\/museutapies.org\/en\/producte\/strajk-kobiet-logo-2022-womens-strike-logo\/\"]}]},{\"@type\":\"BreadcrumbList\",\"@id\":\"https:\/\/museutapies.org\/en\/producte\/strajk-kobiet-logo-2022-womens-strike-logo\/#breadcrumb\",\"itemListElement\":[{\"@type\":\"ListItem\",\"position\":1,\"name\":\"Tots els productes\",\"item\":\"https:\/\/museutapies.org\/productes\/\"},{\"@type\":\"ListItem\",\"position\":2,\"name\":\"Goshka Macuga: Strajk Kobiet (Logo), 2022 (Women&#8217;s Strike (Logo))\"}]},{\"@type\":\"WebSite\",\"@id\":\"https:\/\/museutapies.org\/en\/#website\",\"url\":\"https:\/\/museutapies.org\/en\/\",\"name\":\"Museu T\u00e0pies\",\"description\":\"\",\"publisher\":{\"@id\":\"https:\/\/museutapies.org\/en\/#organization\"},\"potentialAction\":[{\"@type\":\"SearchAction\",\"target\":{\"@type\":\"EntryPoint\",\"urlTemplate\":\"https:\/\/museutapies.org\/en\/?s={search_term_string}\"},\"query-input\":\"required name=search_term_string\"}],\"inLanguage\":\"en-US\"},{\"@type\":\"Organization\",\"@id\":\"https:\/\/museutapies.org\/en\/#organization\",\"name\":\"Museu T\u00e0pies\",\"url\":\"https:\/\/museutapies.org\/en\/\",\"logo\":{\"@type\":\"ImageObject\",\"inLanguage\":\"en-US\",\"@id\":\"https:\/\/museutapies.org\/en\/#\/schema\/logo\/image\/\",\"url\":\"https:\/\/museutapies.org\/wp-content\/uploads\/2024\/07\/mta.png\",\"contentUrl\":\"https:\/\/museutapies.org\/wp-content\/uploads\/2024\/07\/mta.png\",\"width\":244,\"height\":110,\"caption\":\"Museu T\u00e0pies\"},\"image\":{\"@id\":\"https:\/\/museutapies.org\/en\/#\/schema\/logo\/image\/\"},\"sameAs\":[\"https:\/\/www.facebook.com\/museutapies\",\"https:\/\/www.instagram.com\/museutapies\/\",\"https:\/\/www.youtube.com\/channel\/UCPi65HBb48RMeoa12lR51cQ\",\"https:\/\/x.com\/MuseuTapies\"]}]}<\/script>\n<!-- \/ Yoast SEO plugin. -->","yoast_head_json":{"title":"Goshka Macuga: Strajk Kobiet (Logo), 2022 (Women's Strike (Logo)) - Museu T\u00e0pies","description":"The Fundaci\u00f3 Antoni T\u00e0pies has published this limited-edition print on the occasion of the exhibition Goshka Macuga. In flux. This print takes as its starting point the homonymous work of 2018","robots":{"index":"index","follow":"follow","max-snippet":"max-snippet:-1","max-image-preview":"max-image-preview:large","max-video-preview":"max-video-preview:-1"},"og_locale":"en_US","og_type":"article","og_title":"Goshka Macuga: Strajk Kobiet (Logo), 2022 (Women's Strike (Logo)) - Museu T\u00e0pies","og_description":"The Fundaci\u00f3 Antoni T\u00e0pies has published this limited-edition print on the occasion of the exhibition Goshka Macuga. In flux. This print takes as its starting point the homonymous work of 2018","og_url":"https:\/\/museutapies.org\/en\/producte\/strajk-kobiet-logo-2022-womens-strike-logo\/","og_site_name":"Museu T\u00e0pies","article_publisher":"https:\/\/www.facebook.com\/museutapies","article_modified_time":"2023-07-11T10:56:41+00:00","og_image":[{"width":1641,"height":2560,"url":"https:\/\/museutapies.org\/wp-content\/uploads\/2022\/07\/for-poster-scaled.jpg","type":"image\/jpeg"}],"twitter_card":"summary_large_image","twitter_misc":{"Est. reading time":"1 minute"},"schema":{"@context":"https:\/\/schema.org","@graph":[{"@type":"WebPage","@id":"https:\/\/museutapies.org\/en\/producte\/strajk-kobiet-logo-2022-womens-strike-logo\/","url":"https:\/\/museutapies.org\/en\/producte\/strajk-kobiet-logo-2022-womens-strike-logo\/","name":"Goshka Macuga: Strajk Kobiet (Logo), 2022 (Women's Strike (Logo)) - Museu T\u00e0pies","isPartOf":{"@id":"https:\/\/museutapies.org\/en\/#website"},"datePublished":"2022-09-01T10:23:53+00:00","dateModified":"2023-07-11T10:56:41+00:00","description":"The Fundaci\u00f3 Antoni T\u00e0pies has published this limited-edition print on the occasion of the exhibition Goshka Macuga. In flux. This print takes as its starting point the homonymous work of 2018","breadcrumb":{"@id":"https:\/\/museutapies.org\/en\/producte\/strajk-kobiet-logo-2022-womens-strike-logo\/#breadcrumb"},"inLanguage":"en-US","potentialAction":[{"@type":"ReadAction","target":["https:\/\/museutapies.org\/en\/producte\/strajk-kobiet-logo-2022-womens-strike-logo\/"]}]},{"@type":"BreadcrumbList","@id":"https:\/\/museutapies.org\/en\/producte\/strajk-kobiet-logo-2022-womens-strike-logo\/#breadcrumb","itemListElement":[{"@type":"ListItem","position":1,"name":"Tots els productes","item":"https:\/\/museutapies.org\/productes\/"},{"@type":"ListItem","position":2,"name":"Goshka Macuga: Strajk Kobiet (Logo), 2022 (Women&#8217;s Strike (Logo))"}]},{"@type":"WebSite","@id":"https:\/\/museutapies.org\/en\/#website","url":"https:\/\/museutapies.org\/en\/","name":"Museu T\u00e0pies","description":"","publisher":{"@id":"https:\/\/museutapies.org\/en\/#organization"},"potentialAction":[{"@type":"SearchAction","target":{"@type":"EntryPoint","urlTemplate":"https:\/\/museutapies.org\/en\/?s={search_term_string}"},"query-input":"required name=search_term_string"}],"inLanguage":"en-US"},{"@type":"Organization","@id":"https:\/\/museutapies.org\/en\/#organization","name":"Museu T\u00e0pies","url":"https:\/\/museutapies.org\/en\/","logo":{"@type":"ImageObject","inLanguage":"en-US","@id":"https:\/\/museutapies.org\/en\/#\/schema\/logo\/image\/","url":"https:\/\/museutapies.org\/wp-content\/uploads\/2024\/07\/mta.png","contentUrl":"https:\/\/museutapies.org\/wp-content\/uploads\/2024\/07\/mta.png","width":244,"height":110,"caption":"Museu T\u00e0pies"},"image":{"@id":"https:\/\/museutapies.org\/en\/#\/schema\/logo\/image\/"},"sameAs":["https:\/\/www.facebook.com\/museutapies","https:\/\/www.instagram.com\/museutapies\/","https:\/\/www.youtube.com\/channel\/UCPi65HBb48RMeoa12lR51cQ","https:\/\/x.com\/MuseuTapies"]}]}},"_links":{"self":[{"href":"https:\/\/museutapies.org\/en\/wp-json\/wp\/v2\/product\/23652"}],"collection":[{"href":"https:\/\/museutapies.org\/en\/wp-json\/wp\/v2\/product"}],"about":[{"href":"https:\/\/museutapies.org\/en\/wp-json\/wp\/v2\/types\/product"}],"replies":[{"embeddable":true,"href":"https:\/\/museutapies.org\/en\/wp-json\/wp\/v2\/comments?post=23652"}],"version-history":[{"count":21,"href":"https:\/\/museutapies.org\/en\/wp-json\/wp\/v2\/product\/23652\/revisions"}],"predecessor-version":[{"id":25402,"href":"https:\/\/museutapies.org\/en\/wp-json\/wp\/v2\/product\/23652\/revisions\/25402"}],"wp:featuredmedia":[{"embeddable":true,"href":"https:\/\/museutapies.org\/en\/wp-json\/wp\/v2\/media\/23646"}],"wp:attachment":[{"href":"https:\/\/museutapies.org\/en\/wp-json\/wp\/v2\/media?parent=23652"}],"wp:term":[{"taxonomy":"product_cat","embeddable":true,"href":"https:\/\/museutapies.org\/en\/wp-json\/wp\/v2\/product_cat?post=23652"},{"taxonomy":"product_tag","embeddable":true,"href":"https:\/\/museutapies.org\/en\/wp-json\/wp\/v2\/product_tag?post=23652"}],"curies":[{"name":"wp","href":"https:\/\/api.w.org\/{rel}","templated":true}]}}