{"id":25758,"date":"2023-01-10T09:26:00","date_gmt":"2023-01-10T09:26:21","guid":{"rendered":"https:\/\/museutapies.org\/?post_type=product&#038;p=25758"},"modified":"2024-06-21T10:33:30","modified_gmt":"2024-06-21T08:33:30","slug":"tapies-obra-completa-volum-9e-2005-2011","status":"publish","type":"product","link":"https:\/\/museutapies.org\/en\/producte\/tapies-obra-completa-volum-9e-2005-2011\/","title":{"rendered":"T\u00e0pies. Obra completa. Volum 9\u00e8. 2005-2011"},"content":{"rendered":"<p>Nineth volume of the catalogue raisonn\u00e9 of T\u00e0pies\u2019 complete works created between 2005 and 2011.<\/p>\n","protected":false},"excerpt":{"rendered":"<p>Nineth volume of the catalogue raisonn\u00e9 of T\u00e0pies\u2019 complete works created between 2005 and 2011.<\/p>\n","protected":false},"featured_media":25717,"comment_status":"closed","ping_status":"closed","template":"","meta":{"footnotes":""},"product_cat":[114,139,130],"product_tag":[],"acf":[],"yoast_head":"<!-- This site is optimized with the Yoast SEO plugin v20.11 - https:\/\/yoast.com\/wordpress\/plugins\/seo\/ -->\n<title>T\u00e0pies. Obra completa. Volum 9\u00e8. 2005-2011 - Museu T\u00e0pies<\/title>\n<meta name=\"description\" content=\"Nineth volume of the catalogue raisonn\u00e9 of T\u00e0pies\u2019 complete works created between 2005 and 2011.\" \/>\n<meta name=\"robots\" content=\"index, follow, max-snippet:-1, max-image-preview:large, max-video-preview:-1\" \/>\n<meta property=\"og:locale\" content=\"en_US\" \/>\n<meta property=\"og:type\" content=\"article\" \/>\n<meta property=\"og:title\" content=\"T\u00e0pies. Obra completa. Volum 9\u00e8. 2005-2011 - Museu T\u00e0pies\" \/>\n<meta property=\"og:description\" content=\"Nineth volume of the catalogue raisonn\u00e9 of T\u00e0pies\u2019 complete works created between 2005 and 2011.\" \/>\n<meta property=\"og:url\" content=\"https:\/\/museutapies.org\/en\/producte\/tapies-obra-completa-volum-9e-2005-2011\/\" \/>\n<meta property=\"og:site_name\" content=\"Museu T\u00e0pies\" \/>\n<meta property=\"article:publisher\" content=\"https:\/\/www.facebook.com\/museutapies\" \/>\n<meta property=\"article:modified_time\" content=\"2024-06-21T08:33:30+00:00\" \/>\n<meta property=\"og:image\" content=\"https:\/\/museutapies.org\/wp-content\/uploads\/2023\/01\/Volum-9e-OC.jpg\" \/>\n\t<meta property=\"og:image:width\" content=\"851\" \/>\n\t<meta property=\"og:image:height\" content=\"899\" \/>\n\t<meta property=\"og:image:type\" content=\"image\/jpeg\" \/>\n<meta name=\"twitter:card\" content=\"summary_large_image\" \/>\n<meta name=\"twitter:label1\" content=\"Est. reading time\" \/>\n\t<meta name=\"twitter:data1\" content=\"1 minute\" \/>\n<script type=\"application\/ld+json\" class=\"yoast-schema-graph\">{\"@context\":\"https:\/\/schema.org\",\"@graph\":[{\"@type\":\"WebPage\",\"@id\":\"https:\/\/museutapies.org\/en\/producte\/tapies-obra-completa-volum-9e-2005-2011\/\",\"url\":\"https:\/\/museutapies.org\/en\/producte\/tapies-obra-completa-volum-9e-2005-2011\/\",\"name\":\"T\u00e0pies. Obra completa. Volum 9\u00e8. 2005-2011 - Museu T\u00e0pies\",\"isPartOf\":{\"@id\":\"https:\/\/museutapies.org\/en\/#website\"},\"datePublished\":\"2023-01-10T09:26:21+00:00\",\"dateModified\":\"2024-06-21T08:33:30+00:00\",\"description\":\"Nineth volume of the catalogue raisonn\u00e9 of T\u00e0pies\u2019 complete works created between 2005 and 2011.\",\"breadcrumb\":{\"@id\":\"https:\/\/museutapies.org\/en\/producte\/tapies-obra-completa-volum-9e-2005-2011\/#breadcrumb\"},\"inLanguage\":\"en-US\",\"potentialAction\":[{\"@type\":\"ReadAction\",\"target\":[\"https:\/\/museutapies.org\/en\/producte\/tapies-obra-completa-volum-9e-2005-2011\/\"]}]},{\"@type\":\"BreadcrumbList\",\"@id\":\"https:\/\/museutapies.org\/en\/producte\/tapies-obra-completa-volum-9e-2005-2011\/#breadcrumb\",\"itemListElement\":[{\"@type\":\"ListItem\",\"position\":1,\"name\":\"Tots els productes\",\"item\":\"https:\/\/museutapies.org\/productes\/\"},{\"@type\":\"ListItem\",\"position\":2,\"name\":\"T\u00e0pies. Obra completa. Volum 9\u00e8. 2005-2011\"}]},{\"@type\":\"WebSite\",\"@id\":\"https:\/\/museutapies.org\/en\/#website\",\"url\":\"https:\/\/museutapies.org\/en\/\",\"name\":\"Museu T\u00e0pies\",\"description\":\"\",\"publisher\":{\"@id\":\"https:\/\/museutapies.org\/en\/#organization\"},\"potentialAction\":[{\"@type\":\"SearchAction\",\"target\":{\"@type\":\"EntryPoint\",\"urlTemplate\":\"https:\/\/museutapies.org\/en\/?s={search_term_string}\"},\"query-input\":\"required name=search_term_string\"}],\"inLanguage\":\"en-US\"},{\"@type\":\"Organization\",\"@id\":\"https:\/\/museutapies.org\/en\/#organization\",\"name\":\"Museu T\u00e0pies\",\"url\":\"https:\/\/museutapies.org\/en\/\",\"logo\":{\"@type\":\"ImageObject\",\"inLanguage\":\"en-US\",\"@id\":\"https:\/\/museutapies.org\/en\/#\/schema\/logo\/image\/\",\"url\":\"https:\/\/museutapies.org\/wp-content\/uploads\/2024\/07\/mta.png\",\"contentUrl\":\"https:\/\/museutapies.org\/wp-content\/uploads\/2024\/07\/mta.png\",\"width\":244,\"height\":110,\"caption\":\"Museu T\u00e0pies\"},\"image\":{\"@id\":\"https:\/\/museutapies.org\/en\/#\/schema\/logo\/image\/\"},\"sameAs\":[\"https:\/\/www.facebook.com\/museutapies\",\"https:\/\/www.instagram.com\/museutapies\/\",\"https:\/\/www.youtube.com\/channel\/UCPi65HBb48RMeoa12lR51cQ\",\"https:\/\/x.com\/MuseuTapies\"]}]}<\/script>\n<!-- \/ Yoast SEO plugin. -->","yoast_head_json":{"title":"T\u00e0pies. Obra completa. Volum 9\u00e8. 2005-2011 - Museu T\u00e0pies","description":"Nineth volume of the catalogue raisonn\u00e9 of T\u00e0pies\u2019 complete works created between 2005 and 2011.","robots":{"index":"index","follow":"follow","max-snippet":"max-snippet:-1","max-image-preview":"max-image-preview:large","max-video-preview":"max-video-preview:-1"},"og_locale":"en_US","og_type":"article","og_title":"T\u00e0pies. Obra completa. Volum 9\u00e8. 2005-2011 - Museu T\u00e0pies","og_description":"Nineth volume of the catalogue raisonn\u00e9 of T\u00e0pies\u2019 complete works created between 2005 and 2011.","og_url":"https:\/\/museutapies.org\/en\/producte\/tapies-obra-completa-volum-9e-2005-2011\/","og_site_name":"Museu T\u00e0pies","article_publisher":"https:\/\/www.facebook.com\/museutapies","article_modified_time":"2024-06-21T08:33:30+00:00","og_image":[{"width":851,"height":899,"url":"https:\/\/museutapies.org\/wp-content\/uploads\/2023\/01\/Volum-9e-OC.jpg","type":"image\/jpeg"}],"twitter_card":"summary_large_image","twitter_misc":{"Est. reading time":"1 minute"},"schema":{"@context":"https:\/\/schema.org","@graph":[{"@type":"WebPage","@id":"https:\/\/museutapies.org\/en\/producte\/tapies-obra-completa-volum-9e-2005-2011\/","url":"https:\/\/museutapies.org\/en\/producte\/tapies-obra-completa-volum-9e-2005-2011\/","name":"T\u00e0pies. Obra completa. Volum 9\u00e8. 2005-2011 - Museu T\u00e0pies","isPartOf":{"@id":"https:\/\/museutapies.org\/en\/#website"},"datePublished":"2023-01-10T09:26:21+00:00","dateModified":"2024-06-21T08:33:30+00:00","description":"Nineth volume of the catalogue raisonn\u00e9 of T\u00e0pies\u2019 complete works created between 2005 and 2011.","breadcrumb":{"@id":"https:\/\/museutapies.org\/en\/producte\/tapies-obra-completa-volum-9e-2005-2011\/#breadcrumb"},"inLanguage":"en-US","potentialAction":[{"@type":"ReadAction","target":["https:\/\/museutapies.org\/en\/producte\/tapies-obra-completa-volum-9e-2005-2011\/"]}]},{"@type":"BreadcrumbList","@id":"https:\/\/museutapies.org\/en\/producte\/tapies-obra-completa-volum-9e-2005-2011\/#breadcrumb","itemListElement":[{"@type":"ListItem","position":1,"name":"Tots els productes","item":"https:\/\/museutapies.org\/productes\/"},{"@type":"ListItem","position":2,"name":"T\u00e0pies. Obra completa. Volum 9\u00e8. 2005-2011"}]},{"@type":"WebSite","@id":"https:\/\/museutapies.org\/en\/#website","url":"https:\/\/museutapies.org\/en\/","name":"Museu T\u00e0pies","description":"","publisher":{"@id":"https:\/\/museutapies.org\/en\/#organization"},"potentialAction":[{"@type":"SearchAction","target":{"@type":"EntryPoint","urlTemplate":"https:\/\/museutapies.org\/en\/?s={search_term_string}"},"query-input":"required name=search_term_string"}],"inLanguage":"en-US"},{"@type":"Organization","@id":"https:\/\/museutapies.org\/en\/#organization","name":"Museu T\u00e0pies","url":"https:\/\/museutapies.org\/en\/","logo":{"@type":"ImageObject","inLanguage":"en-US","@id":"https:\/\/museutapies.org\/en\/#\/schema\/logo\/image\/","url":"https:\/\/museutapies.org\/wp-content\/uploads\/2024\/07\/mta.png","contentUrl":"https:\/\/museutapies.org\/wp-content\/uploads\/2024\/07\/mta.png","width":244,"height":110,"caption":"Museu T\u00e0pies"},"image":{"@id":"https:\/\/museutapies.org\/en\/#\/schema\/logo\/image\/"},"sameAs":["https:\/\/www.facebook.com\/museutapies","https:\/\/www.instagram.com\/museutapies\/","https:\/\/www.youtube.com\/channel\/UCPi65HBb48RMeoa12lR51cQ","https:\/\/x.com\/MuseuTapies"]}]}},"_links":{"self":[{"href":"https:\/\/museutapies.org\/en\/wp-json\/wp\/v2\/product\/25758"}],"collection":[{"href":"https:\/\/museutapies.org\/en\/wp-json\/wp\/v2\/product"}],"about":[{"href":"https:\/\/museutapies.org\/en\/wp-json\/wp\/v2\/types\/product"}],"replies":[{"embeddable":true,"href":"https:\/\/museutapies.org\/en\/wp-json\/wp\/v2\/comments?post=25758"}],"version-history":[{"count":2,"href":"https:\/\/museutapies.org\/en\/wp-json\/wp\/v2\/product\/25758\/revisions"}],"predecessor-version":[{"id":25765,"href":"https:\/\/museutapies.org\/en\/wp-json\/wp\/v2\/product\/25758\/revisions\/25765"}],"wp:featuredmedia":[{"embeddable":true,"href":"https:\/\/museutapies.org\/en\/wp-json\/wp\/v2\/media\/25717"}],"wp:attachment":[{"href":"https:\/\/museutapies.org\/en\/wp-json\/wp\/v2\/media?parent=25758"}],"wp:term":[{"taxonomy":"product_cat","embeddable":true,"href":"https:\/\/museutapies.org\/en\/wp-json\/wp\/v2\/product_cat?post=25758"},{"taxonomy":"product_tag","embeddable":true,"href":"https:\/\/museutapies.org\/en\/wp-json\/wp\/v2\/product_tag?post=25758"}],"curies":[{"name":"wp","href":"https:\/\/api.w.org\/{rel}","templated":true}]}}