{"id":26891,"date":"2023-05-23T08:06:43","date_gmt":"2023-05-23T08:06:56","guid":{"rendered":"https:\/\/museutapies.org\/?post_type=product&#038;p=26891"},"modified":"2023-07-24T07:55:40","modified_gmt":"2023-07-24T07:55:40","slug":"roman-ondak-tomorrows","status":"publish","type":"product","link":"https:\/\/museutapies.org\/en\/producte\/roman-ondak-tomorrows\/","title":{"rendered":"Roman Ondak, Tomorrows (Version), 2023"},"content":{"rendered":"<p>The Fundaci\u00f3 Antoni T\u00e0pies has published a limited-edition print on the occasion of the exhibition <em>Roman Ondak. Infinitum.<\/em><\/p>\n<p>This print takes as its starting point the work <em>Tomorrows<\/em> from 2002, composed of three photographs presented in a triptych format. The were find some girls who take the place of the retired generals from the Second World War in a Austrian population, recreating a situacion from the past in the &#8220;present&#8221; of the moment when the photograph was taken, while experiencing its future potencial.<\/p>\n<p>&nbsp;<\/p>\n","protected":false},"excerpt":{"rendered":"<p>The Fundaci\u00f3 Antoni T\u00e0pies has published a limited-edition print on the occasion of the exhibition Roman Ondak. Infinitum. This print [&hellip;]<\/p>\n","protected":false},"featured_media":26894,"comment_status":"closed","ping_status":"closed","template":"","meta":{"footnotes":""},"product_cat":[257],"product_tag":[],"acf":[],"yoast_head":"<!-- This site is optimized with the Yoast SEO plugin v20.11 - https:\/\/yoast.com\/wordpress\/plugins\/seo\/ -->\n<title>Roman Ondak, Tomorrows (Version), 2023 - Museu T\u00e0pies<\/title>\n<meta name=\"description\" content=\"The Fundaci\u00f3 Antoni T\u00e0pies has published a limited-edition print on the occasion of the exhibition Roman Ondak. Infinitum.This print takes as its starting point the work Tomorrows from 2002, composed of three photographs presented in a triptych format.\" \/>\n<meta name=\"robots\" content=\"index, follow, max-snippet:-1, max-image-preview:large, max-video-preview:-1\" \/>\n<meta property=\"og:locale\" content=\"en_US\" \/>\n<meta property=\"og:type\" content=\"article\" \/>\n<meta property=\"og:title\" content=\"Roman Ondak, Tomorrows (Version), 2023 - Museu T\u00e0pies\" \/>\n<meta property=\"og:description\" content=\"The Fundaci\u00f3 Antoni T\u00e0pies has published a limited-edition print on the occasion of the exhibition Roman Ondak. Infinitum.This print takes as its starting point the work Tomorrows from 2002, composed of three photographs presented in a triptych format.\" \/>\n<meta property=\"og:url\" content=\"https:\/\/museutapies.org\/en\/producte\/roman-ondak-tomorrows\/\" \/>\n<meta property=\"og:site_name\" content=\"Museu T\u00e0pies\" \/>\n<meta property=\"article:publisher\" content=\"https:\/\/www.facebook.com\/museutapies\" \/>\n<meta property=\"article:modified_time\" content=\"2023-07-24T07:55:40+00:00\" \/>\n<meta property=\"og:image\" content=\"https:\/\/museutapies.org\/wp-content\/uploads\/2023\/05\/multiple-Roman-Ondak-scaled.jpg\" \/>\n\t<meta property=\"og:image:width\" content=\"2560\" \/>\n\t<meta property=\"og:image:height\" content=\"1740\" \/>\n\t<meta property=\"og:image:type\" content=\"image\/jpeg\" \/>\n<meta name=\"twitter:card\" content=\"summary_large_image\" \/>\n<meta name=\"twitter:label1\" content=\"Est. reading time\" \/>\n\t<meta name=\"twitter:data1\" content=\"1 minute\" \/>\n<script type=\"application\/ld+json\" class=\"yoast-schema-graph\">{\"@context\":\"https:\/\/schema.org\",\"@graph\":[{\"@type\":\"WebPage\",\"@id\":\"https:\/\/museutapies.org\/en\/producte\/roman-ondak-tomorrows\/\",\"url\":\"https:\/\/museutapies.org\/en\/producte\/roman-ondak-tomorrows\/\",\"name\":\"Roman Ondak, Tomorrows (Version), 2023 - Museu T\u00e0pies\",\"isPartOf\":{\"@id\":\"https:\/\/museutapies.org\/en\/#website\"},\"datePublished\":\"2023-05-23T08:06:56+00:00\",\"dateModified\":\"2023-07-24T07:55:40+00:00\",\"description\":\"The Fundaci\u00f3 Antoni T\u00e0pies has published a limited-edition print on the occasion of the exhibition Roman Ondak. Infinitum.This print takes as its starting point the work Tomorrows from 2002, composed of three photographs presented in a triptych format.\",\"breadcrumb\":{\"@id\":\"https:\/\/museutapies.org\/en\/producte\/roman-ondak-tomorrows\/#breadcrumb\"},\"inLanguage\":\"en-US\",\"potentialAction\":[{\"@type\":\"ReadAction\",\"target\":[\"https:\/\/museutapies.org\/en\/producte\/roman-ondak-tomorrows\/\"]}]},{\"@type\":\"BreadcrumbList\",\"@id\":\"https:\/\/museutapies.org\/en\/producte\/roman-ondak-tomorrows\/#breadcrumb\",\"itemListElement\":[{\"@type\":\"ListItem\",\"position\":1,\"name\":\"Tots els productes\",\"item\":\"https:\/\/museutapies.org\/productes\/\"},{\"@type\":\"ListItem\",\"position\":2,\"name\":\"Roman Ondak, Tomorrows (Version), 2023\"}]},{\"@type\":\"WebSite\",\"@id\":\"https:\/\/museutapies.org\/en\/#website\",\"url\":\"https:\/\/museutapies.org\/en\/\",\"name\":\"Museu T\u00e0pies\",\"description\":\"\",\"publisher\":{\"@id\":\"https:\/\/museutapies.org\/en\/#organization\"},\"potentialAction\":[{\"@type\":\"SearchAction\",\"target\":{\"@type\":\"EntryPoint\",\"urlTemplate\":\"https:\/\/museutapies.org\/en\/?s={search_term_string}\"},\"query-input\":\"required name=search_term_string\"}],\"inLanguage\":\"en-US\"},{\"@type\":\"Organization\",\"@id\":\"https:\/\/museutapies.org\/en\/#organization\",\"name\":\"Museu T\u00e0pies\",\"url\":\"https:\/\/museutapies.org\/en\/\",\"logo\":{\"@type\":\"ImageObject\",\"inLanguage\":\"en-US\",\"@id\":\"https:\/\/museutapies.org\/en\/#\/schema\/logo\/image\/\",\"url\":\"https:\/\/museutapies.org\/wp-content\/uploads\/2024\/07\/mta.png\",\"contentUrl\":\"https:\/\/museutapies.org\/wp-content\/uploads\/2024\/07\/mta.png\",\"width\":244,\"height\":110,\"caption\":\"Museu T\u00e0pies\"},\"image\":{\"@id\":\"https:\/\/museutapies.org\/en\/#\/schema\/logo\/image\/\"},\"sameAs\":[\"https:\/\/www.facebook.com\/museutapies\",\"https:\/\/www.instagram.com\/museutapies\/\",\"https:\/\/www.youtube.com\/channel\/UCPi65HBb48RMeoa12lR51cQ\",\"https:\/\/x.com\/MuseuTapies\"]}]}<\/script>\n<!-- \/ Yoast SEO plugin. -->","yoast_head_json":{"title":"Roman Ondak, Tomorrows (Version), 2023 - Museu T\u00e0pies","description":"The Fundaci\u00f3 Antoni T\u00e0pies has published a limited-edition print on the occasion of the exhibition Roman Ondak. Infinitum.This print takes as its starting point the work Tomorrows from 2002, composed of three photographs presented in a triptych format.","robots":{"index":"index","follow":"follow","max-snippet":"max-snippet:-1","max-image-preview":"max-image-preview:large","max-video-preview":"max-video-preview:-1"},"og_locale":"en_US","og_type":"article","og_title":"Roman Ondak, Tomorrows (Version), 2023 - Museu T\u00e0pies","og_description":"The Fundaci\u00f3 Antoni T\u00e0pies has published a limited-edition print on the occasion of the exhibition Roman Ondak. Infinitum.This print takes as its starting point the work Tomorrows from 2002, composed of three photographs presented in a triptych format.","og_url":"https:\/\/museutapies.org\/en\/producte\/roman-ondak-tomorrows\/","og_site_name":"Museu T\u00e0pies","article_publisher":"https:\/\/www.facebook.com\/museutapies","article_modified_time":"2023-07-24T07:55:40+00:00","og_image":[{"width":2560,"height":1740,"url":"https:\/\/museutapies.org\/wp-content\/uploads\/2023\/05\/multiple-Roman-Ondak-scaled.jpg","type":"image\/jpeg"}],"twitter_card":"summary_large_image","twitter_misc":{"Est. reading time":"1 minute"},"schema":{"@context":"https:\/\/schema.org","@graph":[{"@type":"WebPage","@id":"https:\/\/museutapies.org\/en\/producte\/roman-ondak-tomorrows\/","url":"https:\/\/museutapies.org\/en\/producte\/roman-ondak-tomorrows\/","name":"Roman Ondak, Tomorrows (Version), 2023 - Museu T\u00e0pies","isPartOf":{"@id":"https:\/\/museutapies.org\/en\/#website"},"datePublished":"2023-05-23T08:06:56+00:00","dateModified":"2023-07-24T07:55:40+00:00","description":"The Fundaci\u00f3 Antoni T\u00e0pies has published a limited-edition print on the occasion of the exhibition Roman Ondak. Infinitum.This print takes as its starting point the work Tomorrows from 2002, composed of three photographs presented in a triptych format.","breadcrumb":{"@id":"https:\/\/museutapies.org\/en\/producte\/roman-ondak-tomorrows\/#breadcrumb"},"inLanguage":"en-US","potentialAction":[{"@type":"ReadAction","target":["https:\/\/museutapies.org\/en\/producte\/roman-ondak-tomorrows\/"]}]},{"@type":"BreadcrumbList","@id":"https:\/\/museutapies.org\/en\/producte\/roman-ondak-tomorrows\/#breadcrumb","itemListElement":[{"@type":"ListItem","position":1,"name":"Tots els productes","item":"https:\/\/museutapies.org\/productes\/"},{"@type":"ListItem","position":2,"name":"Roman Ondak, Tomorrows (Version), 2023"}]},{"@type":"WebSite","@id":"https:\/\/museutapies.org\/en\/#website","url":"https:\/\/museutapies.org\/en\/","name":"Museu T\u00e0pies","description":"","publisher":{"@id":"https:\/\/museutapies.org\/en\/#organization"},"potentialAction":[{"@type":"SearchAction","target":{"@type":"EntryPoint","urlTemplate":"https:\/\/museutapies.org\/en\/?s={search_term_string}"},"query-input":"required name=search_term_string"}],"inLanguage":"en-US"},{"@type":"Organization","@id":"https:\/\/museutapies.org\/en\/#organization","name":"Museu T\u00e0pies","url":"https:\/\/museutapies.org\/en\/","logo":{"@type":"ImageObject","inLanguage":"en-US","@id":"https:\/\/museutapies.org\/en\/#\/schema\/logo\/image\/","url":"https:\/\/museutapies.org\/wp-content\/uploads\/2024\/07\/mta.png","contentUrl":"https:\/\/museutapies.org\/wp-content\/uploads\/2024\/07\/mta.png","width":244,"height":110,"caption":"Museu T\u00e0pies"},"image":{"@id":"https:\/\/museutapies.org\/en\/#\/schema\/logo\/image\/"},"sameAs":["https:\/\/www.facebook.com\/museutapies","https:\/\/www.instagram.com\/museutapies\/","https:\/\/www.youtube.com\/channel\/UCPi65HBb48RMeoa12lR51cQ","https:\/\/x.com\/MuseuTapies"]}]}},"_links":{"self":[{"href":"https:\/\/museutapies.org\/en\/wp-json\/wp\/v2\/product\/26891"}],"collection":[{"href":"https:\/\/museutapies.org\/en\/wp-json\/wp\/v2\/product"}],"about":[{"href":"https:\/\/museutapies.org\/en\/wp-json\/wp\/v2\/types\/product"}],"replies":[{"embeddable":true,"href":"https:\/\/museutapies.org\/en\/wp-json\/wp\/v2\/comments?post=26891"}],"version-history":[{"count":2,"href":"https:\/\/museutapies.org\/en\/wp-json\/wp\/v2\/product\/26891\/revisions"}],"predecessor-version":[{"id":26901,"href":"https:\/\/museutapies.org\/en\/wp-json\/wp\/v2\/product\/26891\/revisions\/26901"}],"wp:featuredmedia":[{"embeddable":true,"href":"https:\/\/museutapies.org\/en\/wp-json\/wp\/v2\/media\/26894"}],"wp:attachment":[{"href":"https:\/\/museutapies.org\/en\/wp-json\/wp\/v2\/media?parent=26891"}],"wp:term":[{"taxonomy":"product_cat","embeddable":true,"href":"https:\/\/museutapies.org\/en\/wp-json\/wp\/v2\/product_cat?post=26891"},{"taxonomy":"product_tag","embeddable":true,"href":"https:\/\/museutapies.org\/en\/wp-json\/wp\/v2\/product_tag?post=26891"}],"curies":[{"name":"wp","href":"https:\/\/api.w.org\/{rel}","templated":true}]}}