{"id":41646,"date":"2025-10-13T11:30:08","date_gmt":"2025-10-13T09:30:08","guid":{"rendered":"https:\/\/museutapies.org\/producte\/que-es-el-cine-germaine-dulac\/"},"modified":"2025-10-13T12:11:53","modified_gmt":"2025-10-13T10:11:53","slug":"que-es-el-cine-germaine-dulac","status":"publish","type":"product","link":"https:\/\/museutapies.org\/en\/producte\/que-es-el-cine-germaine-dulac\/","title":{"rendered":"\u00bfQu\u00e9 es el cine? Germaine Dulac"},"content":{"rendered":"<p>Coinciding with the exhibition dedicated to Germaine Dulac at the T\u00e0pies Museum in Barcelona, this volume brings together, for the first time in Spanish, a selection of her lectures, edited by her personal and professional partner, Marie-Anne Colson-Maleville. <em>\u00bfQu\u00e9 es el cine?<\/em> is a veritable compendium of Dulac&#8217;s filmography, a valuable document on the history of cinema and, above all, a tribute to an artist ahead of her time.<\/p>\n<p>&nbsp;<\/p>\n","protected":false},"excerpt":{"rendered":"<p>Coinciding with the exhibition dedicated to Germaine Dulac at the T\u00e0pies Museum in Barcelona, this volume brings together, for the [&hellip;]<\/p>\n","protected":false},"featured_media":41547,"comment_status":"closed","ping_status":"closed","template":"","meta":{"footnotes":""},"product_cat":[136],"product_tag":[],"acf":[],"yoast_head":"<!-- This site is optimized with the Yoast SEO plugin v20.11 - https:\/\/yoast.com\/wordpress\/plugins\/seo\/ -->\n<title>\u00bfQu\u00e9 es el cine? Germaine Dulac - Museu T\u00e0pies<\/title>\n<meta name=\"description\" content=\"Aquest volum recull, per primera vegada en castell\u00e0, una selecci\u00f3 de les seves confer\u00e8ncies, editades per la que va ser la seva companya de vida personal i professional, Marie-Anne Colson-Maleville.\" \/>\n<meta name=\"robots\" content=\"index, follow, max-snippet:-1, max-image-preview:large, max-video-preview:-1\" \/>\n<meta property=\"og:locale\" content=\"en_US\" \/>\n<meta property=\"og:type\" content=\"article\" \/>\n<meta property=\"og:title\" content=\"\u00bfQu\u00e9 es el cine? Germaine Dulac - Museu T\u00e0pies\" \/>\n<meta property=\"og:description\" content=\"Aquest volum recull, per primera vegada en castell\u00e0, una selecci\u00f3 de les seves confer\u00e8ncies, editades per la que va ser la seva companya de vida personal i professional, Marie-Anne Colson-Maleville.\" \/>\n<meta property=\"og:url\" content=\"https:\/\/museutapies.org\/en\/producte\/que-es-el-cine-germaine-dulac\/\" \/>\n<meta property=\"og:site_name\" content=\"Museu T\u00e0pies\" \/>\n<meta property=\"article:publisher\" content=\"https:\/\/www.facebook.com\/museutapies\" \/>\n<meta property=\"article:modified_time\" content=\"2025-10-13T10:11:53+00:00\" \/>\n<meta property=\"og:image\" content=\"https:\/\/museutapies.org\/wp-content\/uploads\/2025\/10\/Que-es-el-cine-Germaine-Dulac_sq_sh_524_10.jpg\" \/>\n\t<meta property=\"og:image:width\" content=\"524\" \/>\n\t<meta property=\"og:image:height\" content=\"524\" \/>\n\t<meta property=\"og:image:type\" content=\"image\/jpeg\" \/>\n<meta name=\"twitter:card\" content=\"summary_large_image\" \/>\n<meta name=\"twitter:label1\" content=\"Est. reading time\" \/>\n\t<meta name=\"twitter:data1\" content=\"1 minute\" \/>\n<script type=\"application\/ld+json\" class=\"yoast-schema-graph\">{\"@context\":\"https:\/\/schema.org\",\"@graph\":[{\"@type\":\"WebPage\",\"@id\":\"https:\/\/museutapies.org\/en\/producte\/que-es-el-cine-germaine-dulac\/\",\"url\":\"https:\/\/museutapies.org\/en\/producte\/que-es-el-cine-germaine-dulac\/\",\"name\":\"\u00bfQu\u00e9 es el cine? Germaine Dulac - Museu T\u00e0pies\",\"isPartOf\":{\"@id\":\"https:\/\/museutapies.org\/en\/#website\"},\"datePublished\":\"2025-10-13T09:30:08+00:00\",\"dateModified\":\"2025-10-13T10:11:53+00:00\",\"description\":\"Aquest volum recull, per primera vegada en castell\u00e0, una selecci\u00f3 de les seves confer\u00e8ncies, editades per la que va ser la seva companya de vida personal i professional, Marie-Anne Colson-Maleville.\",\"breadcrumb\":{\"@id\":\"https:\/\/museutapies.org\/en\/producte\/que-es-el-cine-germaine-dulac\/#breadcrumb\"},\"inLanguage\":\"en-US\",\"potentialAction\":[{\"@type\":\"ReadAction\",\"target\":[\"https:\/\/museutapies.org\/en\/producte\/que-es-el-cine-germaine-dulac\/\"]}]},{\"@type\":\"BreadcrumbList\",\"@id\":\"https:\/\/museutapies.org\/en\/producte\/que-es-el-cine-germaine-dulac\/#breadcrumb\",\"itemListElement\":[{\"@type\":\"ListItem\",\"position\":1,\"name\":\"Tots els productes\",\"item\":\"https:\/\/museutapies.org\/productes\/\"},{\"@type\":\"ListItem\",\"position\":2,\"name\":\"\u00bfQu\u00e9 es el cine? Germaine Dulac\"}]},{\"@type\":\"WebSite\",\"@id\":\"https:\/\/museutapies.org\/en\/#website\",\"url\":\"https:\/\/museutapies.org\/en\/\",\"name\":\"Museu T\u00e0pies\",\"description\":\"\",\"publisher\":{\"@id\":\"https:\/\/museutapies.org\/en\/#organization\"},\"potentialAction\":[{\"@type\":\"SearchAction\",\"target\":{\"@type\":\"EntryPoint\",\"urlTemplate\":\"https:\/\/museutapies.org\/en\/?s={search_term_string}\"},\"query-input\":\"required name=search_term_string\"}],\"inLanguage\":\"en-US\"},{\"@type\":\"Organization\",\"@id\":\"https:\/\/museutapies.org\/en\/#organization\",\"name\":\"Museu T\u00e0pies\",\"url\":\"https:\/\/museutapies.org\/en\/\",\"logo\":{\"@type\":\"ImageObject\",\"inLanguage\":\"en-US\",\"@id\":\"https:\/\/museutapies.org\/en\/#\/schema\/logo\/image\/\",\"url\":\"https:\/\/museutapies.org\/wp-content\/uploads\/2024\/07\/mta.png\",\"contentUrl\":\"https:\/\/museutapies.org\/wp-content\/uploads\/2024\/07\/mta.png\",\"width\":244,\"height\":110,\"caption\":\"Museu T\u00e0pies\"},\"image\":{\"@id\":\"https:\/\/museutapies.org\/en\/#\/schema\/logo\/image\/\"},\"sameAs\":[\"https:\/\/www.facebook.com\/museutapies\",\"https:\/\/www.instagram.com\/museutapies\/\",\"https:\/\/www.youtube.com\/channel\/UCPi65HBb48RMeoa12lR51cQ\",\"https:\/\/x.com\/MuseuTapies\"]}]}<\/script>\n<!-- \/ Yoast SEO plugin. -->","yoast_head_json":{"title":"\u00bfQu\u00e9 es el cine? Germaine Dulac - Museu T\u00e0pies","description":"Aquest volum recull, per primera vegada en castell\u00e0, una selecci\u00f3 de les seves confer\u00e8ncies, editades per la que va ser la seva companya de vida personal i professional, Marie-Anne Colson-Maleville.","robots":{"index":"index","follow":"follow","max-snippet":"max-snippet:-1","max-image-preview":"max-image-preview:large","max-video-preview":"max-video-preview:-1"},"og_locale":"en_US","og_type":"article","og_title":"\u00bfQu\u00e9 es el cine? Germaine Dulac - Museu T\u00e0pies","og_description":"Aquest volum recull, per primera vegada en castell\u00e0, una selecci\u00f3 de les seves confer\u00e8ncies, editades per la que va ser la seva companya de vida personal i professional, Marie-Anne Colson-Maleville.","og_url":"https:\/\/museutapies.org\/en\/producte\/que-es-el-cine-germaine-dulac\/","og_site_name":"Museu T\u00e0pies","article_publisher":"https:\/\/www.facebook.com\/museutapies","article_modified_time":"2025-10-13T10:11:53+00:00","og_image":[{"width":524,"height":524,"url":"https:\/\/museutapies.org\/wp-content\/uploads\/2025\/10\/Que-es-el-cine-Germaine-Dulac_sq_sh_524_10.jpg","type":"image\/jpeg"}],"twitter_card":"summary_large_image","twitter_misc":{"Est. reading time":"1 minute"},"schema":{"@context":"https:\/\/schema.org","@graph":[{"@type":"WebPage","@id":"https:\/\/museutapies.org\/en\/producte\/que-es-el-cine-germaine-dulac\/","url":"https:\/\/museutapies.org\/en\/producte\/que-es-el-cine-germaine-dulac\/","name":"\u00bfQu\u00e9 es el cine? Germaine Dulac - Museu T\u00e0pies","isPartOf":{"@id":"https:\/\/museutapies.org\/en\/#website"},"datePublished":"2025-10-13T09:30:08+00:00","dateModified":"2025-10-13T10:11:53+00:00","description":"Aquest volum recull, per primera vegada en castell\u00e0, una selecci\u00f3 de les seves confer\u00e8ncies, editades per la que va ser la seva companya de vida personal i professional, Marie-Anne Colson-Maleville.","breadcrumb":{"@id":"https:\/\/museutapies.org\/en\/producte\/que-es-el-cine-germaine-dulac\/#breadcrumb"},"inLanguage":"en-US","potentialAction":[{"@type":"ReadAction","target":["https:\/\/museutapies.org\/en\/producte\/que-es-el-cine-germaine-dulac\/"]}]},{"@type":"BreadcrumbList","@id":"https:\/\/museutapies.org\/en\/producte\/que-es-el-cine-germaine-dulac\/#breadcrumb","itemListElement":[{"@type":"ListItem","position":1,"name":"Tots els productes","item":"https:\/\/museutapies.org\/productes\/"},{"@type":"ListItem","position":2,"name":"\u00bfQu\u00e9 es el cine? Germaine Dulac"}]},{"@type":"WebSite","@id":"https:\/\/museutapies.org\/en\/#website","url":"https:\/\/museutapies.org\/en\/","name":"Museu T\u00e0pies","description":"","publisher":{"@id":"https:\/\/museutapies.org\/en\/#organization"},"potentialAction":[{"@type":"SearchAction","target":{"@type":"EntryPoint","urlTemplate":"https:\/\/museutapies.org\/en\/?s={search_term_string}"},"query-input":"required name=search_term_string"}],"inLanguage":"en-US"},{"@type":"Organization","@id":"https:\/\/museutapies.org\/en\/#organization","name":"Museu T\u00e0pies","url":"https:\/\/museutapies.org\/en\/","logo":{"@type":"ImageObject","inLanguage":"en-US","@id":"https:\/\/museutapies.org\/en\/#\/schema\/logo\/image\/","url":"https:\/\/museutapies.org\/wp-content\/uploads\/2024\/07\/mta.png","contentUrl":"https:\/\/museutapies.org\/wp-content\/uploads\/2024\/07\/mta.png","width":244,"height":110,"caption":"Museu T\u00e0pies"},"image":{"@id":"https:\/\/museutapies.org\/en\/#\/schema\/logo\/image\/"},"sameAs":["https:\/\/www.facebook.com\/museutapies","https:\/\/www.instagram.com\/museutapies\/","https:\/\/www.youtube.com\/channel\/UCPi65HBb48RMeoa12lR51cQ","https:\/\/x.com\/MuseuTapies"]}]}},"_links":{"self":[{"href":"https:\/\/museutapies.org\/en\/wp-json\/wp\/v2\/product\/41646"}],"collection":[{"href":"https:\/\/museutapies.org\/en\/wp-json\/wp\/v2\/product"}],"about":[{"href":"https:\/\/museutapies.org\/en\/wp-json\/wp\/v2\/types\/product"}],"replies":[{"embeddable":true,"href":"https:\/\/museutapies.org\/en\/wp-json\/wp\/v2\/comments?post=41646"}],"version-history":[{"count":3,"href":"https:\/\/museutapies.org\/en\/wp-json\/wp\/v2\/product\/41646\/revisions"}],"predecessor-version":[{"id":41647,"href":"https:\/\/museutapies.org\/en\/wp-json\/wp\/v2\/product\/41646\/revisions\/41647"}],"wp:featuredmedia":[{"embeddable":true,"href":"https:\/\/museutapies.org\/en\/wp-json\/wp\/v2\/media\/41547"}],"wp:attachment":[{"href":"https:\/\/museutapies.org\/en\/wp-json\/wp\/v2\/media?parent=41646"}],"wp:term":[{"taxonomy":"product_cat","embeddable":true,"href":"https:\/\/museutapies.org\/en\/wp-json\/wp\/v2\/product_cat?post=41646"},{"taxonomy":"product_tag","embeddable":true,"href":"https:\/\/museutapies.org\/en\/wp-json\/wp\/v2\/product_tag?post=41646"}],"curies":[{"name":"wp","href":"https:\/\/api.w.org\/{rel}","templated":true}]}}