{"id":42929,"date":"2025-12-11T13:07:45","date_gmt":"2025-12-11T12:07:45","guid":{"rendered":"https:\/\/museutapies.org\/?post_type=product&#038;p=42929"},"modified":"2026-01-23T12:14:30","modified_gmt":"2026-01-23T11:14:30","slug":"marta-palau-els-meus-camins-son-terrestres","status":"publish","type":"product","link":"https:\/\/museutapies.org\/en\/producte\/marta-palau-els-meus-camins-son-terrestres\/","title":{"rendered":"Marta Palau. Els meus camins s\u00f3n terrestres"},"content":{"rendered":"<p>An essential publication for exploring the work of an unique artist whom the museum has sought to reclaim her first major retrospective in Europe, curated by Imma Prieto, Director of the Museu T\u00e0pies, held in 2025.<\/p>\n<p>&nbsp;<\/p>\n","protected":false},"excerpt":{"rendered":"<p>An essential publication for exploring the work of an unique artist whom the museum has sought to reclaim her first [&hellip;]<\/p>\n","protected":false},"featured_media":42932,"comment_status":"closed","ping_status":"closed","template":"","meta":{"footnotes":""},"product_cat":[114,136,115,175],"product_tag":[],"acf":[],"yoast_head":"<!-- This site is optimized with the Yoast SEO plugin v20.11 - https:\/\/yoast.com\/wordpress\/plugins\/seo\/ -->\n<title>Marta Palau. Els meus camins s\u00f3n terrestres - Museu T\u00e0pies<\/title>\n<meta name=\"description\" content=\"Catalogue of the exhibition that Museu T\u00e0pies (Barcelona) dedicated to the catalan Marta Palau, artist of textile art and installations.\" \/>\n<meta name=\"robots\" content=\"index, follow, max-snippet:-1, max-image-preview:large, max-video-preview:-1\" \/>\n<meta property=\"og:locale\" content=\"en_US\" \/>\n<meta property=\"og:type\" content=\"article\" \/>\n<meta property=\"og:title\" content=\"Marta Palau. Els meus camins s\u00f3n terrestres - Museu T\u00e0pies\" \/>\n<meta property=\"og:description\" content=\"Catalogue of the exhibition that Museu T\u00e0pies (Barcelona) dedicated to the catalan Marta Palau, artist of textile art and installations.\" \/>\n<meta property=\"og:url\" content=\"https:\/\/museutapies.org\/en\/producte\/marta-palau-els-meus-camins-son-terrestres\/\" \/>\n<meta property=\"og:site_name\" content=\"Museu T\u00e0pies\" \/>\n<meta property=\"article:publisher\" content=\"https:\/\/www.facebook.com\/museutapies\" \/>\n<meta property=\"article:modified_time\" content=\"2026-01-23T11:14:30+00:00\" \/>\n<meta property=\"og:image\" content=\"https:\/\/museutapies.org\/wp-content\/uploads\/2025\/12\/cover-palau-CAT.jpg\" \/>\n\t<meta property=\"og:image:width\" content=\"519\" \/>\n\t<meta property=\"og:image:height\" content=\"754\" \/>\n\t<meta property=\"og:image:type\" content=\"image\/jpeg\" \/>\n<meta name=\"twitter:card\" content=\"summary_large_image\" \/>\n<meta name=\"twitter:label1\" content=\"Est. reading time\" \/>\n\t<meta name=\"twitter:data1\" content=\"1 minute\" \/>\n<script type=\"application\/ld+json\" class=\"yoast-schema-graph\">{\"@context\":\"https:\/\/schema.org\",\"@graph\":[{\"@type\":\"WebPage\",\"@id\":\"https:\/\/museutapies.org\/en\/producte\/marta-palau-els-meus-camins-son-terrestres\/\",\"url\":\"https:\/\/museutapies.org\/en\/producte\/marta-palau-els-meus-camins-son-terrestres\/\",\"name\":\"Marta Palau. Els meus camins s\u00f3n terrestres - Museu T\u00e0pies\",\"isPartOf\":{\"@id\":\"https:\/\/museutapies.org\/en\/#website\"},\"datePublished\":\"2025-12-11T12:07:45+00:00\",\"dateModified\":\"2026-01-23T11:14:30+00:00\",\"description\":\"Catalogue of the exhibition that Museu T\u00e0pies (Barcelona) dedicated to the catalan Marta Palau, artist of textile art and installations.\",\"breadcrumb\":{\"@id\":\"https:\/\/museutapies.org\/en\/producte\/marta-palau-els-meus-camins-son-terrestres\/#breadcrumb\"},\"inLanguage\":\"en-US\",\"potentialAction\":[{\"@type\":\"ReadAction\",\"target\":[\"https:\/\/museutapies.org\/en\/producte\/marta-palau-els-meus-camins-son-terrestres\/\"]}]},{\"@type\":\"BreadcrumbList\",\"@id\":\"https:\/\/museutapies.org\/en\/producte\/marta-palau-els-meus-camins-son-terrestres\/#breadcrumb\",\"itemListElement\":[{\"@type\":\"ListItem\",\"position\":1,\"name\":\"Tots els productes\",\"item\":\"https:\/\/museutapies.org\/productes\/\"},{\"@type\":\"ListItem\",\"position\":2,\"name\":\"Marta Palau. Els meus camins s\u00f3n terrestres\"}]},{\"@type\":\"WebSite\",\"@id\":\"https:\/\/museutapies.org\/en\/#website\",\"url\":\"https:\/\/museutapies.org\/en\/\",\"name\":\"Museu T\u00e0pies\",\"description\":\"\",\"publisher\":{\"@id\":\"https:\/\/museutapies.org\/en\/#organization\"},\"potentialAction\":[{\"@type\":\"SearchAction\",\"target\":{\"@type\":\"EntryPoint\",\"urlTemplate\":\"https:\/\/museutapies.org\/en\/?s={search_term_string}\"},\"query-input\":\"required name=search_term_string\"}],\"inLanguage\":\"en-US\"},{\"@type\":\"Organization\",\"@id\":\"https:\/\/museutapies.org\/en\/#organization\",\"name\":\"Museu T\u00e0pies\",\"url\":\"https:\/\/museutapies.org\/en\/\",\"logo\":{\"@type\":\"ImageObject\",\"inLanguage\":\"en-US\",\"@id\":\"https:\/\/museutapies.org\/en\/#\/schema\/logo\/image\/\",\"url\":\"https:\/\/museutapies.org\/wp-content\/uploads\/2024\/07\/mta.png\",\"contentUrl\":\"https:\/\/museutapies.org\/wp-content\/uploads\/2024\/07\/mta.png\",\"width\":244,\"height\":110,\"caption\":\"Museu T\u00e0pies\"},\"image\":{\"@id\":\"https:\/\/museutapies.org\/en\/#\/schema\/logo\/image\/\"},\"sameAs\":[\"https:\/\/www.facebook.com\/museutapies\",\"https:\/\/www.instagram.com\/museutapies\/\",\"https:\/\/www.youtube.com\/channel\/UCPi65HBb48RMeoa12lR51cQ\",\"https:\/\/x.com\/MuseuTapies\"]}]}<\/script>\n<!-- \/ Yoast SEO plugin. -->","yoast_head_json":{"title":"Marta Palau. Els meus camins s\u00f3n terrestres - Museu T\u00e0pies","description":"Catalogue of the exhibition that Museu T\u00e0pies (Barcelona) dedicated to the catalan Marta Palau, artist of textile art and installations.","robots":{"index":"index","follow":"follow","max-snippet":"max-snippet:-1","max-image-preview":"max-image-preview:large","max-video-preview":"max-video-preview:-1"},"og_locale":"en_US","og_type":"article","og_title":"Marta Palau. Els meus camins s\u00f3n terrestres - Museu T\u00e0pies","og_description":"Catalogue of the exhibition that Museu T\u00e0pies (Barcelona) dedicated to the catalan Marta Palau, artist of textile art and installations.","og_url":"https:\/\/museutapies.org\/en\/producte\/marta-palau-els-meus-camins-son-terrestres\/","og_site_name":"Museu T\u00e0pies","article_publisher":"https:\/\/www.facebook.com\/museutapies","article_modified_time":"2026-01-23T11:14:30+00:00","og_image":[{"width":519,"height":754,"url":"https:\/\/museutapies.org\/wp-content\/uploads\/2025\/12\/cover-palau-CAT.jpg","type":"image\/jpeg"}],"twitter_card":"summary_large_image","twitter_misc":{"Est. reading time":"1 minute"},"schema":{"@context":"https:\/\/schema.org","@graph":[{"@type":"WebPage","@id":"https:\/\/museutapies.org\/en\/producte\/marta-palau-els-meus-camins-son-terrestres\/","url":"https:\/\/museutapies.org\/en\/producte\/marta-palau-els-meus-camins-son-terrestres\/","name":"Marta Palau. Els meus camins s\u00f3n terrestres - Museu T\u00e0pies","isPartOf":{"@id":"https:\/\/museutapies.org\/en\/#website"},"datePublished":"2025-12-11T12:07:45+00:00","dateModified":"2026-01-23T11:14:30+00:00","description":"Catalogue of the exhibition that Museu T\u00e0pies (Barcelona) dedicated to the catalan Marta Palau, artist of textile art and installations.","breadcrumb":{"@id":"https:\/\/museutapies.org\/en\/producte\/marta-palau-els-meus-camins-son-terrestres\/#breadcrumb"},"inLanguage":"en-US","potentialAction":[{"@type":"ReadAction","target":["https:\/\/museutapies.org\/en\/producte\/marta-palau-els-meus-camins-son-terrestres\/"]}]},{"@type":"BreadcrumbList","@id":"https:\/\/museutapies.org\/en\/producte\/marta-palau-els-meus-camins-son-terrestres\/#breadcrumb","itemListElement":[{"@type":"ListItem","position":1,"name":"Tots els productes","item":"https:\/\/museutapies.org\/productes\/"},{"@type":"ListItem","position":2,"name":"Marta Palau. Els meus camins s\u00f3n terrestres"}]},{"@type":"WebSite","@id":"https:\/\/museutapies.org\/en\/#website","url":"https:\/\/museutapies.org\/en\/","name":"Museu T\u00e0pies","description":"","publisher":{"@id":"https:\/\/museutapies.org\/en\/#organization"},"potentialAction":[{"@type":"SearchAction","target":{"@type":"EntryPoint","urlTemplate":"https:\/\/museutapies.org\/en\/?s={search_term_string}"},"query-input":"required name=search_term_string"}],"inLanguage":"en-US"},{"@type":"Organization","@id":"https:\/\/museutapies.org\/en\/#organization","name":"Museu T\u00e0pies","url":"https:\/\/museutapies.org\/en\/","logo":{"@type":"ImageObject","inLanguage":"en-US","@id":"https:\/\/museutapies.org\/en\/#\/schema\/logo\/image\/","url":"https:\/\/museutapies.org\/wp-content\/uploads\/2024\/07\/mta.png","contentUrl":"https:\/\/museutapies.org\/wp-content\/uploads\/2024\/07\/mta.png","width":244,"height":110,"caption":"Museu T\u00e0pies"},"image":{"@id":"https:\/\/museutapies.org\/en\/#\/schema\/logo\/image\/"},"sameAs":["https:\/\/www.facebook.com\/museutapies","https:\/\/www.instagram.com\/museutapies\/","https:\/\/www.youtube.com\/channel\/UCPi65HBb48RMeoa12lR51cQ","https:\/\/x.com\/MuseuTapies"]}]}},"_links":{"self":[{"href":"https:\/\/museutapies.org\/en\/wp-json\/wp\/v2\/product\/42929"}],"collection":[{"href":"https:\/\/museutapies.org\/en\/wp-json\/wp\/v2\/product"}],"about":[{"href":"https:\/\/museutapies.org\/en\/wp-json\/wp\/v2\/types\/product"}],"replies":[{"embeddable":true,"href":"https:\/\/museutapies.org\/en\/wp-json\/wp\/v2\/comments?post=42929"}],"version-history":[{"count":8,"href":"https:\/\/museutapies.org\/en\/wp-json\/wp\/v2\/product\/42929\/revisions"}],"predecessor-version":[{"id":43528,"href":"https:\/\/museutapies.org\/en\/wp-json\/wp\/v2\/product\/42929\/revisions\/43528"}],"wp:featuredmedia":[{"embeddable":true,"href":"https:\/\/museutapies.org\/en\/wp-json\/wp\/v2\/media\/42932"}],"wp:attachment":[{"href":"https:\/\/museutapies.org\/en\/wp-json\/wp\/v2\/media?parent=42929"}],"wp:term":[{"taxonomy":"product_cat","embeddable":true,"href":"https:\/\/museutapies.org\/en\/wp-json\/wp\/v2\/product_cat?post=42929"},{"taxonomy":"product_tag","embeddable":true,"href":"https:\/\/museutapies.org\/en\/wp-json\/wp\/v2\/product_tag?post=42929"}],"curies":[{"name":"wp","href":"https:\/\/api.w.org\/{rel}","templated":true}]}}