{"id":45334,"date":"2026-04-20T12:46:26","date_gmt":"2026-04-20T10:46:26","guid":{"rendered":"https:\/\/museutapies.org\/?post_type=product&#038;p=45334"},"modified":"2026-04-21T10:39:11","modified_gmt":"2026-04-21T08:39:11","slug":"antoni-tapies-la-practica-de-lart-2","status":"publish","type":"product","link":"https:\/\/museutapies.org\/en\/producte\/antoni-tapies-la-practica-de-lart-2\/","title":{"rendered":"Antoni T\u00e0pies. La pr\u00e0ctica de l&#8217;art"},"content":{"rendered":"","protected":false},"excerpt":{"rendered":"","protected":false},"featured_media":45326,"comment_status":"closed","ping_status":"closed","template":"","meta":{"footnotes":""},"product_cat":[114,136,115,175],"product_tag":[],"acf":[],"yoast_head":"<!-- This site is optimized with the Yoast SEO plugin v20.11 - https:\/\/yoast.com\/wordpress\/plugins\/seo\/ -->\n<title>Antoni T\u00e0pies. La pr\u00e0ctica de l&#039;art - Museu T\u00e0pies<\/title>\n<meta name=\"description\" content=\"Reedici\u00f3 del primer volum d&#039;assaigs d&#039;Antoni T\u00e0pies, La pr\u00e0ctica de l&#039;art, no es presenta com un tractat tancat ni com un sistema te\u00f2ric acabat...\" \/>\n<meta name=\"robots\" content=\"index, follow, max-snippet:-1, max-image-preview:large, max-video-preview:-1\" \/>\n<meta property=\"og:locale\" content=\"en_US\" \/>\n<meta property=\"og:type\" content=\"article\" \/>\n<meta property=\"og:title\" content=\"Antoni T\u00e0pies. La pr\u00e0ctica de l&#039;art - Museu T\u00e0pies\" \/>\n<meta property=\"og:description\" content=\"Reedici\u00f3 del primer volum d&#039;assaigs d&#039;Antoni T\u00e0pies, La pr\u00e0ctica de l&#039;art, no es presenta com un tractat tancat ni com un sistema te\u00f2ric acabat...\" \/>\n<meta property=\"og:url\" content=\"https:\/\/museutapies.org\/en\/producte\/antoni-tapies-la-practica-de-lart-2\/\" \/>\n<meta property=\"og:site_name\" content=\"Museu T\u00e0pies\" \/>\n<meta property=\"article:publisher\" content=\"https:\/\/www.facebook.com\/museutapies\" \/>\n<meta property=\"article:modified_time\" content=\"2026-04-21T08:39:11+00:00\" \/>\n<meta property=\"og:image\" content=\"https:\/\/museutapies.org\/wp-content\/uploads\/2026\/04\/Cover-coleccio\u2560un-n-2-web-CAT.jpg\" \/>\n\t<meta property=\"og:image:width\" content=\"340\" \/>\n\t<meta property=\"og:image:height\" content=\"510\" \/>\n\t<meta property=\"og:image:type\" content=\"image\/jpeg\" \/>\n<meta name=\"twitter:card\" content=\"summary_large_image\" \/>\n<script type=\"application\/ld+json\" class=\"yoast-schema-graph\">{\"@context\":\"https:\/\/schema.org\",\"@graph\":[{\"@type\":\"WebPage\",\"@id\":\"https:\/\/museutapies.org\/en\/producte\/antoni-tapies-la-practica-de-lart-2\/\",\"url\":\"https:\/\/museutapies.org\/en\/producte\/antoni-tapies-la-practica-de-lart-2\/\",\"name\":\"Antoni T\u00e0pies. La pr\u00e0ctica de l'art - Museu T\u00e0pies\",\"isPartOf\":{\"@id\":\"https:\/\/museutapies.org\/en\/#website\"},\"datePublished\":\"2026-04-20T10:46:26+00:00\",\"dateModified\":\"2026-04-21T08:39:11+00:00\",\"description\":\"Reedici\u00f3 del primer volum d'assaigs d'Antoni T\u00e0pies, La pr\u00e0ctica de l'art, no es presenta com un tractat tancat ni com un sistema te\u00f2ric acabat...\",\"breadcrumb\":{\"@id\":\"https:\/\/museutapies.org\/en\/producte\/antoni-tapies-la-practica-de-lart-2\/#breadcrumb\"},\"inLanguage\":\"en-US\",\"potentialAction\":[{\"@type\":\"ReadAction\",\"target\":[\"https:\/\/museutapies.org\/en\/producte\/antoni-tapies-la-practica-de-lart-2\/\"]}]},{\"@type\":\"BreadcrumbList\",\"@id\":\"https:\/\/museutapies.org\/en\/producte\/antoni-tapies-la-practica-de-lart-2\/#breadcrumb\",\"itemListElement\":[{\"@type\":\"ListItem\",\"position\":1,\"name\":\"Tots els productes\",\"item\":\"https:\/\/museutapies.org\/productes\/\"},{\"@type\":\"ListItem\",\"position\":2,\"name\":\"Antoni T\u00e0pies. La pr\u00e0ctica de l&#8217;art\"}]},{\"@type\":\"WebSite\",\"@id\":\"https:\/\/museutapies.org\/en\/#website\",\"url\":\"https:\/\/museutapies.org\/en\/\",\"name\":\"Museu T\u00e0pies\",\"description\":\"\",\"publisher\":{\"@id\":\"https:\/\/museutapies.org\/en\/#organization\"},\"potentialAction\":[{\"@type\":\"SearchAction\",\"target\":{\"@type\":\"EntryPoint\",\"urlTemplate\":\"https:\/\/museutapies.org\/en\/?s={search_term_string}\"},\"query-input\":\"required name=search_term_string\"}],\"inLanguage\":\"en-US\"},{\"@type\":\"Organization\",\"@id\":\"https:\/\/museutapies.org\/en\/#organization\",\"name\":\"Museu T\u00e0pies\",\"url\":\"https:\/\/museutapies.org\/en\/\",\"logo\":{\"@type\":\"ImageObject\",\"inLanguage\":\"en-US\",\"@id\":\"https:\/\/museutapies.org\/en\/#\/schema\/logo\/image\/\",\"url\":\"https:\/\/museutapies.org\/wp-content\/uploads\/2024\/07\/mta.png\",\"contentUrl\":\"https:\/\/museutapies.org\/wp-content\/uploads\/2024\/07\/mta.png\",\"width\":244,\"height\":110,\"caption\":\"Museu T\u00e0pies\"},\"image\":{\"@id\":\"https:\/\/museutapies.org\/en\/#\/schema\/logo\/image\/\"},\"sameAs\":[\"https:\/\/www.facebook.com\/museutapies\",\"https:\/\/www.instagram.com\/museutapies\/\",\"https:\/\/www.youtube.com\/channel\/UCPi65HBb48RMeoa12lR51cQ\",\"https:\/\/x.com\/MuseuTapies\"]}]}<\/script>\n<!-- \/ Yoast SEO plugin. -->","yoast_head_json":{"title":"Antoni T\u00e0pies. La pr\u00e0ctica de l'art - Museu T\u00e0pies","description":"Reedici\u00f3 del primer volum d'assaigs d'Antoni T\u00e0pies, La pr\u00e0ctica de l'art, no es presenta com un tractat tancat ni com un sistema te\u00f2ric acabat...","robots":{"index":"index","follow":"follow","max-snippet":"max-snippet:-1","max-image-preview":"max-image-preview:large","max-video-preview":"max-video-preview:-1"},"og_locale":"en_US","og_type":"article","og_title":"Antoni T\u00e0pies. La pr\u00e0ctica de l'art - Museu T\u00e0pies","og_description":"Reedici\u00f3 del primer volum d'assaigs d'Antoni T\u00e0pies, La pr\u00e0ctica de l'art, no es presenta com un tractat tancat ni com un sistema te\u00f2ric acabat...","og_url":"https:\/\/museutapies.org\/en\/producte\/antoni-tapies-la-practica-de-lart-2\/","og_site_name":"Museu T\u00e0pies","article_publisher":"https:\/\/www.facebook.com\/museutapies","article_modified_time":"2026-04-21T08:39:11+00:00","og_image":[{"width":340,"height":510,"url":"https:\/\/museutapies.org\/wp-content\/uploads\/2026\/04\/Cover-coleccio\u2560un-n-2-web-CAT.jpg","type":"image\/jpeg"}],"twitter_card":"summary_large_image","schema":{"@context":"https:\/\/schema.org","@graph":[{"@type":"WebPage","@id":"https:\/\/museutapies.org\/en\/producte\/antoni-tapies-la-practica-de-lart-2\/","url":"https:\/\/museutapies.org\/en\/producte\/antoni-tapies-la-practica-de-lart-2\/","name":"Antoni T\u00e0pies. La pr\u00e0ctica de l'art - Museu T\u00e0pies","isPartOf":{"@id":"https:\/\/museutapies.org\/en\/#website"},"datePublished":"2026-04-20T10:46:26+00:00","dateModified":"2026-04-21T08:39:11+00:00","description":"Reedici\u00f3 del primer volum d'assaigs d'Antoni T\u00e0pies, La pr\u00e0ctica de l'art, no es presenta com un tractat tancat ni com un sistema te\u00f2ric acabat...","breadcrumb":{"@id":"https:\/\/museutapies.org\/en\/producte\/antoni-tapies-la-practica-de-lart-2\/#breadcrumb"},"inLanguage":"en-US","potentialAction":[{"@type":"ReadAction","target":["https:\/\/museutapies.org\/en\/producte\/antoni-tapies-la-practica-de-lart-2\/"]}]},{"@type":"BreadcrumbList","@id":"https:\/\/museutapies.org\/en\/producte\/antoni-tapies-la-practica-de-lart-2\/#breadcrumb","itemListElement":[{"@type":"ListItem","position":1,"name":"Tots els productes","item":"https:\/\/museutapies.org\/productes\/"},{"@type":"ListItem","position":2,"name":"Antoni T\u00e0pies. La pr\u00e0ctica de l&#8217;art"}]},{"@type":"WebSite","@id":"https:\/\/museutapies.org\/en\/#website","url":"https:\/\/museutapies.org\/en\/","name":"Museu T\u00e0pies","description":"","publisher":{"@id":"https:\/\/museutapies.org\/en\/#organization"},"potentialAction":[{"@type":"SearchAction","target":{"@type":"EntryPoint","urlTemplate":"https:\/\/museutapies.org\/en\/?s={search_term_string}"},"query-input":"required name=search_term_string"}],"inLanguage":"en-US"},{"@type":"Organization","@id":"https:\/\/museutapies.org\/en\/#organization","name":"Museu T\u00e0pies","url":"https:\/\/museutapies.org\/en\/","logo":{"@type":"ImageObject","inLanguage":"en-US","@id":"https:\/\/museutapies.org\/en\/#\/schema\/logo\/image\/","url":"https:\/\/museutapies.org\/wp-content\/uploads\/2024\/07\/mta.png","contentUrl":"https:\/\/museutapies.org\/wp-content\/uploads\/2024\/07\/mta.png","width":244,"height":110,"caption":"Museu T\u00e0pies"},"image":{"@id":"https:\/\/museutapies.org\/en\/#\/schema\/logo\/image\/"},"sameAs":["https:\/\/www.facebook.com\/museutapies","https:\/\/www.instagram.com\/museutapies\/","https:\/\/www.youtube.com\/channel\/UCPi65HBb48RMeoa12lR51cQ","https:\/\/x.com\/MuseuTapies"]}]}},"_links":{"self":[{"href":"https:\/\/museutapies.org\/en\/wp-json\/wp\/v2\/product\/45334"}],"collection":[{"href":"https:\/\/museutapies.org\/en\/wp-json\/wp\/v2\/product"}],"about":[{"href":"https:\/\/museutapies.org\/en\/wp-json\/wp\/v2\/types\/product"}],"replies":[{"embeddable":true,"href":"https:\/\/museutapies.org\/en\/wp-json\/wp\/v2\/comments?post=45334"}],"version-history":[{"count":2,"href":"https:\/\/museutapies.org\/en\/wp-json\/wp\/v2\/product\/45334\/revisions"}],"predecessor-version":[{"id":45346,"href":"https:\/\/museutapies.org\/en\/wp-json\/wp\/v2\/product\/45334\/revisions\/45346"}],"wp:featuredmedia":[{"embeddable":true,"href":"https:\/\/museutapies.org\/en\/wp-json\/wp\/v2\/media\/45326"}],"wp:attachment":[{"href":"https:\/\/museutapies.org\/en\/wp-json\/wp\/v2\/media?parent=45334"}],"wp:term":[{"taxonomy":"product_cat","embeddable":true,"href":"https:\/\/museutapies.org\/en\/wp-json\/wp\/v2\/product_cat?post=45334"},{"taxonomy":"product_tag","embeddable":true,"href":"https:\/\/museutapies.org\/en\/wp-json\/wp\/v2\/product_tag?post=45334"}],"curies":[{"name":"wp","href":"https:\/\/api.w.org\/{rel}","templated":true}]}}