{"id":11713,"date":"2019-09-20T09:58:20","date_gmt":"2019-09-20T09:58:20","guid":{"rendered":"https:\/\/museutapies.org\/barri-amic\/"},"modified":"2024-10-22T14:40:53","modified_gmt":"2024-10-22T12:40:53","slug":"barri-amic","status":"publish","type":"page","link":"https:\/\/museutapies.org\/es\/amigos\/barri-amic\/","title":{"rendered":"Barri Amic"},"content":{"rendered":"<p><img loading=\"lazy\" decoding=\"async\" class=\"alignnone size-medium wp-image-11701\" src=\"https:\/\/museutapies.org\/wp-content\/uploads\/2019\/09\/Pack-Barri-Amic-FAT-2-800x533.jpg\" alt=\"\" width=\"800\" height=\"533\" srcset=\"https:\/\/museutapies.org\/wp-content\/uploads\/2019\/09\/Pack-Barri-Amic-FAT-2-800x533.jpg 800w, https:\/\/museutapies.org\/wp-content\/uploads\/2019\/09\/Pack-Barri-Amic-FAT-2-768x512.jpg 768w, https:\/\/museutapies.org\/wp-content\/uploads\/2019\/09\/Pack-Barri-Amic-FAT-2-900x600.jpg 900w, https:\/\/museutapies.org\/wp-content\/uploads\/2019\/09\/Pack-Barri-Amic-FAT-2-500x333.jpg 500w, https:\/\/museutapies.org\/wp-content\/uploads\/2019\/09\/Pack-Barri-Amic-FAT-2-380x253.jpg 380w, https:\/\/museutapies.org\/wp-content\/uploads\/2019\/09\/Pack-Barri-Amic-FAT-2-600x400.jpg 600w, https:\/\/museutapies.org\/wp-content\/uploads\/2019\/09\/Pack-Barri-Amic-FAT-2.jpg 1200w\" sizes=\"(max-width: 800px) 100vw, 800px\" \/><\/p>\n<p>&nbsp;<\/p>\n<p>El proyecto <strong>Barri Amic<\/strong> busca poner en relaci\u00f3n el tejido comercial del barrio y el Museu T\u00e0pies. Es un paso m\u00e1s en la creaci\u00f3n de v\u00ednculos, en la generaci\u00f3n de redes de colaboraci\u00f3n que potencien el di\u00e1logo, la participaci\u00f3n y la relaci\u00f3n entre las personas que integramos el barrio.<\/p>\n<p>&nbsp;<\/p>\n<p>Formar parte de la red <strong>Barri Amic<\/strong>, significa vivir el museo, significa participar activamente del proyecto de mejora de la vida en nuestro barrio haciendo del arte una herramienta de enriquecimiento personal, significa conectarse con una red de personas que trabajamos por el barrio y que lo apreciamos.<\/p>\n<p>&nbsp;<\/p>\n<p><img loading=\"lazy\" decoding=\"async\" class=\"alignnone size-medium wp-image-11698\" src=\"https:\/\/museutapies.org\/wp-content\/uploads\/2019\/09\/Pack-Barri-Amic-FAT-1-800x524.jpg\" alt=\"\" width=\"800\" height=\"524\" srcset=\"https:\/\/museutapies.org\/wp-content\/uploads\/2019\/09\/Pack-Barri-Amic-FAT-1-800x524.jpg 800w, https:\/\/museutapies.org\/wp-content\/uploads\/2019\/09\/Pack-Barri-Amic-FAT-1-768x503.jpg 768w, https:\/\/museutapies.org\/wp-content\/uploads\/2019\/09\/Pack-Barri-Amic-FAT-1-900x590.jpg 900w, https:\/\/museutapies.org\/wp-content\/uploads\/2019\/09\/Pack-Barri-Amic-FAT-1-500x328.jpg 500w, https:\/\/museutapies.org\/wp-content\/uploads\/2019\/09\/Pack-Barri-Amic-FAT-1-380x249.jpg 380w, https:\/\/museutapies.org\/wp-content\/uploads\/2019\/09\/Pack-Barri-Amic-FAT-1-600x393.jpg 600w, https:\/\/museutapies.org\/wp-content\/uploads\/2019\/09\/Pack-Barri-Amic-FAT-1.jpg 1902w\" sizes=\"(max-width: 800px) 100vw, 800px\" \/><\/p>\n<p>&nbsp;<\/p>\n<p><strong>Beneficios<\/strong><br \/>\n&#8211; Tarjeta Barri Amic para el acceso libre de 2 personas.<\/p>\n<p>&#8211; Visita guiada a cada una de las exposiciones temporales en grupos organizados por el Museu T\u00e0pies y especialmente pensados para el colectivo Barri Amic, con reserva previa.<\/p>\n<p>&#8211; Disposici\u00f3n de 25 invitaciones anuales, con las que el comercio puede obsequiar a sus clientes.<\/p>\n<p>&#8211; Adhesivo para el escaparate del establecimiento que lo distinguir\u00e1 como miembro de la red Barri Amic.<\/p>\n<p>&#8211; Invitaci\u00f3n para el titular y un acompa\u00f1ante a la Fiesta Anual de Amigos del Museu T\u00e0pies.<\/p>\n<p>&#8211; Incorporaci\u00f3n en la web del Museu T\u00e0pies del logo del establecimiento miembro y enlace a su web.<\/p>\n<p>&#8211; Descuento del 10% en la tienda del Museu T\u00e0pies, excepto en publicaciones.<\/p>\n<p>&nbsp;<\/p>\n<p><strong>Condiciones<\/strong><br \/>\n&#8211; Aportaci\u00f3n de la cuota anual de 120 \u20ac Barri Amic que se realizar\u00e1 por domiciliaci\u00f3n bancaria.<br \/>\n&#8211; El establecimiento ser\u00e1 el titular de la Tarjeta que lo acredita como Barri Amic del Museu T\u00e0pies.<br \/>\n&#8211; El establecimiento disfrutar\u00e1 de las ventajas, previa presentaci\u00f3n de la tarjeta Barri Amic.<br \/>\n&#8211; Se disfrutar\u00e1 de las ventajas durante un a\u00f1o natural a partir de la formalizaci\u00f3n de la inscripci\u00f3n.<\/p>\n<p>&nbsp;<\/p>\n<p><strong>Para m\u00e1s informaci\u00f3n:<\/strong><\/p>\n<p><a class=\"\" href=\"mailto:reserves@museutapies.org\">reserves@museutapies.org<\/a> (Rosa Eva Campo)<\/p>\n","protected":false},"excerpt":{"rendered":"<p>&nbsp; El proyecto Barri Amic busca poner en relaci\u00f3n el tejido comercial del barrio y el Museu T\u00e0pies. Es un [&hellip;]<\/p>\n","protected":false},"author":2,"featured_media":0,"parent":2038,"menu_order":5,"comment_status":"closed","ping_status":"closed","template":"template-edifici.php","meta":{"footnotes":""},"acf":[],"yoast_head":"<!-- This site is optimized with the Yoast SEO plugin v20.11 - https:\/\/yoast.com\/wordpress\/plugins\/seo\/ -->\n<title>Barri Amic - Museu T\u00e0pies<\/title>\n<meta name=\"robots\" content=\"index, follow, max-snippet:-1, max-image-preview:large, max-video-preview:-1\" \/>\n<meta property=\"og:locale\" content=\"es_ES\" \/>\n<meta property=\"og:type\" content=\"article\" \/>\n<meta property=\"og:title\" content=\"Barri Amic - Museu T\u00e0pies\" \/>\n<meta property=\"og:description\" content=\"&nbsp; El proyecto Barri Amic busca poner en relaci\u00f3n el tejido comercial del barrio y el Museu T\u00e0pies. Es un [&hellip;]\" \/>\n<meta property=\"og:url\" content=\"https:\/\/museutapies.org\/es\/amigos\/barri-amic\/\" \/>\n<meta property=\"og:site_name\" content=\"Museu T\u00e0pies\" \/>\n<meta property=\"article:publisher\" content=\"https:\/\/www.facebook.com\/museutapies\" \/>\n<meta property=\"article:modified_time\" content=\"2024-10-22T12:40:53+00:00\" \/>\n<meta property=\"og:image\" content=\"https:\/\/museutapies.org\/wp-content\/uploads\/2019\/09\/Pack-Barri-Amic-FAT-2-800x533.jpg\" \/>\n<meta name=\"twitter:card\" content=\"summary_large_image\" \/>\n<meta name=\"twitter:label1\" content=\"Tiempo de lectura\" \/>\n\t<meta name=\"twitter:data1\" content=\"2 minutos\" \/>\n<script type=\"application\/ld+json\" class=\"yoast-schema-graph\">{\"@context\":\"https:\/\/schema.org\",\"@graph\":[{\"@type\":\"WebPage\",\"@id\":\"https:\/\/museutapies.org\/es\/amigos\/barri-amic\/\",\"url\":\"https:\/\/museutapies.org\/es\/amigos\/barri-amic\/\",\"name\":\"Barri Amic - Museu T\u00e0pies\",\"isPartOf\":{\"@id\":\"https:\/\/museutapies.org\/en\/#website\"},\"datePublished\":\"2019-09-20T09:58:20+00:00\",\"dateModified\":\"2024-10-22T12:40:53+00:00\",\"breadcrumb\":{\"@id\":\"https:\/\/museutapies.org\/es\/amigos\/barri-amic\/#breadcrumb\"},\"inLanguage\":\"es\",\"potentialAction\":[{\"@type\":\"ReadAction\",\"target\":[\"https:\/\/museutapies.org\/es\/amigos\/barri-amic\/\"]}]},{\"@type\":\"BreadcrumbList\",\"@id\":\"https:\/\/museutapies.org\/es\/amigos\/barri-amic\/#breadcrumb\",\"itemListElement\":[{\"@type\":\"ListItem\",\"position\":1,\"name\":\"Hazte amigo\/amiga del Museu T\u00e0pies\",\"item\":\"https:\/\/museutapies.org\/es\/amigos\/\"},{\"@type\":\"ListItem\",\"position\":2,\"name\":\"Barri Amic\"}]},{\"@type\":\"WebSite\",\"@id\":\"https:\/\/museutapies.org\/en\/#website\",\"url\":\"https:\/\/museutapies.org\/en\/\",\"name\":\"Museu T\u00e0pies\",\"description\":\"\",\"publisher\":{\"@id\":\"https:\/\/museutapies.org\/en\/#organization\"},\"potentialAction\":[{\"@type\":\"SearchAction\",\"target\":{\"@type\":\"EntryPoint\",\"urlTemplate\":\"https:\/\/museutapies.org\/en\/?s={search_term_string}\"},\"query-input\":\"required name=search_term_string\"}],\"inLanguage\":\"es\"},{\"@type\":\"Organization\",\"@id\":\"https:\/\/museutapies.org\/en\/#organization\",\"name\":\"Museu T\u00e0pies\",\"url\":\"https:\/\/museutapies.org\/en\/\",\"logo\":{\"@type\":\"ImageObject\",\"inLanguage\":\"es\",\"@id\":\"https:\/\/museutapies.org\/en\/#\/schema\/logo\/image\/\",\"url\":\"https:\/\/museutapies.org\/wp-content\/uploads\/2024\/07\/mta.png\",\"contentUrl\":\"https:\/\/museutapies.org\/wp-content\/uploads\/2024\/07\/mta.png\",\"width\":244,\"height\":110,\"caption\":\"Museu T\u00e0pies\"},\"image\":{\"@id\":\"https:\/\/museutapies.org\/en\/#\/schema\/logo\/image\/\"},\"sameAs\":[\"https:\/\/www.facebook.com\/museutapies\",\"https:\/\/www.instagram.com\/museutapies\/\",\"https:\/\/www.youtube.com\/channel\/UCPi65HBb48RMeoa12lR51cQ\",\"https:\/\/x.com\/MuseuTapies\"]}]}<\/script>\n<!-- \/ Yoast SEO plugin. -->","yoast_head_json":{"title":"Barri Amic - Museu T\u00e0pies","robots":{"index":"index","follow":"follow","max-snippet":"max-snippet:-1","max-image-preview":"max-image-preview:large","max-video-preview":"max-video-preview:-1"},"og_locale":"es_ES","og_type":"article","og_title":"Barri Amic - Museu T\u00e0pies","og_description":"&nbsp; El proyecto Barri Amic busca poner en relaci\u00f3n el tejido comercial del barrio y el Museu T\u00e0pies. Es un [&hellip;]","og_url":"https:\/\/museutapies.org\/es\/amigos\/barri-amic\/","og_site_name":"Museu T\u00e0pies","article_publisher":"https:\/\/www.facebook.com\/museutapies","article_modified_time":"2024-10-22T12:40:53+00:00","og_image":[{"url":"https:\/\/museutapies.org\/wp-content\/uploads\/2019\/09\/Pack-Barri-Amic-FAT-2-800x533.jpg"}],"twitter_card":"summary_large_image","twitter_misc":{"Tiempo de lectura":"2 minutos"},"schema":{"@context":"https:\/\/schema.org","@graph":[{"@type":"WebPage","@id":"https:\/\/museutapies.org\/es\/amigos\/barri-amic\/","url":"https:\/\/museutapies.org\/es\/amigos\/barri-amic\/","name":"Barri Amic - Museu T\u00e0pies","isPartOf":{"@id":"https:\/\/museutapies.org\/en\/#website"},"datePublished":"2019-09-20T09:58:20+00:00","dateModified":"2024-10-22T12:40:53+00:00","breadcrumb":{"@id":"https:\/\/museutapies.org\/es\/amigos\/barri-amic\/#breadcrumb"},"inLanguage":"es","potentialAction":[{"@type":"ReadAction","target":["https:\/\/museutapies.org\/es\/amigos\/barri-amic\/"]}]},{"@type":"BreadcrumbList","@id":"https:\/\/museutapies.org\/es\/amigos\/barri-amic\/#breadcrumb","itemListElement":[{"@type":"ListItem","position":1,"name":"Hazte amigo\/amiga del Museu T\u00e0pies","item":"https:\/\/museutapies.org\/es\/amigos\/"},{"@type":"ListItem","position":2,"name":"Barri Amic"}]},{"@type":"WebSite","@id":"https:\/\/museutapies.org\/en\/#website","url":"https:\/\/museutapies.org\/en\/","name":"Museu T\u00e0pies","description":"","publisher":{"@id":"https:\/\/museutapies.org\/en\/#organization"},"potentialAction":[{"@type":"SearchAction","target":{"@type":"EntryPoint","urlTemplate":"https:\/\/museutapies.org\/en\/?s={search_term_string}"},"query-input":"required name=search_term_string"}],"inLanguage":"es"},{"@type":"Organization","@id":"https:\/\/museutapies.org\/en\/#organization","name":"Museu T\u00e0pies","url":"https:\/\/museutapies.org\/en\/","logo":{"@type":"ImageObject","inLanguage":"es","@id":"https:\/\/museutapies.org\/en\/#\/schema\/logo\/image\/","url":"https:\/\/museutapies.org\/wp-content\/uploads\/2024\/07\/mta.png","contentUrl":"https:\/\/museutapies.org\/wp-content\/uploads\/2024\/07\/mta.png","width":244,"height":110,"caption":"Museu T\u00e0pies"},"image":{"@id":"https:\/\/museutapies.org\/en\/#\/schema\/logo\/image\/"},"sameAs":["https:\/\/www.facebook.com\/museutapies","https:\/\/www.instagram.com\/museutapies\/","https:\/\/www.youtube.com\/channel\/UCPi65HBb48RMeoa12lR51cQ","https:\/\/x.com\/MuseuTapies"]}]}},"_links":{"self":[{"href":"https:\/\/museutapies.org\/es\/wp-json\/wp\/v2\/pages\/11713"}],"collection":[{"href":"https:\/\/museutapies.org\/es\/wp-json\/wp\/v2\/pages"}],"about":[{"href":"https:\/\/museutapies.org\/es\/wp-json\/wp\/v2\/types\/page"}],"author":[{"embeddable":true,"href":"https:\/\/museutapies.org\/es\/wp-json\/wp\/v2\/users\/2"}],"replies":[{"embeddable":true,"href":"https:\/\/museutapies.org\/es\/wp-json\/wp\/v2\/comments?post=11713"}],"version-history":[{"count":6,"href":"https:\/\/museutapies.org\/es\/wp-json\/wp\/v2\/pages\/11713\/revisions"}],"predecessor-version":[{"id":36557,"href":"https:\/\/museutapies.org\/es\/wp-json\/wp\/v2\/pages\/11713\/revisions\/36557"}],"up":[{"embeddable":true,"href":"https:\/\/museutapies.org\/es\/wp-json\/wp\/v2\/pages\/2038"}],"wp:attachment":[{"href":"https:\/\/museutapies.org\/es\/wp-json\/wp\/v2\/media?parent=11713"}],"curies":[{"name":"wp","href":"https:\/\/api.w.org\/{rel}","templated":true}]}}