{"id":13491,"date":"2020-05-26T09:15:17","date_gmt":"2020-05-26T09:15:17","guid":{"rendered":"https:\/\/museutapies.org\/test-col\/"},"modified":"2021-12-23T19:41:25","modified_gmt":"2021-12-23T19:41:25","slug":"seleccion-de-obras","status":"publish","type":"page","link":"https:\/\/museutapies.org\/es\/obra-coleccion\/seleccion-de-obras\/","title":{"rendered":"Selecci\u00f3n de obras"},"content":{"rendered":"","protected":false},"excerpt":{"rendered":"","protected":false},"author":1,"featured_media":0,"parent":13579,"menu_order":0,"comment_status":"closed","ping_status":"closed","template":"template_collection-local.php","meta":{"footnotes":""},"acf":[],"yoast_head":"<!-- This site is optimized with the Yoast SEO plugin v20.11 - https:\/\/yoast.com\/wordpress\/plugins\/seo\/ -->\n<title>Selecci\u00f3n de obras - Museu T\u00e0pies<\/title>\n<meta name=\"description\" content=\"Selecci\u00f3n de obras de la colecci\u00f3n de la Fundaci\u00f3 Antoni T\u00e0pies de Barcelona.\" \/>\n<meta name=\"robots\" content=\"index, follow, max-snippet:-1, max-image-preview:large, max-video-preview:-1\" \/>\n<meta property=\"og:locale\" content=\"es_ES\" \/>\n<meta property=\"og:type\" content=\"article\" \/>\n<meta property=\"og:title\" content=\"Selecci\u00f3n de obras - Museu T\u00e0pies\" \/>\n<meta property=\"og:description\" content=\"Selecci\u00f3n de obras de la colecci\u00f3n de la Fundaci\u00f3 Antoni T\u00e0pies de Barcelona.\" \/>\n<meta property=\"og:url\" content=\"https:\/\/museutapies.org\/es\/obra-coleccion\/seleccion-de-obras\/\" \/>\n<meta property=\"og:site_name\" content=\"Museu T\u00e0pies\" \/>\n<meta property=\"article:publisher\" content=\"https:\/\/www.facebook.com\/museutapies\" \/>\n<meta property=\"article:modified_time\" content=\"2021-12-23T19:41:25+00:00\" \/>\n<meta name=\"twitter:card\" content=\"summary_large_image\" \/>\n<script type=\"application\/ld+json\" class=\"yoast-schema-graph\">{\"@context\":\"https:\/\/schema.org\",\"@graph\":[{\"@type\":\"WebPage\",\"@id\":\"https:\/\/museutapies.org\/es\/obra-coleccion\/seleccion-de-obras\/\",\"url\":\"https:\/\/museutapies.org\/es\/obra-coleccion\/seleccion-de-obras\/\",\"name\":\"Selecci\u00f3n de obras - Museu T\u00e0pies\",\"isPartOf\":{\"@id\":\"https:\/\/museutapies.org\/en\/#website\"},\"datePublished\":\"2020-05-26T09:15:17+00:00\",\"dateModified\":\"2021-12-23T19:41:25+00:00\",\"description\":\"Selecci\u00f3n de obras de la colecci\u00f3n de la Fundaci\u00f3 Antoni T\u00e0pies de Barcelona.\",\"breadcrumb\":{\"@id\":\"https:\/\/museutapies.org\/es\/obra-coleccion\/seleccion-de-obras\/#breadcrumb\"},\"inLanguage\":\"es\",\"potentialAction\":[{\"@type\":\"ReadAction\",\"target\":[\"https:\/\/museutapies.org\/es\/obra-coleccion\/seleccion-de-obras\/\"]}]},{\"@type\":\"BreadcrumbList\",\"@id\":\"https:\/\/museutapies.org\/es\/obra-coleccion\/seleccion-de-obras\/#breadcrumb\",\"itemListElement\":[{\"@type\":\"ListItem\",\"position\":1,\"name\":\"Obra\",\"item\":\"https:\/\/museutapies.org\/es\/obra-coleccion\/\"},{\"@type\":\"ListItem\",\"position\":2,\"name\":\"Selecci\u00f3n de obras\"}]},{\"@type\":\"WebSite\",\"@id\":\"https:\/\/museutapies.org\/en\/#website\",\"url\":\"https:\/\/museutapies.org\/en\/\",\"name\":\"Museu T\u00e0pies\",\"description\":\"\",\"publisher\":{\"@id\":\"https:\/\/museutapies.org\/en\/#organization\"},\"potentialAction\":[{\"@type\":\"SearchAction\",\"target\":{\"@type\":\"EntryPoint\",\"urlTemplate\":\"https:\/\/museutapies.org\/en\/?s={search_term_string}\"},\"query-input\":\"required name=search_term_string\"}],\"inLanguage\":\"es\"},{\"@type\":\"Organization\",\"@id\":\"https:\/\/museutapies.org\/en\/#organization\",\"name\":\"Museu T\u00e0pies\",\"url\":\"https:\/\/museutapies.org\/en\/\",\"logo\":{\"@type\":\"ImageObject\",\"inLanguage\":\"es\",\"@id\":\"https:\/\/museutapies.org\/en\/#\/schema\/logo\/image\/\",\"url\":\"https:\/\/museutapies.org\/wp-content\/uploads\/2024\/07\/mta.png\",\"contentUrl\":\"https:\/\/museutapies.org\/wp-content\/uploads\/2024\/07\/mta.png\",\"width\":244,\"height\":110,\"caption\":\"Museu T\u00e0pies\"},\"image\":{\"@id\":\"https:\/\/museutapies.org\/en\/#\/schema\/logo\/image\/\"},\"sameAs\":[\"https:\/\/www.facebook.com\/museutapies\",\"https:\/\/www.instagram.com\/museutapies\/\",\"https:\/\/www.youtube.com\/channel\/UCPi65HBb48RMeoa12lR51cQ\",\"https:\/\/x.com\/MuseuTapies\"]}]}<\/script>\n<!-- \/ Yoast SEO plugin. -->","yoast_head_json":{"title":"Selecci\u00f3n de obras - Museu T\u00e0pies","description":"Selecci\u00f3n de obras de la colecci\u00f3n de la Fundaci\u00f3 Antoni T\u00e0pies de Barcelona.","robots":{"index":"index","follow":"follow","max-snippet":"max-snippet:-1","max-image-preview":"max-image-preview:large","max-video-preview":"max-video-preview:-1"},"og_locale":"es_ES","og_type":"article","og_title":"Selecci\u00f3n de obras - Museu T\u00e0pies","og_description":"Selecci\u00f3n de obras de la colecci\u00f3n de la Fundaci\u00f3 Antoni T\u00e0pies de Barcelona.","og_url":"https:\/\/museutapies.org\/es\/obra-coleccion\/seleccion-de-obras\/","og_site_name":"Museu T\u00e0pies","article_publisher":"https:\/\/www.facebook.com\/museutapies","article_modified_time":"2021-12-23T19:41:25+00:00","twitter_card":"summary_large_image","schema":{"@context":"https:\/\/schema.org","@graph":[{"@type":"WebPage","@id":"https:\/\/museutapies.org\/es\/obra-coleccion\/seleccion-de-obras\/","url":"https:\/\/museutapies.org\/es\/obra-coleccion\/seleccion-de-obras\/","name":"Selecci\u00f3n de obras - Museu T\u00e0pies","isPartOf":{"@id":"https:\/\/museutapies.org\/en\/#website"},"datePublished":"2020-05-26T09:15:17+00:00","dateModified":"2021-12-23T19:41:25+00:00","description":"Selecci\u00f3n de obras de la colecci\u00f3n de la Fundaci\u00f3 Antoni T\u00e0pies de Barcelona.","breadcrumb":{"@id":"https:\/\/museutapies.org\/es\/obra-coleccion\/seleccion-de-obras\/#breadcrumb"},"inLanguage":"es","potentialAction":[{"@type":"ReadAction","target":["https:\/\/museutapies.org\/es\/obra-coleccion\/seleccion-de-obras\/"]}]},{"@type":"BreadcrumbList","@id":"https:\/\/museutapies.org\/es\/obra-coleccion\/seleccion-de-obras\/#breadcrumb","itemListElement":[{"@type":"ListItem","position":1,"name":"Obra","item":"https:\/\/museutapies.org\/es\/obra-coleccion\/"},{"@type":"ListItem","position":2,"name":"Selecci\u00f3n de obras"}]},{"@type":"WebSite","@id":"https:\/\/museutapies.org\/en\/#website","url":"https:\/\/museutapies.org\/en\/","name":"Museu T\u00e0pies","description":"","publisher":{"@id":"https:\/\/museutapies.org\/en\/#organization"},"potentialAction":[{"@type":"SearchAction","target":{"@type":"EntryPoint","urlTemplate":"https:\/\/museutapies.org\/en\/?s={search_term_string}"},"query-input":"required name=search_term_string"}],"inLanguage":"es"},{"@type":"Organization","@id":"https:\/\/museutapies.org\/en\/#organization","name":"Museu T\u00e0pies","url":"https:\/\/museutapies.org\/en\/","logo":{"@type":"ImageObject","inLanguage":"es","@id":"https:\/\/museutapies.org\/en\/#\/schema\/logo\/image\/","url":"https:\/\/museutapies.org\/wp-content\/uploads\/2024\/07\/mta.png","contentUrl":"https:\/\/museutapies.org\/wp-content\/uploads\/2024\/07\/mta.png","width":244,"height":110,"caption":"Museu T\u00e0pies"},"image":{"@id":"https:\/\/museutapies.org\/en\/#\/schema\/logo\/image\/"},"sameAs":["https:\/\/www.facebook.com\/museutapies","https:\/\/www.instagram.com\/museutapies\/","https:\/\/www.youtube.com\/channel\/UCPi65HBb48RMeoa12lR51cQ","https:\/\/x.com\/MuseuTapies"]}]}},"_links":{"self":[{"href":"https:\/\/museutapies.org\/es\/wp-json\/wp\/v2\/pages\/13491"}],"collection":[{"href":"https:\/\/museutapies.org\/es\/wp-json\/wp\/v2\/pages"}],"about":[{"href":"https:\/\/museutapies.org\/es\/wp-json\/wp\/v2\/types\/page"}],"author":[{"embeddable":true,"href":"https:\/\/museutapies.org\/es\/wp-json\/wp\/v2\/users\/1"}],"replies":[{"embeddable":true,"href":"https:\/\/museutapies.org\/es\/wp-json\/wp\/v2\/comments?post=13491"}],"version-history":[{"count":2,"href":"https:\/\/museutapies.org\/es\/wp-json\/wp\/v2\/pages\/13491\/revisions"}],"predecessor-version":[{"id":13585,"href":"https:\/\/museutapies.org\/es\/wp-json\/wp\/v2\/pages\/13491\/revisions\/13585"}],"up":[{"embeddable":true,"href":"https:\/\/museutapies.org\/es\/wp-json\/wp\/v2\/pages\/13579"}],"wp:attachment":[{"href":"https:\/\/museutapies.org\/es\/wp-json\/wp\/v2\/media?parent=13491"}],"curies":[{"name":"wp","href":"https:\/\/api.w.org\/{rel}","templated":true}]}}