{"id":13579,"date":"2020-06-03T11:42:38","date_gmt":"2020-06-03T11:42:38","guid":{"rendered":"https:\/\/museutapies.org\/la-colleccio\/"},"modified":"2025-11-17T12:15:55","modified_gmt":"2025-11-17T11:15:55","slug":"obra-coleccion","status":"publish","type":"page","link":"https:\/\/museutapies.org\/es\/obra-coleccion\/","title":{"rendered":"Obra"},"content":{"rendered":"<p>La colecci\u00f3n del Museu T\u00e0pies est\u00e1 conformada por m\u00e1s de 2.100 obras que reflejan los casi setenta a\u00f1os de la producci\u00f3n art\u00edstica de Antoni T\u00e0pies. Gran parte de \u00e9stas provienen de la donaci\u00f3n del artista y Teresa Barba en el momento de la creaci\u00f3n del Museu como Fundaci\u00f3n Privada sin \u00e1nimo de lucro. A trav\u00e9s de las obras de la Colecci\u00f3n puede apreciarse la diversidad de lenguajes art\u00edsticos con los que trabaj\u00f3 Antoni T\u00e0pies y entender la complejidad de su pr\u00e1ctica creativa. En el fondo del Museu T\u00e0pies encontramos pinturas, dibujos, objetos, esculturas y la obra gr\u00e1fica, conformada por litograf\u00edas, aguafuertes, libros de artista y carteles, entre otros.<\/p>\n<p>&nbsp;<\/p>\n<p>La mirada sobre la totalidad de la producci\u00f3n permite recorrer la trayectoria personal y art\u00edstica de uno de los artistas m\u00e1s influyentes del siglo xx. Dada la relevancia de la obra de Antoni T\u00e0pies en la historiograf\u00eda del arte, las piezas de la Colecci\u00f3n a menudo se incluyen en exposiciones tanto nacionales como internacionales.<\/p>\n<p>&nbsp;<\/p>\n<p><span style=\"font-size: small;\">Imagen: Antoni T\u00e0pies trabajando en el estudio de Barcelona, 1966-1967. Fotografia de Ralph Herrmanns \u00a9 Ralph Herrmanns, 2023.<\/span><\/p>\n<p>&nbsp;<\/p>\n","protected":false},"excerpt":{"rendered":"<p>La colecci\u00f3n del Museu T\u00e0pies est\u00e1 conformada por m\u00e1s de 2.100 obras que reflejan los casi setenta a\u00f1os de la [&hellip;]<\/p>\n","protected":false},"author":1,"featured_media":4442,"parent":0,"menu_order":0,"comment_status":"closed","ping_status":"closed","template":"template_distribuidor-collection.php","meta":{"footnotes":""},"acf":[],"yoast_head":"<!-- This site is optimized with the Yoast SEO plugin v20.11 - https:\/\/yoast.com\/wordpress\/plugins\/seo\/ -->\n<title>Obra - Museu T\u00e0pies<\/title>\n<meta name=\"description\" content=\"La colecci\u00f3n del Museu T\u00e0pies re\u00fane la obra completa formada por pinturas, esculturas, dibujos y otras muestras de la actividad art\u00edstica de Antoni T\u00e0pies.\" \/>\n<meta name=\"robots\" content=\"index, follow, max-snippet:-1, max-image-preview:large, max-video-preview:-1\" \/>\n<meta property=\"og:locale\" content=\"es_ES\" \/>\n<meta property=\"og:type\" content=\"article\" \/>\n<meta property=\"og:title\" content=\"Obra - Museu T\u00e0pies\" \/>\n<meta property=\"og:description\" content=\"La colecci\u00f3n del Museu T\u00e0pies re\u00fane la obra completa formada por pinturas, esculturas, dibujos y otras muestras de la actividad art\u00edstica de Antoni T\u00e0pies.\" \/>\n<meta property=\"og:url\" content=\"https:\/\/museutapies.org\/es\/obra-coleccion\/\" \/>\n<meta property=\"og:site_name\" content=\"Museu T\u00e0pies\" \/>\n<meta property=\"article:publisher\" content=\"https:\/\/www.facebook.com\/museutapies\" \/>\n<meta property=\"article:modified_time\" content=\"2025-11-17T11:15:55+00:00\" \/>\n<meta property=\"og:image\" content=\"https:\/\/museutapies.org\/wp-content\/uploads\/2018\/02\/at_prevost_coleccio.jpg\" \/>\n\t<meta property=\"og:image:width\" content=\"1618\" \/>\n\t<meta property=\"og:image:height\" content=\"1067\" \/>\n\t<meta property=\"og:image:type\" content=\"image\/jpeg\" \/>\n<meta name=\"twitter:card\" content=\"summary_large_image\" \/>\n<meta name=\"twitter:label1\" content=\"Tiempo de lectura\" \/>\n\t<meta name=\"twitter:data1\" content=\"1 minuto\" \/>\n<script type=\"application\/ld+json\" class=\"yoast-schema-graph\">{\"@context\":\"https:\/\/schema.org\",\"@graph\":[{\"@type\":\"WebPage\",\"@id\":\"https:\/\/museutapies.org\/es\/obra-coleccion\/\",\"url\":\"https:\/\/museutapies.org\/es\/obra-coleccion\/\",\"name\":\"Obra - Museu T\u00e0pies\",\"isPartOf\":{\"@id\":\"https:\/\/museutapies.org\/en\/#website\"},\"datePublished\":\"2020-06-03T11:42:38+00:00\",\"dateModified\":\"2025-11-17T11:15:55+00:00\",\"description\":\"La colecci\u00f3n del Museu T\u00e0pies re\u00fane la obra completa formada por pinturas, esculturas, dibujos y otras muestras de la actividad art\u00edstica de Antoni T\u00e0pies.\",\"inLanguage\":\"es\",\"potentialAction\":[{\"@type\":\"ReadAction\",\"target\":[\"https:\/\/museutapies.org\/es\/obra-coleccion\/\"]}]},{\"@type\":\"WebSite\",\"@id\":\"https:\/\/museutapies.org\/en\/#website\",\"url\":\"https:\/\/museutapies.org\/en\/\",\"name\":\"Museu T\u00e0pies\",\"description\":\"\",\"publisher\":{\"@id\":\"https:\/\/museutapies.org\/en\/#organization\"},\"potentialAction\":[{\"@type\":\"SearchAction\",\"target\":{\"@type\":\"EntryPoint\",\"urlTemplate\":\"https:\/\/museutapies.org\/en\/?s={search_term_string}\"},\"query-input\":\"required name=search_term_string\"}],\"inLanguage\":\"es\"},{\"@type\":\"Organization\",\"@id\":\"https:\/\/museutapies.org\/en\/#organization\",\"name\":\"Museu T\u00e0pies\",\"url\":\"https:\/\/museutapies.org\/en\/\",\"logo\":{\"@type\":\"ImageObject\",\"inLanguage\":\"es\",\"@id\":\"https:\/\/museutapies.org\/en\/#\/schema\/logo\/image\/\",\"url\":\"https:\/\/museutapies.org\/wp-content\/uploads\/2024\/07\/mta.png\",\"contentUrl\":\"https:\/\/museutapies.org\/wp-content\/uploads\/2024\/07\/mta.png\",\"width\":244,\"height\":110,\"caption\":\"Museu T\u00e0pies\"},\"image\":{\"@id\":\"https:\/\/museutapies.org\/en\/#\/schema\/logo\/image\/\"},\"sameAs\":[\"https:\/\/www.facebook.com\/museutapies\",\"https:\/\/www.instagram.com\/museutapies\/\",\"https:\/\/www.youtube.com\/channel\/UCPi65HBb48RMeoa12lR51cQ\",\"https:\/\/x.com\/MuseuTapies\"]}]}<\/script>\n<!-- \/ Yoast SEO plugin. -->","yoast_head_json":{"title":"Obra - Museu T\u00e0pies","description":"La colecci\u00f3n del Museu T\u00e0pies re\u00fane la obra completa formada por pinturas, esculturas, dibujos y otras muestras de la actividad art\u00edstica de Antoni T\u00e0pies.","robots":{"index":"index","follow":"follow","max-snippet":"max-snippet:-1","max-image-preview":"max-image-preview:large","max-video-preview":"max-video-preview:-1"},"og_locale":"es_ES","og_type":"article","og_title":"Obra - Museu T\u00e0pies","og_description":"La colecci\u00f3n del Museu T\u00e0pies re\u00fane la obra completa formada por pinturas, esculturas, dibujos y otras muestras de la actividad art\u00edstica de Antoni T\u00e0pies.","og_url":"https:\/\/museutapies.org\/es\/obra-coleccion\/","og_site_name":"Museu T\u00e0pies","article_publisher":"https:\/\/www.facebook.com\/museutapies","article_modified_time":"2025-11-17T11:15:55+00:00","og_image":[{"width":1618,"height":1067,"url":"https:\/\/museutapies.org\/wp-content\/uploads\/2018\/02\/at_prevost_coleccio.jpg","type":"image\/jpeg"}],"twitter_card":"summary_large_image","twitter_misc":{"Tiempo de lectura":"1 minuto"},"schema":{"@context":"https:\/\/schema.org","@graph":[{"@type":"WebPage","@id":"https:\/\/museutapies.org\/es\/obra-coleccion\/","url":"https:\/\/museutapies.org\/es\/obra-coleccion\/","name":"Obra - Museu T\u00e0pies","isPartOf":{"@id":"https:\/\/museutapies.org\/en\/#website"},"datePublished":"2020-06-03T11:42:38+00:00","dateModified":"2025-11-17T11:15:55+00:00","description":"La colecci\u00f3n del Museu T\u00e0pies re\u00fane la obra completa formada por pinturas, esculturas, dibujos y otras muestras de la actividad art\u00edstica de Antoni T\u00e0pies.","inLanguage":"es","potentialAction":[{"@type":"ReadAction","target":["https:\/\/museutapies.org\/es\/obra-coleccion\/"]}]},{"@type":"WebSite","@id":"https:\/\/museutapies.org\/en\/#website","url":"https:\/\/museutapies.org\/en\/","name":"Museu T\u00e0pies","description":"","publisher":{"@id":"https:\/\/museutapies.org\/en\/#organization"},"potentialAction":[{"@type":"SearchAction","target":{"@type":"EntryPoint","urlTemplate":"https:\/\/museutapies.org\/en\/?s={search_term_string}"},"query-input":"required name=search_term_string"}],"inLanguage":"es"},{"@type":"Organization","@id":"https:\/\/museutapies.org\/en\/#organization","name":"Museu T\u00e0pies","url":"https:\/\/museutapies.org\/en\/","logo":{"@type":"ImageObject","inLanguage":"es","@id":"https:\/\/museutapies.org\/en\/#\/schema\/logo\/image\/","url":"https:\/\/museutapies.org\/wp-content\/uploads\/2024\/07\/mta.png","contentUrl":"https:\/\/museutapies.org\/wp-content\/uploads\/2024\/07\/mta.png","width":244,"height":110,"caption":"Museu T\u00e0pies"},"image":{"@id":"https:\/\/museutapies.org\/en\/#\/schema\/logo\/image\/"},"sameAs":["https:\/\/www.facebook.com\/museutapies","https:\/\/www.instagram.com\/museutapies\/","https:\/\/www.youtube.com\/channel\/UCPi65HBb48RMeoa12lR51cQ","https:\/\/x.com\/MuseuTapies"]}]}},"_links":{"self":[{"href":"https:\/\/museutapies.org\/es\/wp-json\/wp\/v2\/pages\/13579"}],"collection":[{"href":"https:\/\/museutapies.org\/es\/wp-json\/wp\/v2\/pages"}],"about":[{"href":"https:\/\/museutapies.org\/es\/wp-json\/wp\/v2\/types\/page"}],"author":[{"embeddable":true,"href":"https:\/\/museutapies.org\/es\/wp-json\/wp\/v2\/users\/1"}],"replies":[{"embeddable":true,"href":"https:\/\/museutapies.org\/es\/wp-json\/wp\/v2\/comments?post=13579"}],"version-history":[{"count":8,"href":"https:\/\/museutapies.org\/es\/wp-json\/wp\/v2\/pages\/13579\/revisions"}],"predecessor-version":[{"id":42151,"href":"https:\/\/museutapies.org\/es\/wp-json\/wp\/v2\/pages\/13579\/revisions\/42151"}],"wp:featuredmedia":[{"embeddable":true,"href":"https:\/\/museutapies.org\/es\/wp-json\/wp\/v2\/media\/4442"}],"wp:attachment":[{"href":"https:\/\/museutapies.org\/es\/wp-json\/wp\/v2\/media?parent=13579"}],"curies":[{"name":"wp","href":"https:\/\/api.w.org\/{rel}","templated":true}]}}