{"id":1456,"date":"2018-01-19T09:07:54","date_gmt":"2018-01-19T09:07:54","guid":{"rendered":"https:\/\/museutapies.org\/lloguer-despais\/"},"modified":"2024-08-01T12:36:36","modified_gmt":"2024-08-01T10:36:36","slug":"alquiler-de-espacios","status":"publish","type":"page","link":"https:\/\/museutapies.org\/es\/alquiler-de-espacios\/","title":{"rendered":"Alquiler de espacios"},"content":{"rendered":"<h2><a href=\"https:\/\/museutapies.org\/es\/edificio\/\">El edificio<\/a> del Museu T\u00e0pies, sede de la antigua editorial Montaner y Sim\u00f3n, fue construido entre 1881 y 1885 por el arquitecto Llu\u00eds Dom\u00e8nech i Montaner.<\/h2>\n<p>&nbsp;<\/p>\n<p><img loading=\"lazy\" decoding=\"async\" class=\"alignnone size-medium wp-image-4412\" src=\"https:\/\/museutapies.org\/wp-content\/uploads\/2018\/02\/footer-image.jpg\" alt=\"\" width=\"800\" height=\"533\" srcset=\"https:\/\/museutapies.org\/wp-content\/uploads\/2018\/02\/footer-image.jpg 2000w, https:\/\/museutapies.org\/wp-content\/uploads\/2018\/02\/footer-image-800x533.jpg 800w, https:\/\/museutapies.org\/wp-content\/uploads\/2018\/02\/footer-image-768x512.jpg 768w, https:\/\/museutapies.org\/wp-content\/uploads\/2018\/02\/footer-image-900x600.jpg 900w, https:\/\/museutapies.org\/wp-content\/uploads\/2018\/02\/footer-image-500x333.jpg 500w, https:\/\/museutapies.org\/wp-content\/uploads\/2018\/02\/footer-image-380x253.jpg 380w, https:\/\/museutapies.org\/wp-content\/uploads\/2018\/02\/footer-image-600x400.jpg 600w\" sizes=\"(max-width: 800px) 100vw, 800px\" \/><\/p>\n<p>&nbsp;<\/p>\n<p>&nbsp;<\/p>\n<p>Situado en medio del Eixample barcelon\u00e9s, constituye uno de los edificios m\u00e1s emblem\u00e1ticos de la Barcelona modernista. Cuenta con diferentes espacios privilegiados aptos para celebrar actos privados.<\/p>\n<p>El museo ofrece la posibilidad de preceder el acto privado de una visita comentada al edificio y a la exposici\u00f3n permanente y\/o temporal.<\/p>\n<p>Adem\u00e1s, los espacios del Museu T\u00e0pies pueden utilizarse para realizar reportajes fotogr\u00e1ficos y filmaciones.<\/p>\n<p>&nbsp;<\/p>\n<p>&nbsp;<\/p>\n<p>Contacto:<br \/>\n+34 934 870 315<br \/>\nespais@museutapies.org<\/p>\n<p>&nbsp;<\/p>\n<p>&nbsp;<\/p>\n","protected":false},"excerpt":{"rendered":"<p>El edificio del Museu T\u00e0pies, sede de la antigua editorial Montaner y Sim\u00f3n, fue construido entre 1881 y 1885 por [&hellip;]<\/p>\n","protected":false},"author":1,"featured_media":0,"parent":0,"menu_order":0,"comment_status":"closed","ping_status":"closed","template":"template-rent.php","meta":{"footnotes":""},"acf":[],"yoast_head":"<!-- This site is optimized with the Yoast SEO plugin v20.11 - https:\/\/yoast.com\/wordpress\/plugins\/seo\/ -->\n<title>Alquiler de espacios - Museu T\u00e0pies<\/title>\n<meta name=\"description\" content=\"La sede del Museu T\u00e0pies es un edificio modernista que dispone de diferentes espacios en alquiler para la celebraci\u00f3n de eventos privados.\" \/>\n<meta name=\"robots\" content=\"index, follow, max-snippet:-1, max-image-preview:large, max-video-preview:-1\" \/>\n<meta property=\"og:locale\" content=\"es_ES\" \/>\n<meta property=\"og:type\" content=\"article\" \/>\n<meta property=\"og:title\" content=\"Alquiler de espacios - Museu T\u00e0pies\" \/>\n<meta property=\"og:description\" content=\"La sede del Museu T\u00e0pies es un edificio modernista que dispone de diferentes espacios en alquiler para la celebraci\u00f3n de eventos privados.\" \/>\n<meta property=\"og:url\" content=\"https:\/\/museutapies.org\/es\/alquiler-de-espacios\/\" \/>\n<meta property=\"og:site_name\" content=\"Museu T\u00e0pies\" \/>\n<meta property=\"article:publisher\" content=\"https:\/\/www.facebook.com\/museutapies\" \/>\n<meta property=\"article:modified_time\" content=\"2024-08-01T10:36:36+00:00\" \/>\n<meta property=\"og:image\" content=\"https:\/\/museutapies.org\/wp-content\/uploads\/2018\/02\/footer-image.jpg\" \/>\n<meta name=\"twitter:card\" content=\"summary_large_image\" \/>\n<meta name=\"twitter:label1\" content=\"Tiempo de lectura\" \/>\n\t<meta name=\"twitter:data1\" content=\"1 minuto\" \/>\n<script type=\"application\/ld+json\" class=\"yoast-schema-graph\">{\"@context\":\"https:\/\/schema.org\",\"@graph\":[{\"@type\":\"WebPage\",\"@id\":\"https:\/\/museutapies.org\/es\/alquiler-de-espacios\/\",\"url\":\"https:\/\/museutapies.org\/es\/alquiler-de-espacios\/\",\"name\":\"Alquiler de espacios - Museu T\u00e0pies\",\"isPartOf\":{\"@id\":\"https:\/\/museutapies.org\/en\/#website\"},\"datePublished\":\"2018-01-19T09:07:54+00:00\",\"dateModified\":\"2024-08-01T10:36:36+00:00\",\"description\":\"La sede del Museu T\u00e0pies es un edificio modernista que dispone de diferentes espacios en alquiler para la celebraci\u00f3n de eventos privados.\",\"inLanguage\":\"es\",\"potentialAction\":[{\"@type\":\"ReadAction\",\"target\":[\"https:\/\/museutapies.org\/es\/alquiler-de-espacios\/\"]}]},{\"@type\":\"WebSite\",\"@id\":\"https:\/\/museutapies.org\/en\/#website\",\"url\":\"https:\/\/museutapies.org\/en\/\",\"name\":\"Museu T\u00e0pies\",\"description\":\"\",\"publisher\":{\"@id\":\"https:\/\/museutapies.org\/en\/#organization\"},\"potentialAction\":[{\"@type\":\"SearchAction\",\"target\":{\"@type\":\"EntryPoint\",\"urlTemplate\":\"https:\/\/museutapies.org\/en\/?s={search_term_string}\"},\"query-input\":\"required name=search_term_string\"}],\"inLanguage\":\"es\"},{\"@type\":\"Organization\",\"@id\":\"https:\/\/museutapies.org\/en\/#organization\",\"name\":\"Museu T\u00e0pies\",\"url\":\"https:\/\/museutapies.org\/en\/\",\"logo\":{\"@type\":\"ImageObject\",\"inLanguage\":\"es\",\"@id\":\"https:\/\/museutapies.org\/en\/#\/schema\/logo\/image\/\",\"url\":\"https:\/\/museutapies.org\/wp-content\/uploads\/2024\/07\/mta.png\",\"contentUrl\":\"https:\/\/museutapies.org\/wp-content\/uploads\/2024\/07\/mta.png\",\"width\":244,\"height\":110,\"caption\":\"Museu T\u00e0pies\"},\"image\":{\"@id\":\"https:\/\/museutapies.org\/en\/#\/schema\/logo\/image\/\"},\"sameAs\":[\"https:\/\/www.facebook.com\/museutapies\",\"https:\/\/www.instagram.com\/museutapies\/\",\"https:\/\/www.youtube.com\/channel\/UCPi65HBb48RMeoa12lR51cQ\",\"https:\/\/x.com\/MuseuTapies\"]}]}<\/script>\n<!-- \/ Yoast SEO plugin. -->","yoast_head_json":{"title":"Alquiler de espacios - Museu T\u00e0pies","description":"La sede del Museu T\u00e0pies es un edificio modernista que dispone de diferentes espacios en alquiler para la celebraci\u00f3n de eventos privados.","robots":{"index":"index","follow":"follow","max-snippet":"max-snippet:-1","max-image-preview":"max-image-preview:large","max-video-preview":"max-video-preview:-1"},"og_locale":"es_ES","og_type":"article","og_title":"Alquiler de espacios - Museu T\u00e0pies","og_description":"La sede del Museu T\u00e0pies es un edificio modernista que dispone de diferentes espacios en alquiler para la celebraci\u00f3n de eventos privados.","og_url":"https:\/\/museutapies.org\/es\/alquiler-de-espacios\/","og_site_name":"Museu T\u00e0pies","article_publisher":"https:\/\/www.facebook.com\/museutapies","article_modified_time":"2024-08-01T10:36:36+00:00","og_image":[{"url":"https:\/\/museutapies.org\/wp-content\/uploads\/2018\/02\/footer-image.jpg"}],"twitter_card":"summary_large_image","twitter_misc":{"Tiempo de lectura":"1 minuto"},"schema":{"@context":"https:\/\/schema.org","@graph":[{"@type":"WebPage","@id":"https:\/\/museutapies.org\/es\/alquiler-de-espacios\/","url":"https:\/\/museutapies.org\/es\/alquiler-de-espacios\/","name":"Alquiler de espacios - Museu T\u00e0pies","isPartOf":{"@id":"https:\/\/museutapies.org\/en\/#website"},"datePublished":"2018-01-19T09:07:54+00:00","dateModified":"2024-08-01T10:36:36+00:00","description":"La sede del Museu T\u00e0pies es un edificio modernista que dispone de diferentes espacios en alquiler para la celebraci\u00f3n de eventos privados.","inLanguage":"es","potentialAction":[{"@type":"ReadAction","target":["https:\/\/museutapies.org\/es\/alquiler-de-espacios\/"]}]},{"@type":"WebSite","@id":"https:\/\/museutapies.org\/en\/#website","url":"https:\/\/museutapies.org\/en\/","name":"Museu T\u00e0pies","description":"","publisher":{"@id":"https:\/\/museutapies.org\/en\/#organization"},"potentialAction":[{"@type":"SearchAction","target":{"@type":"EntryPoint","urlTemplate":"https:\/\/museutapies.org\/en\/?s={search_term_string}"},"query-input":"required name=search_term_string"}],"inLanguage":"es"},{"@type":"Organization","@id":"https:\/\/museutapies.org\/en\/#organization","name":"Museu T\u00e0pies","url":"https:\/\/museutapies.org\/en\/","logo":{"@type":"ImageObject","inLanguage":"es","@id":"https:\/\/museutapies.org\/en\/#\/schema\/logo\/image\/","url":"https:\/\/museutapies.org\/wp-content\/uploads\/2024\/07\/mta.png","contentUrl":"https:\/\/museutapies.org\/wp-content\/uploads\/2024\/07\/mta.png","width":244,"height":110,"caption":"Museu T\u00e0pies"},"image":{"@id":"https:\/\/museutapies.org\/en\/#\/schema\/logo\/image\/"},"sameAs":["https:\/\/www.facebook.com\/museutapies","https:\/\/www.instagram.com\/museutapies\/","https:\/\/www.youtube.com\/channel\/UCPi65HBb48RMeoa12lR51cQ","https:\/\/x.com\/MuseuTapies"]}]}},"_links":{"self":[{"href":"https:\/\/museutapies.org\/es\/wp-json\/wp\/v2\/pages\/1456"}],"collection":[{"href":"https:\/\/museutapies.org\/es\/wp-json\/wp\/v2\/pages"}],"about":[{"href":"https:\/\/museutapies.org\/es\/wp-json\/wp\/v2\/types\/page"}],"author":[{"embeddable":true,"href":"https:\/\/museutapies.org\/es\/wp-json\/wp\/v2\/users\/1"}],"replies":[{"embeddable":true,"href":"https:\/\/museutapies.org\/es\/wp-json\/wp\/v2\/comments?post=1456"}],"version-history":[{"count":17,"href":"https:\/\/museutapies.org\/es\/wp-json\/wp\/v2\/pages\/1456\/revisions"}],"predecessor-version":[{"id":35533,"href":"https:\/\/museutapies.org\/es\/wp-json\/wp\/v2\/pages\/1456\/revisions\/35533"}],"wp:attachment":[{"href":"https:\/\/museutapies.org\/es\/wp-json\/wp\/v2\/media?parent=1456"}],"curies":[{"name":"wp","href":"https:\/\/api.w.org\/{rel}","templated":true}]}}