{"id":1695,"date":"2018-01-22T11:41:23","date_gmt":"2018-01-22T11:41:23","guid":{"rendered":"https:\/\/museutapies.org\/?page_id=1695"},"modified":"2018-01-22T11:41:23","modified_gmt":"2018-01-22T11:41:23","slug":"1944-1948","status":"publish","type":"page","link":"https:\/\/museutapies.org\/es\/biografia\/1944-1948\/","title":{"rendered":"1944-1948"},"content":{"rendered":"<p><strong>1944<\/strong><br \/>\nInicia los estudios de Derecho en la Universitat de Barcelona, que abandonar\u00e1 poco antes de terminar, y de los que conservar\u00e1, ante todo, el recuerdo de algunos condisc\u00edpulos: Carlos Barral, Alfonso Costafreda, Jaime Gil de Biedma, Alberto Oliart, Joan Revent\u00f3s, Josep M. Castellet, Manuel Sacrist\u00e1n, Josep M. Ainaud, etc. Durante dos meses estudia dibujo en la Academia Valls de Barcelona, donde conoce casualmente al poeta y cr\u00edtico de arte Josep M. Junoy, cuyo est\u00edmulo influir\u00e1 en su decisi\u00f3n de consagrarse al arte. De ese a\u00f1o se conservan diversos retratos y autorretratos, as\u00ed como algunos dibujos de influencia picassiana y surrealista.<\/p>\n<p>&nbsp;<\/p>\n<p><strong>1945<\/strong><br \/>\nCreciente dedicaci\u00f3n a la pintura. Primeras tentativas con materiales densos, que obtiene mezclando pintura al \u00f3leo con blanco de Espa\u00f1a. Se interesa por la filosof\u00eda de Heidegger y de Sartre, as\u00ed como por el pensamiento oriental.<\/p>\n<p>&nbsp;<\/p>\n<p><strong>1946<\/strong><br \/>\nOcupa temporalmente un estudio en la calle Diputaci\u00f3n de Barcelona. A las obras de corte primitivista y expresionista realizadas en ese momento se suman numerosas pinturas abstractas, caracterizadas por un inter\u00e9s fundamental por la materia y con un uso recurrente del <em>collage<\/em> y del <em>grattage<\/em>.<\/p>\n<p>&nbsp;<\/p>\n<p><strong>1947<\/strong><br \/>\nConoce al poeta J.V. Foix, m\u00e1ximo representante de la vanguardia literaria catalana anterior a la Guerra Civil, con quien se establece una firme amistad y una simpat\u00eda art\u00edstica rec\u00edproca que perdurar\u00e1n a lo largo del tiempo. Conoce tambi\u00e9n al poeta Joan Brossa, as\u00ed como a Joan Prats (quien le transmite desde el primer momento una corriente de simpat\u00eda y apoyo) y a otros miembros del antiguo ADLAN (Amics de l\u2019Art Nou), que le estimulan en su trabajo. Sebasti\u00e0 Gasch publica en la revista Destino el art\u00edculo &#8220;Unos dibujos de T\u00e0pies&#8221;.<\/p>\n<p>&nbsp;<\/p>\n<p><strong>1948<\/strong><br \/>\nExpone en el I Sal\u00f3n de Octubre de Barcelona (Galeries Laietanes). Es cofundador de la revista <em>Dau al Set<\/em>. Desarrolla un inter\u00e9s creciente por el surrealismo, el psicoan\u00e1lisis y la ciencia moderna. Conoce a Joan Mir\u00f3, a quien admira, y con quien iniciar\u00e1 a partir de entonces una amistad ininterrumpida. Realiza, en el taller de Enric Tormo, sus primeros aguafuertes.<\/p>\n","protected":false},"excerpt":{"rendered":"<p>1944 Inicia los estudios de Derecho en la Universitat de Barcelona, que abandonar\u00e1 poco antes de terminar, y de los [&hellip;]<\/p>\n","protected":false},"author":1,"featured_media":1623,"parent":1266,"menu_order":2,"comment_status":"closed","ping_status":"closed","template":"template_sense-menu-lateral.php","meta":{"footnotes":""},"acf":[],"yoast_head":"<!-- This site is optimized with the Yoast SEO plugin v20.11 - https:\/\/yoast.com\/wordpress\/plugins\/seo\/ -->\n<title>1944-1948 - Museu T\u00e0pies<\/title>\n<meta name=\"robots\" content=\"index, follow, max-snippet:-1, max-image-preview:large, max-video-preview:-1\" \/>\n<meta property=\"og:locale\" content=\"es_ES\" \/>\n<meta property=\"og:type\" content=\"article\" \/>\n<meta property=\"og:title\" content=\"1944-1948 - Museu T\u00e0pies\" \/>\n<meta property=\"og:description\" content=\"1944 Inicia los estudios de Derecho en la Universitat de Barcelona, que abandonar\u00e1 poco antes de terminar, y de los [&hellip;]\" \/>\n<meta property=\"og:url\" content=\"https:\/\/museutapies.org\/es\/biografia\/1944-1948\/\" \/>\n<meta property=\"og:site_name\" content=\"Museu T\u00e0pies\" \/>\n<meta property=\"article:publisher\" content=\"https:\/\/www.facebook.com\/museutapies\" \/>\n<meta property=\"og:image\" content=\"https:\/\/museutapies.org\/wp-content\/uploads\/2018\/01\/AT_1944-48-e1517244341157.jpg\" \/>\n\t<meta property=\"og:image:width\" content=\"589\" \/>\n\t<meta property=\"og:image:height\" content=\"486\" \/>\n\t<meta property=\"og:image:type\" content=\"image\/jpeg\" \/>\n<meta name=\"twitter:card\" content=\"summary_large_image\" \/>\n<meta name=\"twitter:label1\" content=\"Tiempo de lectura\" \/>\n\t<meta name=\"twitter:data1\" content=\"2 minutos\" \/>\n<script type=\"application\/ld+json\" class=\"yoast-schema-graph\">{\"@context\":\"https:\/\/schema.org\",\"@graph\":[{\"@type\":\"WebPage\",\"@id\":\"https:\/\/museutapies.org\/es\/biografia\/1944-1948\/\",\"url\":\"https:\/\/museutapies.org\/es\/biografia\/1944-1948\/\",\"name\":\"1944-1948 - Museu T\u00e0pies\",\"isPartOf\":{\"@id\":\"https:\/\/museutapies.org\/en\/#website\"},\"datePublished\":\"2018-01-22T11:41:23+00:00\",\"dateModified\":\"2018-01-22T11:41:23+00:00\",\"breadcrumb\":{\"@id\":\"https:\/\/museutapies.org\/es\/biografia\/1944-1948\/#breadcrumb\"},\"inLanguage\":\"es\",\"potentialAction\":[{\"@type\":\"ReadAction\",\"target\":[\"https:\/\/museutapies.org\/es\/biografia\/1944-1948\/\"]}]},{\"@type\":\"BreadcrumbList\",\"@id\":\"https:\/\/museutapies.org\/es\/biografia\/1944-1948\/#breadcrumb\",\"itemListElement\":[{\"@type\":\"ListItem\",\"position\":1,\"name\":\"Biograf\u00eda\",\"item\":\"https:\/\/museutapies.org\/es\/biografia\/\"},{\"@type\":\"ListItem\",\"position\":2,\"name\":\"1944-1948\"}]},{\"@type\":\"WebSite\",\"@id\":\"https:\/\/museutapies.org\/en\/#website\",\"url\":\"https:\/\/museutapies.org\/en\/\",\"name\":\"Museu T\u00e0pies\",\"description\":\"\",\"publisher\":{\"@id\":\"https:\/\/museutapies.org\/en\/#organization\"},\"potentialAction\":[{\"@type\":\"SearchAction\",\"target\":{\"@type\":\"EntryPoint\",\"urlTemplate\":\"https:\/\/museutapies.org\/en\/?s={search_term_string}\"},\"query-input\":\"required name=search_term_string\"}],\"inLanguage\":\"es\"},{\"@type\":\"Organization\",\"@id\":\"https:\/\/museutapies.org\/en\/#organization\",\"name\":\"Museu T\u00e0pies\",\"url\":\"https:\/\/museutapies.org\/en\/\",\"logo\":{\"@type\":\"ImageObject\",\"inLanguage\":\"es\",\"@id\":\"https:\/\/museutapies.org\/en\/#\/schema\/logo\/image\/\",\"url\":\"https:\/\/museutapies.org\/wp-content\/uploads\/2024\/07\/mta.png\",\"contentUrl\":\"https:\/\/museutapies.org\/wp-content\/uploads\/2024\/07\/mta.png\",\"width\":244,\"height\":110,\"caption\":\"Museu T\u00e0pies\"},\"image\":{\"@id\":\"https:\/\/museutapies.org\/en\/#\/schema\/logo\/image\/\"},\"sameAs\":[\"https:\/\/www.facebook.com\/museutapies\",\"https:\/\/www.instagram.com\/museutapies\/\",\"https:\/\/www.youtube.com\/channel\/UCPi65HBb48RMeoa12lR51cQ\",\"https:\/\/x.com\/MuseuTapies\"]}]}<\/script>\n<!-- \/ Yoast SEO plugin. -->","yoast_head_json":{"title":"1944-1948 - Museu T\u00e0pies","robots":{"index":"index","follow":"follow","max-snippet":"max-snippet:-1","max-image-preview":"max-image-preview:large","max-video-preview":"max-video-preview:-1"},"og_locale":"es_ES","og_type":"article","og_title":"1944-1948 - Museu T\u00e0pies","og_description":"1944 Inicia los estudios de Derecho en la Universitat de Barcelona, que abandonar\u00e1 poco antes de terminar, y de los [&hellip;]","og_url":"https:\/\/museutapies.org\/es\/biografia\/1944-1948\/","og_site_name":"Museu T\u00e0pies","article_publisher":"https:\/\/www.facebook.com\/museutapies","og_image":[{"width":589,"height":486,"url":"https:\/\/museutapies.org\/wp-content\/uploads\/2018\/01\/AT_1944-48-e1517244341157.jpg","type":"image\/jpeg"}],"twitter_card":"summary_large_image","twitter_misc":{"Tiempo de lectura":"2 minutos"},"schema":{"@context":"https:\/\/schema.org","@graph":[{"@type":"WebPage","@id":"https:\/\/museutapies.org\/es\/biografia\/1944-1948\/","url":"https:\/\/museutapies.org\/es\/biografia\/1944-1948\/","name":"1944-1948 - Museu T\u00e0pies","isPartOf":{"@id":"https:\/\/museutapies.org\/en\/#website"},"datePublished":"2018-01-22T11:41:23+00:00","dateModified":"2018-01-22T11:41:23+00:00","breadcrumb":{"@id":"https:\/\/museutapies.org\/es\/biografia\/1944-1948\/#breadcrumb"},"inLanguage":"es","potentialAction":[{"@type":"ReadAction","target":["https:\/\/museutapies.org\/es\/biografia\/1944-1948\/"]}]},{"@type":"BreadcrumbList","@id":"https:\/\/museutapies.org\/es\/biografia\/1944-1948\/#breadcrumb","itemListElement":[{"@type":"ListItem","position":1,"name":"Biograf\u00eda","item":"https:\/\/museutapies.org\/es\/biografia\/"},{"@type":"ListItem","position":2,"name":"1944-1948"}]},{"@type":"WebSite","@id":"https:\/\/museutapies.org\/en\/#website","url":"https:\/\/museutapies.org\/en\/","name":"Museu T\u00e0pies","description":"","publisher":{"@id":"https:\/\/museutapies.org\/en\/#organization"},"potentialAction":[{"@type":"SearchAction","target":{"@type":"EntryPoint","urlTemplate":"https:\/\/museutapies.org\/en\/?s={search_term_string}"},"query-input":"required name=search_term_string"}],"inLanguage":"es"},{"@type":"Organization","@id":"https:\/\/museutapies.org\/en\/#organization","name":"Museu T\u00e0pies","url":"https:\/\/museutapies.org\/en\/","logo":{"@type":"ImageObject","inLanguage":"es","@id":"https:\/\/museutapies.org\/en\/#\/schema\/logo\/image\/","url":"https:\/\/museutapies.org\/wp-content\/uploads\/2024\/07\/mta.png","contentUrl":"https:\/\/museutapies.org\/wp-content\/uploads\/2024\/07\/mta.png","width":244,"height":110,"caption":"Museu T\u00e0pies"},"image":{"@id":"https:\/\/museutapies.org\/en\/#\/schema\/logo\/image\/"},"sameAs":["https:\/\/www.facebook.com\/museutapies","https:\/\/www.instagram.com\/museutapies\/","https:\/\/www.youtube.com\/channel\/UCPi65HBb48RMeoa12lR51cQ","https:\/\/x.com\/MuseuTapies"]}]}},"_links":{"self":[{"href":"https:\/\/museutapies.org\/es\/wp-json\/wp\/v2\/pages\/1695"}],"collection":[{"href":"https:\/\/museutapies.org\/es\/wp-json\/wp\/v2\/pages"}],"about":[{"href":"https:\/\/museutapies.org\/es\/wp-json\/wp\/v2\/types\/page"}],"author":[{"embeddable":true,"href":"https:\/\/museutapies.org\/es\/wp-json\/wp\/v2\/users\/1"}],"replies":[{"embeddable":true,"href":"https:\/\/museutapies.org\/es\/wp-json\/wp\/v2\/comments?post=1695"}],"version-history":[{"count":1,"href":"https:\/\/museutapies.org\/es\/wp-json\/wp\/v2\/pages\/1695\/revisions"}],"predecessor-version":[{"id":1696,"href":"https:\/\/museutapies.org\/es\/wp-json\/wp\/v2\/pages\/1695\/revisions\/1696"}],"up":[{"embeddable":true,"href":"https:\/\/museutapies.org\/es\/wp-json\/wp\/v2\/pages\/1266"}],"wp:featuredmedia":[{"embeddable":true,"href":"https:\/\/museutapies.org\/es\/wp-json\/wp\/v2\/media\/1623"}],"wp:attachment":[{"href":"https:\/\/museutapies.org\/es\/wp-json\/wp\/v2\/media?parent=1695"}],"curies":[{"name":"wp","href":"https:\/\/api.w.org\/{rel}","templated":true}]}}