{"id":1698,"date":"2018-01-22T11:42:16","date_gmt":"2018-01-22T11:42:16","guid":{"rendered":"https:\/\/museutapies.org\/?page_id=1698"},"modified":"2019-05-02T07:58:34","modified_gmt":"2019-05-02T07:58:34","slug":"1949-1953","status":"publish","type":"page","link":"https:\/\/museutapies.org\/es\/biografia\/1949-1953\/","title":{"rendered":"1949-1953"},"content":{"rendered":"<p><strong>1949<\/strong><br \/>\nExpone en el II Sal\u00f3n de Octubre de Barcelona (Galeries Laietanes) y en la muestra <em>Un aspecto de la pintura catalana<\/em>, organizada por Cobalto 49 en el Instituto Franc\u00e9s de Barcelona y presentada por el poeta Jo\u00e3o Cabral de Melo, entonces vicec\u00f3nsul de Brasil en Barcelona. En Madrid, presenta algunas obras en el Sal\u00f3n de los Once, invitado por Eugeni d\u2019Ors. Se relaciona con diversos miembros del Club 49, fundado ese mismo a\u00f1o: el poeta Joan Teixidor, el cr\u00edtico e historiador del arte Alexandre Cirici, el arquitecto Sixte Illescas, el propio Joan Prats, etc.<\/p>\n<p>&nbsp;<\/p>\n<p><strong>1950<\/strong><br \/>\nPrimera exposici\u00f3n individual en Barcelona (Galeries Laietanes), organizada por Josep Gudiol; Juan Eduardo Cirlot escribe el texto del cat\u00e1logo. En un n\u00famero de <em>Dau al Set<\/em> publicado para la ocasi\u00f3n, Brossa publica su \u00abOracle sobre Antoni T\u00e0pies\u00bb, y aparece tambi\u00e9n la monograf\u00eda <em>T\u00e0pies o el dau modern de Versalles,<\/em> de Tharrats. Becado por el gobierno franc\u00e9s, pasa una temporada en Par\u00eds, donde vive y trabaja, en el n\u00famero 8 de la avenue Eug\u00e9nie de Saint-Cloud. Durante su estancia en la capital francesa, se interesa por el marxismo y vive de cerca la pol\u00e9mica suscitada entorno al realismo social. Expone en Pittsburgh, seleccionado para el Premio del Carnegie Institute.<\/p>\n<p>&nbsp;<\/p>\n<p><strong>1951<\/strong><br \/>\nVisita a Picasso en su taller de la rue des Grands-Augustins, donde conoce a Christian Zervos y a Jaume Sabart\u00e9s. Durante la primavera de ese a\u00f1o, viaja por B\u00e9lgica y Holanda. Bajo la influencia del pensamiento marxista, y preocupado por la situaci\u00f3n pol\u00edtica en Espa\u00f1a, realiza numerosas pinturas de tema social. Participa en la I Bienal Hispanoamericana, celebrada en Madrid.<\/p>\n<p>&nbsp;<\/p>\n<p><strong>1952<\/strong><br \/>\nExpone en la XXVI Bienal de Venecia, y es nuevamente invitado a participar (junto a Pierre Alechinsky, Jean Dubuffet, Tal Coat, Ben Nicholson, Karel Appel, Franz Kline, Willem de Kooning y Robert Motherwell, entre otros muchos) en el certamen del Carnegie Institute de Pittsburgh. Nueva exposici\u00f3n individual en Barcelona (Galeries Laietanes).<\/p>\n<p>&nbsp;<\/p>\n<p><strong>1953<\/strong><br \/>\nPrimera exposici\u00f3n individual en Estados Unidos (Marshall Field and Company, Chicago). Viaja a Nueva York con motivo de su exposici\u00f3n en la Martha Jackson Gallery; adquiere un mayor conocimiento del expresionismo abstracto americano, en el que descubre afinidades y coincidencias con su propia obra. Reemprende sus investigaciones mat\u00e9ricas iniciadas ocho a\u00f1os atr\u00e1s, trabajando con tierra, collages, incisiones, etc. Con motivo de su exposici\u00f3n en las Galer\u00edas Biosca, se desplaza a Madrid, donde conoce a Vicente Aleixandre. Recibe un premio en la II Bienal de S\u00e3o Paulo.<\/p>\n","protected":false},"excerpt":{"rendered":"<p>1949 Expone en el II Sal\u00f3n de Octubre de Barcelona (Galeries Laietanes) y en la muestra Un aspecto de la [&hellip;]<\/p>\n","protected":false},"author":1,"featured_media":1624,"parent":1266,"menu_order":3,"comment_status":"closed","ping_status":"closed","template":"template_sense-menu-lateral.php","meta":{"footnotes":""},"acf":[],"yoast_head":"<!-- This site is optimized with the Yoast SEO plugin v20.11 - https:\/\/yoast.com\/wordpress\/plugins\/seo\/ -->\n<title>1949-1953 - Museu T\u00e0pies<\/title>\n<meta name=\"robots\" content=\"index, follow, max-snippet:-1, max-image-preview:large, max-video-preview:-1\" \/>\n<meta property=\"og:locale\" content=\"es_ES\" \/>\n<meta property=\"og:type\" content=\"article\" \/>\n<meta property=\"og:title\" content=\"1949-1953 - Museu T\u00e0pies\" \/>\n<meta property=\"og:description\" content=\"1949 Expone en el II Sal\u00f3n de Octubre de Barcelona (Galeries Laietanes) y en la muestra Un aspecto de la [&hellip;]\" \/>\n<meta property=\"og:url\" content=\"https:\/\/museutapies.org\/es\/biografia\/1949-1953\/\" \/>\n<meta property=\"og:site_name\" content=\"Museu T\u00e0pies\" \/>\n<meta property=\"article:publisher\" content=\"https:\/\/www.facebook.com\/museutapies\" \/>\n<meta property=\"article:modified_time\" content=\"2019-05-02T07:58:34+00:00\" \/>\n<meta property=\"og:image\" content=\"https:\/\/museutapies.org\/wp-content\/uploads\/2018\/01\/AT_1944-48-1-e1517244390534.jpg\" \/>\n\t<meta property=\"og:image:width\" content=\"572\" \/>\n\t<meta property=\"og:image:height\" content=\"426\" \/>\n\t<meta property=\"og:image:type\" content=\"image\/jpeg\" \/>\n<meta name=\"twitter:card\" content=\"summary_large_image\" \/>\n<meta name=\"twitter:label1\" content=\"Tiempo de lectura\" \/>\n\t<meta name=\"twitter:data1\" content=\"2 minutos\" \/>\n<script type=\"application\/ld+json\" class=\"yoast-schema-graph\">{\"@context\":\"https:\/\/schema.org\",\"@graph\":[{\"@type\":\"WebPage\",\"@id\":\"https:\/\/museutapies.org\/es\/biografia\/1949-1953\/\",\"url\":\"https:\/\/museutapies.org\/es\/biografia\/1949-1953\/\",\"name\":\"1949-1953 - Museu T\u00e0pies\",\"isPartOf\":{\"@id\":\"https:\/\/museutapies.org\/en\/#website\"},\"datePublished\":\"2018-01-22T11:42:16+00:00\",\"dateModified\":\"2019-05-02T07:58:34+00:00\",\"breadcrumb\":{\"@id\":\"https:\/\/museutapies.org\/es\/biografia\/1949-1953\/#breadcrumb\"},\"inLanguage\":\"es\",\"potentialAction\":[{\"@type\":\"ReadAction\",\"target\":[\"https:\/\/museutapies.org\/es\/biografia\/1949-1953\/\"]}]},{\"@type\":\"BreadcrumbList\",\"@id\":\"https:\/\/museutapies.org\/es\/biografia\/1949-1953\/#breadcrumb\",\"itemListElement\":[{\"@type\":\"ListItem\",\"position\":1,\"name\":\"Biograf\u00eda\",\"item\":\"https:\/\/museutapies.org\/es\/biografia\/\"},{\"@type\":\"ListItem\",\"position\":2,\"name\":\"1949-1953\"}]},{\"@type\":\"WebSite\",\"@id\":\"https:\/\/museutapies.org\/en\/#website\",\"url\":\"https:\/\/museutapies.org\/en\/\",\"name\":\"Museu T\u00e0pies\",\"description\":\"\",\"publisher\":{\"@id\":\"https:\/\/museutapies.org\/en\/#organization\"},\"potentialAction\":[{\"@type\":\"SearchAction\",\"target\":{\"@type\":\"EntryPoint\",\"urlTemplate\":\"https:\/\/museutapies.org\/en\/?s={search_term_string}\"},\"query-input\":\"required name=search_term_string\"}],\"inLanguage\":\"es\"},{\"@type\":\"Organization\",\"@id\":\"https:\/\/museutapies.org\/en\/#organization\",\"name\":\"Museu T\u00e0pies\",\"url\":\"https:\/\/museutapies.org\/en\/\",\"logo\":{\"@type\":\"ImageObject\",\"inLanguage\":\"es\",\"@id\":\"https:\/\/museutapies.org\/en\/#\/schema\/logo\/image\/\",\"url\":\"https:\/\/museutapies.org\/wp-content\/uploads\/2024\/07\/mta.png\",\"contentUrl\":\"https:\/\/museutapies.org\/wp-content\/uploads\/2024\/07\/mta.png\",\"width\":244,\"height\":110,\"caption\":\"Museu T\u00e0pies\"},\"image\":{\"@id\":\"https:\/\/museutapies.org\/en\/#\/schema\/logo\/image\/\"},\"sameAs\":[\"https:\/\/www.facebook.com\/museutapies\",\"https:\/\/www.instagram.com\/museutapies\/\",\"https:\/\/www.youtube.com\/channel\/UCPi65HBb48RMeoa12lR51cQ\",\"https:\/\/x.com\/MuseuTapies\"]}]}<\/script>\n<!-- \/ Yoast SEO plugin. -->","yoast_head_json":{"title":"1949-1953 - Museu T\u00e0pies","robots":{"index":"index","follow":"follow","max-snippet":"max-snippet:-1","max-image-preview":"max-image-preview:large","max-video-preview":"max-video-preview:-1"},"og_locale":"es_ES","og_type":"article","og_title":"1949-1953 - Museu T\u00e0pies","og_description":"1949 Expone en el II Sal\u00f3n de Octubre de Barcelona (Galeries Laietanes) y en la muestra Un aspecto de la [&hellip;]","og_url":"https:\/\/museutapies.org\/es\/biografia\/1949-1953\/","og_site_name":"Museu T\u00e0pies","article_publisher":"https:\/\/www.facebook.com\/museutapies","article_modified_time":"2019-05-02T07:58:34+00:00","og_image":[{"width":572,"height":426,"url":"https:\/\/museutapies.org\/wp-content\/uploads\/2018\/01\/AT_1944-48-1-e1517244390534.jpg","type":"image\/jpeg"}],"twitter_card":"summary_large_image","twitter_misc":{"Tiempo de lectura":"2 minutos"},"schema":{"@context":"https:\/\/schema.org","@graph":[{"@type":"WebPage","@id":"https:\/\/museutapies.org\/es\/biografia\/1949-1953\/","url":"https:\/\/museutapies.org\/es\/biografia\/1949-1953\/","name":"1949-1953 - Museu T\u00e0pies","isPartOf":{"@id":"https:\/\/museutapies.org\/en\/#website"},"datePublished":"2018-01-22T11:42:16+00:00","dateModified":"2019-05-02T07:58:34+00:00","breadcrumb":{"@id":"https:\/\/museutapies.org\/es\/biografia\/1949-1953\/#breadcrumb"},"inLanguage":"es","potentialAction":[{"@type":"ReadAction","target":["https:\/\/museutapies.org\/es\/biografia\/1949-1953\/"]}]},{"@type":"BreadcrumbList","@id":"https:\/\/museutapies.org\/es\/biografia\/1949-1953\/#breadcrumb","itemListElement":[{"@type":"ListItem","position":1,"name":"Biograf\u00eda","item":"https:\/\/museutapies.org\/es\/biografia\/"},{"@type":"ListItem","position":2,"name":"1949-1953"}]},{"@type":"WebSite","@id":"https:\/\/museutapies.org\/en\/#website","url":"https:\/\/museutapies.org\/en\/","name":"Museu T\u00e0pies","description":"","publisher":{"@id":"https:\/\/museutapies.org\/en\/#organization"},"potentialAction":[{"@type":"SearchAction","target":{"@type":"EntryPoint","urlTemplate":"https:\/\/museutapies.org\/en\/?s={search_term_string}"},"query-input":"required name=search_term_string"}],"inLanguage":"es"},{"@type":"Organization","@id":"https:\/\/museutapies.org\/en\/#organization","name":"Museu T\u00e0pies","url":"https:\/\/museutapies.org\/en\/","logo":{"@type":"ImageObject","inLanguage":"es","@id":"https:\/\/museutapies.org\/en\/#\/schema\/logo\/image\/","url":"https:\/\/museutapies.org\/wp-content\/uploads\/2024\/07\/mta.png","contentUrl":"https:\/\/museutapies.org\/wp-content\/uploads\/2024\/07\/mta.png","width":244,"height":110,"caption":"Museu T\u00e0pies"},"image":{"@id":"https:\/\/museutapies.org\/en\/#\/schema\/logo\/image\/"},"sameAs":["https:\/\/www.facebook.com\/museutapies","https:\/\/www.instagram.com\/museutapies\/","https:\/\/www.youtube.com\/channel\/UCPi65HBb48RMeoa12lR51cQ","https:\/\/x.com\/MuseuTapies"]}]}},"_links":{"self":[{"href":"https:\/\/museutapies.org\/es\/wp-json\/wp\/v2\/pages\/1698"}],"collection":[{"href":"https:\/\/museutapies.org\/es\/wp-json\/wp\/v2\/pages"}],"about":[{"href":"https:\/\/museutapies.org\/es\/wp-json\/wp\/v2\/types\/page"}],"author":[{"embeddable":true,"href":"https:\/\/museutapies.org\/es\/wp-json\/wp\/v2\/users\/1"}],"replies":[{"embeddable":true,"href":"https:\/\/museutapies.org\/es\/wp-json\/wp\/v2\/comments?post=1698"}],"version-history":[{"count":2,"href":"https:\/\/museutapies.org\/es\/wp-json\/wp\/v2\/pages\/1698\/revisions"}],"predecessor-version":[{"id":10800,"href":"https:\/\/museutapies.org\/es\/wp-json\/wp\/v2\/pages\/1698\/revisions\/10800"}],"up":[{"embeddable":true,"href":"https:\/\/museutapies.org\/es\/wp-json\/wp\/v2\/pages\/1266"}],"wp:featuredmedia":[{"embeddable":true,"href":"https:\/\/museutapies.org\/es\/wp-json\/wp\/v2\/media\/1624"}],"wp:attachment":[{"href":"https:\/\/museutapies.org\/es\/wp-json\/wp\/v2\/media?parent=1698"}],"curies":[{"name":"wp","href":"https:\/\/api.w.org\/{rel}","templated":true}]}}