{"id":1700,"date":"2018-01-22T11:43:00","date_gmt":"2018-01-22T11:43:00","guid":{"rendered":"https:\/\/museutapies.org\/?page_id=1700"},"modified":"2018-01-22T11:43:00","modified_gmt":"2018-01-22T11:43:00","slug":"1954-1958","status":"publish","type":"page","link":"https:\/\/museutapies.org\/es\/biografia\/1954-1958\/","title":{"rendered":"1954-1958"},"content":{"rendered":"<p><strong>1954<\/strong><br \/>\nNueva exposici\u00f3n individual en Barcelona (Galeries Laietanes). Participa en la XXVII Bienal de Venecia, en la 64\u00aa Exposici\u00f3n Anual de la Nebraska Art Association y en la exposici\u00f3n Reality and Fantasy 1900-1954 (Walker Art Center, Minneapolis). Se casa con Teresa Barba F\u00e0bregas.<\/p>\n<p>&nbsp;<\/p>\n<p><strong>1955<\/strong><br \/>\nViaja a Par\u00eds, donde conoce al poeta y cr\u00edtico \u00c9douard Jaguer, quien le invita a participar en la exposici\u00f3n Phases de l\u2019art contemporain (Galerie R. Creuze). Conoce tambi\u00e9n a Michel Tapi\u00e9, con cuyo pensamiento est\u00e9tico simpatiza. Participa en unas jornadas de debate sobre arte organizadas por la Universidad Internacional Men\u00e9ndez y Pelayo (Santander). Premio de la Rep\u00fablica de Colombia en la III Bienal Hispanoamericana, celebrada en Barcelona. Participa, a finales de a\u00f1o, en la exposici\u00f3n inaugural de la Galerie Stadler, de Par\u00eds. Exposiciones individuales en Estocolmo, Santander y Barcelona.<\/p>\n<p>&nbsp;<\/p>\n<p><strong>1956<\/strong><br \/>\nPrimera exposici\u00f3n individual en Par\u00eds (Galerie Stadler), donde se muestran las pinturas mat\u00e9ricas caracter\u00edsticas de ese per\u00edodo. Viaje a Italia: Verona, Vicenza, Padua -donde admira los frescos de Giotto, en la capilla Scrovegni- y Venecia. Primera visita a Suiza. Michel Tapi\u00e9 publica Antonio T\u00e0pies et l\u2019\u0153uvre compl\u00e8te. Participa en la exposici\u00f3n Recent Abstract Painting (Whitworth Art Gallery, Manchester), junto con Appel, Burri, Hartung, Kline, Pollock y Rothko, entre otros. Nace su hijo Antoni.<\/p>\n<p>&nbsp;<\/p>\n<p><strong>1957<\/strong><br \/>\nRecibe el X Premio Internazionale per la Pittura de Lissone (Mil\u00e1n). Emprende un nuevo viaje a Italia: Pisa, Florencia, etc. Junto con Michel Tapi\u00e9, promueve la exposici\u00f3n Arte Otro (Sala Gaspar, Barcelona), que da a conocer en Espa\u00f1a la obra de Pollock, Kline, Dubuffet, Fautrier y Fontana, entre otros. En Par\u00eds, conoce a Roland Penrose y Lee Miller. Exposiciones individuales en Nueva York, Par\u00eds y D\u00fcsseldorf. Participa en la IV Bienal de S\u00e3o Paulo.<\/p>\n<p>&nbsp;<\/p>\n<p><strong>1958<\/strong><br \/>\nEn Mil\u00e1n, inaugura su exposici\u00f3n individual en la Galleria dell\u2019Ariete, presentada por el poeta y cr\u00edtico de arte Jacques Dupin, con quien entabla una amistad ininterrumpida. Conoce a los pintores Lucio Fontana y Emilio Scanavino, y Ugo Mulas le fotograf\u00eda. Participa en la XXIX Bienal de Venecia, donde es galardonado con el Premio de la UNESCO y con el David Bright Foundation Award. Conoce a Luigi Nono y Nuria Sch\u00f6nberg, Emilio Vedova, Will Grohmann, Alberto Burri, Shuzo Takiguchi, Yoshiaki Tono, etc. Visita Ravena y Bolonia. Obtiene el primer premio del Carnegie Institute de Pittsburgh; conoce a Marcel Duchamp, a la saz\u00f3n miembro del jurado del certamen. Participa en el Festival de Osaka. Nace su hija Clara.<\/p>\n","protected":false},"excerpt":{"rendered":"<p>1954 Nueva exposici\u00f3n individual en Barcelona (Galeries Laietanes). Participa en la XXVII Bienal de Venecia, en la 64\u00aa Exposici\u00f3n Anual [&hellip;]<\/p>\n","protected":false},"author":1,"featured_media":1626,"parent":1266,"menu_order":4,"comment_status":"closed","ping_status":"closed","template":"template_sense-menu-lateral.php","meta":{"footnotes":""},"acf":[],"yoast_head":"<!-- This site is optimized with the Yoast SEO plugin v20.11 - https:\/\/yoast.com\/wordpress\/plugins\/seo\/ -->\n<title>1954-1958 - Museu T\u00e0pies<\/title>\n<meta name=\"robots\" content=\"index, follow, max-snippet:-1, max-image-preview:large, max-video-preview:-1\" \/>\n<meta property=\"og:locale\" content=\"es_ES\" \/>\n<meta property=\"og:type\" content=\"article\" \/>\n<meta property=\"og:title\" content=\"1954-1958 - Museu T\u00e0pies\" \/>\n<meta property=\"og:description\" content=\"1954 Nueva exposici\u00f3n individual en Barcelona (Galeries Laietanes). Participa en la XXVII Bienal de Venecia, en la 64\u00aa Exposici\u00f3n Anual [&hellip;]\" \/>\n<meta property=\"og:url\" content=\"https:\/\/museutapies.org\/es\/biografia\/1954-1958\/\" \/>\n<meta property=\"og:site_name\" content=\"Museu T\u00e0pies\" \/>\n<meta property=\"article:publisher\" content=\"https:\/\/www.facebook.com\/museutapies\" \/>\n<meta property=\"og:image\" content=\"https:\/\/museutapies.org\/wp-content\/uploads\/2018\/01\/AT_1954-58.jpg\" \/>\n\t<meta property=\"og:image:width\" content=\"1772\" \/>\n\t<meta property=\"og:image:height\" content=\"1225\" \/>\n\t<meta property=\"og:image:type\" content=\"image\/jpeg\" \/>\n<meta name=\"twitter:card\" content=\"summary_large_image\" \/>\n<meta name=\"twitter:label1\" content=\"Tiempo de lectura\" \/>\n\t<meta name=\"twitter:data1\" content=\"2 minutos\" \/>\n<script type=\"application\/ld+json\" class=\"yoast-schema-graph\">{\"@context\":\"https:\/\/schema.org\",\"@graph\":[{\"@type\":\"WebPage\",\"@id\":\"https:\/\/museutapies.org\/es\/biografia\/1954-1958\/\",\"url\":\"https:\/\/museutapies.org\/es\/biografia\/1954-1958\/\",\"name\":\"1954-1958 - Museu T\u00e0pies\",\"isPartOf\":{\"@id\":\"https:\/\/museutapies.org\/en\/#website\"},\"datePublished\":\"2018-01-22T11:43:00+00:00\",\"dateModified\":\"2018-01-22T11:43:00+00:00\",\"breadcrumb\":{\"@id\":\"https:\/\/museutapies.org\/es\/biografia\/1954-1958\/#breadcrumb\"},\"inLanguage\":\"es\",\"potentialAction\":[{\"@type\":\"ReadAction\",\"target\":[\"https:\/\/museutapies.org\/es\/biografia\/1954-1958\/\"]}]},{\"@type\":\"BreadcrumbList\",\"@id\":\"https:\/\/museutapies.org\/es\/biografia\/1954-1958\/#breadcrumb\",\"itemListElement\":[{\"@type\":\"ListItem\",\"position\":1,\"name\":\"Biograf\u00eda\",\"item\":\"https:\/\/museutapies.org\/es\/biografia\/\"},{\"@type\":\"ListItem\",\"position\":2,\"name\":\"1954-1958\"}]},{\"@type\":\"WebSite\",\"@id\":\"https:\/\/museutapies.org\/en\/#website\",\"url\":\"https:\/\/museutapies.org\/en\/\",\"name\":\"Museu T\u00e0pies\",\"description\":\"\",\"publisher\":{\"@id\":\"https:\/\/museutapies.org\/en\/#organization\"},\"potentialAction\":[{\"@type\":\"SearchAction\",\"target\":{\"@type\":\"EntryPoint\",\"urlTemplate\":\"https:\/\/museutapies.org\/en\/?s={search_term_string}\"},\"query-input\":\"required name=search_term_string\"}],\"inLanguage\":\"es\"},{\"@type\":\"Organization\",\"@id\":\"https:\/\/museutapies.org\/en\/#organization\",\"name\":\"Museu T\u00e0pies\",\"url\":\"https:\/\/museutapies.org\/en\/\",\"logo\":{\"@type\":\"ImageObject\",\"inLanguage\":\"es\",\"@id\":\"https:\/\/museutapies.org\/en\/#\/schema\/logo\/image\/\",\"url\":\"https:\/\/museutapies.org\/wp-content\/uploads\/2024\/07\/mta.png\",\"contentUrl\":\"https:\/\/museutapies.org\/wp-content\/uploads\/2024\/07\/mta.png\",\"width\":244,\"height\":110,\"caption\":\"Museu T\u00e0pies\"},\"image\":{\"@id\":\"https:\/\/museutapies.org\/en\/#\/schema\/logo\/image\/\"},\"sameAs\":[\"https:\/\/www.facebook.com\/museutapies\",\"https:\/\/www.instagram.com\/museutapies\/\",\"https:\/\/www.youtube.com\/channel\/UCPi65HBb48RMeoa12lR51cQ\",\"https:\/\/x.com\/MuseuTapies\"]}]}<\/script>\n<!-- \/ Yoast SEO plugin. -->","yoast_head_json":{"title":"1954-1958 - Museu T\u00e0pies","robots":{"index":"index","follow":"follow","max-snippet":"max-snippet:-1","max-image-preview":"max-image-preview:large","max-video-preview":"max-video-preview:-1"},"og_locale":"es_ES","og_type":"article","og_title":"1954-1958 - Museu T\u00e0pies","og_description":"1954 Nueva exposici\u00f3n individual en Barcelona (Galeries Laietanes). Participa en la XXVII Bienal de Venecia, en la 64\u00aa Exposici\u00f3n Anual [&hellip;]","og_url":"https:\/\/museutapies.org\/es\/biografia\/1954-1958\/","og_site_name":"Museu T\u00e0pies","article_publisher":"https:\/\/www.facebook.com\/museutapies","og_image":[{"width":1772,"height":1225,"url":"https:\/\/museutapies.org\/wp-content\/uploads\/2018\/01\/AT_1954-58.jpg","type":"image\/jpeg"}],"twitter_card":"summary_large_image","twitter_misc":{"Tiempo de lectura":"2 minutos"},"schema":{"@context":"https:\/\/schema.org","@graph":[{"@type":"WebPage","@id":"https:\/\/museutapies.org\/es\/biografia\/1954-1958\/","url":"https:\/\/museutapies.org\/es\/biografia\/1954-1958\/","name":"1954-1958 - Museu T\u00e0pies","isPartOf":{"@id":"https:\/\/museutapies.org\/en\/#website"},"datePublished":"2018-01-22T11:43:00+00:00","dateModified":"2018-01-22T11:43:00+00:00","breadcrumb":{"@id":"https:\/\/museutapies.org\/es\/biografia\/1954-1958\/#breadcrumb"},"inLanguage":"es","potentialAction":[{"@type":"ReadAction","target":["https:\/\/museutapies.org\/es\/biografia\/1954-1958\/"]}]},{"@type":"BreadcrumbList","@id":"https:\/\/museutapies.org\/es\/biografia\/1954-1958\/#breadcrumb","itemListElement":[{"@type":"ListItem","position":1,"name":"Biograf\u00eda","item":"https:\/\/museutapies.org\/es\/biografia\/"},{"@type":"ListItem","position":2,"name":"1954-1958"}]},{"@type":"WebSite","@id":"https:\/\/museutapies.org\/en\/#website","url":"https:\/\/museutapies.org\/en\/","name":"Museu T\u00e0pies","description":"","publisher":{"@id":"https:\/\/museutapies.org\/en\/#organization"},"potentialAction":[{"@type":"SearchAction","target":{"@type":"EntryPoint","urlTemplate":"https:\/\/museutapies.org\/en\/?s={search_term_string}"},"query-input":"required name=search_term_string"}],"inLanguage":"es"},{"@type":"Organization","@id":"https:\/\/museutapies.org\/en\/#organization","name":"Museu T\u00e0pies","url":"https:\/\/museutapies.org\/en\/","logo":{"@type":"ImageObject","inLanguage":"es","@id":"https:\/\/museutapies.org\/en\/#\/schema\/logo\/image\/","url":"https:\/\/museutapies.org\/wp-content\/uploads\/2024\/07\/mta.png","contentUrl":"https:\/\/museutapies.org\/wp-content\/uploads\/2024\/07\/mta.png","width":244,"height":110,"caption":"Museu T\u00e0pies"},"image":{"@id":"https:\/\/museutapies.org\/en\/#\/schema\/logo\/image\/"},"sameAs":["https:\/\/www.facebook.com\/museutapies","https:\/\/www.instagram.com\/museutapies\/","https:\/\/www.youtube.com\/channel\/UCPi65HBb48RMeoa12lR51cQ","https:\/\/x.com\/MuseuTapies"]}]}},"_links":{"self":[{"href":"https:\/\/museutapies.org\/es\/wp-json\/wp\/v2\/pages\/1700"}],"collection":[{"href":"https:\/\/museutapies.org\/es\/wp-json\/wp\/v2\/pages"}],"about":[{"href":"https:\/\/museutapies.org\/es\/wp-json\/wp\/v2\/types\/page"}],"author":[{"embeddable":true,"href":"https:\/\/museutapies.org\/es\/wp-json\/wp\/v2\/users\/1"}],"replies":[{"embeddable":true,"href":"https:\/\/museutapies.org\/es\/wp-json\/wp\/v2\/comments?post=1700"}],"version-history":[{"count":1,"href":"https:\/\/museutapies.org\/es\/wp-json\/wp\/v2\/pages\/1700\/revisions"}],"predecessor-version":[{"id":1701,"href":"https:\/\/museutapies.org\/es\/wp-json\/wp\/v2\/pages\/1700\/revisions\/1701"}],"up":[{"embeddable":true,"href":"https:\/\/museutapies.org\/es\/wp-json\/wp\/v2\/pages\/1266"}],"wp:featuredmedia":[{"embeddable":true,"href":"https:\/\/museutapies.org\/es\/wp-json\/wp\/v2\/media\/1626"}],"wp:attachment":[{"href":"https:\/\/museutapies.org\/es\/wp-json\/wp\/v2\/media?parent=1700"}],"curies":[{"name":"wp","href":"https:\/\/api.w.org\/{rel}","templated":true}]}}