{"id":1708,"date":"2018-01-22T11:45:08","date_gmt":"2018-01-22T11:45:08","guid":{"rendered":"https:\/\/museutapies.org\/?page_id=1708"},"modified":"2018-01-22T11:45:08","modified_gmt":"2018-01-22T11:45:08","slug":"1967-1969","status":"publish","type":"page","link":"https:\/\/museutapies.org\/es\/biografia\/1967-1969\/","title":{"rendered":"1967-1969"},"content":{"rendered":"<p><strong>1967<\/strong><br \/>\nViaja a Par\u00eds, donde se inaugura su primera exposici\u00f3n individual en la Galerie Maeght, con la que establece una relaci\u00f3n profesional que se prolongar\u00e1 a lo largo de los a\u00f1os. Recibe el Gran Premio del Grabado de la VII Exposici\u00f3n Internacional del Grabado Moderno de Ljubljana, Yugoslavia. Giuseppe Gatt publica la monograf\u00eda T\u00e0pies, que incluye colaboraciones de Giulio Carlo Argan, Renato Barilli, Maurizio Calvesi, Filiberto Menna, Nello Ponente e Italo Tomassoni. Se publica, as\u00ed mismo, <em>Antoni T\u00e0pies o l\u2019escarnidor de diademes<\/em>, con aportaciones de Joan Brossa, Joaquim Gomis, Joan Prats y Francesc Vicens. Exposici\u00f3n antol\u00f3gica de su obra gr\u00e1fica en el Kunstmuseum de St. Gallen, Suiza. Participa en las exposiciones colectivas <em>Dix ans d\u2019art vivant<\/em> (Fondation Maeght, Saint-Paul-de-Vence) y <em>Vom Bauhaus bis zur Gegenwart<\/em> (Kunstverein, Hamburgo).<\/p>\n<p>&nbsp;<\/p>\n<p><strong>1968<\/strong><br \/>\nColabora con Jacques Dupin en el libro de bibli\u00f3filo <em>La Nuit grandissante<\/em>. Viaja a Viena, donde asiste a la inauguraci\u00f3n de su exposici\u00f3n retrospectiva en el Museum des 20. Jahrhunderts, organizada por Werner Hofmann. Con s\u00e1banas dobladas y cosidas, crea unas pantallas para tres ventanas del convento de capuchinos de Sion, Suiza. Nuevas exposiciones antol\u00f3gicas en Hamburgo y Colonia. Otras exposiciones individuales en Nueva York, Par\u00eds y D\u00fcsseldorf.<\/p>\n<p>&nbsp;<\/p>\n<p><strong>1969<\/strong><br \/>\nA lo largo del a\u00f1o escribe diversos textos para distintos medios de comunicaci\u00f3n en los que reflexiona sobre el papel del arte contempor\u00e1neo en la sociedad y polemiza sobre aspectos concretos del arte y la cultura en Catalu\u00f1a y Espa\u00f1a. Michel Tapi\u00e9 publica la monograf\u00eda <em>T\u00e0pies<\/em>. Exposici\u00f3n retrospectiva de obra gr\u00e1fica en la Kunstverein de Kassel. Clovis Prevost dirige la pel\u00edcula <em>Antoni T\u00e0pies<\/em>, producida por la Fondation Maeght, y J.M. Acar\u00edn y A. Danhel realizan Mal\u00edr T\u00e0pies, documental para la televisi\u00f3n checoslovaca. Nuevas exposiciones individuales en Barcelona, Par\u00eds, M\u00fanich, Nueva York y Toronto.<\/p>\n","protected":false},"excerpt":{"rendered":"<p>1967 Viaja a Par\u00eds, donde se inaugura su primera exposici\u00f3n individual en la Galerie Maeght, con la que establece una [&hellip;]<\/p>\n","protected":false},"author":1,"featured_media":1640,"parent":1266,"menu_order":7,"comment_status":"closed","ping_status":"closed","template":"template_sense-menu-lateral.php","meta":{"footnotes":""},"acf":[],"yoast_head":"<!-- This site is optimized with the Yoast SEO plugin v20.11 - https:\/\/yoast.com\/wordpress\/plugins\/seo\/ -->\n<title>1967-1969 - Museu T\u00e0pies<\/title>\n<meta name=\"robots\" content=\"index, follow, max-snippet:-1, max-image-preview:large, max-video-preview:-1\" \/>\n<meta property=\"og:locale\" content=\"es_ES\" \/>\n<meta property=\"og:type\" content=\"article\" \/>\n<meta property=\"og:title\" content=\"1967-1969 - Museu T\u00e0pies\" \/>\n<meta property=\"og:description\" content=\"1967 Viaja a Par\u00eds, donde se inaugura su primera exposici\u00f3n individual en la Galerie Maeght, con la que establece una [&hellip;]\" \/>\n<meta property=\"og:url\" content=\"https:\/\/museutapies.org\/es\/biografia\/1967-1969\/\" \/>\n<meta property=\"og:site_name\" content=\"Museu T\u00e0pies\" \/>\n<meta property=\"article:publisher\" content=\"https:\/\/www.facebook.com\/museutapies\" \/>\n<meta property=\"og:image\" content=\"https:\/\/museutapies.org\/wp-content\/uploads\/2018\/01\/AT_1967-69.jpg\" \/>\n\t<meta property=\"og:image:width\" content=\"1453\" \/>\n\t<meta property=\"og:image:height\" content=\"1003\" \/>\n\t<meta property=\"og:image:type\" content=\"image\/jpeg\" \/>\n<meta name=\"twitter:card\" content=\"summary_large_image\" \/>\n<meta name=\"twitter:label1\" content=\"Tiempo de lectura\" \/>\n\t<meta name=\"twitter:data1\" content=\"2 minutos\" \/>\n<script type=\"application\/ld+json\" class=\"yoast-schema-graph\">{\"@context\":\"https:\/\/schema.org\",\"@graph\":[{\"@type\":\"WebPage\",\"@id\":\"https:\/\/museutapies.org\/es\/biografia\/1967-1969\/\",\"url\":\"https:\/\/museutapies.org\/es\/biografia\/1967-1969\/\",\"name\":\"1967-1969 - Museu T\u00e0pies\",\"isPartOf\":{\"@id\":\"https:\/\/museutapies.org\/en\/#website\"},\"datePublished\":\"2018-01-22T11:45:08+00:00\",\"dateModified\":\"2018-01-22T11:45:08+00:00\",\"breadcrumb\":{\"@id\":\"https:\/\/museutapies.org\/es\/biografia\/1967-1969\/#breadcrumb\"},\"inLanguage\":\"es\",\"potentialAction\":[{\"@type\":\"ReadAction\",\"target\":[\"https:\/\/museutapies.org\/es\/biografia\/1967-1969\/\"]}]},{\"@type\":\"BreadcrumbList\",\"@id\":\"https:\/\/museutapies.org\/es\/biografia\/1967-1969\/#breadcrumb\",\"itemListElement\":[{\"@type\":\"ListItem\",\"position\":1,\"name\":\"Biograf\u00eda\",\"item\":\"https:\/\/museutapies.org\/es\/biografia\/\"},{\"@type\":\"ListItem\",\"position\":2,\"name\":\"1967-1969\"}]},{\"@type\":\"WebSite\",\"@id\":\"https:\/\/museutapies.org\/en\/#website\",\"url\":\"https:\/\/museutapies.org\/en\/\",\"name\":\"Museu T\u00e0pies\",\"description\":\"\",\"publisher\":{\"@id\":\"https:\/\/museutapies.org\/en\/#organization\"},\"potentialAction\":[{\"@type\":\"SearchAction\",\"target\":{\"@type\":\"EntryPoint\",\"urlTemplate\":\"https:\/\/museutapies.org\/en\/?s={search_term_string}\"},\"query-input\":\"required name=search_term_string\"}],\"inLanguage\":\"es\"},{\"@type\":\"Organization\",\"@id\":\"https:\/\/museutapies.org\/en\/#organization\",\"name\":\"Museu T\u00e0pies\",\"url\":\"https:\/\/museutapies.org\/en\/\",\"logo\":{\"@type\":\"ImageObject\",\"inLanguage\":\"es\",\"@id\":\"https:\/\/museutapies.org\/en\/#\/schema\/logo\/image\/\",\"url\":\"https:\/\/museutapies.org\/wp-content\/uploads\/2024\/07\/mta.png\",\"contentUrl\":\"https:\/\/museutapies.org\/wp-content\/uploads\/2024\/07\/mta.png\",\"width\":244,\"height\":110,\"caption\":\"Museu T\u00e0pies\"},\"image\":{\"@id\":\"https:\/\/museutapies.org\/en\/#\/schema\/logo\/image\/\"},\"sameAs\":[\"https:\/\/www.facebook.com\/museutapies\",\"https:\/\/www.instagram.com\/museutapies\/\",\"https:\/\/www.youtube.com\/channel\/UCPi65HBb48RMeoa12lR51cQ\",\"https:\/\/x.com\/MuseuTapies\"]}]}<\/script>\n<!-- \/ Yoast SEO plugin. -->","yoast_head_json":{"title":"1967-1969 - Museu T\u00e0pies","robots":{"index":"index","follow":"follow","max-snippet":"max-snippet:-1","max-image-preview":"max-image-preview:large","max-video-preview":"max-video-preview:-1"},"og_locale":"es_ES","og_type":"article","og_title":"1967-1969 - Museu T\u00e0pies","og_description":"1967 Viaja a Par\u00eds, donde se inaugura su primera exposici\u00f3n individual en la Galerie Maeght, con la que establece una [&hellip;]","og_url":"https:\/\/museutapies.org\/es\/biografia\/1967-1969\/","og_site_name":"Museu T\u00e0pies","article_publisher":"https:\/\/www.facebook.com\/museutapies","og_image":[{"width":1453,"height":1003,"url":"https:\/\/museutapies.org\/wp-content\/uploads\/2018\/01\/AT_1967-69.jpg","type":"image\/jpeg"}],"twitter_card":"summary_large_image","twitter_misc":{"Tiempo de lectura":"2 minutos"},"schema":{"@context":"https:\/\/schema.org","@graph":[{"@type":"WebPage","@id":"https:\/\/museutapies.org\/es\/biografia\/1967-1969\/","url":"https:\/\/museutapies.org\/es\/biografia\/1967-1969\/","name":"1967-1969 - Museu T\u00e0pies","isPartOf":{"@id":"https:\/\/museutapies.org\/en\/#website"},"datePublished":"2018-01-22T11:45:08+00:00","dateModified":"2018-01-22T11:45:08+00:00","breadcrumb":{"@id":"https:\/\/museutapies.org\/es\/biografia\/1967-1969\/#breadcrumb"},"inLanguage":"es","potentialAction":[{"@type":"ReadAction","target":["https:\/\/museutapies.org\/es\/biografia\/1967-1969\/"]}]},{"@type":"BreadcrumbList","@id":"https:\/\/museutapies.org\/es\/biografia\/1967-1969\/#breadcrumb","itemListElement":[{"@type":"ListItem","position":1,"name":"Biograf\u00eda","item":"https:\/\/museutapies.org\/es\/biografia\/"},{"@type":"ListItem","position":2,"name":"1967-1969"}]},{"@type":"WebSite","@id":"https:\/\/museutapies.org\/en\/#website","url":"https:\/\/museutapies.org\/en\/","name":"Museu T\u00e0pies","description":"","publisher":{"@id":"https:\/\/museutapies.org\/en\/#organization"},"potentialAction":[{"@type":"SearchAction","target":{"@type":"EntryPoint","urlTemplate":"https:\/\/museutapies.org\/en\/?s={search_term_string}"},"query-input":"required name=search_term_string"}],"inLanguage":"es"},{"@type":"Organization","@id":"https:\/\/museutapies.org\/en\/#organization","name":"Museu T\u00e0pies","url":"https:\/\/museutapies.org\/en\/","logo":{"@type":"ImageObject","inLanguage":"es","@id":"https:\/\/museutapies.org\/en\/#\/schema\/logo\/image\/","url":"https:\/\/museutapies.org\/wp-content\/uploads\/2024\/07\/mta.png","contentUrl":"https:\/\/museutapies.org\/wp-content\/uploads\/2024\/07\/mta.png","width":244,"height":110,"caption":"Museu T\u00e0pies"},"image":{"@id":"https:\/\/museutapies.org\/en\/#\/schema\/logo\/image\/"},"sameAs":["https:\/\/www.facebook.com\/museutapies","https:\/\/www.instagram.com\/museutapies\/","https:\/\/www.youtube.com\/channel\/UCPi65HBb48RMeoa12lR51cQ","https:\/\/x.com\/MuseuTapies"]}]}},"_links":{"self":[{"href":"https:\/\/museutapies.org\/es\/wp-json\/wp\/v2\/pages\/1708"}],"collection":[{"href":"https:\/\/museutapies.org\/es\/wp-json\/wp\/v2\/pages"}],"about":[{"href":"https:\/\/museutapies.org\/es\/wp-json\/wp\/v2\/types\/page"}],"author":[{"embeddable":true,"href":"https:\/\/museutapies.org\/es\/wp-json\/wp\/v2\/users\/1"}],"replies":[{"embeddable":true,"href":"https:\/\/museutapies.org\/es\/wp-json\/wp\/v2\/comments?post=1708"}],"version-history":[{"count":1,"href":"https:\/\/museutapies.org\/es\/wp-json\/wp\/v2\/pages\/1708\/revisions"}],"predecessor-version":[{"id":1709,"href":"https:\/\/museutapies.org\/es\/wp-json\/wp\/v2\/pages\/1708\/revisions\/1709"}],"up":[{"embeddable":true,"href":"https:\/\/museutapies.org\/es\/wp-json\/wp\/v2\/pages\/1266"}],"wp:featuredmedia":[{"embeddable":true,"href":"https:\/\/museutapies.org\/es\/wp-json\/wp\/v2\/media\/1640"}],"wp:attachment":[{"href":"https:\/\/museutapies.org\/es\/wp-json\/wp\/v2\/media?parent=1708"}],"curies":[{"name":"wp","href":"https:\/\/api.w.org\/{rel}","templated":true}]}}