{"id":1724,"date":"2018-01-22T11:55:07","date_gmt":"2018-01-22T11:55:07","guid":{"rendered":"https:\/\/museutapies.org\/?page_id=1724"},"modified":"2018-01-23T08:56:23","modified_gmt":"2018-01-23T08:56:23","slug":"1991-1992","status":"publish","type":"page","link":"https:\/\/museutapies.org\/es\/biografia\/1991-1992\/","title":{"rendered":"1991-1992"},"content":{"rendered":"<p><strong>1991<\/strong><br \/>\nViaja a Praga, donde asiste a la inauguraci\u00f3n de su exposici\u00f3n en el pabell\u00f3n Micovna, en el Jard\u00edn Real del castillo de dicha ciudad. Se inaugura la exposici\u00f3n <em>T\u00e0pies und die B\u00fccher<\/em> (Schirn Kunsthalle, Frankfurt). En Las Palmas de Gran Canaria (Centro Atl\u00e1ntico de Arte Moderno) inicia su itinerancia <em>T\u00e0pies. Celebraci\u00f3 de la mel<\/em>, exposici\u00f3n producida por la Fundaci\u00f3 Antoni T\u00e0pies. Realiza el cartel conmemorativo de los actos de celebraci\u00f3n del cuarto centenario de la muerte de San Juan de la Cruz. Viaja a Par\u00eds, donde la Galerie Lelong muestra un amplio conjunto de sus obras en cer\u00e1mica realizadas entre 1981 y 1991. Se publica <em>Mati\u00e8re du souffle<\/em>, nuevo libro de bibli\u00f3filo realizado en colaboraci\u00f3n con Jacques Dupin. La Fundaci\u00f3n Cultural Casa de la Moneda de Madrid le concede el Premio Tom\u00e1s Francisco Prieto. Exposiciones individuales en Barcelona, Colonia, Z\u00farich, Oporto, Londres, San Sebasti\u00e1n, Burgos, Tokio, M\u00e9xico, Long Beach y Nueva York.<\/p>\n<p>&nbsp;<\/p>\n<p><strong>1992<\/strong><br \/>\nSe presenta, en la Fundaci\u00f3 Antoni T\u00e0pies, la exposici\u00f3n <em>T\u00e0pies. Comunicaci\u00f3 sobre el mur<\/em>, que posteriormente viajar\u00e1 al Instituto Valenciano de Arte Moderno (IVAM) de Valencia y a la Serpentine Gallery (Londres). Viaja a Sevilla, donde se presenta <em>T\u00e0pies. Celebraci\u00f3 de la mel<\/em> (Pabell\u00f3n Mud\u00e9jar), que despu\u00e9s se desplaza a St. Gallen (Kunstmuseum) y a Bilbao (Sala Rekalde). En Nueva York, asiste a la inauguraci\u00f3n de su exposici\u00f3n retrospectiva de obra gr\u00e1fica en el Museum of Modern Art. Es nombrado miembro de honor de la Royal Academy of Arts de Londres, y de la American Academy of Arts and Sciences de Cambridge (EE UU). En Ceret se presenta el mural que ha realizado por encargo del museo de arte moderno de esta ciudad. El Ayuntamiento de Barcelona le otorga la Medalla de Oro de la ciudad. Participa en la exposici\u00f3n <em>Repetici\u00f3n\/Transformaci\u00f3n<\/em> (Museo Nacional Centro de Arte Reina Sof\u00eda, Madrid). Exposiciones individuales en Lisboa, Z\u00farich, Barcelona, Londres, Valencia, Gerona, Buenos Aires, Viena, Madrid y Zaragoza.<\/p>\n","protected":false},"excerpt":{"rendered":"<p>1991 Viaja a Praga, donde asiste a la inauguraci\u00f3n de su exposici\u00f3n en el pabell\u00f3n Micovna, en el Jard\u00edn Real [&hellip;]<\/p>\n","protected":false},"author":1,"featured_media":1667,"parent":1266,"menu_order":15,"comment_status":"closed","ping_status":"closed","template":"template_sense-menu-lateral.php","meta":{"footnotes":""},"acf":[],"yoast_head":"<!-- This site is optimized with the Yoast SEO plugin v20.11 - https:\/\/yoast.com\/wordpress\/plugins\/seo\/ -->\n<title>1991-1992 - Museu T\u00e0pies<\/title>\n<meta name=\"robots\" content=\"index, follow, max-snippet:-1, max-image-preview:large, max-video-preview:-1\" \/>\n<meta property=\"og:locale\" content=\"es_ES\" \/>\n<meta property=\"og:type\" content=\"article\" \/>\n<meta property=\"og:title\" content=\"1991-1992 - Museu T\u00e0pies\" \/>\n<meta property=\"og:description\" content=\"1991 Viaja a Praga, donde asiste a la inauguraci\u00f3n de su exposici\u00f3n en el pabell\u00f3n Micovna, en el Jard\u00edn Real [&hellip;]\" \/>\n<meta property=\"og:url\" content=\"https:\/\/museutapies.org\/es\/biografia\/1991-1992\/\" \/>\n<meta property=\"og:site_name\" content=\"Museu T\u00e0pies\" \/>\n<meta property=\"article:publisher\" content=\"https:\/\/www.facebook.com\/museutapies\" \/>\n<meta property=\"article:modified_time\" content=\"2018-01-23T08:56:23+00:00\" \/>\n<meta property=\"og:image\" content=\"https:\/\/museutapies.org\/wp-content\/uploads\/2018\/01\/AT_1991-92.jpg\" \/>\n\t<meta property=\"og:image:width\" content=\"2376\" \/>\n\t<meta property=\"og:image:height\" content=\"3002\" \/>\n\t<meta property=\"og:image:type\" content=\"image\/jpeg\" \/>\n<meta name=\"twitter:card\" content=\"summary_large_image\" \/>\n<meta name=\"twitter:label1\" content=\"Tiempo de lectura\" \/>\n\t<meta name=\"twitter:data1\" content=\"2 minutos\" \/>\n<script type=\"application\/ld+json\" class=\"yoast-schema-graph\">{\"@context\":\"https:\/\/schema.org\",\"@graph\":[{\"@type\":\"WebPage\",\"@id\":\"https:\/\/museutapies.org\/es\/biografia\/1991-1992\/\",\"url\":\"https:\/\/museutapies.org\/es\/biografia\/1991-1992\/\",\"name\":\"1991-1992 - Museu T\u00e0pies\",\"isPartOf\":{\"@id\":\"https:\/\/museutapies.org\/en\/#website\"},\"datePublished\":\"2018-01-22T11:55:07+00:00\",\"dateModified\":\"2018-01-23T08:56:23+00:00\",\"breadcrumb\":{\"@id\":\"https:\/\/museutapies.org\/es\/biografia\/1991-1992\/#breadcrumb\"},\"inLanguage\":\"es\",\"potentialAction\":[{\"@type\":\"ReadAction\",\"target\":[\"https:\/\/museutapies.org\/es\/biografia\/1991-1992\/\"]}]},{\"@type\":\"BreadcrumbList\",\"@id\":\"https:\/\/museutapies.org\/es\/biografia\/1991-1992\/#breadcrumb\",\"itemListElement\":[{\"@type\":\"ListItem\",\"position\":1,\"name\":\"Biograf\u00eda\",\"item\":\"https:\/\/museutapies.org\/es\/biografia\/\"},{\"@type\":\"ListItem\",\"position\":2,\"name\":\"1991-1992\"}]},{\"@type\":\"WebSite\",\"@id\":\"https:\/\/museutapies.org\/en\/#website\",\"url\":\"https:\/\/museutapies.org\/en\/\",\"name\":\"Museu T\u00e0pies\",\"description\":\"\",\"publisher\":{\"@id\":\"https:\/\/museutapies.org\/en\/#organization\"},\"potentialAction\":[{\"@type\":\"SearchAction\",\"target\":{\"@type\":\"EntryPoint\",\"urlTemplate\":\"https:\/\/museutapies.org\/en\/?s={search_term_string}\"},\"query-input\":\"required name=search_term_string\"}],\"inLanguage\":\"es\"},{\"@type\":\"Organization\",\"@id\":\"https:\/\/museutapies.org\/en\/#organization\",\"name\":\"Museu T\u00e0pies\",\"url\":\"https:\/\/museutapies.org\/en\/\",\"logo\":{\"@type\":\"ImageObject\",\"inLanguage\":\"es\",\"@id\":\"https:\/\/museutapies.org\/en\/#\/schema\/logo\/image\/\",\"url\":\"https:\/\/museutapies.org\/wp-content\/uploads\/2024\/07\/mta.png\",\"contentUrl\":\"https:\/\/museutapies.org\/wp-content\/uploads\/2024\/07\/mta.png\",\"width\":244,\"height\":110,\"caption\":\"Museu T\u00e0pies\"},\"image\":{\"@id\":\"https:\/\/museutapies.org\/en\/#\/schema\/logo\/image\/\"},\"sameAs\":[\"https:\/\/www.facebook.com\/museutapies\",\"https:\/\/www.instagram.com\/museutapies\/\",\"https:\/\/www.youtube.com\/channel\/UCPi65HBb48RMeoa12lR51cQ\",\"https:\/\/x.com\/MuseuTapies\"]}]}<\/script>\n<!-- \/ Yoast SEO plugin. -->","yoast_head_json":{"title":"1991-1992 - Museu T\u00e0pies","robots":{"index":"index","follow":"follow","max-snippet":"max-snippet:-1","max-image-preview":"max-image-preview:large","max-video-preview":"max-video-preview:-1"},"og_locale":"es_ES","og_type":"article","og_title":"1991-1992 - Museu T\u00e0pies","og_description":"1991 Viaja a Praga, donde asiste a la inauguraci\u00f3n de su exposici\u00f3n en el pabell\u00f3n Micovna, en el Jard\u00edn Real [&hellip;]","og_url":"https:\/\/museutapies.org\/es\/biografia\/1991-1992\/","og_site_name":"Museu T\u00e0pies","article_publisher":"https:\/\/www.facebook.com\/museutapies","article_modified_time":"2018-01-23T08:56:23+00:00","og_image":[{"width":2376,"height":3002,"url":"https:\/\/museutapies.org\/wp-content\/uploads\/2018\/01\/AT_1991-92.jpg","type":"image\/jpeg"}],"twitter_card":"summary_large_image","twitter_misc":{"Tiempo de lectura":"2 minutos"},"schema":{"@context":"https:\/\/schema.org","@graph":[{"@type":"WebPage","@id":"https:\/\/museutapies.org\/es\/biografia\/1991-1992\/","url":"https:\/\/museutapies.org\/es\/biografia\/1991-1992\/","name":"1991-1992 - Museu T\u00e0pies","isPartOf":{"@id":"https:\/\/museutapies.org\/en\/#website"},"datePublished":"2018-01-22T11:55:07+00:00","dateModified":"2018-01-23T08:56:23+00:00","breadcrumb":{"@id":"https:\/\/museutapies.org\/es\/biografia\/1991-1992\/#breadcrumb"},"inLanguage":"es","potentialAction":[{"@type":"ReadAction","target":["https:\/\/museutapies.org\/es\/biografia\/1991-1992\/"]}]},{"@type":"BreadcrumbList","@id":"https:\/\/museutapies.org\/es\/biografia\/1991-1992\/#breadcrumb","itemListElement":[{"@type":"ListItem","position":1,"name":"Biograf\u00eda","item":"https:\/\/museutapies.org\/es\/biografia\/"},{"@type":"ListItem","position":2,"name":"1991-1992"}]},{"@type":"WebSite","@id":"https:\/\/museutapies.org\/en\/#website","url":"https:\/\/museutapies.org\/en\/","name":"Museu T\u00e0pies","description":"","publisher":{"@id":"https:\/\/museutapies.org\/en\/#organization"},"potentialAction":[{"@type":"SearchAction","target":{"@type":"EntryPoint","urlTemplate":"https:\/\/museutapies.org\/en\/?s={search_term_string}"},"query-input":"required name=search_term_string"}],"inLanguage":"es"},{"@type":"Organization","@id":"https:\/\/museutapies.org\/en\/#organization","name":"Museu T\u00e0pies","url":"https:\/\/museutapies.org\/en\/","logo":{"@type":"ImageObject","inLanguage":"es","@id":"https:\/\/museutapies.org\/en\/#\/schema\/logo\/image\/","url":"https:\/\/museutapies.org\/wp-content\/uploads\/2024\/07\/mta.png","contentUrl":"https:\/\/museutapies.org\/wp-content\/uploads\/2024\/07\/mta.png","width":244,"height":110,"caption":"Museu T\u00e0pies"},"image":{"@id":"https:\/\/museutapies.org\/en\/#\/schema\/logo\/image\/"},"sameAs":["https:\/\/www.facebook.com\/museutapies","https:\/\/www.instagram.com\/museutapies\/","https:\/\/www.youtube.com\/channel\/UCPi65HBb48RMeoa12lR51cQ","https:\/\/x.com\/MuseuTapies"]}]}},"_links":{"self":[{"href":"https:\/\/museutapies.org\/es\/wp-json\/wp\/v2\/pages\/1724"}],"collection":[{"href":"https:\/\/museutapies.org\/es\/wp-json\/wp\/v2\/pages"}],"about":[{"href":"https:\/\/museutapies.org\/es\/wp-json\/wp\/v2\/types\/page"}],"author":[{"embeddable":true,"href":"https:\/\/museutapies.org\/es\/wp-json\/wp\/v2\/users\/1"}],"replies":[{"embeddable":true,"href":"https:\/\/museutapies.org\/es\/wp-json\/wp\/v2\/comments?post=1724"}],"version-history":[{"count":1,"href":"https:\/\/museutapies.org\/es\/wp-json\/wp\/v2\/pages\/1724\/revisions"}],"predecessor-version":[{"id":1725,"href":"https:\/\/museutapies.org\/es\/wp-json\/wp\/v2\/pages\/1724\/revisions\/1725"}],"up":[{"embeddable":true,"href":"https:\/\/museutapies.org\/es\/wp-json\/wp\/v2\/pages\/1266"}],"wp:featuredmedia":[{"embeddable":true,"href":"https:\/\/museutapies.org\/es\/wp-json\/wp\/v2\/media\/1667"}],"wp:attachment":[{"href":"https:\/\/museutapies.org\/es\/wp-json\/wp\/v2\/media?parent=1724"}],"curies":[{"name":"wp","href":"https:\/\/api.w.org\/{rel}","templated":true}]}}