{"id":1743,"date":"2018-01-23T08:57:32","date_gmt":"2018-01-23T08:57:32","guid":{"rendered":"https:\/\/museutapies.org\/?page_id=1743"},"modified":"2018-01-23T08:57:32","modified_gmt":"2018-01-23T08:57:32","slug":"1993-1994","status":"publish","type":"page","link":"https:\/\/museutapies.org\/es\/biografia\/1993-1994\/","title":{"rendered":"1993-1994"},"content":{"rendered":"<p><strong>1993<\/strong><br \/>\nViaja a Nueva York, donde asiste a la inauguraci\u00f3n de su exposici\u00f3n individual en la galer\u00eda Pace Wildenstein. En el mes de junio acude a la inauguraci\u00f3n de la XLV Bienal de Venecia, y presenta en el Pabell\u00f3n de Espa\u00f1a su instalaci\u00f3n <em>Rinzen<\/em>, que obtendr\u00e1 el Le\u00f3n de Oro de este certamen. En Frankfurt, la Schirn Kunsthalle presenta una exposici\u00f3n retrospectiva de su obra. Se publica <em>Valor de l\u2019art<\/em>, nueva recopilaci\u00f3n de art\u00edculos del artista. La UNESCO le concede la Medalla Picasso. La Fundaci\u00f3 Antoni T\u00e0pies exhibe en Barcelona la exposici\u00f3n <em>T\u00e0pies. Celebraci\u00f3 de la mel<\/em>. En St. Gallen ve la luz el libro <em>Brodsky\/T\u00e0pies<\/em>, con textos de Joseph Brodsky y litograf\u00edas de T\u00e0pies. Participa en la exposici\u00f3n <em>Manifeste. Une histoire parall\u00e8le. 1960-1990<\/em> (Centre Georges Pompidou, Par\u00eds). Exposiciones individuales en Leipzig, Madrid, Caracas, Narbona, Vaduz, Zaragoza, Gerona, Liechtenstein y Lund.<\/p>\n<p>&nbsp;<\/p>\n<p><strong>1994<\/strong><br \/>\nViaja a Estocolmo, para la inauguraci\u00f3n de su exposici\u00f3n retrospectiva en el <em>Prins Eugens Waldemarsudde<\/em>. En Londres, se presenta una selecci\u00f3n de su obra reciente (Waddington Galleries). El Palacio de S\u00e1stago, en Zaragoza, acoge la exposici\u00f3n <em>Antoni T\u00e0pies. Obra gr\u00e1fica 1947-1990<\/em>. Es nombrado doctor honoris causa por la Universitat Rovira i Virgili de Tarragona y miembro honorario de la Royal Scottish Academy, Edinburgo. Le conceden el Herbert-Boeckl-Preis en Salzburgo. Tambi\u00e9n recibe el Gran Premio Europeo de Obra Gr\u00e1fica, concedido por la Bienal de Artes Gr\u00e1ficas de Eslovenia, y la Acad\u00e9mie des Beaux-Arts de l\u2019Institut de France le elige para ocupar una de las quince plazas reservadas a asociados extranjeros. Viaja a Par\u00eds para asistir a la inauguraci\u00f3n de su exposici\u00f3n retrospectiva en la Galerie Nationale du Jeu de Paume. Junto con un centenar de intelectuales, se adhiere al manifiesto promovido por la Coordinadora de Entidades C\u00edvicas que reclama el fin de la degradaci\u00f3n medio-ambiental del Montseny. Se publican las monograf\u00edas <em>T\u00e0pies. Objetos del tiempo<\/em>, de Gloria Moure, y T\u00e0pies, de D\u00e9mosth\u00e8nes Davvetas. Exposiciones individuales en Par\u00eds, Colonia, Hannover, Essen, Barcelona y Salzburgo.<\/p>\n","protected":false},"excerpt":{"rendered":"<p>1993 Viaja a Nueva York, donde asiste a la inauguraci\u00f3n de su exposici\u00f3n individual en la galer\u00eda Pace Wildenstein. En [&hellip;]<\/p>\n","protected":false},"author":1,"featured_media":1670,"parent":1266,"menu_order":16,"comment_status":"closed","ping_status":"closed","template":"template_sense-menu-lateral.php","meta":{"footnotes":""},"acf":[],"yoast_head":"<!-- This site is optimized with the Yoast SEO plugin v20.11 - https:\/\/yoast.com\/wordpress\/plugins\/seo\/ -->\n<title>1993-1994 - Museu T\u00e0pies<\/title>\n<meta name=\"robots\" content=\"index, follow, max-snippet:-1, max-image-preview:large, max-video-preview:-1\" \/>\n<meta property=\"og:locale\" content=\"es_ES\" \/>\n<meta property=\"og:type\" content=\"article\" \/>\n<meta property=\"og:title\" content=\"1993-1994 - Museu T\u00e0pies\" \/>\n<meta property=\"og:description\" content=\"1993 Viaja a Nueva York, donde asiste a la inauguraci\u00f3n de su exposici\u00f3n individual en la galer\u00eda Pace Wildenstein. En [&hellip;]\" \/>\n<meta property=\"og:url\" content=\"https:\/\/museutapies.org\/es\/biografia\/1993-1994\/\" \/>\n<meta property=\"og:site_name\" content=\"Museu T\u00e0pies\" \/>\n<meta property=\"article:publisher\" content=\"https:\/\/www.facebook.com\/museutapies\" \/>\n<meta property=\"og:image\" content=\"https:\/\/museutapies.org\/wp-content\/uploads\/2018\/01\/AT_1993-94.jpg\" \/>\n\t<meta property=\"og:image:width\" content=\"1816\" \/>\n\t<meta property=\"og:image:height\" content=\"1402\" \/>\n\t<meta property=\"og:image:type\" content=\"image\/jpeg\" \/>\n<meta name=\"twitter:card\" content=\"summary_large_image\" \/>\n<meta name=\"twitter:label1\" content=\"Tiempo de lectura\" \/>\n\t<meta name=\"twitter:data1\" content=\"2 minutos\" \/>\n<script type=\"application\/ld+json\" class=\"yoast-schema-graph\">{\"@context\":\"https:\/\/schema.org\",\"@graph\":[{\"@type\":\"WebPage\",\"@id\":\"https:\/\/museutapies.org\/es\/biografia\/1993-1994\/\",\"url\":\"https:\/\/museutapies.org\/es\/biografia\/1993-1994\/\",\"name\":\"1993-1994 - Museu T\u00e0pies\",\"isPartOf\":{\"@id\":\"https:\/\/museutapies.org\/en\/#website\"},\"datePublished\":\"2018-01-23T08:57:32+00:00\",\"dateModified\":\"2018-01-23T08:57:32+00:00\",\"breadcrumb\":{\"@id\":\"https:\/\/museutapies.org\/es\/biografia\/1993-1994\/#breadcrumb\"},\"inLanguage\":\"es\",\"potentialAction\":[{\"@type\":\"ReadAction\",\"target\":[\"https:\/\/museutapies.org\/es\/biografia\/1993-1994\/\"]}]},{\"@type\":\"BreadcrumbList\",\"@id\":\"https:\/\/museutapies.org\/es\/biografia\/1993-1994\/#breadcrumb\",\"itemListElement\":[{\"@type\":\"ListItem\",\"position\":1,\"name\":\"Biograf\u00eda\",\"item\":\"https:\/\/museutapies.org\/es\/biografia\/\"},{\"@type\":\"ListItem\",\"position\":2,\"name\":\"1993-1994\"}]},{\"@type\":\"WebSite\",\"@id\":\"https:\/\/museutapies.org\/en\/#website\",\"url\":\"https:\/\/museutapies.org\/en\/\",\"name\":\"Museu T\u00e0pies\",\"description\":\"\",\"publisher\":{\"@id\":\"https:\/\/museutapies.org\/en\/#organization\"},\"potentialAction\":[{\"@type\":\"SearchAction\",\"target\":{\"@type\":\"EntryPoint\",\"urlTemplate\":\"https:\/\/museutapies.org\/en\/?s={search_term_string}\"},\"query-input\":\"required name=search_term_string\"}],\"inLanguage\":\"es\"},{\"@type\":\"Organization\",\"@id\":\"https:\/\/museutapies.org\/en\/#organization\",\"name\":\"Museu T\u00e0pies\",\"url\":\"https:\/\/museutapies.org\/en\/\",\"logo\":{\"@type\":\"ImageObject\",\"inLanguage\":\"es\",\"@id\":\"https:\/\/museutapies.org\/en\/#\/schema\/logo\/image\/\",\"url\":\"https:\/\/museutapies.org\/wp-content\/uploads\/2024\/07\/mta.png\",\"contentUrl\":\"https:\/\/museutapies.org\/wp-content\/uploads\/2024\/07\/mta.png\",\"width\":244,\"height\":110,\"caption\":\"Museu T\u00e0pies\"},\"image\":{\"@id\":\"https:\/\/museutapies.org\/en\/#\/schema\/logo\/image\/\"},\"sameAs\":[\"https:\/\/www.facebook.com\/museutapies\",\"https:\/\/www.instagram.com\/museutapies\/\",\"https:\/\/www.youtube.com\/channel\/UCPi65HBb48RMeoa12lR51cQ\",\"https:\/\/x.com\/MuseuTapies\"]}]}<\/script>\n<!-- \/ Yoast SEO plugin. -->","yoast_head_json":{"title":"1993-1994 - Museu T\u00e0pies","robots":{"index":"index","follow":"follow","max-snippet":"max-snippet:-1","max-image-preview":"max-image-preview:large","max-video-preview":"max-video-preview:-1"},"og_locale":"es_ES","og_type":"article","og_title":"1993-1994 - Museu T\u00e0pies","og_description":"1993 Viaja a Nueva York, donde asiste a la inauguraci\u00f3n de su exposici\u00f3n individual en la galer\u00eda Pace Wildenstein. En [&hellip;]","og_url":"https:\/\/museutapies.org\/es\/biografia\/1993-1994\/","og_site_name":"Museu T\u00e0pies","article_publisher":"https:\/\/www.facebook.com\/museutapies","og_image":[{"width":1816,"height":1402,"url":"https:\/\/museutapies.org\/wp-content\/uploads\/2018\/01\/AT_1993-94.jpg","type":"image\/jpeg"}],"twitter_card":"summary_large_image","twitter_misc":{"Tiempo de lectura":"2 minutos"},"schema":{"@context":"https:\/\/schema.org","@graph":[{"@type":"WebPage","@id":"https:\/\/museutapies.org\/es\/biografia\/1993-1994\/","url":"https:\/\/museutapies.org\/es\/biografia\/1993-1994\/","name":"1993-1994 - Museu T\u00e0pies","isPartOf":{"@id":"https:\/\/museutapies.org\/en\/#website"},"datePublished":"2018-01-23T08:57:32+00:00","dateModified":"2018-01-23T08:57:32+00:00","breadcrumb":{"@id":"https:\/\/museutapies.org\/es\/biografia\/1993-1994\/#breadcrumb"},"inLanguage":"es","potentialAction":[{"@type":"ReadAction","target":["https:\/\/museutapies.org\/es\/biografia\/1993-1994\/"]}]},{"@type":"BreadcrumbList","@id":"https:\/\/museutapies.org\/es\/biografia\/1993-1994\/#breadcrumb","itemListElement":[{"@type":"ListItem","position":1,"name":"Biograf\u00eda","item":"https:\/\/museutapies.org\/es\/biografia\/"},{"@type":"ListItem","position":2,"name":"1993-1994"}]},{"@type":"WebSite","@id":"https:\/\/museutapies.org\/en\/#website","url":"https:\/\/museutapies.org\/en\/","name":"Museu T\u00e0pies","description":"","publisher":{"@id":"https:\/\/museutapies.org\/en\/#organization"},"potentialAction":[{"@type":"SearchAction","target":{"@type":"EntryPoint","urlTemplate":"https:\/\/museutapies.org\/en\/?s={search_term_string}"},"query-input":"required name=search_term_string"}],"inLanguage":"es"},{"@type":"Organization","@id":"https:\/\/museutapies.org\/en\/#organization","name":"Museu T\u00e0pies","url":"https:\/\/museutapies.org\/en\/","logo":{"@type":"ImageObject","inLanguage":"es","@id":"https:\/\/museutapies.org\/en\/#\/schema\/logo\/image\/","url":"https:\/\/museutapies.org\/wp-content\/uploads\/2024\/07\/mta.png","contentUrl":"https:\/\/museutapies.org\/wp-content\/uploads\/2024\/07\/mta.png","width":244,"height":110,"caption":"Museu T\u00e0pies"},"image":{"@id":"https:\/\/museutapies.org\/en\/#\/schema\/logo\/image\/"},"sameAs":["https:\/\/www.facebook.com\/museutapies","https:\/\/www.instagram.com\/museutapies\/","https:\/\/www.youtube.com\/channel\/UCPi65HBb48RMeoa12lR51cQ","https:\/\/x.com\/MuseuTapies"]}]}},"_links":{"self":[{"href":"https:\/\/museutapies.org\/es\/wp-json\/wp\/v2\/pages\/1743"}],"collection":[{"href":"https:\/\/museutapies.org\/es\/wp-json\/wp\/v2\/pages"}],"about":[{"href":"https:\/\/museutapies.org\/es\/wp-json\/wp\/v2\/types\/page"}],"author":[{"embeddable":true,"href":"https:\/\/museutapies.org\/es\/wp-json\/wp\/v2\/users\/1"}],"replies":[{"embeddable":true,"href":"https:\/\/museutapies.org\/es\/wp-json\/wp\/v2\/comments?post=1743"}],"version-history":[{"count":1,"href":"https:\/\/museutapies.org\/es\/wp-json\/wp\/v2\/pages\/1743\/revisions"}],"predecessor-version":[{"id":1744,"href":"https:\/\/museutapies.org\/es\/wp-json\/wp\/v2\/pages\/1743\/revisions\/1744"}],"up":[{"embeddable":true,"href":"https:\/\/museutapies.org\/es\/wp-json\/wp\/v2\/pages\/1266"}],"wp:featuredmedia":[{"embeddable":true,"href":"https:\/\/museutapies.org\/es\/wp-json\/wp\/v2\/media\/1670"}],"wp:attachment":[{"href":"https:\/\/museutapies.org\/es\/wp-json\/wp\/v2\/media?parent=1743"}],"curies":[{"name":"wp","href":"https:\/\/api.w.org\/{rel}","templated":true}]}}