{"id":1749,"date":"2018-01-23T09:00:19","date_gmt":"2018-01-23T09:00:19","guid":{"rendered":"https:\/\/museutapies.org\/?page_id=1749"},"modified":"2018-01-23T09:00:19","modified_gmt":"2018-01-23T09:00:19","slug":"2001-2003","status":"publish","type":"page","link":"https:\/\/museutapies.org\/es\/biografia\/2001-2003\/","title":{"rendered":"2001-2003"},"content":{"rendered":"<p><strong>2001<\/strong><br \/>\nViaja a Par\u00eds, donde la Biblioth\u00e8que nationale de France presenta la exposici\u00f3n retrospectiva de obra gr\u00e1fica <em>Antoni T\u00e0pies ou la Po\u00e9tique de la mati\u00e8re<\/em>. Selecciones de su obra reciente se exhiben, a lo largo del a\u00f1o, en la Galerie Lelong (Z\u00farich), en las Waddington Galleries (Londres), en la Galer\u00eda Soledad Lorenzo (Madrid) y en la Galeria Toni T\u00e0pies (Barcelona). Otras exposiciones individuales en Madrid, Buenos Aires, La Haya, Helsinki, Millau, Ginebra y Gerona.<\/p>\n<p>&nbsp;<\/p>\n<p><strong>2002<\/strong><br \/>\nRealiza el cartel para las Festes de la Merc\u00e8 de Barcelona. Recibe el Premio Nacional de Grabado y Arte Gr\u00e1fico concedido por la Calcograf\u00eda Nacional y la Real Academia de Bellas Artes de San Fernando, Madrid. Viaja a Antibes, donde se inaugura la exposici\u00f3n retrospectiva <em>T\u00e0pies. La peinture au corps \u00e0 corps<\/em> (Mus\u00e9e Picasso). La Fundaci\u00f3 Antoni T\u00e0pies presenta <em>T\u00e0pies. Escriptura material. Llibres<\/em>, exposici\u00f3n retrospectiva de su obra en el terreno de la bibliofilia. A lo largo del a\u00f1o, Rabat, T\u00e1nger y Casablanca acogen la exposici\u00f3n <em>T\u00e0pies. Certeses sentides,<\/em> que posteriormente viajar\u00e1 a T\u00fanez. Exposiciones individuales en Lisboa, Oporto, Granada, Madrid, Cascais, Fuendetodos, Pamplona, Oviedo y Par\u00eds.<\/p>\n<p>&nbsp;<\/p>\n<p><strong>2003<\/strong><br \/>\nEn Madrid, asiste a la inauguraci\u00f3n de <em>T\u00e0pies. Escritura material. Libros<\/em> (La Casa Encendida). La exposici\u00f3n <em>Antoni T\u00e0pies. Cos i llenguatge<\/em>, organizada por la Fundaci\u00f3 Antoni T\u00e0pies y la Diputaci\u00f3 de Barcelona, inicia su itinerancia por diversos municipios. Es nombrado Comendador de la Orden Nacional de la Legi\u00f3n de Honor por decreto del Presidente de la Rep\u00fablica francesa. Recibe el Premio Vel\u00e1zquez de las Artes Pl\u00e1sticas, concedido por el Ministerio de Educaci\u00f3n y Cultura espa\u00f1ol. En L\u00e9rida, asiste a la inauguraci\u00f3n del nuevo Centre d\u2019Art la Panera, que inicia sus actividades con la exposici\u00f3n <em>L\u2019univers obert d\u2019Antoni T\u00e0pies<\/em>. Realiza el cartel para el coloquio internacional Jorge Sempr\u00fan o las espirales de la memoria, organizado por la Universitat de Girona, y para el D\u00eda Internacional del Escritor Encarcelado, por encargo del centro catal\u00e1n del PEN Club. En Valencia, asiste al homenaje que -con motivo de sus 80 a\u00f1os- le rinde la Universitat de Val\u00e8ncia y la editorial Tres i Quatre. La Kunsthalle in Emden (Alemania) presenta la exposici\u00f3n <em>T\u00e0pies. Werke auf Papier 1943-2003<\/em>. Se estrena el documental <em>Alfabet T\u00e0pies<\/em>, de Daniel Hern\u00e1ndez, en el marco del Festival Internacional de Cine de Catalu\u00f1a (Sitges). Es investido doctor honoris causa por la Universidad Complutense de Madrid. Exposiciones individuales en Par\u00eds, Barcelona, Nueva York, Londres y Madrid.<\/p>\n","protected":false},"excerpt":{"rendered":"<p>2001 Viaja a Par\u00eds, donde la Biblioth\u00e8que nationale de France presenta la exposici\u00f3n retrospectiva de obra gr\u00e1fica Antoni T\u00e0pies ou [&hellip;]<\/p>\n","protected":false},"author":1,"featured_media":1679,"parent":1266,"menu_order":19,"comment_status":"closed","ping_status":"closed","template":"template_sense-menu-lateral.php","meta":{"footnotes":""},"acf":[],"yoast_head":"<!-- This site is optimized with the Yoast SEO plugin v20.11 - https:\/\/yoast.com\/wordpress\/plugins\/seo\/ -->\n<title>2001-2003 - Museu T\u00e0pies<\/title>\n<meta name=\"robots\" content=\"index, follow, max-snippet:-1, max-image-preview:large, max-video-preview:-1\" \/>\n<meta property=\"og:locale\" content=\"es_ES\" \/>\n<meta property=\"og:type\" content=\"article\" \/>\n<meta property=\"og:title\" content=\"2001-2003 - Museu T\u00e0pies\" \/>\n<meta property=\"og:description\" content=\"2001 Viaja a Par\u00eds, donde la Biblioth\u00e8que nationale de France presenta la exposici\u00f3n retrospectiva de obra gr\u00e1fica Antoni T\u00e0pies ou [&hellip;]\" \/>\n<meta property=\"og:url\" content=\"https:\/\/museutapies.org\/es\/biografia\/2001-2003\/\" \/>\n<meta property=\"og:site_name\" content=\"Museu T\u00e0pies\" \/>\n<meta property=\"article:publisher\" content=\"https:\/\/www.facebook.com\/museutapies\" \/>\n<meta property=\"og:image\" content=\"https:\/\/museutapies.org\/wp-content\/uploads\/2018\/01\/AT_2001-03.jpg\" \/>\n\t<meta property=\"og:image:width\" content=\"2493\" \/>\n\t<meta property=\"og:image:height\" content=\"1751\" \/>\n\t<meta property=\"og:image:type\" content=\"image\/jpeg\" \/>\n<meta name=\"twitter:card\" content=\"summary_large_image\" \/>\n<meta name=\"twitter:label1\" content=\"Tiempo de lectura\" \/>\n\t<meta name=\"twitter:data1\" content=\"2 minutos\" \/>\n<script type=\"application\/ld+json\" class=\"yoast-schema-graph\">{\"@context\":\"https:\/\/schema.org\",\"@graph\":[{\"@type\":\"WebPage\",\"@id\":\"https:\/\/museutapies.org\/es\/biografia\/2001-2003\/\",\"url\":\"https:\/\/museutapies.org\/es\/biografia\/2001-2003\/\",\"name\":\"2001-2003 - Museu T\u00e0pies\",\"isPartOf\":{\"@id\":\"https:\/\/museutapies.org\/en\/#website\"},\"datePublished\":\"2018-01-23T09:00:19+00:00\",\"dateModified\":\"2018-01-23T09:00:19+00:00\",\"breadcrumb\":{\"@id\":\"https:\/\/museutapies.org\/es\/biografia\/2001-2003\/#breadcrumb\"},\"inLanguage\":\"es\",\"potentialAction\":[{\"@type\":\"ReadAction\",\"target\":[\"https:\/\/museutapies.org\/es\/biografia\/2001-2003\/\"]}]},{\"@type\":\"BreadcrumbList\",\"@id\":\"https:\/\/museutapies.org\/es\/biografia\/2001-2003\/#breadcrumb\",\"itemListElement\":[{\"@type\":\"ListItem\",\"position\":1,\"name\":\"Biograf\u00eda\",\"item\":\"https:\/\/museutapies.org\/es\/biografia\/\"},{\"@type\":\"ListItem\",\"position\":2,\"name\":\"2001-2003\"}]},{\"@type\":\"WebSite\",\"@id\":\"https:\/\/museutapies.org\/en\/#website\",\"url\":\"https:\/\/museutapies.org\/en\/\",\"name\":\"Museu T\u00e0pies\",\"description\":\"\",\"publisher\":{\"@id\":\"https:\/\/museutapies.org\/en\/#organization\"},\"potentialAction\":[{\"@type\":\"SearchAction\",\"target\":{\"@type\":\"EntryPoint\",\"urlTemplate\":\"https:\/\/museutapies.org\/en\/?s={search_term_string}\"},\"query-input\":\"required name=search_term_string\"}],\"inLanguage\":\"es\"},{\"@type\":\"Organization\",\"@id\":\"https:\/\/museutapies.org\/en\/#organization\",\"name\":\"Museu T\u00e0pies\",\"url\":\"https:\/\/museutapies.org\/en\/\",\"logo\":{\"@type\":\"ImageObject\",\"inLanguage\":\"es\",\"@id\":\"https:\/\/museutapies.org\/en\/#\/schema\/logo\/image\/\",\"url\":\"https:\/\/museutapies.org\/wp-content\/uploads\/2024\/07\/mta.png\",\"contentUrl\":\"https:\/\/museutapies.org\/wp-content\/uploads\/2024\/07\/mta.png\",\"width\":244,\"height\":110,\"caption\":\"Museu T\u00e0pies\"},\"image\":{\"@id\":\"https:\/\/museutapies.org\/en\/#\/schema\/logo\/image\/\"},\"sameAs\":[\"https:\/\/www.facebook.com\/museutapies\",\"https:\/\/www.instagram.com\/museutapies\/\",\"https:\/\/www.youtube.com\/channel\/UCPi65HBb48RMeoa12lR51cQ\",\"https:\/\/x.com\/MuseuTapies\"]}]}<\/script>\n<!-- \/ Yoast SEO plugin. -->","yoast_head_json":{"title":"2001-2003 - Museu T\u00e0pies","robots":{"index":"index","follow":"follow","max-snippet":"max-snippet:-1","max-image-preview":"max-image-preview:large","max-video-preview":"max-video-preview:-1"},"og_locale":"es_ES","og_type":"article","og_title":"2001-2003 - Museu T\u00e0pies","og_description":"2001 Viaja a Par\u00eds, donde la Biblioth\u00e8que nationale de France presenta la exposici\u00f3n retrospectiva de obra gr\u00e1fica Antoni T\u00e0pies ou [&hellip;]","og_url":"https:\/\/museutapies.org\/es\/biografia\/2001-2003\/","og_site_name":"Museu T\u00e0pies","article_publisher":"https:\/\/www.facebook.com\/museutapies","og_image":[{"width":2493,"height":1751,"url":"https:\/\/museutapies.org\/wp-content\/uploads\/2018\/01\/AT_2001-03.jpg","type":"image\/jpeg"}],"twitter_card":"summary_large_image","twitter_misc":{"Tiempo de lectura":"2 minutos"},"schema":{"@context":"https:\/\/schema.org","@graph":[{"@type":"WebPage","@id":"https:\/\/museutapies.org\/es\/biografia\/2001-2003\/","url":"https:\/\/museutapies.org\/es\/biografia\/2001-2003\/","name":"2001-2003 - Museu T\u00e0pies","isPartOf":{"@id":"https:\/\/museutapies.org\/en\/#website"},"datePublished":"2018-01-23T09:00:19+00:00","dateModified":"2018-01-23T09:00:19+00:00","breadcrumb":{"@id":"https:\/\/museutapies.org\/es\/biografia\/2001-2003\/#breadcrumb"},"inLanguage":"es","potentialAction":[{"@type":"ReadAction","target":["https:\/\/museutapies.org\/es\/biografia\/2001-2003\/"]}]},{"@type":"BreadcrumbList","@id":"https:\/\/museutapies.org\/es\/biografia\/2001-2003\/#breadcrumb","itemListElement":[{"@type":"ListItem","position":1,"name":"Biograf\u00eda","item":"https:\/\/museutapies.org\/es\/biografia\/"},{"@type":"ListItem","position":2,"name":"2001-2003"}]},{"@type":"WebSite","@id":"https:\/\/museutapies.org\/en\/#website","url":"https:\/\/museutapies.org\/en\/","name":"Museu T\u00e0pies","description":"","publisher":{"@id":"https:\/\/museutapies.org\/en\/#organization"},"potentialAction":[{"@type":"SearchAction","target":{"@type":"EntryPoint","urlTemplate":"https:\/\/museutapies.org\/en\/?s={search_term_string}"},"query-input":"required name=search_term_string"}],"inLanguage":"es"},{"@type":"Organization","@id":"https:\/\/museutapies.org\/en\/#organization","name":"Museu T\u00e0pies","url":"https:\/\/museutapies.org\/en\/","logo":{"@type":"ImageObject","inLanguage":"es","@id":"https:\/\/museutapies.org\/en\/#\/schema\/logo\/image\/","url":"https:\/\/museutapies.org\/wp-content\/uploads\/2024\/07\/mta.png","contentUrl":"https:\/\/museutapies.org\/wp-content\/uploads\/2024\/07\/mta.png","width":244,"height":110,"caption":"Museu T\u00e0pies"},"image":{"@id":"https:\/\/museutapies.org\/en\/#\/schema\/logo\/image\/"},"sameAs":["https:\/\/www.facebook.com\/museutapies","https:\/\/www.instagram.com\/museutapies\/","https:\/\/www.youtube.com\/channel\/UCPi65HBb48RMeoa12lR51cQ","https:\/\/x.com\/MuseuTapies"]}]}},"_links":{"self":[{"href":"https:\/\/museutapies.org\/es\/wp-json\/wp\/v2\/pages\/1749"}],"collection":[{"href":"https:\/\/museutapies.org\/es\/wp-json\/wp\/v2\/pages"}],"about":[{"href":"https:\/\/museutapies.org\/es\/wp-json\/wp\/v2\/types\/page"}],"author":[{"embeddable":true,"href":"https:\/\/museutapies.org\/es\/wp-json\/wp\/v2\/users\/1"}],"replies":[{"embeddable":true,"href":"https:\/\/museutapies.org\/es\/wp-json\/wp\/v2\/comments?post=1749"}],"version-history":[{"count":1,"href":"https:\/\/museutapies.org\/es\/wp-json\/wp\/v2\/pages\/1749\/revisions"}],"predecessor-version":[{"id":1750,"href":"https:\/\/museutapies.org\/es\/wp-json\/wp\/v2\/pages\/1749\/revisions\/1750"}],"up":[{"embeddable":true,"href":"https:\/\/museutapies.org\/es\/wp-json\/wp\/v2\/pages\/1266"}],"wp:featuredmedia":[{"embeddable":true,"href":"https:\/\/museutapies.org\/es\/wp-json\/wp\/v2\/media\/1679"}],"wp:attachment":[{"href":"https:\/\/museutapies.org\/es\/wp-json\/wp\/v2\/media?parent=1749"}],"curies":[{"name":"wp","href":"https:\/\/api.w.org\/{rel}","templated":true}]}}