{"id":1751,"date":"2018-01-23T09:01:17","date_gmt":"2018-01-23T09:01:17","guid":{"rendered":"https:\/\/museutapies.org\/?page_id=1751"},"modified":"2018-01-23T09:01:17","modified_gmt":"2018-01-23T09:01:17","slug":"2004-2006","status":"publish","type":"page","link":"https:\/\/museutapies.org\/es\/biografia\/2004-2006\/","title":{"rendered":"2004-2006"},"content":{"rendered":"<p class=\"spip\"><strong class=\"spip\">2004<\/strong><br \/>\nEl Museu d\u2019Art Contemporani de Barcelona (MACBA) inaugura la exposici\u00f3n\u00a0<i class=\"spip\">Antoni T\u00e0pies. Retrospectiva<\/i>, con motivo de la cual se publica el libro\u00a0<i class=\"spip\">T\u00e0pies en perspectiva<\/i>\u00a0que posteriormente viajar\u00e1 a Valladolid (Patio Herreriano) y M\u00e9xico (Museo de Arte de Zapop\u00e1n). Se publica el libro de bibli\u00f3filo\u00a0<i class=\"spip\">Cranc-cranc<\/i>, obra conjunta de T\u00e0pies y el compositor Josep Maria Mestres Quadreny. La Fundaci\u00f3n General de la Universidad Complutense de Madrid le encarga el cartel de los cursos de verano del Escorial. Asiste a la presentaci\u00f3n del documental\u00a0<i class=\"spip\">T de T\u00e0pies<\/i>, dirigido por Carolina Tubau y producido por Televisi\u00f3 de Catalunya. En la Fundaci\u00f3n Marcelino Bot\u00edn, Santander, se presenta la exposici\u00f3n\u00a0<i class=\"spip\">Antoni T\u00e0pies. Una arquitectura de lo visible<\/i>. En Madrid, asiste a la inauguraci\u00f3 de\u00a0<i class=\"spip\">T\u00e0pies. Tierras<\/i>\u00a0(Museo Nacional Centro de Arte Reina Sof\u00eda). Otras exposiciones individuales en Rio de Janeiro (Centro Cultural Banco do Brasil) y Barcelona (Galeria Toni T\u00e0pies).<\/p>\n<p>&nbsp;<\/p>\n<p class=\"spip\"><strong class=\"spip\">2005<\/strong><br \/>\nSe presenta en Donostia y Barcelona una obra conjunta de T\u00e0pies y Jos\u00e9 Saramago realizada para apoyar a Elkarri, movimiento social que defiende un modelo de soluci\u00f3n pac\u00edfica y dialogada al conflicto vasco. Asiste, en Barcelona (Fundaci\u00f3 Antoni T\u00e0pies), al recital del cantaor Manuel Cuevas con motivo del homenaje que le ofrece el Festival Internacional del Cante de las Minas (La Uni\u00f3n, Murcia). Con motivo de la celebraci\u00f3n del 25 aniversario de su restablecimiento, dona al Parlamento de Catalu\u00f1a la obra\u00a0<i class=\"spip\">7 de novembre<\/i>, de 1971, y realiza una serigraf\u00eda conmemorativa. Exposici\u00f3n retrospectiva en el Hara Museum de Tokio; la muestra viajar\u00e1 posteriormente a Singapur (Singapore Art Museum). Se le concede el Premio Lissone a toda su carrera. Realiza el cartel conmemorativo del 15 aniversario de la Fundaci\u00f3 Antoni T\u00e0pies. Nueva exposici\u00f3n individual en las Waddington Galleries (Londres) y la Galerie Lelong (Z\u00farich).<\/p>\n<p>&nbsp;<\/p>\n<p class=\"spip\"><strong class=\"spip\">2006<\/strong><br \/>\nA mediados de junio se celebra la aparici\u00f3n del octavo volumen de la obra completa del artista, en un acto p\u00fablico en el Ateneu Barcelon\u00e8s. Durante el mes de noviembre, tres exposiciones casi simult\u00e1neas -Galerie Lelong (Par\u00eds), Galer\u00eda Soledad Lorenzo (Madrid) y Galeria Toni T\u00e0pies (Barcelona)- muestran la obra m\u00e1s reciente del artista, realizada en los estudis de Barcelona y Campins a lo largo de la primavera y el verano de ese a\u00f1o. En esas mismas fechas se inaugura, dentro del\u00a0<i class=\"spip\">Proyecto Mayor\u00edas Urbanas 1900-2025<\/i>\u00a0-con sede en la Fundaci\u00f3 Antoni T\u00e0pies-, la exposici\u00f3n\u00a0<i class=\"spip\">Formas para el siglo XXI. Obra reciente de Antoni T\u00e0pies<\/i>, en el IES Barri Bes\u00f2s de Barcelona, que visitar\u00e1n durante una semana cerca de 1.700 alumnos de secundaria y bachillerato. Se presenta el libro de bibli\u00f3filo\u00a0<i class=\"spip\">Le soleil vu de dos<\/i>, con textos de Jacques Dupin y grabados de T\u00e0pies. A finales de diciembre, asiste a la inauguraci\u00f3n de la exposici\u00f3n retrospectiva\u00a0<i class=\"spip\">Los carteles de T\u00e0pies y la esfera p\u00fablica<\/i>, que se celebra en la Fundaci\u00f3 Antoni T\u00e0pies de Barcelona. Otras exposiciones individuales en Oporto, Lisboa, Londres, Nueva York y Toulon.<\/p>\n","protected":false},"excerpt":{"rendered":"<p>2004 El Museu d\u2019Art Contemporani de Barcelona (MACBA) inaugura la exposici\u00f3n\u00a0Antoni T\u00e0pies. Retrospectiva, con motivo de la cual se publica [&hellip;]<\/p>\n","protected":false},"author":1,"featured_media":1682,"parent":1266,"menu_order":20,"comment_status":"closed","ping_status":"closed","template":"template_sense-menu-lateral.php","meta":{"footnotes":""},"acf":[],"yoast_head":"<!-- This site is optimized with the Yoast SEO plugin v20.11 - https:\/\/yoast.com\/wordpress\/plugins\/seo\/ -->\n<title>2004-2006 - Museu T\u00e0pies<\/title>\n<meta name=\"robots\" content=\"index, follow, max-snippet:-1, max-image-preview:large, max-video-preview:-1\" \/>\n<meta property=\"og:locale\" content=\"es_ES\" \/>\n<meta property=\"og:type\" content=\"article\" \/>\n<meta property=\"og:title\" content=\"2004-2006 - Museu T\u00e0pies\" \/>\n<meta property=\"og:description\" content=\"2004 El Museu d\u2019Art Contemporani de Barcelona (MACBA) inaugura la exposici\u00f3n\u00a0Antoni T\u00e0pies. Retrospectiva, con motivo de la cual se publica [&hellip;]\" \/>\n<meta property=\"og:url\" content=\"https:\/\/museutapies.org\/es\/biografia\/2004-2006\/\" \/>\n<meta property=\"og:site_name\" content=\"Museu T\u00e0pies\" \/>\n<meta property=\"article:publisher\" content=\"https:\/\/www.facebook.com\/museutapies\" \/>\n<meta property=\"og:image\" content=\"https:\/\/museutapies.org\/wp-content\/uploads\/2018\/01\/AT_2004-06-e1517244510640.jpg\" \/>\n\t<meta property=\"og:image:width\" content=\"2000\" \/>\n\t<meta property=\"og:image:height\" content=\"1519\" \/>\n\t<meta property=\"og:image:type\" content=\"image\/jpeg\" \/>\n<meta name=\"twitter:card\" content=\"summary_large_image\" \/>\n<meta name=\"twitter:label1\" content=\"Tiempo de lectura\" \/>\n\t<meta name=\"twitter:data1\" content=\"3 minutos\" \/>\n<script type=\"application\/ld+json\" class=\"yoast-schema-graph\">{\"@context\":\"https:\/\/schema.org\",\"@graph\":[{\"@type\":\"WebPage\",\"@id\":\"https:\/\/museutapies.org\/es\/biografia\/2004-2006\/\",\"url\":\"https:\/\/museutapies.org\/es\/biografia\/2004-2006\/\",\"name\":\"2004-2006 - Museu T\u00e0pies\",\"isPartOf\":{\"@id\":\"https:\/\/museutapies.org\/en\/#website\"},\"datePublished\":\"2018-01-23T09:01:17+00:00\",\"dateModified\":\"2018-01-23T09:01:17+00:00\",\"breadcrumb\":{\"@id\":\"https:\/\/museutapies.org\/es\/biografia\/2004-2006\/#breadcrumb\"},\"inLanguage\":\"es\",\"potentialAction\":[{\"@type\":\"ReadAction\",\"target\":[\"https:\/\/museutapies.org\/es\/biografia\/2004-2006\/\"]}]},{\"@type\":\"BreadcrumbList\",\"@id\":\"https:\/\/museutapies.org\/es\/biografia\/2004-2006\/#breadcrumb\",\"itemListElement\":[{\"@type\":\"ListItem\",\"position\":1,\"name\":\"Biograf\u00eda\",\"item\":\"https:\/\/museutapies.org\/es\/biografia\/\"},{\"@type\":\"ListItem\",\"position\":2,\"name\":\"2004-2006\"}]},{\"@type\":\"WebSite\",\"@id\":\"https:\/\/museutapies.org\/en\/#website\",\"url\":\"https:\/\/museutapies.org\/en\/\",\"name\":\"Museu T\u00e0pies\",\"description\":\"\",\"publisher\":{\"@id\":\"https:\/\/museutapies.org\/en\/#organization\"},\"potentialAction\":[{\"@type\":\"SearchAction\",\"target\":{\"@type\":\"EntryPoint\",\"urlTemplate\":\"https:\/\/museutapies.org\/en\/?s={search_term_string}\"},\"query-input\":\"required name=search_term_string\"}],\"inLanguage\":\"es\"},{\"@type\":\"Organization\",\"@id\":\"https:\/\/museutapies.org\/en\/#organization\",\"name\":\"Museu T\u00e0pies\",\"url\":\"https:\/\/museutapies.org\/en\/\",\"logo\":{\"@type\":\"ImageObject\",\"inLanguage\":\"es\",\"@id\":\"https:\/\/museutapies.org\/en\/#\/schema\/logo\/image\/\",\"url\":\"https:\/\/museutapies.org\/wp-content\/uploads\/2024\/07\/mta.png\",\"contentUrl\":\"https:\/\/museutapies.org\/wp-content\/uploads\/2024\/07\/mta.png\",\"width\":244,\"height\":110,\"caption\":\"Museu T\u00e0pies\"},\"image\":{\"@id\":\"https:\/\/museutapies.org\/en\/#\/schema\/logo\/image\/\"},\"sameAs\":[\"https:\/\/www.facebook.com\/museutapies\",\"https:\/\/www.instagram.com\/museutapies\/\",\"https:\/\/www.youtube.com\/channel\/UCPi65HBb48RMeoa12lR51cQ\",\"https:\/\/x.com\/MuseuTapies\"]}]}<\/script>\n<!-- \/ Yoast SEO plugin. -->","yoast_head_json":{"title":"2004-2006 - Museu T\u00e0pies","robots":{"index":"index","follow":"follow","max-snippet":"max-snippet:-1","max-image-preview":"max-image-preview:large","max-video-preview":"max-video-preview:-1"},"og_locale":"es_ES","og_type":"article","og_title":"2004-2006 - Museu T\u00e0pies","og_description":"2004 El Museu d\u2019Art Contemporani de Barcelona (MACBA) inaugura la exposici\u00f3n\u00a0Antoni T\u00e0pies. Retrospectiva, con motivo de la cual se publica [&hellip;]","og_url":"https:\/\/museutapies.org\/es\/biografia\/2004-2006\/","og_site_name":"Museu T\u00e0pies","article_publisher":"https:\/\/www.facebook.com\/museutapies","og_image":[{"width":2000,"height":1519,"url":"https:\/\/museutapies.org\/wp-content\/uploads\/2018\/01\/AT_2004-06-e1517244510640.jpg","type":"image\/jpeg"}],"twitter_card":"summary_large_image","twitter_misc":{"Tiempo de lectura":"3 minutos"},"schema":{"@context":"https:\/\/schema.org","@graph":[{"@type":"WebPage","@id":"https:\/\/museutapies.org\/es\/biografia\/2004-2006\/","url":"https:\/\/museutapies.org\/es\/biografia\/2004-2006\/","name":"2004-2006 - Museu T\u00e0pies","isPartOf":{"@id":"https:\/\/museutapies.org\/en\/#website"},"datePublished":"2018-01-23T09:01:17+00:00","dateModified":"2018-01-23T09:01:17+00:00","breadcrumb":{"@id":"https:\/\/museutapies.org\/es\/biografia\/2004-2006\/#breadcrumb"},"inLanguage":"es","potentialAction":[{"@type":"ReadAction","target":["https:\/\/museutapies.org\/es\/biografia\/2004-2006\/"]}]},{"@type":"BreadcrumbList","@id":"https:\/\/museutapies.org\/es\/biografia\/2004-2006\/#breadcrumb","itemListElement":[{"@type":"ListItem","position":1,"name":"Biograf\u00eda","item":"https:\/\/museutapies.org\/es\/biografia\/"},{"@type":"ListItem","position":2,"name":"2004-2006"}]},{"@type":"WebSite","@id":"https:\/\/museutapies.org\/en\/#website","url":"https:\/\/museutapies.org\/en\/","name":"Museu T\u00e0pies","description":"","publisher":{"@id":"https:\/\/museutapies.org\/en\/#organization"},"potentialAction":[{"@type":"SearchAction","target":{"@type":"EntryPoint","urlTemplate":"https:\/\/museutapies.org\/en\/?s={search_term_string}"},"query-input":"required name=search_term_string"}],"inLanguage":"es"},{"@type":"Organization","@id":"https:\/\/museutapies.org\/en\/#organization","name":"Museu T\u00e0pies","url":"https:\/\/museutapies.org\/en\/","logo":{"@type":"ImageObject","inLanguage":"es","@id":"https:\/\/museutapies.org\/en\/#\/schema\/logo\/image\/","url":"https:\/\/museutapies.org\/wp-content\/uploads\/2024\/07\/mta.png","contentUrl":"https:\/\/museutapies.org\/wp-content\/uploads\/2024\/07\/mta.png","width":244,"height":110,"caption":"Museu T\u00e0pies"},"image":{"@id":"https:\/\/museutapies.org\/en\/#\/schema\/logo\/image\/"},"sameAs":["https:\/\/www.facebook.com\/museutapies","https:\/\/www.instagram.com\/museutapies\/","https:\/\/www.youtube.com\/channel\/UCPi65HBb48RMeoa12lR51cQ","https:\/\/x.com\/MuseuTapies"]}]}},"_links":{"self":[{"href":"https:\/\/museutapies.org\/es\/wp-json\/wp\/v2\/pages\/1751"}],"collection":[{"href":"https:\/\/museutapies.org\/es\/wp-json\/wp\/v2\/pages"}],"about":[{"href":"https:\/\/museutapies.org\/es\/wp-json\/wp\/v2\/types\/page"}],"author":[{"embeddable":true,"href":"https:\/\/museutapies.org\/es\/wp-json\/wp\/v2\/users\/1"}],"replies":[{"embeddable":true,"href":"https:\/\/museutapies.org\/es\/wp-json\/wp\/v2\/comments?post=1751"}],"version-history":[{"count":1,"href":"https:\/\/museutapies.org\/es\/wp-json\/wp\/v2\/pages\/1751\/revisions"}],"predecessor-version":[{"id":1752,"href":"https:\/\/museutapies.org\/es\/wp-json\/wp\/v2\/pages\/1751\/revisions\/1752"}],"up":[{"embeddable":true,"href":"https:\/\/museutapies.org\/es\/wp-json\/wp\/v2\/pages\/1266"}],"wp:featuredmedia":[{"embeddable":true,"href":"https:\/\/museutapies.org\/es\/wp-json\/wp\/v2\/media\/1682"}],"wp:attachment":[{"href":"https:\/\/museutapies.org\/es\/wp-json\/wp\/v2\/media?parent=1751"}],"curies":[{"name":"wp","href":"https:\/\/api.w.org\/{rel}","templated":true}]}}