{"id":1755,"date":"2018-01-23T09:02:55","date_gmt":"2018-01-23T09:02:55","guid":{"rendered":"https:\/\/museutapies.org\/?page_id=1755"},"modified":"2018-01-23T09:02:55","modified_gmt":"2018-01-23T09:02:55","slug":"2010-2012","status":"publish","type":"page","link":"https:\/\/museutapies.org\/es\/biografia\/2010-2012\/","title":{"rendered":"2010-2012"},"content":{"rendered":"<p class=\"spip\"><strong class=\"spip\">2010<\/strong><br \/>\nLa Galeria Toni T\u00e0pies (Barcelona) muestra la obra m\u00e1s reciente del artista, realizada en el estudio de Campins durante el verano de 2009. La Fundaci\u00f3 Antoni T\u00e0pies (Barcelona) reabre sus puertas despu\u00e9s de dos a\u00f1os de cierre debido a las obras de rehabilitaci\u00f3n de su sede \u2013realizadas a cargo del estudio \u00c1balos+Sentkiewicz Arquitectos\u2013 con la exposici\u00f3n\u00a0<i class=\"spip\">Antoni T\u00e0pies. Los lugares del arte<\/i>, una muestra de la colecci\u00f3n privada de T\u00e0pies junto a una selecci\u00f3n de obras realizadas por el artista a lo largo de los \u00faltimos veinte a\u00f1os. Con motivo de la reapertura, se instala en la terraza de la Fundaci\u00f3 la obra\u00a0<i class=\"spip\">Mitj\u00f3<\/i>(Calcet\u00edn) (maqueta, 1991; obra, 2010), un proyecto de escultura para el Sal\u00f3n Oval del Museu Nacional d\u2019Art de Catalunya (Barcelona) que, despu\u00e9s de causar cierto revuelo social, con posiciones a favor y en contra, no se llev\u00f3 a cabo. La Fundaci\u00f3 Antoni T\u00e0pies publica en catal\u00e1n y castellano el primer volumen de la obra escrita completa de Antoni T\u00e0pies,\u00a0<i class=\"spip\">Memoria personal. Fragmento para una autobiograf\u00eda (Obra escrita completa. Volumen I)<\/i>. El 10 de marzo, Pere Gimferrer y Josep Miquel Sobrer presentan la publicaci\u00f3n en el auditorio de la Fundaci\u00f3. Juntamente con Televisi\u00f3 de Catalunya y Enciclop\u00e8dia Catalana, la Fundaci\u00f3 edita el documental\u00a0<i class=\"spip\">Te de T\u00e0pies<\/i>, dirigido por Carolina Tubau y producido por Televisi\u00f3 de Catalunya. Juan Carlos I de Espa\u00f1a le otorga el t\u00edtulo de marqu\u00e9s. Dise\u00f1a el logotipo conmemorativo del 30.\u00ba aniversario de la presentaci\u00f3n p\u00fablica de la Associaci\u00f3 d\u2019Artistes Visuals de Catalunya (AAVC), entidad de la cual es presidente de honor. Realiza el cartel para conmemorar el 500.\u00ba aniversario del nacimiento de San Francisco de Borja. Es homenajeado en la 5.\u00aa Bienal Internacional de Gravura do Douro 2010 (agosto-octubre). La Fundaci\u00f3 Palau de Caldes d\u2019Estrac organiza una exposici\u00f3n de obras recientes del artista,\u00a0<i class=\"spip\">Antoni T\u00e0pies. Mira la m\u00e0&#8230;<\/i>\u00a0(octubre 2010-enero 2011). La Galeria Fernando Santos (Porto) organiza la exposici\u00f3n\u00a0<i class=\"spip\">Antoni T\u00e0pies. Obra gr\u00e1fica<\/i>(noviembre-diciembre 2010).<\/p>\n<p>&nbsp;<\/p>\n<p class=\"spip\"><strong class=\"spip\">2011<\/strong><br \/>\nLa Galerie Lelong, Par\u00eds (febrero \u2013 abril 2011), muestra la obra m\u00e1s reciente del artista, realizada en el estudio de Campins el verano de 2010. A la vez, la Galerie Boisser\u00e9e (Colonia) organiza la exposici\u00f3n\u00a0<i class=\"spip\">Antoni T\u00e0pies. Malerei und Graphik<\/i>. Participa en la exposici\u00f3n\u00a0<i class=\"spip\">Realismo(s). La impronta de Courbet<\/i>\u00a0(Museu Nacional d\u2019Art de Catalunya, Barcelona). Realiza un cartel para anunciar el 12.\u00ba Festival de m\u00fasicas religiosas y del mundo de Girona (28 junio \u2013 10 julio 2011). La Fundaci\u00f3 Antoni T\u00e0pies publica, junto con Indiana University Press, Bloomington &amp; Indianapolis, publica\u00a0<i class=\"spip\">Collected Essays (Complete Writings. Volume II)<\/i>, primera versi\u00f3n en ingl\u00e9s del segundo y \u00faltimo volumen de la obra escrita completa de este artista. Esta publicaci\u00f3n re\u00fane los libros\u00a0<i class=\"spip\">La pr\u00e0ctica de l\u2019art<\/i>\u00a0(Barcelona: Ariel, 1970),\u00a0<i class=\"spip\">L\u2019art contra l\u2019est\u00e8tica<\/i>\u00a0(Barcelona: Ariel, 1974),\u00a0<i class=\"spip\">La realitat com a art<\/i>(Barcelona: Laertes, 1982),\u00a0<i class=\"spip\">Per un art modern i progressista<\/i>(Barcelona: Emp\u00faries, 1985),\u00a0<i class=\"spip\">Valor de l\u2019art<\/i>\u00a0(Barcelona: Emp\u00faries, 1993) y\u00a0<i class=\"spip\">L\u2019art i els seus llocs<\/i>\u00a0(Madrid: Ediciones Siruela, 1999), junto con un ap\u00e9ndice de textos miscel\u00e1neos que, o bien no se incluyeron en los libros mencionados, o bien fueron escritos con posterioridad. Para celebrar la publicaci\u00f3n del libro, la Fundaci\u00f3 Antoni T\u00e0pies y el Instituto Ramon Llull organizan el debate\u00a0<i class=\"spip\">La recepci\u00f3n cr\u00edtica de la obra de Antoni T\u00e0pies en los Estados Unidos<\/i>\u00a0en el Institute of Fine Arts de la New York University (Nueva York). El acto tiene como ponentes a Manuel Borja-Villel, Serge Guilbaut y Julia E. Robinson, y a Robert Lubar como moderador. T\u00e0pies participa en la exposici\u00f3n\u00a0<i class=\"spip\">Louise Bourgeois. Antoni T\u00e0pies. Rencontre<\/i>\u00a0(Galer\u00eda Soledad Lorenzo, octubre \u2013 noviembre 2011). Expone pinturas y dibujos en la Galeria Toni T\u00e0pies (Barcelona) (noviembre 2011 \u2013 enero 2012). El Museum f\u00fcr Gegenwartskunst Siegen (Siegen) organiza la exposici\u00f3n retrospectiva\u00a0<i class=\"spip\">Bild, K\u00f6rper, Pathos<\/i>(noviembre 2011 \u2013 febrero 2012).<\/p>\n<p>&nbsp;<\/p>\n<p class=\"spip\"><strong class=\"spip\">2012<\/strong><br \/>\nAntoni T\u00e0pies muere el 6 de febrero en Barcelona, a la edad de ochentayocho a\u00f1os. La Fundaci\u00f3 Antoni T\u00e0pies, como muestra de duelo, abre las puertas de la instituci\u00f3n durante dos d\u00edas para facilitar a la ciudadan\u00eda el acceso libre a la Fundaci\u00f3, y a las obras expuestas del artista.<\/p>\n","protected":false},"excerpt":{"rendered":"<p>2010 La Galeria Toni T\u00e0pies (Barcelona) muestra la obra m\u00e1s reciente del artista, realizada en el estudio de Campins durante [&hellip;]<\/p>\n","protected":false},"author":1,"featured_media":1689,"parent":1266,"menu_order":22,"comment_status":"closed","ping_status":"closed","template":"template_sense-menu-lateral.php","meta":{"footnotes":""},"acf":[],"yoast_head":"<!-- This site is optimized with the Yoast SEO plugin v20.11 - https:\/\/yoast.com\/wordpress\/plugins\/seo\/ -->\n<title>2010-2012 - Museu T\u00e0pies<\/title>\n<meta name=\"robots\" content=\"index, follow, max-snippet:-1, max-image-preview:large, max-video-preview:-1\" \/>\n<meta property=\"og:locale\" content=\"es_ES\" \/>\n<meta property=\"og:type\" content=\"article\" \/>\n<meta property=\"og:title\" content=\"2010-2012 - Museu T\u00e0pies\" \/>\n<meta property=\"og:description\" content=\"2010 La Galeria Toni T\u00e0pies (Barcelona) muestra la obra m\u00e1s reciente del artista, realizada en el estudio de Campins durante [&hellip;]\" \/>\n<meta property=\"og:url\" content=\"https:\/\/museutapies.org\/es\/biografia\/2010-2012\/\" \/>\n<meta property=\"og:site_name\" content=\"Museu T\u00e0pies\" \/>\n<meta property=\"article:publisher\" content=\"https:\/\/www.facebook.com\/museutapies\" \/>\n<meta property=\"og:image\" content=\"https:\/\/museutapies.org\/wp-content\/uploads\/2018\/01\/AT_2010-12.jpg\" \/>\n\t<meta property=\"og:image:width\" content=\"3189\" \/>\n\t<meta property=\"og:image:height\" content=\"2126\" \/>\n\t<meta property=\"og:image:type\" content=\"image\/jpeg\" \/>\n<meta name=\"twitter:card\" content=\"summary_large_image\" \/>\n<meta name=\"twitter:label1\" content=\"Tiempo de lectura\" \/>\n\t<meta name=\"twitter:data1\" content=\"4 minutos\" \/>\n<script type=\"application\/ld+json\" class=\"yoast-schema-graph\">{\"@context\":\"https:\/\/schema.org\",\"@graph\":[{\"@type\":\"WebPage\",\"@id\":\"https:\/\/museutapies.org\/es\/biografia\/2010-2012\/\",\"url\":\"https:\/\/museutapies.org\/es\/biografia\/2010-2012\/\",\"name\":\"2010-2012 - Museu T\u00e0pies\",\"isPartOf\":{\"@id\":\"https:\/\/museutapies.org\/en\/#website\"},\"datePublished\":\"2018-01-23T09:02:55+00:00\",\"dateModified\":\"2018-01-23T09:02:55+00:00\",\"breadcrumb\":{\"@id\":\"https:\/\/museutapies.org\/es\/biografia\/2010-2012\/#breadcrumb\"},\"inLanguage\":\"es\",\"potentialAction\":[{\"@type\":\"ReadAction\",\"target\":[\"https:\/\/museutapies.org\/es\/biografia\/2010-2012\/\"]}]},{\"@type\":\"BreadcrumbList\",\"@id\":\"https:\/\/museutapies.org\/es\/biografia\/2010-2012\/#breadcrumb\",\"itemListElement\":[{\"@type\":\"ListItem\",\"position\":1,\"name\":\"Biograf\u00eda\",\"item\":\"https:\/\/museutapies.org\/es\/biografia\/\"},{\"@type\":\"ListItem\",\"position\":2,\"name\":\"2010-2012\"}]},{\"@type\":\"WebSite\",\"@id\":\"https:\/\/museutapies.org\/en\/#website\",\"url\":\"https:\/\/museutapies.org\/en\/\",\"name\":\"Museu T\u00e0pies\",\"description\":\"\",\"publisher\":{\"@id\":\"https:\/\/museutapies.org\/en\/#organization\"},\"potentialAction\":[{\"@type\":\"SearchAction\",\"target\":{\"@type\":\"EntryPoint\",\"urlTemplate\":\"https:\/\/museutapies.org\/en\/?s={search_term_string}\"},\"query-input\":\"required name=search_term_string\"}],\"inLanguage\":\"es\"},{\"@type\":\"Organization\",\"@id\":\"https:\/\/museutapies.org\/en\/#organization\",\"name\":\"Museu T\u00e0pies\",\"url\":\"https:\/\/museutapies.org\/en\/\",\"logo\":{\"@type\":\"ImageObject\",\"inLanguage\":\"es\",\"@id\":\"https:\/\/museutapies.org\/en\/#\/schema\/logo\/image\/\",\"url\":\"https:\/\/museutapies.org\/wp-content\/uploads\/2024\/07\/mta.png\",\"contentUrl\":\"https:\/\/museutapies.org\/wp-content\/uploads\/2024\/07\/mta.png\",\"width\":244,\"height\":110,\"caption\":\"Museu T\u00e0pies\"},\"image\":{\"@id\":\"https:\/\/museutapies.org\/en\/#\/schema\/logo\/image\/\"},\"sameAs\":[\"https:\/\/www.facebook.com\/museutapies\",\"https:\/\/www.instagram.com\/museutapies\/\",\"https:\/\/www.youtube.com\/channel\/UCPi65HBb48RMeoa12lR51cQ\",\"https:\/\/x.com\/MuseuTapies\"]}]}<\/script>\n<!-- \/ Yoast SEO plugin. -->","yoast_head_json":{"title":"2010-2012 - Museu T\u00e0pies","robots":{"index":"index","follow":"follow","max-snippet":"max-snippet:-1","max-image-preview":"max-image-preview:large","max-video-preview":"max-video-preview:-1"},"og_locale":"es_ES","og_type":"article","og_title":"2010-2012 - Museu T\u00e0pies","og_description":"2010 La Galeria Toni T\u00e0pies (Barcelona) muestra la obra m\u00e1s reciente del artista, realizada en el estudio de Campins durante [&hellip;]","og_url":"https:\/\/museutapies.org\/es\/biografia\/2010-2012\/","og_site_name":"Museu T\u00e0pies","article_publisher":"https:\/\/www.facebook.com\/museutapies","og_image":[{"width":3189,"height":2126,"url":"https:\/\/museutapies.org\/wp-content\/uploads\/2018\/01\/AT_2010-12.jpg","type":"image\/jpeg"}],"twitter_card":"summary_large_image","twitter_misc":{"Tiempo de lectura":"4 minutos"},"schema":{"@context":"https:\/\/schema.org","@graph":[{"@type":"WebPage","@id":"https:\/\/museutapies.org\/es\/biografia\/2010-2012\/","url":"https:\/\/museutapies.org\/es\/biografia\/2010-2012\/","name":"2010-2012 - Museu T\u00e0pies","isPartOf":{"@id":"https:\/\/museutapies.org\/en\/#website"},"datePublished":"2018-01-23T09:02:55+00:00","dateModified":"2018-01-23T09:02:55+00:00","breadcrumb":{"@id":"https:\/\/museutapies.org\/es\/biografia\/2010-2012\/#breadcrumb"},"inLanguage":"es","potentialAction":[{"@type":"ReadAction","target":["https:\/\/museutapies.org\/es\/biografia\/2010-2012\/"]}]},{"@type":"BreadcrumbList","@id":"https:\/\/museutapies.org\/es\/biografia\/2010-2012\/#breadcrumb","itemListElement":[{"@type":"ListItem","position":1,"name":"Biograf\u00eda","item":"https:\/\/museutapies.org\/es\/biografia\/"},{"@type":"ListItem","position":2,"name":"2010-2012"}]},{"@type":"WebSite","@id":"https:\/\/museutapies.org\/en\/#website","url":"https:\/\/museutapies.org\/en\/","name":"Museu T\u00e0pies","description":"","publisher":{"@id":"https:\/\/museutapies.org\/en\/#organization"},"potentialAction":[{"@type":"SearchAction","target":{"@type":"EntryPoint","urlTemplate":"https:\/\/museutapies.org\/en\/?s={search_term_string}"},"query-input":"required name=search_term_string"}],"inLanguage":"es"},{"@type":"Organization","@id":"https:\/\/museutapies.org\/en\/#organization","name":"Museu T\u00e0pies","url":"https:\/\/museutapies.org\/en\/","logo":{"@type":"ImageObject","inLanguage":"es","@id":"https:\/\/museutapies.org\/en\/#\/schema\/logo\/image\/","url":"https:\/\/museutapies.org\/wp-content\/uploads\/2024\/07\/mta.png","contentUrl":"https:\/\/museutapies.org\/wp-content\/uploads\/2024\/07\/mta.png","width":244,"height":110,"caption":"Museu T\u00e0pies"},"image":{"@id":"https:\/\/museutapies.org\/en\/#\/schema\/logo\/image\/"},"sameAs":["https:\/\/www.facebook.com\/museutapies","https:\/\/www.instagram.com\/museutapies\/","https:\/\/www.youtube.com\/channel\/UCPi65HBb48RMeoa12lR51cQ","https:\/\/x.com\/MuseuTapies"]}]}},"_links":{"self":[{"href":"https:\/\/museutapies.org\/es\/wp-json\/wp\/v2\/pages\/1755"}],"collection":[{"href":"https:\/\/museutapies.org\/es\/wp-json\/wp\/v2\/pages"}],"about":[{"href":"https:\/\/museutapies.org\/es\/wp-json\/wp\/v2\/types\/page"}],"author":[{"embeddable":true,"href":"https:\/\/museutapies.org\/es\/wp-json\/wp\/v2\/users\/1"}],"replies":[{"embeddable":true,"href":"https:\/\/museutapies.org\/es\/wp-json\/wp\/v2\/comments?post=1755"}],"version-history":[{"count":1,"href":"https:\/\/museutapies.org\/es\/wp-json\/wp\/v2\/pages\/1755\/revisions"}],"predecessor-version":[{"id":1756,"href":"https:\/\/museutapies.org\/es\/wp-json\/wp\/v2\/pages\/1755\/revisions\/1756"}],"up":[{"embeddable":true,"href":"https:\/\/museutapies.org\/es\/wp-json\/wp\/v2\/pages\/1266"}],"wp:featuredmedia":[{"embeddable":true,"href":"https:\/\/museutapies.org\/es\/wp-json\/wp\/v2\/media\/1689"}],"wp:attachment":[{"href":"https:\/\/museutapies.org\/es\/wp-json\/wp\/v2\/media?parent=1755"}],"curies":[{"name":"wp","href":"https:\/\/api.w.org\/{rel}","templated":true}]}}