{"id":18797,"date":"2021-04-09T17:07:06","date_gmt":"2021-04-09T17:07:06","guid":{"rendered":"https:\/\/museutapies.org\/sostenibilitat-compromis-social\/"},"modified":"2025-11-25T16:36:40","modified_gmt":"2025-11-25T15:36:40","slug":"sostenibilitat-compromis-social","status":"publish","type":"page","link":"https:\/\/museutapies.org\/es\/sostenibilitat-compromis-social\/","title":{"rendered":"Sostenibilidad y compromiso social"},"content":{"rendered":"<h2><\/h2>\n<p>&nbsp;<\/p>\n<h2>El Museu T\u00e0pies se adhiere al compromiso de sostenibilidad del Ayuntamiento de Barcelona. Por este motivo el equipo del museo se esfuerza cada d\u00eda para ampliar las medidas enfocadas a minimizar el impacto medioambiental de nuestro funcionamiento y velar por el respeto de la naturaleza. As\u00ed pues, trabajamos para ser a ser un museo cada vez m\u00e1s sostenible. Y esto significa no s\u00f3lo respetar el medio ambiente, sino contribuir en la mejora de la sociedad y colaborar en el desarrollo econ\u00f3mico del entorno.<\/h2>\n<p>&nbsp;<\/p>\n<p>Antoni T\u00e0pies fue un artista comprometido con la sociedad, la pol\u00edtica y el medio ambiente, como declar\u00f3 muy a menudo: &#8220;Hoy las inquietudes culturales, y est\u00e9ticas en particular, no son exclusiva de los artistas, y tampoco pueden verse aisladas de problemas tan importantes como el de los Derechos Humanos, el de la salud p\u00fablica, el de las opresiones \u00e9tnicas, el de la preservaci\u00f3n de la naturaleza, etc. &#8221; escribi\u00f3 por ejemplo en <em>La Vanguardia<\/em> el 11 de marzo de 1986.<\/p>\n<p>&nbsp;<\/p>\n<p>Algunas medidas que aplicamos para ser m\u00e1s sostenibles:<\/p>\n<p>&nbsp;<\/p>\n<p>-Promover el uso del transporte p\u00fablico para luchar contra el cambio clim\u00e1tico.<\/p>\n<p>-Contribuir al ahorro energ\u00e9tico a trav\u00e9s de equipos de m\u00e1xima eficiencia energ\u00e9tica.<\/p>\n<p>-Utilizar formatos sostenibles para nuestra comunicaci\u00f3n.<\/p>\n<p>-Reducir el gasto de agua en nuestras instalaciones.<\/p>\n<p>-Gestionar correctamente la segregaci\u00f3n, almacenamiento y vertido de nuestros residuos.<\/p>\n<p>-Minimizar el uso del pl\u00e1stico desechable.<\/p>\n<p>-Ampliar nuestro compromiso con la sociedad.<\/p>\n<p>-Calcular y minimizar la huella de carbono del museo.<\/p>\n<p>-Aplicar criterios medioambientales en todo lo referente a la organizaci\u00f3n de eventos p\u00fablicos y privados, priorizando a los productores y servicios sostenibles y de proximidad.<\/p>\n<p>-Incluir en la programaci\u00f3n contenidos que promuevan la reflexi\u00f3n y las buenas pr\u00e1cticas en torno a la crisis clim\u00e1tica.<\/p>\n<p>&nbsp;<\/p>\n<p>Os rogamos que nos ayud\u00e9is a lograr nuestros objetivos de sostenibilidad haciendo vuestras estas medidas.<\/p>\n<p>&nbsp;<\/p>\n<hr \/>\n<p>&nbsp;<\/p>\n<p><img loading=\"lazy\" decoding=\"async\" class=\"alignnone size-full wp-image-25071\" src=\"https:\/\/museutapies.org\/wp-content\/uploads\/2022\/11\/Valor-social-Articket-2.png\" alt=\"\" width=\"645\" height=\"104\" srcset=\"https:\/\/museutapies.org\/wp-content\/uploads\/2022\/11\/Valor-social-Articket-2.png 645w, https:\/\/museutapies.org\/wp-content\/uploads\/2022\/11\/Valor-social-Articket-2-500x81.png 500w, https:\/\/museutapies.org\/wp-content\/uploads\/2022\/11\/Valor-social-Articket-2-380x61.png 380w, https:\/\/museutapies.org\/wp-content\/uploads\/2022\/11\/Valor-social-Articket-2-600x97.png 600w\" sizes=\"(max-width: 645px) 100vw, 645px\" \/><\/p>\n<p>&nbsp;<\/p>\n<p><strong><span style=\"font-size: 18pt\">El valor social generado por los museos de Articket Bcn<\/span><\/strong><\/p>\n<p>&nbsp;<\/p>\n<p>En 2021, el Museu T\u00e0pies particip\u00f3 en el proyecto de C\u00e1lculo del Valor Social Integrado (VSI) de los <a href=\"https:\/\/articketbcn.org\/es\/\">museos de Articket<\/a>, que lleva a cabo el equipo de la <a href=\"https:\/\/www.esci.upf.edu\/es\/catedra-mango-de-responsabilidad-social-corporativa\">C\u00e1tedra MANGO de Responsabilidad Social Corporativa de ESCI-UPF<\/a>.<\/p>\n<p>&nbsp;<\/p>\n<p>Los museos de Articket Bcn han calculado el Valor Social Integrado (VSI) que generan por el conjunto de sus grupos de inter\u00e9s. Se trata de un innovador proyecto realizado por los \u00a0museos de arte y cultura m\u00e1s importantes de la ciudad de Barcelona: el Museu Nacional d&#8217;Art\u00a0 de Catalunya (MNAC), la Fundaci\u00f3 Joan Mir\u00f3, el Museu Picasso de Barcelona, el Museu\u00a0 d&#8217;Art Contemporani de Barcelona (MACBA), el Centre de Cultura Contempor\u00e0nia de Barcelona (CCCB) y el Museu T\u00e0pies. Con el objetivo de medir su aportaci\u00f3n a la sociedad, estos museos han analizado las m\u00faltiples funciones que desarrollan (econ\u00f3micas, culturales, patrimoniales, educativas, cient\u00edficas, de inclusi\u00f3n, etc.) y han estimado el valor monetario equivalente.<\/p>\n<p>&nbsp;<\/p>\n<p>El VSI consta de dos componentes: el valor social de la actividad econ\u00f3mica y el valor social espec\u00edfico. El primero hace referencia al valor social que generan los museos con la \u00a0realizaci\u00f3n de su actividad econ\u00f3mica mediante las relaciones de mercado (contrataci\u00f3n \u00a0de personal, compra a proveedores, pago de impuestos, etc.). El segundo, el valor social espec\u00edfico, hace referencia a las diferentes dimensiones de la misi\u00f3n de los museos y se distribuye a los diversos grupos de inter\u00e9s al margen del mercado.<\/p>\n<p>&nbsp;<\/p>\n<p>A pesar del importante valor econ\u00f3mico creado por los museos de Articket Bcn, el valor social espec\u00edfico super\u00f3 ampliamente el valor social generado por la actividad econ\u00f3mica en el a\u00f1o 2019. Si expresamos el valor social integrado generado como tasa de retorno sobre el presupuesto total gestionado por los museos, el retorno a la sociedad fue de 3,61 \u20ac, es decir, el presupuesto de los museos se transform\u00f3 en m\u00e1s de tres veces de valor social creado.<\/p>\n<p>&nbsp;<\/p>\n<p><img loading=\"lazy\" decoding=\"async\" class=\"alignnone size-full wp-image-25082\" src=\"https:\/\/museutapies.org\/wp-content\/uploads\/2022\/11\/Valor-social-Articket-1-es-copia.png\" alt=\"\" width=\"606\" height=\"379\" srcset=\"https:\/\/museutapies.org\/wp-content\/uploads\/2022\/11\/Valor-social-Articket-1-es-copia.png 606w, https:\/\/museutapies.org\/wp-content\/uploads\/2022\/11\/Valor-social-Articket-1-es-copia-2000x1250.png 2000w, https:\/\/museutapies.org\/wp-content\/uploads\/2022\/11\/Valor-social-Articket-1-es-copia-1200x750.png 1200w, https:\/\/museutapies.org\/wp-content\/uploads\/2022\/11\/Valor-social-Articket-1-es-copia-500x313.png 500w, https:\/\/museutapies.org\/wp-content\/uploads\/2022\/11\/Valor-social-Articket-1-es-copia-380x238.png 380w, https:\/\/museutapies.org\/wp-content\/uploads\/2022\/11\/Valor-social-Articket-1-es-copia-600x375.png 600w\" sizes=\"(max-width: 606px) 100vw, 606px\" \/><\/p>\n<p>&nbsp;<\/p>\n<p>Con el apoyo del Ajuntament de Barcelona.<\/p>\n<p>&nbsp;<\/p>\n<p><img loading=\"lazy\" decoding=\"async\" class=\"alignnone size-full wp-image-25075\" src=\"https:\/\/museutapies.org\/wp-content\/uploads\/2022\/11\/Ajuntament-de-Barcelona-Logotip-1.png\" alt=\"\" width=\"626\" height=\"65\" srcset=\"https:\/\/museutapies.org\/wp-content\/uploads\/2022\/11\/Ajuntament-de-Barcelona-Logotip-1.png 626w, https:\/\/museutapies.org\/wp-content\/uploads\/2022\/11\/Ajuntament-de-Barcelona-Logotip-1-500x52.png 500w, https:\/\/museutapies.org\/wp-content\/uploads\/2022\/11\/Ajuntament-de-Barcelona-Logotip-1-380x39.png 380w, https:\/\/museutapies.org\/wp-content\/uploads\/2022\/11\/Ajuntament-de-Barcelona-Logotip-1-600x62.png 600w\" sizes=\"(max-width: 626px) 100vw, 626px\" \/><\/p>\n<p>&nbsp;<\/p>\n","protected":false},"excerpt":{"rendered":"<p>&nbsp; El Museu T\u00e0pies se adhiere al compromiso de sostenibilidad del Ayuntamiento de Barcelona. Por este motivo el equipo del [&hellip;]<\/p>\n","protected":false},"author":2,"featured_media":0,"parent":0,"menu_order":0,"comment_status":"closed","ping_status":"closed","template":"template_sense-menu-lateral.php","meta":{"footnotes":""},"acf":[],"yoast_head":"<!-- This site is optimized with the Yoast SEO plugin v20.11 - https:\/\/yoast.com\/wordpress\/plugins\/seo\/ -->\n<title>Sostenibilidad y compromiso social - Museu T\u00e0pies<\/title>\n<meta name=\"description\" content=\"Sostenibilidad y compromiso social del museo de arte contempor\u00e1neo Museu T\u00e0pies de Barcelona.\" \/>\n<meta name=\"robots\" content=\"index, follow, max-snippet:-1, max-image-preview:large, max-video-preview:-1\" \/>\n<meta property=\"og:locale\" content=\"es_ES\" \/>\n<meta property=\"og:type\" content=\"article\" \/>\n<meta property=\"og:title\" content=\"Sostenibilidad y compromiso social - Museu T\u00e0pies\" \/>\n<meta property=\"og:description\" content=\"Sostenibilidad y compromiso social del museo de arte contempor\u00e1neo Museu T\u00e0pies de Barcelona.\" \/>\n<meta property=\"og:url\" content=\"https:\/\/museutapies.org\/es\/sostenibilitat-compromis-social\/\" \/>\n<meta property=\"og:site_name\" content=\"Museu T\u00e0pies\" \/>\n<meta property=\"article:publisher\" content=\"https:\/\/www.facebook.com\/museutapies\" \/>\n<meta property=\"article:modified_time\" content=\"2025-11-25T15:36:40+00:00\" \/>\n<meta property=\"og:image\" content=\"https:\/\/museutapies.org\/wp-content\/uploads\/2022\/11\/Valor-social-Articket-2.png\" \/>\n<meta name=\"twitter:card\" content=\"summary_large_image\" \/>\n<meta name=\"twitter:label1\" content=\"Tiempo de lectura\" \/>\n\t<meta name=\"twitter:data1\" content=\"5 minutos\" \/>\n<script type=\"application\/ld+json\" class=\"yoast-schema-graph\">{\"@context\":\"https:\/\/schema.org\",\"@graph\":[{\"@type\":\"WebPage\",\"@id\":\"https:\/\/museutapies.org\/es\/sostenibilitat-compromis-social\/\",\"url\":\"https:\/\/museutapies.org\/es\/sostenibilitat-compromis-social\/\",\"name\":\"Sostenibilidad y compromiso social - Museu T\u00e0pies\",\"isPartOf\":{\"@id\":\"https:\/\/museutapies.org\/en\/#website\"},\"datePublished\":\"2021-04-09T17:07:06+00:00\",\"dateModified\":\"2025-11-25T15:36:40+00:00\",\"description\":\"Sostenibilidad y compromiso social del museo de arte contempor\u00e1neo Museu T\u00e0pies de Barcelona.\",\"inLanguage\":\"es\",\"potentialAction\":[{\"@type\":\"ReadAction\",\"target\":[\"https:\/\/museutapies.org\/es\/sostenibilitat-compromis-social\/\"]}]},{\"@type\":\"WebSite\",\"@id\":\"https:\/\/museutapies.org\/en\/#website\",\"url\":\"https:\/\/museutapies.org\/en\/\",\"name\":\"Museu T\u00e0pies\",\"description\":\"\",\"publisher\":{\"@id\":\"https:\/\/museutapies.org\/en\/#organization\"},\"potentialAction\":[{\"@type\":\"SearchAction\",\"target\":{\"@type\":\"EntryPoint\",\"urlTemplate\":\"https:\/\/museutapies.org\/en\/?s={search_term_string}\"},\"query-input\":\"required name=search_term_string\"}],\"inLanguage\":\"es\"},{\"@type\":\"Organization\",\"@id\":\"https:\/\/museutapies.org\/en\/#organization\",\"name\":\"Museu T\u00e0pies\",\"url\":\"https:\/\/museutapies.org\/en\/\",\"logo\":{\"@type\":\"ImageObject\",\"inLanguage\":\"es\",\"@id\":\"https:\/\/museutapies.org\/en\/#\/schema\/logo\/image\/\",\"url\":\"https:\/\/museutapies.org\/wp-content\/uploads\/2024\/07\/mta.png\",\"contentUrl\":\"https:\/\/museutapies.org\/wp-content\/uploads\/2024\/07\/mta.png\",\"width\":244,\"height\":110,\"caption\":\"Museu T\u00e0pies\"},\"image\":{\"@id\":\"https:\/\/museutapies.org\/en\/#\/schema\/logo\/image\/\"},\"sameAs\":[\"https:\/\/www.facebook.com\/museutapies\",\"https:\/\/www.instagram.com\/museutapies\/\",\"https:\/\/www.youtube.com\/channel\/UCPi65HBb48RMeoa12lR51cQ\",\"https:\/\/x.com\/MuseuTapies\"]}]}<\/script>\n<!-- \/ Yoast SEO plugin. -->","yoast_head_json":{"title":"Sostenibilidad y compromiso social - Museu T\u00e0pies","description":"Sostenibilidad y compromiso social del museo de arte contempor\u00e1neo Museu T\u00e0pies de Barcelona.","robots":{"index":"index","follow":"follow","max-snippet":"max-snippet:-1","max-image-preview":"max-image-preview:large","max-video-preview":"max-video-preview:-1"},"og_locale":"es_ES","og_type":"article","og_title":"Sostenibilidad y compromiso social - Museu T\u00e0pies","og_description":"Sostenibilidad y compromiso social del museo de arte contempor\u00e1neo Museu T\u00e0pies de Barcelona.","og_url":"https:\/\/museutapies.org\/es\/sostenibilitat-compromis-social\/","og_site_name":"Museu T\u00e0pies","article_publisher":"https:\/\/www.facebook.com\/museutapies","article_modified_time":"2025-11-25T15:36:40+00:00","og_image":[{"url":"https:\/\/museutapies.org\/wp-content\/uploads\/2022\/11\/Valor-social-Articket-2.png"}],"twitter_card":"summary_large_image","twitter_misc":{"Tiempo de lectura":"5 minutos"},"schema":{"@context":"https:\/\/schema.org","@graph":[{"@type":"WebPage","@id":"https:\/\/museutapies.org\/es\/sostenibilitat-compromis-social\/","url":"https:\/\/museutapies.org\/es\/sostenibilitat-compromis-social\/","name":"Sostenibilidad y compromiso social - Museu T\u00e0pies","isPartOf":{"@id":"https:\/\/museutapies.org\/en\/#website"},"datePublished":"2021-04-09T17:07:06+00:00","dateModified":"2025-11-25T15:36:40+00:00","description":"Sostenibilidad y compromiso social del museo de arte contempor\u00e1neo Museu T\u00e0pies de Barcelona.","inLanguage":"es","potentialAction":[{"@type":"ReadAction","target":["https:\/\/museutapies.org\/es\/sostenibilitat-compromis-social\/"]}]},{"@type":"WebSite","@id":"https:\/\/museutapies.org\/en\/#website","url":"https:\/\/museutapies.org\/en\/","name":"Museu T\u00e0pies","description":"","publisher":{"@id":"https:\/\/museutapies.org\/en\/#organization"},"potentialAction":[{"@type":"SearchAction","target":{"@type":"EntryPoint","urlTemplate":"https:\/\/museutapies.org\/en\/?s={search_term_string}"},"query-input":"required name=search_term_string"}],"inLanguage":"es"},{"@type":"Organization","@id":"https:\/\/museutapies.org\/en\/#organization","name":"Museu T\u00e0pies","url":"https:\/\/museutapies.org\/en\/","logo":{"@type":"ImageObject","inLanguage":"es","@id":"https:\/\/museutapies.org\/en\/#\/schema\/logo\/image\/","url":"https:\/\/museutapies.org\/wp-content\/uploads\/2024\/07\/mta.png","contentUrl":"https:\/\/museutapies.org\/wp-content\/uploads\/2024\/07\/mta.png","width":244,"height":110,"caption":"Museu T\u00e0pies"},"image":{"@id":"https:\/\/museutapies.org\/en\/#\/schema\/logo\/image\/"},"sameAs":["https:\/\/www.facebook.com\/museutapies","https:\/\/www.instagram.com\/museutapies\/","https:\/\/www.youtube.com\/channel\/UCPi65HBb48RMeoa12lR51cQ","https:\/\/x.com\/MuseuTapies"]}]}},"_links":{"self":[{"href":"https:\/\/museutapies.org\/es\/wp-json\/wp\/v2\/pages\/18797"}],"collection":[{"href":"https:\/\/museutapies.org\/es\/wp-json\/wp\/v2\/pages"}],"about":[{"href":"https:\/\/museutapies.org\/es\/wp-json\/wp\/v2\/types\/page"}],"author":[{"embeddable":true,"href":"https:\/\/museutapies.org\/es\/wp-json\/wp\/v2\/users\/2"}],"replies":[{"embeddable":true,"href":"https:\/\/museutapies.org\/es\/wp-json\/wp\/v2\/comments?post=18797"}],"version-history":[{"count":11,"href":"https:\/\/museutapies.org\/es\/wp-json\/wp\/v2\/pages\/18797\/revisions"}],"predecessor-version":[{"id":42510,"href":"https:\/\/museutapies.org\/es\/wp-json\/wp\/v2\/pages\/18797\/revisions\/42510"}],"wp:attachment":[{"href":"https:\/\/museutapies.org\/es\/wp-json\/wp\/v2\/media?parent=18797"}],"curies":[{"name":"wp","href":"https:\/\/api.w.org\/{rel}","templated":true}]}}