{"id":18827,"date":"2021-04-09T12:10:43","date_gmt":"2021-04-09T12:10:43","guid":{"rendered":"https:\/\/museutapies.org\/visitanos\/accessibilitat\/"},"modified":"2024-07-30T17:45:11","modified_gmt":"2024-07-30T15:45:11","slug":"accessibilitat","status":"publish","type":"page","link":"https:\/\/museutapies.org\/es\/visitanos\/accessibilitat\/","title":{"rendered":"Accessibilidad"},"content":{"rendered":"<h2><img loading=\"lazy\" decoding=\"async\" class=\"alignnone size-medium wp-image-27833\" src=\"https:\/\/museutapies.org\/wp-content\/uploads\/2023\/08\/VISITA-LLIUREJPG_web-900x598-2-800x532.jpg\" alt=\"\" width=\"800\" height=\"532\" srcset=\"https:\/\/museutapies.org\/wp-content\/uploads\/2023\/08\/VISITA-LLIUREJPG_web-900x598-2-800x532.jpg 800w, https:\/\/museutapies.org\/wp-content\/uploads\/2023\/08\/VISITA-LLIUREJPG_web-900x598-2-768x510.jpg 768w, https:\/\/museutapies.org\/wp-content\/uploads\/2023\/08\/VISITA-LLIUREJPG_web-900x598-2-500x332.jpg 500w, https:\/\/museutapies.org\/wp-content\/uploads\/2023\/08\/VISITA-LLIUREJPG_web-900x598-2-380x252.jpg 380w, https:\/\/museutapies.org\/wp-content\/uploads\/2023\/08\/VISITA-LLIUREJPG_web-900x598-2-600x399.jpg 600w, https:\/\/museutapies.org\/wp-content\/uploads\/2023\/08\/VISITA-LLIUREJPG_web-900x598-2.jpg 900w\" sizes=\"(max-width: 800px) 100vw, 800px\" \/><\/h2>\n<p>&nbsp;<\/p>\n<p>El Museu T\u00e0pies trabaja para difundir el arte y el pensamiento contempor\u00e1neo mediante la organizaci\u00f3n de exposiciones y propuestas culturales diversas con un enfoque plural. El objetivo es que cualquier persona pueda encontrar un \u00e1rea de su inter\u00e9s y pueda sentirse parte del proyecto.<\/p>\n<p>&nbsp;<\/p>\n<p>Por este motivo, el museo quiere contribuir a que todas las personas, sean cuales sean sus condiciones o circunstancias vitales, tengan acceso al programa cultural, que incluye adaptaciones para las personas con necesidades especiales de movilidad o aprendizaje. De la misma forma, se contempla la gratuidad en la entrada al museo para que ninguna persona en situaci\u00f3n vulnerable o en riesgo de exclusi\u00f3n social se quede al margen de la cultura por motivos econ\u00f3micos.<\/p>\n<p>&nbsp;<\/p>\n<p><strong>Accesibilidad f\u00edsica<\/strong><\/p>\n<p>&nbsp;<\/p>\n<p>El edificio del museo es un espacio arquitect\u00f3nico accesible. Es posible el acceso a todas las salas del museo en silla de ruedas. La entrada desde la calle se hace por la puerta lateral izquierda, desde donde se accede a ascensores que comunican los distintos niveles del museo. Se dispone de servicio de pr\u00e9stamo de silla de ruedas y de taburetes plegables para facilitar el descanso durante la visita, as\u00ed como de aseos adaptados. Pueden consultarse m\u00e1s detalles en la web de <a href=\"https:\/\/www.barcelona-access.com\/ACCESSIBLE\/accessibilitat-home\/_XHxTrasl4-YH8lsBAr4bypcXcrPuw_5yNmknt_1cGe60IBvTBHBKhM0v3jms2gAsAITMmHDjcw8NFUV5LxMeTC0SiPtxy3697mgdMtChlXEUdbR7HbKYefIaCenpUdRl\">Turismo Accesible de Barcelona<\/a>.<\/p>\n<p>&nbsp;<\/p>\n<p><strong>Accesibilidad sensorial<\/strong><\/p>\n<p>&nbsp;<\/p>\n<p>Accesibilidad visual: se admiten perros lazarillo y perros de asistencia en todo el recinto. Es posible realizar una visita guiada con el soporte de material t\u00e1ctil, previa solicitud.<\/p>\n<p>&nbsp;<\/p>\n<p>Accesibilidad auditiva: se ofrecen visitas guiadas inclusivas con interpretaci\u00f3n en lengua de signos, previa solicitud.<\/p>\n<p>&nbsp;<\/p>\n<p><strong>Accesibilidad cognitiva<\/strong><\/p>\n<p>&nbsp;<\/p>\n<p>Se proporciona asesoramiento previo para la realizaci\u00f3n de visitas libres y tambi\u00e9n se ofrecen actividades guiadas adaptadas, previa solicitud.<\/p>\n<p>&nbsp;<\/p>\n<p>Puede pedir <strong>m\u00e1s informaci\u00f3n<\/strong> a Rosa Eva Campo: rosaeva@museutapies.org<\/p>\n","protected":false},"excerpt":{"rendered":"<p>&nbsp; El Museu T\u00e0pies trabaja para difundir el arte y el pensamiento contempor\u00e1neo mediante la organizaci\u00f3n de exposiciones y propuestas [&hellip;]<\/p>\n","protected":false},"author":2,"featured_media":0,"parent":2027,"menu_order":0,"comment_status":"closed","ping_status":"closed","template":"template_sense-menu-lateral.php","meta":{"footnotes":""},"acf":[],"yoast_head":"<!-- This site is optimized with the Yoast SEO plugin v20.11 - https:\/\/yoast.com\/wordpress\/plugins\/seo\/ -->\n<title>Accessibilidad - Museu T\u00e0pies<\/title>\n<meta name=\"description\" content=\"La Fundaci\u00f3 Antoni T\u00e0pies contribuye a que todas las personas, sean cuales sean sus condiciones o sus circunstancias vitales, tengan acceso a su programa cultural que incluye adaptaciones para personas con necesidades especiales de movilidad o de aprendizaje.\" \/>\n<meta name=\"robots\" content=\"index, follow, max-snippet:-1, max-image-preview:large, max-video-preview:-1\" \/>\n<meta property=\"og:locale\" content=\"es_ES\" \/>\n<meta property=\"og:type\" content=\"article\" \/>\n<meta property=\"og:title\" content=\"Accessibilidad - Museu T\u00e0pies\" \/>\n<meta property=\"og:description\" content=\"La Fundaci\u00f3 Antoni T\u00e0pies contribuye a que todas las personas, sean cuales sean sus condiciones o sus circunstancias vitales, tengan acceso a su programa cultural que incluye adaptaciones para personas con necesidades especiales de movilidad o de aprendizaje.\" \/>\n<meta property=\"og:url\" content=\"https:\/\/museutapies.org\/es\/visitanos\/accessibilitat\/\" \/>\n<meta property=\"og:site_name\" content=\"Museu T\u00e0pies\" \/>\n<meta property=\"article:publisher\" content=\"https:\/\/www.facebook.com\/museutapies\" \/>\n<meta property=\"article:modified_time\" content=\"2024-07-30T15:45:11+00:00\" \/>\n<meta property=\"og:image\" content=\"https:\/\/museutapies.org\/wp-content\/uploads\/2023\/08\/VISITA-LLIUREJPG_web-900x598-2-800x532.jpg\" \/>\n<meta name=\"twitter:card\" content=\"summary_large_image\" \/>\n<meta name=\"twitter:label1\" content=\"Tiempo de lectura\" \/>\n\t<meta name=\"twitter:data1\" content=\"2 minutos\" \/>\n<script type=\"application\/ld+json\" class=\"yoast-schema-graph\">{\"@context\":\"https:\/\/schema.org\",\"@graph\":[{\"@type\":\"WebPage\",\"@id\":\"https:\/\/museutapies.org\/es\/visitanos\/accessibilitat\/\",\"url\":\"https:\/\/museutapies.org\/es\/visitanos\/accessibilitat\/\",\"name\":\"Accessibilidad - Museu T\u00e0pies\",\"isPartOf\":{\"@id\":\"https:\/\/museutapies.org\/en\/#website\"},\"datePublished\":\"2021-04-09T12:10:43+00:00\",\"dateModified\":\"2024-07-30T15:45:11+00:00\",\"description\":\"La Fundaci\u00f3 Antoni T\u00e0pies contribuye a que todas las personas, sean cuales sean sus condiciones o sus circunstancias vitales, tengan acceso a su programa cultural que incluye adaptaciones para personas con necesidades especiales de movilidad o de aprendizaje.\",\"breadcrumb\":{\"@id\":\"https:\/\/museutapies.org\/es\/visitanos\/accessibilitat\/#breadcrumb\"},\"inLanguage\":\"es\",\"potentialAction\":[{\"@type\":\"ReadAction\",\"target\":[\"https:\/\/museutapies.org\/es\/visitanos\/accessibilitat\/\"]}]},{\"@type\":\"BreadcrumbList\",\"@id\":\"https:\/\/museutapies.org\/es\/visitanos\/accessibilitat\/#breadcrumb\",\"itemListElement\":[{\"@type\":\"ListItem\",\"position\":1,\"name\":\"Vis\u00edtanos\",\"item\":\"https:\/\/museutapies.org\/es\/visitanos\/\"},{\"@type\":\"ListItem\",\"position\":2,\"name\":\"Accessibilidad\"}]},{\"@type\":\"WebSite\",\"@id\":\"https:\/\/museutapies.org\/en\/#website\",\"url\":\"https:\/\/museutapies.org\/en\/\",\"name\":\"Museu T\u00e0pies\",\"description\":\"\",\"publisher\":{\"@id\":\"https:\/\/museutapies.org\/en\/#organization\"},\"potentialAction\":[{\"@type\":\"SearchAction\",\"target\":{\"@type\":\"EntryPoint\",\"urlTemplate\":\"https:\/\/museutapies.org\/en\/?s={search_term_string}\"},\"query-input\":\"required name=search_term_string\"}],\"inLanguage\":\"es\"},{\"@type\":\"Organization\",\"@id\":\"https:\/\/museutapies.org\/en\/#organization\",\"name\":\"Museu T\u00e0pies\",\"url\":\"https:\/\/museutapies.org\/en\/\",\"logo\":{\"@type\":\"ImageObject\",\"inLanguage\":\"es\",\"@id\":\"https:\/\/museutapies.org\/en\/#\/schema\/logo\/image\/\",\"url\":\"https:\/\/museutapies.org\/wp-content\/uploads\/2024\/07\/mta.png\",\"contentUrl\":\"https:\/\/museutapies.org\/wp-content\/uploads\/2024\/07\/mta.png\",\"width\":244,\"height\":110,\"caption\":\"Museu T\u00e0pies\"},\"image\":{\"@id\":\"https:\/\/museutapies.org\/en\/#\/schema\/logo\/image\/\"},\"sameAs\":[\"https:\/\/www.facebook.com\/museutapies\",\"https:\/\/www.instagram.com\/museutapies\/\",\"https:\/\/www.youtube.com\/channel\/UCPi65HBb48RMeoa12lR51cQ\",\"https:\/\/x.com\/MuseuTapies\"]}]}<\/script>\n<!-- \/ Yoast SEO plugin. -->","yoast_head_json":{"title":"Accessibilidad - Museu T\u00e0pies","description":"La Fundaci\u00f3 Antoni T\u00e0pies contribuye a que todas las personas, sean cuales sean sus condiciones o sus circunstancias vitales, tengan acceso a su programa cultural que incluye adaptaciones para personas con necesidades especiales de movilidad o de aprendizaje.","robots":{"index":"index","follow":"follow","max-snippet":"max-snippet:-1","max-image-preview":"max-image-preview:large","max-video-preview":"max-video-preview:-1"},"og_locale":"es_ES","og_type":"article","og_title":"Accessibilidad - Museu T\u00e0pies","og_description":"La Fundaci\u00f3 Antoni T\u00e0pies contribuye a que todas las personas, sean cuales sean sus condiciones o sus circunstancias vitales, tengan acceso a su programa cultural que incluye adaptaciones para personas con necesidades especiales de movilidad o de aprendizaje.","og_url":"https:\/\/museutapies.org\/es\/visitanos\/accessibilitat\/","og_site_name":"Museu T\u00e0pies","article_publisher":"https:\/\/www.facebook.com\/museutapies","article_modified_time":"2024-07-30T15:45:11+00:00","og_image":[{"url":"https:\/\/museutapies.org\/wp-content\/uploads\/2023\/08\/VISITA-LLIUREJPG_web-900x598-2-800x532.jpg"}],"twitter_card":"summary_large_image","twitter_misc":{"Tiempo de lectura":"2 minutos"},"schema":{"@context":"https:\/\/schema.org","@graph":[{"@type":"WebPage","@id":"https:\/\/museutapies.org\/es\/visitanos\/accessibilitat\/","url":"https:\/\/museutapies.org\/es\/visitanos\/accessibilitat\/","name":"Accessibilidad - Museu T\u00e0pies","isPartOf":{"@id":"https:\/\/museutapies.org\/en\/#website"},"datePublished":"2021-04-09T12:10:43+00:00","dateModified":"2024-07-30T15:45:11+00:00","description":"La Fundaci\u00f3 Antoni T\u00e0pies contribuye a que todas las personas, sean cuales sean sus condiciones o sus circunstancias vitales, tengan acceso a su programa cultural que incluye adaptaciones para personas con necesidades especiales de movilidad o de aprendizaje.","breadcrumb":{"@id":"https:\/\/museutapies.org\/es\/visitanos\/accessibilitat\/#breadcrumb"},"inLanguage":"es","potentialAction":[{"@type":"ReadAction","target":["https:\/\/museutapies.org\/es\/visitanos\/accessibilitat\/"]}]},{"@type":"BreadcrumbList","@id":"https:\/\/museutapies.org\/es\/visitanos\/accessibilitat\/#breadcrumb","itemListElement":[{"@type":"ListItem","position":1,"name":"Vis\u00edtanos","item":"https:\/\/museutapies.org\/es\/visitanos\/"},{"@type":"ListItem","position":2,"name":"Accessibilidad"}]},{"@type":"WebSite","@id":"https:\/\/museutapies.org\/en\/#website","url":"https:\/\/museutapies.org\/en\/","name":"Museu T\u00e0pies","description":"","publisher":{"@id":"https:\/\/museutapies.org\/en\/#organization"},"potentialAction":[{"@type":"SearchAction","target":{"@type":"EntryPoint","urlTemplate":"https:\/\/museutapies.org\/en\/?s={search_term_string}"},"query-input":"required name=search_term_string"}],"inLanguage":"es"},{"@type":"Organization","@id":"https:\/\/museutapies.org\/en\/#organization","name":"Museu T\u00e0pies","url":"https:\/\/museutapies.org\/en\/","logo":{"@type":"ImageObject","inLanguage":"es","@id":"https:\/\/museutapies.org\/en\/#\/schema\/logo\/image\/","url":"https:\/\/museutapies.org\/wp-content\/uploads\/2024\/07\/mta.png","contentUrl":"https:\/\/museutapies.org\/wp-content\/uploads\/2024\/07\/mta.png","width":244,"height":110,"caption":"Museu T\u00e0pies"},"image":{"@id":"https:\/\/museutapies.org\/en\/#\/schema\/logo\/image\/"},"sameAs":["https:\/\/www.facebook.com\/museutapies","https:\/\/www.instagram.com\/museutapies\/","https:\/\/www.youtube.com\/channel\/UCPi65HBb48RMeoa12lR51cQ","https:\/\/x.com\/MuseuTapies"]}]}},"_links":{"self":[{"href":"https:\/\/museutapies.org\/es\/wp-json\/wp\/v2\/pages\/18827"}],"collection":[{"href":"https:\/\/museutapies.org\/es\/wp-json\/wp\/v2\/pages"}],"about":[{"href":"https:\/\/museutapies.org\/es\/wp-json\/wp\/v2\/types\/page"}],"author":[{"embeddable":true,"href":"https:\/\/museutapies.org\/es\/wp-json\/wp\/v2\/users\/2"}],"replies":[{"embeddable":true,"href":"https:\/\/museutapies.org\/es\/wp-json\/wp\/v2\/comments?post=18827"}],"version-history":[{"count":11,"href":"https:\/\/museutapies.org\/es\/wp-json\/wp\/v2\/pages\/18827\/revisions"}],"predecessor-version":[{"id":35507,"href":"https:\/\/museutapies.org\/es\/wp-json\/wp\/v2\/pages\/18827\/revisions\/35507"}],"up":[{"embeddable":true,"href":"https:\/\/museutapies.org\/es\/wp-json\/wp\/v2\/pages\/2027"}],"wp:attachment":[{"href":"https:\/\/museutapies.org\/es\/wp-json\/wp\/v2\/media?parent=18827"}],"curies":[{"name":"wp","href":"https:\/\/api.w.org\/{rel}","templated":true}]}}