{"id":23511,"date":"2022-06-22T14:02:52","date_gmt":"2022-06-22T14:02:52","guid":{"rendered":"https:\/\/museutapies.org\/visitanos\/visites-comentades\/"},"modified":"2025-10-31T10:41:07","modified_gmt":"2025-10-31T09:41:07","slug":"visitas-comentadas","status":"publish","type":"page","link":"https:\/\/museutapies.org\/es\/visitanos\/visitas-comentadas\/","title":{"rendered":"Visitas comentadas"},"content":{"rendered":"<p><img loading=\"lazy\" decoding=\"async\" class=\"alignnone size-medium wp-image-23523\" src=\"https:\/\/museutapies.org\/wp-content\/uploads\/2022\/06\/Visites-comentades-a-la-Fundacio-Antoni-Tapies-Barcelona-800x531.png\" alt=\"\" width=\"800\" height=\"531\" srcset=\"https:\/\/museutapies.org\/wp-content\/uploads\/2022\/06\/Visites-comentades-a-la-Fundacio-Antoni-Tapies-Barcelona-800x531.png 800w, https:\/\/museutapies.org\/wp-content\/uploads\/2022\/06\/Visites-comentades-a-la-Fundacio-Antoni-Tapies-Barcelona-900x598.png 900w, https:\/\/museutapies.org\/wp-content\/uploads\/2022\/06\/Visites-comentades-a-la-Fundacio-Antoni-Tapies-Barcelona-768x510.png 768w, https:\/\/museutapies.org\/wp-content\/uploads\/2022\/06\/Visites-comentades-a-la-Fundacio-Antoni-Tapies-Barcelona-500x332.png 500w, https:\/\/museutapies.org\/wp-content\/uploads\/2022\/06\/Visites-comentades-a-la-Fundacio-Antoni-Tapies-Barcelona-380x252.png 380w, https:\/\/museutapies.org\/wp-content\/uploads\/2022\/06\/Visites-comentades-a-la-Fundacio-Antoni-Tapies-Barcelona-600x398.png 600w, https:\/\/museutapies.org\/wp-content\/uploads\/2022\/06\/Visites-comentades-a-la-Fundacio-Antoni-Tapies-Barcelona.png 1000w\" sizes=\"(max-width: 800px) 100vw, 800px\" \/><\/p>\n<p>&nbsp;<\/p>\n<p>El Museu T\u00e0pies ofrece visitas para grupos a horas convenidas. Descubra las exposiciones en curso y el pasado hist\u00f3rico del edificio, como Editorial Montaner y Sim\u00f3n, con un grupo de amigos, con un colectivo o con los alumnos.<\/p>\n<p>&nbsp;<\/p>\n<p><strong>\u00b7 Idiomas disponibles:<\/strong> catal\u00e1n, castellano, ingl\u00e9s, franc\u00e9s e italiano.<\/p>\n<p><strong>\u00b7 Duraci\u00f3n aproximada de la visita comentada:<\/strong> 1 h y 15 min.<\/p>\n<p><strong>\u00b7 Duraci\u00f3n aproximada de la visita\/taller:<\/strong> 2 h.<\/p>\n<p><strong>\u00b7 Grupo:<\/strong> m\u00e1ximo 25 personas o grupo-clase.<\/p>\n<p>&nbsp;<\/p>\n<p>&nbsp;<\/p>\n<p><strong>TARIFAS<\/strong><\/p>\n<p><span style=\"color: #ffffff\">.<\/span><\/p>\n<p><strong>Estudiantes<\/strong><\/p>\n<p><span style=\"color: #ffffff\">.<\/span><\/p>\n<p>\u00b7 Visita comentada en catal\u00e1n y castellano: 80 \u20ac<br \/>\n\u00b7 Visita comentada en ingl\u00e9s, franc\u00e9s e italiano: 90 \u20ac<\/p>\n<p>&nbsp;<\/p>\n<p>Estos precios incluyen tanto el coste de la actividad como la entrada en el museo.<\/p>\n<p><span style=\"color: #ffffff\">.<\/span><\/p>\n<p><strong>P\u00fablico adulto<\/strong><\/p>\n<p><span style=\"color: #ffffff\">.<\/span><\/p>\n<p>\u00b7 Visita comentada en catal\u00e1n y castellano: 80 \u20ac<br \/>\n\u00b7 Visita comentada en ingl\u00e9s, franc\u00e9s e italiano: 90 \u20ac<br \/>\n\u00b7 Itinerario: 160 \u20ac<\/p>\n<p>&nbsp;<\/p>\n<p>Estos precios no incluyen la entrada al museo.<\/p>\n<p><span style=\"color: #ffffff\">.<\/span><\/p>\n<p>Encontrar\u00e1 los horarios de apertura al p\u00fablico del museo en el <a href=\"https:\/\/museutapies.org\/es\/visitanos\/\">siguiente enlace<\/a>.<\/p>\n<p>Puede obtener m\u00e1s informaci\u00f3n o hacer la reserva en reserves@museutapies.org<\/p>\n<p>Las reservas deben realizarse con un m\u00ednimo de 15 d\u00edas de antelaci\u00f3n del d\u00eda de la visita.<\/p>\n<p>&nbsp;<\/p>\n","protected":false},"excerpt":{"rendered":"<p>&nbsp; El Museu T\u00e0pies ofrece visitas para grupos a horas convenidas. Descubra las exposiciones en curso y el pasado hist\u00f3rico [&hellip;]<\/p>\n","protected":false},"author":1,"featured_media":23523,"parent":2027,"menu_order":0,"comment_status":"closed","ping_status":"closed","template":"template_sense-menu-lateral.php","meta":{"footnotes":""},"acf":[],"yoast_head":"<!-- This site is optimized with the Yoast SEO plugin v20.11 - https:\/\/yoast.com\/wordpress\/plugins\/seo\/ -->\n<title>Visitas comentadas - Museu T\u00e0pies<\/title>\n<meta name=\"description\" content=\"El Museu T\u00e0pies les ofrece visitas y talleres para grupos en horas convenidas.\" \/>\n<meta name=\"robots\" content=\"index, follow, max-snippet:-1, max-image-preview:large, max-video-preview:-1\" \/>\n<meta property=\"og:locale\" content=\"es_ES\" \/>\n<meta property=\"og:type\" content=\"article\" \/>\n<meta property=\"og:title\" content=\"Visitas comentadas - Museu T\u00e0pies\" \/>\n<meta property=\"og:description\" content=\"El Museu T\u00e0pies les ofrece visitas y talleres para grupos en horas convenidas.\" \/>\n<meta property=\"og:url\" content=\"https:\/\/museutapies.org\/es\/visitanos\/visitas-comentadas\/\" \/>\n<meta property=\"og:site_name\" content=\"Museu T\u00e0pies\" \/>\n<meta property=\"article:publisher\" content=\"https:\/\/www.facebook.com\/museutapies\" \/>\n<meta property=\"article:modified_time\" content=\"2025-10-31T09:41:07+00:00\" \/>\n<meta property=\"og:image\" content=\"https:\/\/museutapies.org\/wp-content\/uploads\/2022\/06\/Visites-comentades-a-la-Fundacio-Antoni-Tapies-Barcelona.png\" \/>\n\t<meta property=\"og:image:width\" content=\"1000\" \/>\n\t<meta property=\"og:image:height\" content=\"664\" \/>\n\t<meta property=\"og:image:type\" content=\"image\/png\" \/>\n<meta name=\"twitter:card\" content=\"summary_large_image\" \/>\n<meta name=\"twitter:label1\" content=\"Tiempo de lectura\" \/>\n\t<meta name=\"twitter:data1\" content=\"2 minutos\" \/>\n<script type=\"application\/ld+json\" class=\"yoast-schema-graph\">{\"@context\":\"https:\/\/schema.org\",\"@graph\":[{\"@type\":\"WebPage\",\"@id\":\"https:\/\/museutapies.org\/es\/visitanos\/visitas-comentadas\/\",\"url\":\"https:\/\/museutapies.org\/es\/visitanos\/visitas-comentadas\/\",\"name\":\"Visitas comentadas - Museu T\u00e0pies\",\"isPartOf\":{\"@id\":\"https:\/\/museutapies.org\/en\/#website\"},\"datePublished\":\"2022-06-22T14:02:52+00:00\",\"dateModified\":\"2025-10-31T09:41:07+00:00\",\"description\":\"El Museu T\u00e0pies les ofrece visitas y talleres para grupos en horas convenidas.\",\"breadcrumb\":{\"@id\":\"https:\/\/museutapies.org\/es\/visitanos\/visitas-comentadas\/#breadcrumb\"},\"inLanguage\":\"es\",\"potentialAction\":[{\"@type\":\"ReadAction\",\"target\":[\"https:\/\/museutapies.org\/es\/visitanos\/visitas-comentadas\/\"]}]},{\"@type\":\"BreadcrumbList\",\"@id\":\"https:\/\/museutapies.org\/es\/visitanos\/visitas-comentadas\/#breadcrumb\",\"itemListElement\":[{\"@type\":\"ListItem\",\"position\":1,\"name\":\"Vis\u00edtanos\",\"item\":\"https:\/\/museutapies.org\/es\/visitanos\/\"},{\"@type\":\"ListItem\",\"position\":2,\"name\":\"Visitas comentadas\"}]},{\"@type\":\"WebSite\",\"@id\":\"https:\/\/museutapies.org\/en\/#website\",\"url\":\"https:\/\/museutapies.org\/en\/\",\"name\":\"Museu T\u00e0pies\",\"description\":\"\",\"publisher\":{\"@id\":\"https:\/\/museutapies.org\/en\/#organization\"},\"potentialAction\":[{\"@type\":\"SearchAction\",\"target\":{\"@type\":\"EntryPoint\",\"urlTemplate\":\"https:\/\/museutapies.org\/en\/?s={search_term_string}\"},\"query-input\":\"required name=search_term_string\"}],\"inLanguage\":\"es\"},{\"@type\":\"Organization\",\"@id\":\"https:\/\/museutapies.org\/en\/#organization\",\"name\":\"Museu T\u00e0pies\",\"url\":\"https:\/\/museutapies.org\/en\/\",\"logo\":{\"@type\":\"ImageObject\",\"inLanguage\":\"es\",\"@id\":\"https:\/\/museutapies.org\/en\/#\/schema\/logo\/image\/\",\"url\":\"https:\/\/museutapies.org\/wp-content\/uploads\/2024\/07\/mta.png\",\"contentUrl\":\"https:\/\/museutapies.org\/wp-content\/uploads\/2024\/07\/mta.png\",\"width\":244,\"height\":110,\"caption\":\"Museu T\u00e0pies\"},\"image\":{\"@id\":\"https:\/\/museutapies.org\/en\/#\/schema\/logo\/image\/\"},\"sameAs\":[\"https:\/\/www.facebook.com\/museutapies\",\"https:\/\/www.instagram.com\/museutapies\/\",\"https:\/\/www.youtube.com\/channel\/UCPi65HBb48RMeoa12lR51cQ\",\"https:\/\/x.com\/MuseuTapies\"]}]}<\/script>\n<!-- \/ Yoast SEO plugin. -->","yoast_head_json":{"title":"Visitas comentadas - Museu T\u00e0pies","description":"El Museu T\u00e0pies les ofrece visitas y talleres para grupos en horas convenidas.","robots":{"index":"index","follow":"follow","max-snippet":"max-snippet:-1","max-image-preview":"max-image-preview:large","max-video-preview":"max-video-preview:-1"},"og_locale":"es_ES","og_type":"article","og_title":"Visitas comentadas - Museu T\u00e0pies","og_description":"El Museu T\u00e0pies les ofrece visitas y talleres para grupos en horas convenidas.","og_url":"https:\/\/museutapies.org\/es\/visitanos\/visitas-comentadas\/","og_site_name":"Museu T\u00e0pies","article_publisher":"https:\/\/www.facebook.com\/museutapies","article_modified_time":"2025-10-31T09:41:07+00:00","og_image":[{"width":1000,"height":664,"url":"https:\/\/museutapies.org\/wp-content\/uploads\/2022\/06\/Visites-comentades-a-la-Fundacio-Antoni-Tapies-Barcelona.png","type":"image\/png"}],"twitter_card":"summary_large_image","twitter_misc":{"Tiempo de lectura":"2 minutos"},"schema":{"@context":"https:\/\/schema.org","@graph":[{"@type":"WebPage","@id":"https:\/\/museutapies.org\/es\/visitanos\/visitas-comentadas\/","url":"https:\/\/museutapies.org\/es\/visitanos\/visitas-comentadas\/","name":"Visitas comentadas - Museu T\u00e0pies","isPartOf":{"@id":"https:\/\/museutapies.org\/en\/#website"},"datePublished":"2022-06-22T14:02:52+00:00","dateModified":"2025-10-31T09:41:07+00:00","description":"El Museu T\u00e0pies les ofrece visitas y talleres para grupos en horas convenidas.","breadcrumb":{"@id":"https:\/\/museutapies.org\/es\/visitanos\/visitas-comentadas\/#breadcrumb"},"inLanguage":"es","potentialAction":[{"@type":"ReadAction","target":["https:\/\/museutapies.org\/es\/visitanos\/visitas-comentadas\/"]}]},{"@type":"BreadcrumbList","@id":"https:\/\/museutapies.org\/es\/visitanos\/visitas-comentadas\/#breadcrumb","itemListElement":[{"@type":"ListItem","position":1,"name":"Vis\u00edtanos","item":"https:\/\/museutapies.org\/es\/visitanos\/"},{"@type":"ListItem","position":2,"name":"Visitas comentadas"}]},{"@type":"WebSite","@id":"https:\/\/museutapies.org\/en\/#website","url":"https:\/\/museutapies.org\/en\/","name":"Museu T\u00e0pies","description":"","publisher":{"@id":"https:\/\/museutapies.org\/en\/#organization"},"potentialAction":[{"@type":"SearchAction","target":{"@type":"EntryPoint","urlTemplate":"https:\/\/museutapies.org\/en\/?s={search_term_string}"},"query-input":"required name=search_term_string"}],"inLanguage":"es"},{"@type":"Organization","@id":"https:\/\/museutapies.org\/en\/#organization","name":"Museu T\u00e0pies","url":"https:\/\/museutapies.org\/en\/","logo":{"@type":"ImageObject","inLanguage":"es","@id":"https:\/\/museutapies.org\/en\/#\/schema\/logo\/image\/","url":"https:\/\/museutapies.org\/wp-content\/uploads\/2024\/07\/mta.png","contentUrl":"https:\/\/museutapies.org\/wp-content\/uploads\/2024\/07\/mta.png","width":244,"height":110,"caption":"Museu T\u00e0pies"},"image":{"@id":"https:\/\/museutapies.org\/en\/#\/schema\/logo\/image\/"},"sameAs":["https:\/\/www.facebook.com\/museutapies","https:\/\/www.instagram.com\/museutapies\/","https:\/\/www.youtube.com\/channel\/UCPi65HBb48RMeoa12lR51cQ","https:\/\/x.com\/MuseuTapies"]}]}},"_links":{"self":[{"href":"https:\/\/museutapies.org\/es\/wp-json\/wp\/v2\/pages\/23511"}],"collection":[{"href":"https:\/\/museutapies.org\/es\/wp-json\/wp\/v2\/pages"}],"about":[{"href":"https:\/\/museutapies.org\/es\/wp-json\/wp\/v2\/types\/page"}],"author":[{"embeddable":true,"href":"https:\/\/museutapies.org\/es\/wp-json\/wp\/v2\/users\/1"}],"replies":[{"embeddable":true,"href":"https:\/\/museutapies.org\/es\/wp-json\/wp\/v2\/comments?post=23511"}],"version-history":[{"count":14,"href":"https:\/\/museutapies.org\/es\/wp-json\/wp\/v2\/pages\/23511\/revisions"}],"predecessor-version":[{"id":41899,"href":"https:\/\/museutapies.org\/es\/wp-json\/wp\/v2\/pages\/23511\/revisions\/41899"}],"up":[{"embeddable":true,"href":"https:\/\/museutapies.org\/es\/wp-json\/wp\/v2\/pages\/2027"}],"wp:featuredmedia":[{"embeddable":true,"href":"https:\/\/museutapies.org\/es\/wp-json\/wp\/v2\/media\/23523"}],"wp:attachment":[{"href":"https:\/\/museutapies.org\/es\/wp-json\/wp\/v2\/media?parent=23511"}],"curies":[{"name":"wp","href":"https:\/\/api.w.org\/{rel}","templated":true}]}}