{"id":23539,"date":"2022-06-22T15:42:03","date_gmt":"2022-06-22T15:42:03","guid":{"rendered":"https:\/\/museutapies.org\/?page_id=23539"},"modified":"2025-09-01T10:46:22","modified_gmt":"2025-09-01T08:46:22","slug":"visitas-autoguiadas","status":"publish","type":"page","link":"https:\/\/museutapies.org\/es\/visitas-autoguiadas\/","title":{"rendered":"Visitas autoguiadas"},"content":{"rendered":"<p><img loading=\"lazy\" decoding=\"async\" class=\"alignnone size-medium wp-image-27835\" src=\"https:\/\/museutapies.org\/wp-content\/uploads\/2023\/08\/162_FF8_C011_B_RR_59-1-800x533.jpg\" alt=\"\" width=\"800\" height=\"533\" srcset=\"https:\/\/museutapies.org\/wp-content\/uploads\/2023\/08\/162_FF8_C011_B_RR_59-1-800x533.jpg 800w, https:\/\/museutapies.org\/wp-content\/uploads\/2023\/08\/162_FF8_C011_B_RR_59-1-900x600.jpg 900w, https:\/\/museutapies.org\/wp-content\/uploads\/2023\/08\/162_FF8_C011_B_RR_59-1-768x512.jpg 768w, https:\/\/museutapies.org\/wp-content\/uploads\/2023\/08\/162_FF8_C011_B_RR_59-1-1536x1024.jpg 1536w, https:\/\/museutapies.org\/wp-content\/uploads\/2023\/08\/162_FF8_C011_B_RR_59-1-500x333.jpg 500w, https:\/\/museutapies.org\/wp-content\/uploads\/2023\/08\/162_FF8_C011_B_RR_59-1-380x253.jpg 380w, https:\/\/museutapies.org\/wp-content\/uploads\/2023\/08\/162_FF8_C011_B_RR_59-1-600x400.jpg 600w, https:\/\/museutapies.org\/wp-content\/uploads\/2023\/08\/162_FF8_C011_B_RR_59-1.jpg 1981w\" sizes=\"(max-width: 800px) 100vw, 800px\" \/><\/p>\n<p>&nbsp;<\/p>\n<p>El Museu T\u00e0pies ofrece un <strong>servicio de audiogu\u00eda<\/strong> gratuita a algunas de sus exposiciones mediante <span class=\"\">un c\u00f3digo QR disponible en recepci\u00f3n.<\/span><\/p>\n<p>&nbsp;<\/p>\n<p><strong>\u201cSobre T\u00e0pies\u201d<\/strong> es un material que incluye propuestas para descubrir, de forma aut\u00f3noma, algunos de los aspectos m\u00e1s relevantes de la obra de Antoni T\u00e0pies. Se puede adquirir en la tienda por 3\u20ac.<\/p>\n<p>&nbsp;<\/p>\n<p>El <strong>\u201cMuseo desplegable\u201d<\/strong> es un material para descubrir las particularidades del edificio del museo a trav\u00e9s de juegos y reflexiones. Se puede adquirir en la tienda por 1\u20ac.<\/p>\n<p>&nbsp;<\/p>\n<p>En el canal de <a href=\"https:\/\/www.youtube.com\/@fundacioantonitapies\">YouTube<\/a> y en el Blog del museo encontrar\u00e1 materiales audiovisuales y recursos educativos que pueden ayudar a complementar las visitas.<\/p>\n","protected":false},"excerpt":{"rendered":"<p>&nbsp; El Museu T\u00e0pies ofrece un servicio de audiogu\u00eda gratuita a algunas de sus exposiciones mediante un c\u00f3digo QR disponible [&hellip;]<\/p>\n","protected":false},"author":3,"featured_media":35495,"parent":0,"menu_order":0,"comment_status":"closed","ping_status":"closed","template":"","meta":{"footnotes":""},"acf":[],"yoast_head":"<!-- This site is optimized with the Yoast SEO plugin v20.11 - https:\/\/yoast.com\/wordpress\/plugins\/seo\/ -->\n<title>Visitas autoguiadas - Museu T\u00e0pies<\/title>\n<meta name=\"description\" content=\"El Museu T\u00e0pies de Barcelona, Catalu\u00f1a, ofrece un servicio de audiogu\u00eda mediante una tarjeta personalizada que permite visitar las exposiciones de arte contempor\u00e1neo.\" \/>\n<meta name=\"robots\" content=\"index, follow, max-snippet:-1, max-image-preview:large, max-video-preview:-1\" \/>\n<meta property=\"og:locale\" content=\"es_ES\" \/>\n<meta property=\"og:type\" content=\"article\" \/>\n<meta property=\"og:title\" content=\"Visitas autoguiadas - Museu T\u00e0pies\" \/>\n<meta property=\"og:description\" content=\"El Museu T\u00e0pies de Barcelona, Catalu\u00f1a, ofrece un servicio de audiogu\u00eda mediante una tarjeta personalizada que permite visitar las exposiciones de arte contempor\u00e1neo.\" \/>\n<meta property=\"og:url\" content=\"https:\/\/museutapies.org\/es\/visitas-autoguiadas\/\" \/>\n<meta property=\"og:site_name\" content=\"Museu T\u00e0pies\" \/>\n<meta property=\"article:publisher\" content=\"https:\/\/www.facebook.com\/museutapies\" \/>\n<meta property=\"article:modified_time\" content=\"2025-09-01T08:46:22+00:00\" \/>\n<meta property=\"og:image\" content=\"https:\/\/museutapies.org\/wp-content\/uploads\/2023\/08\/162_FF8_C011_B_RR_59.jpg\" \/>\n\t<meta property=\"og:image:width\" content=\"1981\" \/>\n\t<meta property=\"og:image:height\" content=\"1321\" \/>\n\t<meta property=\"og:image:type\" content=\"image\/jpeg\" \/>\n<meta name=\"twitter:card\" content=\"summary_large_image\" \/>\n<meta name=\"twitter:label1\" content=\"Tiempo de lectura\" \/>\n\t<meta name=\"twitter:data1\" content=\"1 minuto\" \/>\n<script type=\"application\/ld+json\" class=\"yoast-schema-graph\">{\"@context\":\"https:\/\/schema.org\",\"@graph\":[{\"@type\":\"WebPage\",\"@id\":\"https:\/\/museutapies.org\/es\/visitas-autoguiadas\/\",\"url\":\"https:\/\/museutapies.org\/es\/visitas-autoguiadas\/\",\"name\":\"Visitas autoguiadas - Museu T\u00e0pies\",\"isPartOf\":{\"@id\":\"https:\/\/museutapies.org\/en\/#website\"},\"datePublished\":\"2022-06-22T15:42:03+00:00\",\"dateModified\":\"2025-09-01T08:46:22+00:00\",\"description\":\"El Museu T\u00e0pies de Barcelona, Catalu\u00f1a, ofrece un servicio de audiogu\u00eda mediante una tarjeta personalizada que permite visitar las exposiciones de arte contempor\u00e1neo.\",\"inLanguage\":\"es\",\"potentialAction\":[{\"@type\":\"ReadAction\",\"target\":[\"https:\/\/museutapies.org\/es\/visitas-autoguiadas\/\"]}]},{\"@type\":\"WebSite\",\"@id\":\"https:\/\/museutapies.org\/en\/#website\",\"url\":\"https:\/\/museutapies.org\/en\/\",\"name\":\"Museu T\u00e0pies\",\"description\":\"\",\"publisher\":{\"@id\":\"https:\/\/museutapies.org\/en\/#organization\"},\"potentialAction\":[{\"@type\":\"SearchAction\",\"target\":{\"@type\":\"EntryPoint\",\"urlTemplate\":\"https:\/\/museutapies.org\/en\/?s={search_term_string}\"},\"query-input\":\"required name=search_term_string\"}],\"inLanguage\":\"es\"},{\"@type\":\"Organization\",\"@id\":\"https:\/\/museutapies.org\/en\/#organization\",\"name\":\"Museu T\u00e0pies\",\"url\":\"https:\/\/museutapies.org\/en\/\",\"logo\":{\"@type\":\"ImageObject\",\"inLanguage\":\"es\",\"@id\":\"https:\/\/museutapies.org\/en\/#\/schema\/logo\/image\/\",\"url\":\"https:\/\/museutapies.org\/wp-content\/uploads\/2024\/07\/mta.png\",\"contentUrl\":\"https:\/\/museutapies.org\/wp-content\/uploads\/2024\/07\/mta.png\",\"width\":244,\"height\":110,\"caption\":\"Museu T\u00e0pies\"},\"image\":{\"@id\":\"https:\/\/museutapies.org\/en\/#\/schema\/logo\/image\/\"},\"sameAs\":[\"https:\/\/www.facebook.com\/museutapies\",\"https:\/\/www.instagram.com\/museutapies\/\",\"https:\/\/www.youtube.com\/channel\/UCPi65HBb48RMeoa12lR51cQ\",\"https:\/\/x.com\/MuseuTapies\"]}]}<\/script>\n<!-- \/ Yoast SEO plugin. -->","yoast_head_json":{"title":"Visitas autoguiadas - Museu T\u00e0pies","description":"El Museu T\u00e0pies de Barcelona, Catalu\u00f1a, ofrece un servicio de audiogu\u00eda mediante una tarjeta personalizada que permite visitar las exposiciones de arte contempor\u00e1neo.","robots":{"index":"index","follow":"follow","max-snippet":"max-snippet:-1","max-image-preview":"max-image-preview:large","max-video-preview":"max-video-preview:-1"},"og_locale":"es_ES","og_type":"article","og_title":"Visitas autoguiadas - Museu T\u00e0pies","og_description":"El Museu T\u00e0pies de Barcelona, Catalu\u00f1a, ofrece un servicio de audiogu\u00eda mediante una tarjeta personalizada que permite visitar las exposiciones de arte contempor\u00e1neo.","og_url":"https:\/\/museutapies.org\/es\/visitas-autoguiadas\/","og_site_name":"Museu T\u00e0pies","article_publisher":"https:\/\/www.facebook.com\/museutapies","article_modified_time":"2025-09-01T08:46:22+00:00","og_image":[{"width":1981,"height":1321,"url":"https:\/\/museutapies.org\/wp-content\/uploads\/2023\/08\/162_FF8_C011_B_RR_59.jpg","type":"image\/jpeg"}],"twitter_card":"summary_large_image","twitter_misc":{"Tiempo de lectura":"1 minuto"},"schema":{"@context":"https:\/\/schema.org","@graph":[{"@type":"WebPage","@id":"https:\/\/museutapies.org\/es\/visitas-autoguiadas\/","url":"https:\/\/museutapies.org\/es\/visitas-autoguiadas\/","name":"Visitas autoguiadas - Museu T\u00e0pies","isPartOf":{"@id":"https:\/\/museutapies.org\/en\/#website"},"datePublished":"2022-06-22T15:42:03+00:00","dateModified":"2025-09-01T08:46:22+00:00","description":"El Museu T\u00e0pies de Barcelona, Catalu\u00f1a, ofrece un servicio de audiogu\u00eda mediante una tarjeta personalizada que permite visitar las exposiciones de arte contempor\u00e1neo.","inLanguage":"es","potentialAction":[{"@type":"ReadAction","target":["https:\/\/museutapies.org\/es\/visitas-autoguiadas\/"]}]},{"@type":"WebSite","@id":"https:\/\/museutapies.org\/en\/#website","url":"https:\/\/museutapies.org\/en\/","name":"Museu T\u00e0pies","description":"","publisher":{"@id":"https:\/\/museutapies.org\/en\/#organization"},"potentialAction":[{"@type":"SearchAction","target":{"@type":"EntryPoint","urlTemplate":"https:\/\/museutapies.org\/en\/?s={search_term_string}"},"query-input":"required name=search_term_string"}],"inLanguage":"es"},{"@type":"Organization","@id":"https:\/\/museutapies.org\/en\/#organization","name":"Museu T\u00e0pies","url":"https:\/\/museutapies.org\/en\/","logo":{"@type":"ImageObject","inLanguage":"es","@id":"https:\/\/museutapies.org\/en\/#\/schema\/logo\/image\/","url":"https:\/\/museutapies.org\/wp-content\/uploads\/2024\/07\/mta.png","contentUrl":"https:\/\/museutapies.org\/wp-content\/uploads\/2024\/07\/mta.png","width":244,"height":110,"caption":"Museu T\u00e0pies"},"image":{"@id":"https:\/\/museutapies.org\/en\/#\/schema\/logo\/image\/"},"sameAs":["https:\/\/www.facebook.com\/museutapies","https:\/\/www.instagram.com\/museutapies\/","https:\/\/www.youtube.com\/channel\/UCPi65HBb48RMeoa12lR51cQ","https:\/\/x.com\/MuseuTapies"]}]}},"_links":{"self":[{"href":"https:\/\/museutapies.org\/es\/wp-json\/wp\/v2\/pages\/23539"}],"collection":[{"href":"https:\/\/museutapies.org\/es\/wp-json\/wp\/v2\/pages"}],"about":[{"href":"https:\/\/museutapies.org\/es\/wp-json\/wp\/v2\/types\/page"}],"author":[{"embeddable":true,"href":"https:\/\/museutapies.org\/es\/wp-json\/wp\/v2\/users\/3"}],"replies":[{"embeddable":true,"href":"https:\/\/museutapies.org\/es\/wp-json\/wp\/v2\/comments?post=23539"}],"version-history":[{"count":12,"href":"https:\/\/museutapies.org\/es\/wp-json\/wp\/v2\/pages\/23539\/revisions"}],"predecessor-version":[{"id":40787,"href":"https:\/\/museutapies.org\/es\/wp-json\/wp\/v2\/pages\/23539\/revisions\/40787"}],"wp:featuredmedia":[{"embeddable":true,"href":"https:\/\/museutapies.org\/es\/wp-json\/wp\/v2\/media\/35495"}],"wp:attachment":[{"href":"https:\/\/museutapies.org\/es\/wp-json\/wp\/v2\/media?parent=23539"}],"curies":[{"name":"wp","href":"https:\/\/api.w.org\/{rel}","templated":true}]}}