{"id":25944,"date":"2018-02-13T11:03:58","date_gmt":"2018-02-13T11:03:58","guid":{"rendered":"https:\/\/museutapies.org\/la-biblioteca\/"},"modified":"2024-10-14T10:59:33","modified_gmt":"2024-10-14T08:59:33","slug":"la-biblioteca","status":"publish","type":"page","link":"https:\/\/museutapies.org\/es\/la-biblioteca\/","title":{"rendered":"Biblioteca"},"content":{"rendered":"<p class=\"p1\"><span class=\"s1\">La Biblioteca del Museu T\u00e0pies fue inaugurada en junio de 1990. Est\u00e1 ubicada en el <a href=\"https:\/\/museutapies.org\/es\/edificio\/\"><span class=\"s2\">edificio<\/span><\/a> de la antigua Editorial Montaner y Sim\u00f3n, obra proyectada en 1879 por el arquitecto modernista Llu\u00eds Dom\u00e8nech i Montaner. La Biblioteca est\u00e1 especializada en arte moderno y contempor\u00e1neo.<\/span><\/p>\n<p class=\"p1\"><span class=\"s1\">\u00a0<\/span><\/p>\n<p class=\"p1\"><span class=\"s1\">Recoge tambi\u00e9n el fondo m\u00e1s extenso sobre la obra de <a href=\"https:\/\/museutapies.org\/es\/biografia\/\"><span class=\"s2\">Antoni T\u00e0pies<\/span><\/a>: monograf\u00edas, cat\u00e1logos de exposiciones, invitaciones, art\u00edculos de prensa y material de archivo diverso. Las colecciones incluyen libros sobre pintura, escultura, dibujo, grabado, arquitectura, dise\u00f1o, artes decorativas, <i>performance<\/i>, fotograf\u00eda, cine y v\u00eddeo, as\u00ed como las artes emergentes m\u00e1s recientes. Son destacables las colecciones sobre cultura y arte asi\u00e1tico, africano y oce\u00e1nico.<\/span><\/p>\n<p class=\"p1\"><span class=\"s1\">\u00a0<\/span><\/p>\n<p class=\"p1\"><span class=\"s1\">Su fondo inicial estaba compuesto por unos 9.000 vol\u00famenes procedentes de la donaci\u00f3n de la biblioteca particular de Antoni T\u00e0pies.\u00a0<\/span><\/p>\n<p>&nbsp;<\/p>\n<p class=\"p1\"><span class=\"s1\">El fondo actual lo constituyen m\u00e1s de 54.000 libros y cat\u00e1logos de exposiciones. Dispone, adem\u00e1s, de 580 t\u00edtulos de publicaciones peri\u00f3dicas y una colecci\u00f3n de audiovisuales de m\u00e1s de 800 t\u00edtulos.\u00a0<\/span><\/p>\n<p>&nbsp;<\/p>\n<p class=\"p1\"><span class=\"s1\">La mayor parte de los materiales se encuentran en acceso directo; las colecciones especiales se conservan en una secci\u00f3n de reserva.<\/span><\/p>\n","protected":false},"excerpt":{"rendered":"<p>La Biblioteca del Museu T\u00e0pies fue inaugurada en junio de 1990. Est\u00e1 ubicada en el edificio de la antigua Editorial [&hellip;]<\/p>\n","protected":false},"author":1,"featured_media":0,"parent":0,"menu_order":0,"comment_status":"closed","ping_status":"closed","template":"template_sense-menu-lateral.php","meta":{"footnotes":""},"acf":[],"yoast_head":"<!-- This site is optimized with the Yoast SEO plugin v20.11 - https:\/\/yoast.com\/wordpress\/plugins\/seo\/ -->\n<title>Biblioteca - Museu T\u00e0pies<\/title>\n<meta name=\"description\" content=\"La Biblioteca de la Fundaci\u00f3 Antoni T\u00e0pies cuenta con un fondo de 50.000 libros especializado en arte moderno y contempor\u00e1neo.\" \/>\n<meta name=\"robots\" content=\"index, follow, max-snippet:-1, max-image-preview:large, max-video-preview:-1\" \/>\n<meta property=\"og:locale\" content=\"es_ES\" \/>\n<meta property=\"og:type\" content=\"article\" \/>\n<meta property=\"og:title\" content=\"Biblioteca - Museu T\u00e0pies\" \/>\n<meta property=\"og:description\" content=\"La Biblioteca de la Fundaci\u00f3 Antoni T\u00e0pies cuenta con un fondo de 50.000 libros especializado en arte moderno y contempor\u00e1neo.\" \/>\n<meta property=\"og:url\" content=\"https:\/\/museutapies.org\/es\/la-biblioteca\/\" \/>\n<meta property=\"og:site_name\" content=\"Museu T\u00e0pies\" \/>\n<meta property=\"article:publisher\" content=\"https:\/\/www.facebook.com\/museutapies\" \/>\n<meta property=\"article:modified_time\" content=\"2024-10-14T08:59:33+00:00\" \/>\n<meta name=\"twitter:card\" content=\"summary_large_image\" \/>\n<meta name=\"twitter:label1\" content=\"Tiempo de lectura\" \/>\n\t<meta name=\"twitter:data1\" content=\"1 minuto\" \/>\n<script type=\"application\/ld+json\" class=\"yoast-schema-graph\">{\"@context\":\"https:\/\/schema.org\",\"@graph\":[{\"@type\":\"WebPage\",\"@id\":\"https:\/\/museutapies.org\/es\/la-biblioteca\/\",\"url\":\"https:\/\/museutapies.org\/es\/la-biblioteca\/\",\"name\":\"Biblioteca - Museu T\u00e0pies\",\"isPartOf\":{\"@id\":\"https:\/\/museutapies.org\/en\/#website\"},\"datePublished\":\"2018-02-13T11:03:58+00:00\",\"dateModified\":\"2024-10-14T08:59:33+00:00\",\"description\":\"La Biblioteca de la Fundaci\u00f3 Antoni T\u00e0pies cuenta con un fondo de 50.000 libros especializado en arte moderno y contempor\u00e1neo.\",\"inLanguage\":\"es\",\"potentialAction\":[{\"@type\":\"ReadAction\",\"target\":[\"https:\/\/museutapies.org\/es\/la-biblioteca\/\"]}]},{\"@type\":\"WebSite\",\"@id\":\"https:\/\/museutapies.org\/en\/#website\",\"url\":\"https:\/\/museutapies.org\/en\/\",\"name\":\"Museu T\u00e0pies\",\"description\":\"\",\"publisher\":{\"@id\":\"https:\/\/museutapies.org\/en\/#organization\"},\"potentialAction\":[{\"@type\":\"SearchAction\",\"target\":{\"@type\":\"EntryPoint\",\"urlTemplate\":\"https:\/\/museutapies.org\/en\/?s={search_term_string}\"},\"query-input\":\"required name=search_term_string\"}],\"inLanguage\":\"es\"},{\"@type\":\"Organization\",\"@id\":\"https:\/\/museutapies.org\/en\/#organization\",\"name\":\"Museu T\u00e0pies\",\"url\":\"https:\/\/museutapies.org\/en\/\",\"logo\":{\"@type\":\"ImageObject\",\"inLanguage\":\"es\",\"@id\":\"https:\/\/museutapies.org\/en\/#\/schema\/logo\/image\/\",\"url\":\"https:\/\/museutapies.org\/wp-content\/uploads\/2024\/07\/mta.png\",\"contentUrl\":\"https:\/\/museutapies.org\/wp-content\/uploads\/2024\/07\/mta.png\",\"width\":244,\"height\":110,\"caption\":\"Museu T\u00e0pies\"},\"image\":{\"@id\":\"https:\/\/museutapies.org\/en\/#\/schema\/logo\/image\/\"},\"sameAs\":[\"https:\/\/www.facebook.com\/museutapies\",\"https:\/\/www.instagram.com\/museutapies\/\",\"https:\/\/www.youtube.com\/channel\/UCPi65HBb48RMeoa12lR51cQ\",\"https:\/\/x.com\/MuseuTapies\"]}]}<\/script>\n<!-- \/ Yoast SEO plugin. -->","yoast_head_json":{"title":"Biblioteca - Museu T\u00e0pies","description":"La Biblioteca de la Fundaci\u00f3 Antoni T\u00e0pies cuenta con un fondo de 50.000 libros especializado en arte moderno y contempor\u00e1neo.","robots":{"index":"index","follow":"follow","max-snippet":"max-snippet:-1","max-image-preview":"max-image-preview:large","max-video-preview":"max-video-preview:-1"},"og_locale":"es_ES","og_type":"article","og_title":"Biblioteca - Museu T\u00e0pies","og_description":"La Biblioteca de la Fundaci\u00f3 Antoni T\u00e0pies cuenta con un fondo de 50.000 libros especializado en arte moderno y contempor\u00e1neo.","og_url":"https:\/\/museutapies.org\/es\/la-biblioteca\/","og_site_name":"Museu T\u00e0pies","article_publisher":"https:\/\/www.facebook.com\/museutapies","article_modified_time":"2024-10-14T08:59:33+00:00","twitter_card":"summary_large_image","twitter_misc":{"Tiempo de lectura":"1 minuto"},"schema":{"@context":"https:\/\/schema.org","@graph":[{"@type":"WebPage","@id":"https:\/\/museutapies.org\/es\/la-biblioteca\/","url":"https:\/\/museutapies.org\/es\/la-biblioteca\/","name":"Biblioteca - Museu T\u00e0pies","isPartOf":{"@id":"https:\/\/museutapies.org\/en\/#website"},"datePublished":"2018-02-13T11:03:58+00:00","dateModified":"2024-10-14T08:59:33+00:00","description":"La Biblioteca de la Fundaci\u00f3 Antoni T\u00e0pies cuenta con un fondo de 50.000 libros especializado en arte moderno y contempor\u00e1neo.","inLanguage":"es","potentialAction":[{"@type":"ReadAction","target":["https:\/\/museutapies.org\/es\/la-biblioteca\/"]}]},{"@type":"WebSite","@id":"https:\/\/museutapies.org\/en\/#website","url":"https:\/\/museutapies.org\/en\/","name":"Museu T\u00e0pies","description":"","publisher":{"@id":"https:\/\/museutapies.org\/en\/#organization"},"potentialAction":[{"@type":"SearchAction","target":{"@type":"EntryPoint","urlTemplate":"https:\/\/museutapies.org\/en\/?s={search_term_string}"},"query-input":"required name=search_term_string"}],"inLanguage":"es"},{"@type":"Organization","@id":"https:\/\/museutapies.org\/en\/#organization","name":"Museu T\u00e0pies","url":"https:\/\/museutapies.org\/en\/","logo":{"@type":"ImageObject","inLanguage":"es","@id":"https:\/\/museutapies.org\/en\/#\/schema\/logo\/image\/","url":"https:\/\/museutapies.org\/wp-content\/uploads\/2024\/07\/mta.png","contentUrl":"https:\/\/museutapies.org\/wp-content\/uploads\/2024\/07\/mta.png","width":244,"height":110,"caption":"Museu T\u00e0pies"},"image":{"@id":"https:\/\/museutapies.org\/en\/#\/schema\/logo\/image\/"},"sameAs":["https:\/\/www.facebook.com\/museutapies","https:\/\/www.instagram.com\/museutapies\/","https:\/\/www.youtube.com\/channel\/UCPi65HBb48RMeoa12lR51cQ","https:\/\/x.com\/MuseuTapies"]}]}},"_links":{"self":[{"href":"https:\/\/museutapies.org\/es\/wp-json\/wp\/v2\/pages\/25944"}],"collection":[{"href":"https:\/\/museutapies.org\/es\/wp-json\/wp\/v2\/pages"}],"about":[{"href":"https:\/\/museutapies.org\/es\/wp-json\/wp\/v2\/types\/page"}],"author":[{"embeddable":true,"href":"https:\/\/museutapies.org\/es\/wp-json\/wp\/v2\/users\/1"}],"replies":[{"embeddable":true,"href":"https:\/\/museutapies.org\/es\/wp-json\/wp\/v2\/comments?post=25944"}],"version-history":[{"count":5,"href":"https:\/\/museutapies.org\/es\/wp-json\/wp\/v2\/pages\/25944\/revisions"}],"predecessor-version":[{"id":36396,"href":"https:\/\/museutapies.org\/es\/wp-json\/wp\/v2\/pages\/25944\/revisions\/36396"}],"wp:attachment":[{"href":"https:\/\/museutapies.org\/es\/wp-json\/wp\/v2\/media?parent=25944"}],"curies":[{"name":"wp","href":"https:\/\/api.w.org\/{rel}","templated":true}]}}