{"id":2789,"date":"2018-02-13T12:41:27","date_gmt":"2018-02-13T12:41:27","guid":{"rendered":"https:\/\/museutapies.org\/?page_id=2789"},"modified":"2026-01-27T12:04:14","modified_gmt":"2026-01-27T11:04:14","slug":"quieres-una-donacion","status":"publish","type":"page","link":"https:\/\/museutapies.org\/es\/amigos\/quieres-una-donacion\/","title":{"rendered":"\u00bfQuieres hacer una donaci\u00f3n?"},"content":{"rendered":"<p>Si quiere hacer una donaci\u00f3n al Museu T\u00e0pies, rellene este formulario y nos pondremos en contacto con usted.<\/p>\n","protected":false},"excerpt":{"rendered":"<p>Si quiere hacer una donaci\u00f3n al Museu T\u00e0pies, rellene este formulario y nos pondremos en contacto con usted.<\/p>\n","protected":false},"author":4,"featured_media":0,"parent":2038,"menu_order":4,"comment_status":"closed","ping_status":"closed","template":"template_formulari.php","meta":{"footnotes":""},"acf":[],"yoast_head":"<!-- This site is optimized with the Yoast SEO plugin v20.11 - https:\/\/yoast.com\/wordpress\/plugins\/seo\/ -->\n<title>\u00bfQuieres hacer una donaci\u00f3n? - Museu T\u00e0pies<\/title>\n<meta name=\"description\" content=\"Registro para realizar una donaci\u00f3n al Museu T\u00e0pies, museo de arte contempor\u00e1neo de Barcelona dedicado a la obra de Antoni T\u00e0pies.\" \/>\n<meta name=\"robots\" content=\"index, follow, max-snippet:-1, max-image-preview:large, max-video-preview:-1\" \/>\n<meta property=\"og:locale\" content=\"es_ES\" \/>\n<meta property=\"og:type\" content=\"article\" \/>\n<meta property=\"og:title\" content=\"\u00bfQuieres hacer una donaci\u00f3n? - Museu T\u00e0pies\" \/>\n<meta property=\"og:description\" content=\"Registro para realizar una donaci\u00f3n al Museu T\u00e0pies, museo de arte contempor\u00e1neo de Barcelona dedicado a la obra de Antoni T\u00e0pies.\" \/>\n<meta property=\"og:url\" content=\"https:\/\/museutapies.org\/es\/amigos\/quieres-una-donacion\/\" \/>\n<meta property=\"og:site_name\" content=\"Museu T\u00e0pies\" \/>\n<meta property=\"article:publisher\" content=\"https:\/\/www.facebook.com\/museutapies\" \/>\n<meta property=\"article:modified_time\" content=\"2026-01-27T11:04:14+00:00\" \/>\n<meta name=\"twitter:card\" content=\"summary_large_image\" \/>\n<meta name=\"twitter:label1\" content=\"Tiempo de lectura\" \/>\n\t<meta name=\"twitter:data1\" content=\"1 minuto\" \/>\n<script type=\"application\/ld+json\" class=\"yoast-schema-graph\">{\"@context\":\"https:\/\/schema.org\",\"@graph\":[{\"@type\":\"WebPage\",\"@id\":\"https:\/\/museutapies.org\/es\/amigos\/quieres-una-donacion\/\",\"url\":\"https:\/\/museutapies.org\/es\/amigos\/quieres-una-donacion\/\",\"name\":\"\u00bfQuieres hacer una donaci\u00f3n? - Museu T\u00e0pies\",\"isPartOf\":{\"@id\":\"https:\/\/museutapies.org\/en\/#website\"},\"datePublished\":\"2018-02-13T12:41:27+00:00\",\"dateModified\":\"2026-01-27T11:04:14+00:00\",\"description\":\"Registro para realizar una donaci\u00f3n al Museu T\u00e0pies, museo de arte contempor\u00e1neo de Barcelona dedicado a la obra de Antoni T\u00e0pies.\",\"breadcrumb\":{\"@id\":\"https:\/\/museutapies.org\/es\/amigos\/quieres-una-donacion\/#breadcrumb\"},\"inLanguage\":\"es\",\"potentialAction\":[{\"@type\":\"ReadAction\",\"target\":[\"https:\/\/museutapies.org\/es\/amigos\/quieres-una-donacion\/\"]}]},{\"@type\":\"BreadcrumbList\",\"@id\":\"https:\/\/museutapies.org\/es\/amigos\/quieres-una-donacion\/#breadcrumb\",\"itemListElement\":[{\"@type\":\"ListItem\",\"position\":1,\"name\":\"Hazte amigo\/amiga del Museu T\u00e0pies\",\"item\":\"https:\/\/museutapies.org\/es\/amigos\/\"},{\"@type\":\"ListItem\",\"position\":2,\"name\":\"\u00bfQuieres hacer una donaci\u00f3n?\"}]},{\"@type\":\"WebSite\",\"@id\":\"https:\/\/museutapies.org\/en\/#website\",\"url\":\"https:\/\/museutapies.org\/en\/\",\"name\":\"Museu T\u00e0pies\",\"description\":\"\",\"publisher\":{\"@id\":\"https:\/\/museutapies.org\/en\/#organization\"},\"potentialAction\":[{\"@type\":\"SearchAction\",\"target\":{\"@type\":\"EntryPoint\",\"urlTemplate\":\"https:\/\/museutapies.org\/en\/?s={search_term_string}\"},\"query-input\":\"required name=search_term_string\"}],\"inLanguage\":\"es\"},{\"@type\":\"Organization\",\"@id\":\"https:\/\/museutapies.org\/en\/#organization\",\"name\":\"Museu T\u00e0pies\",\"url\":\"https:\/\/museutapies.org\/en\/\",\"logo\":{\"@type\":\"ImageObject\",\"inLanguage\":\"es\",\"@id\":\"https:\/\/museutapies.org\/en\/#\/schema\/logo\/image\/\",\"url\":\"https:\/\/museutapies.org\/wp-content\/uploads\/2024\/07\/mta.png\",\"contentUrl\":\"https:\/\/museutapies.org\/wp-content\/uploads\/2024\/07\/mta.png\",\"width\":244,\"height\":110,\"caption\":\"Museu T\u00e0pies\"},\"image\":{\"@id\":\"https:\/\/museutapies.org\/en\/#\/schema\/logo\/image\/\"},\"sameAs\":[\"https:\/\/www.facebook.com\/museutapies\",\"https:\/\/www.instagram.com\/museutapies\/\",\"https:\/\/www.youtube.com\/channel\/UCPi65HBb48RMeoa12lR51cQ\",\"https:\/\/x.com\/MuseuTapies\"]}]}<\/script>\n<!-- \/ Yoast SEO plugin. -->","yoast_head_json":{"title":"\u00bfQuieres hacer una donaci\u00f3n? - Museu T\u00e0pies","description":"Registro para realizar una donaci\u00f3n al Museu T\u00e0pies, museo de arte contempor\u00e1neo de Barcelona dedicado a la obra de Antoni T\u00e0pies.","robots":{"index":"index","follow":"follow","max-snippet":"max-snippet:-1","max-image-preview":"max-image-preview:large","max-video-preview":"max-video-preview:-1"},"og_locale":"es_ES","og_type":"article","og_title":"\u00bfQuieres hacer una donaci\u00f3n? - Museu T\u00e0pies","og_description":"Registro para realizar una donaci\u00f3n al Museu T\u00e0pies, museo de arte contempor\u00e1neo de Barcelona dedicado a la obra de Antoni T\u00e0pies.","og_url":"https:\/\/museutapies.org\/es\/amigos\/quieres-una-donacion\/","og_site_name":"Museu T\u00e0pies","article_publisher":"https:\/\/www.facebook.com\/museutapies","article_modified_time":"2026-01-27T11:04:14+00:00","twitter_card":"summary_large_image","twitter_misc":{"Tiempo de lectura":"1 minuto"},"schema":{"@context":"https:\/\/schema.org","@graph":[{"@type":"WebPage","@id":"https:\/\/museutapies.org\/es\/amigos\/quieres-una-donacion\/","url":"https:\/\/museutapies.org\/es\/amigos\/quieres-una-donacion\/","name":"\u00bfQuieres hacer una donaci\u00f3n? - Museu T\u00e0pies","isPartOf":{"@id":"https:\/\/museutapies.org\/en\/#website"},"datePublished":"2018-02-13T12:41:27+00:00","dateModified":"2026-01-27T11:04:14+00:00","description":"Registro para realizar una donaci\u00f3n al Museu T\u00e0pies, museo de arte contempor\u00e1neo de Barcelona dedicado a la obra de Antoni T\u00e0pies.","breadcrumb":{"@id":"https:\/\/museutapies.org\/es\/amigos\/quieres-una-donacion\/#breadcrumb"},"inLanguage":"es","potentialAction":[{"@type":"ReadAction","target":["https:\/\/museutapies.org\/es\/amigos\/quieres-una-donacion\/"]}]},{"@type":"BreadcrumbList","@id":"https:\/\/museutapies.org\/es\/amigos\/quieres-una-donacion\/#breadcrumb","itemListElement":[{"@type":"ListItem","position":1,"name":"Hazte amigo\/amiga del Museu T\u00e0pies","item":"https:\/\/museutapies.org\/es\/amigos\/"},{"@type":"ListItem","position":2,"name":"\u00bfQuieres hacer una donaci\u00f3n?"}]},{"@type":"WebSite","@id":"https:\/\/museutapies.org\/en\/#website","url":"https:\/\/museutapies.org\/en\/","name":"Museu T\u00e0pies","description":"","publisher":{"@id":"https:\/\/museutapies.org\/en\/#organization"},"potentialAction":[{"@type":"SearchAction","target":{"@type":"EntryPoint","urlTemplate":"https:\/\/museutapies.org\/en\/?s={search_term_string}"},"query-input":"required name=search_term_string"}],"inLanguage":"es"},{"@type":"Organization","@id":"https:\/\/museutapies.org\/en\/#organization","name":"Museu T\u00e0pies","url":"https:\/\/museutapies.org\/en\/","logo":{"@type":"ImageObject","inLanguage":"es","@id":"https:\/\/museutapies.org\/en\/#\/schema\/logo\/image\/","url":"https:\/\/museutapies.org\/wp-content\/uploads\/2024\/07\/mta.png","contentUrl":"https:\/\/museutapies.org\/wp-content\/uploads\/2024\/07\/mta.png","width":244,"height":110,"caption":"Museu T\u00e0pies"},"image":{"@id":"https:\/\/museutapies.org\/en\/#\/schema\/logo\/image\/"},"sameAs":["https:\/\/www.facebook.com\/museutapies","https:\/\/www.instagram.com\/museutapies\/","https:\/\/www.youtube.com\/channel\/UCPi65HBb48RMeoa12lR51cQ","https:\/\/x.com\/MuseuTapies"]}]}},"_links":{"self":[{"href":"https:\/\/museutapies.org\/es\/wp-json\/wp\/v2\/pages\/2789"}],"collection":[{"href":"https:\/\/museutapies.org\/es\/wp-json\/wp\/v2\/pages"}],"about":[{"href":"https:\/\/museutapies.org\/es\/wp-json\/wp\/v2\/types\/page"}],"author":[{"embeddable":true,"href":"https:\/\/museutapies.org\/es\/wp-json\/wp\/v2\/users\/4"}],"replies":[{"embeddable":true,"href":"https:\/\/museutapies.org\/es\/wp-json\/wp\/v2\/comments?post=2789"}],"version-history":[{"count":4,"href":"https:\/\/museutapies.org\/es\/wp-json\/wp\/v2\/pages\/2789\/revisions"}],"predecessor-version":[{"id":43615,"href":"https:\/\/museutapies.org\/es\/wp-json\/wp\/v2\/pages\/2789\/revisions\/43615"}],"up":[{"embeddable":true,"href":"https:\/\/museutapies.org\/es\/wp-json\/wp\/v2\/pages\/2038"}],"wp:attachment":[{"href":"https:\/\/museutapies.org\/es\/wp-json\/wp\/v2\/media?parent=2789"}],"curies":[{"name":"wp","href":"https:\/\/api.w.org\/{rel}","templated":true}]}}