{"id":28043,"date":"2023-08-29T10:07:18","date_gmt":"2023-08-29T10:07:18","guid":{"rendered":"https:\/\/museutapies.org\/?page_id=28043"},"modified":"2025-11-17T12:32:33","modified_gmt":"2025-11-17T11:32:33","slug":"any-tapies","status":"publish","type":"page","link":"https:\/\/museutapies.org\/es\/any-tapies\/","title":{"rendered":"A\u00f1o T\u00e0pies"},"content":{"rendered":"<div id=\"attachment_28044\" style=\"width: 868px\" class=\"wp-caption alignnone\"><img loading=\"lazy\" decoding=\"async\" aria-describedby=\"caption-attachment-28044\" class=\"wp-image-28044 size-full\" src=\"https:\/\/museutapies.org\/wp-content\/uploads\/2023\/08\/Any-Tapies-Ano-Tapies-Tapies-Year-1.jpg\" alt=\"\" width=\"858\" height=\"600\" srcset=\"https:\/\/museutapies.org\/wp-content\/uploads\/2023\/08\/Any-Tapies-Ano-Tapies-Tapies-Year-1.jpg 858w, https:\/\/museutapies.org\/wp-content\/uploads\/2023\/08\/Any-Tapies-Ano-Tapies-Tapies-Year-1-800x559.jpg 800w, https:\/\/museutapies.org\/wp-content\/uploads\/2023\/08\/Any-Tapies-Ano-Tapies-Tapies-Year-1-768x537.jpg 768w, https:\/\/museutapies.org\/wp-content\/uploads\/2023\/08\/Any-Tapies-Ano-Tapies-Tapies-Year-1-500x350.jpg 500w, https:\/\/museutapies.org\/wp-content\/uploads\/2023\/08\/Any-Tapies-Ano-Tapies-Tapies-Year-1-380x266.jpg 380w, https:\/\/museutapies.org\/wp-content\/uploads\/2023\/08\/Any-Tapies-Ano-Tapies-Tapies-Year-1-600x420.jpg 600w\" sizes=\"(max-width: 858px) 100vw, 858px\" \/><p id=\"caption-attachment-28044\" class=\"wp-caption-text\"><span style=\"font-size: 10pt\">Imagen: Antoni T\u00e0pies trabajando en el estudio de Barcelona, 1966-1967. Fotograf\u00eda de Ralph Herrmanns \u00a9 Ralph Herrmanns, 2023.<\/span><\/p><\/div>\n<p>Con motivo de la celebraci\u00f3n del centenario del nacimiento de Antoni T\u00e0pies, la Fundaci\u00f3 Antoni T\u00e0pies impulsa un programa de exposiciones, publicaciones, actividades educativas, eventos singulares y proyectos de creaci\u00f3n y investigaci\u00f3n que se desplegar\u00e1 al largo del a\u00f1o, del 13 de diciembre de 2023 al 13 de diciembre de 2024. El A\u00f1o T\u00e0pies tiene como objetivos consolidar el compromiso de la Fundaci\u00f3 de aproximarse en profundidad a la obra y al pensamiento del artista, difundirlos tanto en el \u00e1mbito nacional como en el internacional, contribuir a actualizar las lecturas y a construir nuevas miradas.<\/p>\n<p>Desde un enfoque interdisciplinario y actualizado, la Fundaci\u00f3 se convertir\u00e1 en el centro neur\u00e1lgico de la efem\u00e9ride, pero tambi\u00e9n existe la voluntad de hacer territorio y de acercar la instituci\u00f3n a la ciudadan\u00eda de todo el pa\u00eds. Adem\u00e1s, se fortalecer\u00e1n las alianzas con aquellas instituciones y con los agentes culturales y art\u00edsticos que se sientan cercanos a todo lo que representa el universo creativo de una personalidad universal como la de Antoni T\u00e0pies. Es por este motivo que la Fundaci\u00f3 velar\u00e1 por tejer una red de relaciones y complicidades que debe permitir dar a conocer y profundizar el legado de T\u00e0pies en su pr\u00e1ctica art\u00edstica y poder interrogarlo desde el presente.<\/p>\n<p>A continuaci\u00f3n, ponemos a su disposici\u00f3n un cat\u00e1logo de actividades para que se pueda sumar a la celebraci\u00f3n del A\u00f1o Tapies.<\/p>\n<p>Hastag del centenario: <strong>#A\u00f1oTapies<\/strong><\/p>\n<p>&nbsp;<\/p>\n<p><iframe loading=\"lazy\" title=\"Any T\u00e0pies | A\u00f1o T\u00e0pies | T\u00e0pies&#039; Year 2024\" width=\"500\" height=\"281\" src=\"https:\/\/www.youtube.com\/embed\/X4I9HCwt9RQ?feature=oembed\" frameborder=\"0\" allow=\"accelerometer; autoplay; clipboard-write; encrypted-media; gyroscope; picture-in-picture; web-share\" referrerpolicy=\"strict-origin-when-cross-origin\" allowfullscreen><\/iframe><\/p>\n","protected":false},"excerpt":{"rendered":"<p>Con motivo de la celebraci\u00f3n del centenario del nacimiento de Antoni T\u00e0pies, la Fundaci\u00f3 Antoni T\u00e0pies impulsa un programa de [&hellip;]<\/p>\n","protected":false},"author":1,"featured_media":29372,"parent":0,"menu_order":0,"comment_status":"closed","ping_status":"closed","template":"template-any-tapies-presentacio.php","meta":{"footnotes":""},"acf":[],"yoast_head":"<!-- This site is optimized with the Yoast SEO plugin v20.11 - https:\/\/yoast.com\/wordpress\/plugins\/seo\/ -->\n<title>A\u00f1o T\u00e0pies - Museu T\u00e0pies<\/title>\n<meta name=\"robots\" content=\"index, follow, max-snippet:-1, max-image-preview:large, max-video-preview:-1\" \/>\n<meta property=\"og:locale\" content=\"es_ES\" \/>\n<meta property=\"og:type\" content=\"article\" \/>\n<meta property=\"og:title\" content=\"A\u00f1o T\u00e0pies - Museu T\u00e0pies\" \/>\n<meta property=\"og:description\" content=\"Con motivo de la celebraci\u00f3n del centenario del nacimiento de Antoni T\u00e0pies, la Fundaci\u00f3 Antoni T\u00e0pies impulsa un programa de [&hellip;]\" \/>\n<meta property=\"og:url\" content=\"https:\/\/museutapies.org\/es\/any-tapies\/\" \/>\n<meta property=\"og:site_name\" content=\"Museu T\u00e0pies\" \/>\n<meta property=\"article:publisher\" content=\"https:\/\/www.facebook.com\/museutapies\" \/>\n<meta property=\"article:modified_time\" content=\"2025-11-17T11:32:33+00:00\" \/>\n<meta property=\"og:image\" content=\"https:\/\/museutapies.org\/wp-content\/uploads\/2023\/11\/Any-Tapies-Ano-Tapies-Tapies-Year-1.jpg\" \/>\n\t<meta property=\"og:image:width\" content=\"858\" \/>\n\t<meta property=\"og:image:height\" content=\"600\" \/>\n\t<meta property=\"og:image:type\" content=\"image\/jpeg\" \/>\n<meta name=\"twitter:card\" content=\"summary_large_image\" \/>\n<meta name=\"twitter:label1\" content=\"Tiempo de lectura\" \/>\n\t<meta name=\"twitter:data1\" content=\"2 minutos\" \/>\n<script type=\"application\/ld+json\" class=\"yoast-schema-graph\">{\"@context\":\"https:\/\/schema.org\",\"@graph\":[{\"@type\":\"WebPage\",\"@id\":\"https:\/\/museutapies.org\/es\/any-tapies\/\",\"url\":\"https:\/\/museutapies.org\/es\/any-tapies\/\",\"name\":\"A\u00f1o T\u00e0pies - Museu T\u00e0pies\",\"isPartOf\":{\"@id\":\"https:\/\/museutapies.org\/en\/#website\"},\"datePublished\":\"2023-08-29T10:07:18+00:00\",\"dateModified\":\"2025-11-17T11:32:33+00:00\",\"inLanguage\":\"es\",\"potentialAction\":[{\"@type\":\"ReadAction\",\"target\":[\"https:\/\/museutapies.org\/es\/any-tapies\/\"]}]},{\"@type\":\"WebSite\",\"@id\":\"https:\/\/museutapies.org\/en\/#website\",\"url\":\"https:\/\/museutapies.org\/en\/\",\"name\":\"Museu T\u00e0pies\",\"description\":\"\",\"publisher\":{\"@id\":\"https:\/\/museutapies.org\/en\/#organization\"},\"potentialAction\":[{\"@type\":\"SearchAction\",\"target\":{\"@type\":\"EntryPoint\",\"urlTemplate\":\"https:\/\/museutapies.org\/en\/?s={search_term_string}\"},\"query-input\":\"required name=search_term_string\"}],\"inLanguage\":\"es\"},{\"@type\":\"Organization\",\"@id\":\"https:\/\/museutapies.org\/en\/#organization\",\"name\":\"Museu T\u00e0pies\",\"url\":\"https:\/\/museutapies.org\/en\/\",\"logo\":{\"@type\":\"ImageObject\",\"inLanguage\":\"es\",\"@id\":\"https:\/\/museutapies.org\/en\/#\/schema\/logo\/image\/\",\"url\":\"https:\/\/museutapies.org\/wp-content\/uploads\/2024\/07\/mta.png\",\"contentUrl\":\"https:\/\/museutapies.org\/wp-content\/uploads\/2024\/07\/mta.png\",\"width\":244,\"height\":110,\"caption\":\"Museu T\u00e0pies\"},\"image\":{\"@id\":\"https:\/\/museutapies.org\/en\/#\/schema\/logo\/image\/\"},\"sameAs\":[\"https:\/\/www.facebook.com\/museutapies\",\"https:\/\/www.instagram.com\/museutapies\/\",\"https:\/\/www.youtube.com\/channel\/UCPi65HBb48RMeoa12lR51cQ\",\"https:\/\/x.com\/MuseuTapies\"]}]}<\/script>\n<!-- \/ Yoast SEO plugin. -->","yoast_head_json":{"title":"A\u00f1o T\u00e0pies - Museu T\u00e0pies","robots":{"index":"index","follow":"follow","max-snippet":"max-snippet:-1","max-image-preview":"max-image-preview:large","max-video-preview":"max-video-preview:-1"},"og_locale":"es_ES","og_type":"article","og_title":"A\u00f1o T\u00e0pies - Museu T\u00e0pies","og_description":"Con motivo de la celebraci\u00f3n del centenario del nacimiento de Antoni T\u00e0pies, la Fundaci\u00f3 Antoni T\u00e0pies impulsa un programa de [&hellip;]","og_url":"https:\/\/museutapies.org\/es\/any-tapies\/","og_site_name":"Museu T\u00e0pies","article_publisher":"https:\/\/www.facebook.com\/museutapies","article_modified_time":"2025-11-17T11:32:33+00:00","og_image":[{"width":858,"height":600,"url":"https:\/\/museutapies.org\/wp-content\/uploads\/2023\/11\/Any-Tapies-Ano-Tapies-Tapies-Year-1.jpg","type":"image\/jpeg"}],"twitter_card":"summary_large_image","twitter_misc":{"Tiempo de lectura":"2 minutos"},"schema":{"@context":"https:\/\/schema.org","@graph":[{"@type":"WebPage","@id":"https:\/\/museutapies.org\/es\/any-tapies\/","url":"https:\/\/museutapies.org\/es\/any-tapies\/","name":"A\u00f1o T\u00e0pies - Museu T\u00e0pies","isPartOf":{"@id":"https:\/\/museutapies.org\/en\/#website"},"datePublished":"2023-08-29T10:07:18+00:00","dateModified":"2025-11-17T11:32:33+00:00","inLanguage":"es","potentialAction":[{"@type":"ReadAction","target":["https:\/\/museutapies.org\/es\/any-tapies\/"]}]},{"@type":"WebSite","@id":"https:\/\/museutapies.org\/en\/#website","url":"https:\/\/museutapies.org\/en\/","name":"Museu T\u00e0pies","description":"","publisher":{"@id":"https:\/\/museutapies.org\/en\/#organization"},"potentialAction":[{"@type":"SearchAction","target":{"@type":"EntryPoint","urlTemplate":"https:\/\/museutapies.org\/en\/?s={search_term_string}"},"query-input":"required name=search_term_string"}],"inLanguage":"es"},{"@type":"Organization","@id":"https:\/\/museutapies.org\/en\/#organization","name":"Museu T\u00e0pies","url":"https:\/\/museutapies.org\/en\/","logo":{"@type":"ImageObject","inLanguage":"es","@id":"https:\/\/museutapies.org\/en\/#\/schema\/logo\/image\/","url":"https:\/\/museutapies.org\/wp-content\/uploads\/2024\/07\/mta.png","contentUrl":"https:\/\/museutapies.org\/wp-content\/uploads\/2024\/07\/mta.png","width":244,"height":110,"caption":"Museu T\u00e0pies"},"image":{"@id":"https:\/\/museutapies.org\/en\/#\/schema\/logo\/image\/"},"sameAs":["https:\/\/www.facebook.com\/museutapies","https:\/\/www.instagram.com\/museutapies\/","https:\/\/www.youtube.com\/channel\/UCPi65HBb48RMeoa12lR51cQ","https:\/\/x.com\/MuseuTapies"]}]}},"_links":{"self":[{"href":"https:\/\/museutapies.org\/es\/wp-json\/wp\/v2\/pages\/28043"}],"collection":[{"href":"https:\/\/museutapies.org\/es\/wp-json\/wp\/v2\/pages"}],"about":[{"href":"https:\/\/museutapies.org\/es\/wp-json\/wp\/v2\/types\/page"}],"author":[{"embeddable":true,"href":"https:\/\/museutapies.org\/es\/wp-json\/wp\/v2\/users\/1"}],"replies":[{"embeddable":true,"href":"https:\/\/museutapies.org\/es\/wp-json\/wp\/v2\/comments?post=28043"}],"version-history":[{"count":26,"href":"https:\/\/museutapies.org\/es\/wp-json\/wp\/v2\/pages\/28043\/revisions"}],"predecessor-version":[{"id":42210,"href":"https:\/\/museutapies.org\/es\/wp-json\/wp\/v2\/pages\/28043\/revisions\/42210"}],"wp:featuredmedia":[{"embeddable":true,"href":"https:\/\/museutapies.org\/es\/wp-json\/wp\/v2\/media\/29372"}],"wp:attachment":[{"href":"https:\/\/museutapies.org\/es\/wp-json\/wp\/v2\/media?parent=28043"}],"curies":[{"name":"wp","href":"https:\/\/api.w.org\/{rel}","templated":true}]}}