{"id":28180,"date":"2023-09-17T14:34:39","date_gmt":"2023-09-17T14:34:39","guid":{"rendered":"https:\/\/museutapies.org\/?page_id=28180"},"modified":"2024-05-02T16:11:17","modified_gmt":"2024-05-02T14:11:17","slug":"programa-publico","status":"publish","type":"page","link":"https:\/\/museutapies.org\/es\/any-tapies\/programa-publico\/","title":{"rendered":"Programa p\u00fablico"},"content":{"rendered":"","protected":false},"excerpt":{"rendered":"","protected":false},"author":3,"featured_media":0,"parent":28043,"menu_order":0,"comment_status":"closed","ping_status":"closed","template":"template-any-tapies-activitats.php","meta":{"footnotes":""},"acf":[],"yoast_head":"<!-- This site is optimized with the Yoast SEO plugin v20.11 - https:\/\/yoast.com\/wordpress\/plugins\/seo\/ -->\n<title>Programa p\u00fablico - Museu T\u00e0pies<\/title>\n<meta name=\"description\" content=\"Actividades realizadas en el marco del A\u00f1o T\u00e0pies, que conmemora el aniversario del nacimiento del artista catal\u00e1n Antoni T\u00e0pies, organizado por el museo de arte moderno Fundaci\u00f3 Antoni T\u00e0pies de Barcelona.\" \/>\n<meta name=\"robots\" content=\"index, follow, max-snippet:-1, max-image-preview:large, max-video-preview:-1\" \/>\n<meta property=\"og:locale\" content=\"es_ES\" \/>\n<meta property=\"og:type\" content=\"article\" \/>\n<meta property=\"og:title\" content=\"Programa p\u00fablico - Museu T\u00e0pies\" \/>\n<meta property=\"og:description\" content=\"Actividades realizadas en el marco del A\u00f1o T\u00e0pies, que conmemora el aniversario del nacimiento del artista catal\u00e1n Antoni T\u00e0pies, organizado por el museo de arte moderno Fundaci\u00f3 Antoni T\u00e0pies de Barcelona.\" \/>\n<meta property=\"og:url\" content=\"https:\/\/museutapies.org\/es\/any-tapies\/programa-publico\/\" \/>\n<meta property=\"og:site_name\" content=\"Museu T\u00e0pies\" \/>\n<meta property=\"article:publisher\" content=\"https:\/\/www.facebook.com\/museutapies\" \/>\n<meta property=\"article:modified_time\" content=\"2024-05-02T14:11:17+00:00\" \/>\n<meta name=\"twitter:card\" content=\"summary_large_image\" \/>\n<script type=\"application\/ld+json\" class=\"yoast-schema-graph\">{\"@context\":\"https:\/\/schema.org\",\"@graph\":[{\"@type\":\"WebPage\",\"@id\":\"https:\/\/museutapies.org\/es\/any-tapies\/programa-publico\/\",\"url\":\"https:\/\/museutapies.org\/es\/any-tapies\/programa-publico\/\",\"name\":\"Programa p\u00fablico - Museu T\u00e0pies\",\"isPartOf\":{\"@id\":\"https:\/\/museutapies.org\/en\/#website\"},\"datePublished\":\"2023-09-17T14:34:39+00:00\",\"dateModified\":\"2024-05-02T14:11:17+00:00\",\"description\":\"Actividades realizadas en el marco del A\u00f1o T\u00e0pies, que conmemora el aniversario del nacimiento del artista catal\u00e1n Antoni T\u00e0pies, organizado por el museo de arte moderno Fundaci\u00f3 Antoni T\u00e0pies de Barcelona.\",\"breadcrumb\":{\"@id\":\"https:\/\/museutapies.org\/es\/any-tapies\/programa-publico\/#breadcrumb\"},\"inLanguage\":\"es\",\"potentialAction\":[{\"@type\":\"ReadAction\",\"target\":[\"https:\/\/museutapies.org\/es\/any-tapies\/programa-publico\/\"]}]},{\"@type\":\"BreadcrumbList\",\"@id\":\"https:\/\/museutapies.org\/es\/any-tapies\/programa-publico\/#breadcrumb\",\"itemListElement\":[{\"@type\":\"ListItem\",\"position\":1,\"name\":\"A\u00f1o T\u00e0pies\",\"item\":\"https:\/\/museutapies.org\/es\/any-tapies\/\"},{\"@type\":\"ListItem\",\"position\":2,\"name\":\"Programa p\u00fablico\"}]},{\"@type\":\"WebSite\",\"@id\":\"https:\/\/museutapies.org\/en\/#website\",\"url\":\"https:\/\/museutapies.org\/en\/\",\"name\":\"Museu T\u00e0pies\",\"description\":\"\",\"publisher\":{\"@id\":\"https:\/\/museutapies.org\/en\/#organization\"},\"potentialAction\":[{\"@type\":\"SearchAction\",\"target\":{\"@type\":\"EntryPoint\",\"urlTemplate\":\"https:\/\/museutapies.org\/en\/?s={search_term_string}\"},\"query-input\":\"required name=search_term_string\"}],\"inLanguage\":\"es\"},{\"@type\":\"Organization\",\"@id\":\"https:\/\/museutapies.org\/en\/#organization\",\"name\":\"Museu T\u00e0pies\",\"url\":\"https:\/\/museutapies.org\/en\/\",\"logo\":{\"@type\":\"ImageObject\",\"inLanguage\":\"es\",\"@id\":\"https:\/\/museutapies.org\/en\/#\/schema\/logo\/image\/\",\"url\":\"https:\/\/museutapies.org\/wp-content\/uploads\/2024\/07\/mta.png\",\"contentUrl\":\"https:\/\/museutapies.org\/wp-content\/uploads\/2024\/07\/mta.png\",\"width\":244,\"height\":110,\"caption\":\"Museu T\u00e0pies\"},\"image\":{\"@id\":\"https:\/\/museutapies.org\/en\/#\/schema\/logo\/image\/\"},\"sameAs\":[\"https:\/\/www.facebook.com\/museutapies\",\"https:\/\/www.instagram.com\/museutapies\/\",\"https:\/\/www.youtube.com\/channel\/UCPi65HBb48RMeoa12lR51cQ\",\"https:\/\/x.com\/MuseuTapies\"]}]}<\/script>\n<!-- \/ Yoast SEO plugin. -->","yoast_head_json":{"title":"Programa p\u00fablico - Museu T\u00e0pies","description":"Actividades realizadas en el marco del A\u00f1o T\u00e0pies, que conmemora el aniversario del nacimiento del artista catal\u00e1n Antoni T\u00e0pies, organizado por el museo de arte moderno Fundaci\u00f3 Antoni T\u00e0pies de Barcelona.","robots":{"index":"index","follow":"follow","max-snippet":"max-snippet:-1","max-image-preview":"max-image-preview:large","max-video-preview":"max-video-preview:-1"},"og_locale":"es_ES","og_type":"article","og_title":"Programa p\u00fablico - Museu T\u00e0pies","og_description":"Actividades realizadas en el marco del A\u00f1o T\u00e0pies, que conmemora el aniversario del nacimiento del artista catal\u00e1n Antoni T\u00e0pies, organizado por el museo de arte moderno Fundaci\u00f3 Antoni T\u00e0pies de Barcelona.","og_url":"https:\/\/museutapies.org\/es\/any-tapies\/programa-publico\/","og_site_name":"Museu T\u00e0pies","article_publisher":"https:\/\/www.facebook.com\/museutapies","article_modified_time":"2024-05-02T14:11:17+00:00","twitter_card":"summary_large_image","schema":{"@context":"https:\/\/schema.org","@graph":[{"@type":"WebPage","@id":"https:\/\/museutapies.org\/es\/any-tapies\/programa-publico\/","url":"https:\/\/museutapies.org\/es\/any-tapies\/programa-publico\/","name":"Programa p\u00fablico - Museu T\u00e0pies","isPartOf":{"@id":"https:\/\/museutapies.org\/en\/#website"},"datePublished":"2023-09-17T14:34:39+00:00","dateModified":"2024-05-02T14:11:17+00:00","description":"Actividades realizadas en el marco del A\u00f1o T\u00e0pies, que conmemora el aniversario del nacimiento del artista catal\u00e1n Antoni T\u00e0pies, organizado por el museo de arte moderno Fundaci\u00f3 Antoni T\u00e0pies de Barcelona.","breadcrumb":{"@id":"https:\/\/museutapies.org\/es\/any-tapies\/programa-publico\/#breadcrumb"},"inLanguage":"es","potentialAction":[{"@type":"ReadAction","target":["https:\/\/museutapies.org\/es\/any-tapies\/programa-publico\/"]}]},{"@type":"BreadcrumbList","@id":"https:\/\/museutapies.org\/es\/any-tapies\/programa-publico\/#breadcrumb","itemListElement":[{"@type":"ListItem","position":1,"name":"A\u00f1o T\u00e0pies","item":"https:\/\/museutapies.org\/es\/any-tapies\/"},{"@type":"ListItem","position":2,"name":"Programa p\u00fablico"}]},{"@type":"WebSite","@id":"https:\/\/museutapies.org\/en\/#website","url":"https:\/\/museutapies.org\/en\/","name":"Museu T\u00e0pies","description":"","publisher":{"@id":"https:\/\/museutapies.org\/en\/#organization"},"potentialAction":[{"@type":"SearchAction","target":{"@type":"EntryPoint","urlTemplate":"https:\/\/museutapies.org\/en\/?s={search_term_string}"},"query-input":"required name=search_term_string"}],"inLanguage":"es"},{"@type":"Organization","@id":"https:\/\/museutapies.org\/en\/#organization","name":"Museu T\u00e0pies","url":"https:\/\/museutapies.org\/en\/","logo":{"@type":"ImageObject","inLanguage":"es","@id":"https:\/\/museutapies.org\/en\/#\/schema\/logo\/image\/","url":"https:\/\/museutapies.org\/wp-content\/uploads\/2024\/07\/mta.png","contentUrl":"https:\/\/museutapies.org\/wp-content\/uploads\/2024\/07\/mta.png","width":244,"height":110,"caption":"Museu T\u00e0pies"},"image":{"@id":"https:\/\/museutapies.org\/en\/#\/schema\/logo\/image\/"},"sameAs":["https:\/\/www.facebook.com\/museutapies","https:\/\/www.instagram.com\/museutapies\/","https:\/\/www.youtube.com\/channel\/UCPi65HBb48RMeoa12lR51cQ","https:\/\/x.com\/MuseuTapies"]}]}},"_links":{"self":[{"href":"https:\/\/museutapies.org\/es\/wp-json\/wp\/v2\/pages\/28180"}],"collection":[{"href":"https:\/\/museutapies.org\/es\/wp-json\/wp\/v2\/pages"}],"about":[{"href":"https:\/\/museutapies.org\/es\/wp-json\/wp\/v2\/types\/page"}],"author":[{"embeddable":true,"href":"https:\/\/museutapies.org\/es\/wp-json\/wp\/v2\/users\/3"}],"replies":[{"embeddable":true,"href":"https:\/\/museutapies.org\/es\/wp-json\/wp\/v2\/comments?post=28180"}],"version-history":[{"count":7,"href":"https:\/\/museutapies.org\/es\/wp-json\/wp\/v2\/pages\/28180\/revisions"}],"predecessor-version":[{"id":33501,"href":"https:\/\/museutapies.org\/es\/wp-json\/wp\/v2\/pages\/28180\/revisions\/33501"}],"up":[{"embeddable":true,"href":"https:\/\/museutapies.org\/es\/wp-json\/wp\/v2\/pages\/28043"}],"wp:attachment":[{"href":"https:\/\/museutapies.org\/es\/wp-json\/wp\/v2\/media?parent=28180"}],"curies":[{"name":"wp","href":"https:\/\/api.w.org\/{rel}","templated":true}]}}